{"id":861,"date":"2016-01-20T06:24:37","date_gmt":"2016-01-20T05:24:37","guid":{"rendered":"https:\/\/www.tudc.cz\/?page_id=861"},"modified":"2022-03-30T08:28:10","modified_gmt":"2022-03-30T06:28:10","slug":"dokumenty-sz-s-o-pro-zhotovitele-staveb","status":"publish","type":"page","link":"https:\/\/www.tudc.cz\/index.php\/dokumenty\/dokumenty-sz-s-o-pro-zhotovitele-staveb\/","title":{"rendered":"Dokumenty pro zhotovitele staveb"},"content":{"rendered":"<ul>\n<li><a title=\"TKP\" href=\"https:\/\/typdok.tudc.cz\/files\/tkp\/seznam.html\" target=\"_self\" rel=\"noopener noreferrer\">Technick\u00e9 kvalitativn\u00ed podm\u00ednky staveb st\u00e1tn\u00edch drah<\/a> &#8211; aktu\u00e1ln\u00ed zn\u011bn\u00ed je voln\u011b ke sta\u017een\u00ed<\/li>\n<li><a href=\"https:\/\/www.szdc.cz\/o-nas\/vnitrni-predpisy-spravy-zeleznic\/dokumenty-a-predpisy\" target=\"_blank\" rel=\"noopener noreferrer\">Dokumenty a p\u0159edpisy<\/a>-Seznam platn\u00fdch dokument\u016f a p\u0159edpis\u016f (jen n\u011bkter\u00e9 dokumenty jsou v elektronick\u00e9 podob\u011b voln\u011b dostupn\u00e9 ke sta\u017een\u00ed)<\/li>\n<li><a href=\"https:\/\/typdok.tudc.cz\/files\/cenik\/cenik.htm\" target=\"_blank\" rel=\"noopener noreferrer\">Seznam a cen\u00edk ti\u0161t\u011bn\u00fdch p\u0159edpis\u016f a dal\u0161\u00edch dokument\u016f<\/a><\/li>\n<\/ul>\n<hr>\n<p>V p\u0159\u00edpad\u011b, \u017ee dokument, kter\u00fd hled\u00e1te nen\u00ed uveden ke sta\u017een\u00ed na <a href=\"https:\/\/www.szdc.cz\/o-nas\/vnitrni-predpisy-szdc\/dokumenty-a-predpisy\" target=\"blank\" rel=\"noopener noreferrer\">Dokumenty a p\u0159edpisy<\/a>, pros\u00edm kontaktujte m\u011b na n\u00ed\u017ee uveden\u00e9m e-mailu nebo telefonu<\/p>\n<p><strong>Kontakt: <\/strong><strong>Ing. Pavel Pi\u0161\u0165\u00e1k, <\/strong>tel.: 972 741 769, mobil: 724 761 442, e-mail: <a href=\"mailto:pavel.pistak@tudc.cz\">pavel.pistak@tudc.cz<\/a><\/p>\n","protected":false},"excerpt":{"rendered":"<p>Technick\u00e9 kvalitativn\u00ed podm\u00ednky staveb st\u00e1tn\u00edch drah &#8211; aktu\u00e1ln\u00ed zn\u011bn\u00ed je voln\u011b ke sta\u017een\u00ed Dokumenty a p\u0159edpisy-Seznam platn\u00fdch dokument\u016f a p\u0159edpis\u016f (jen n\u011bkter\u00e9 dokumenty jsou v elektronick\u00e9 podob\u011b voln\u011b dostupn\u00e9 ke sta\u017een\u00ed) Seznam a cen\u00edk ti\u0161t\u011bn\u00fdch p\u0159edpis\u016f a dal\u0161\u00edch dokument\u016f V p\u0159\u00edpad\u011b, \u017ee dokument, kter\u00fd hled\u00e1te nen\u00ed uveden ke sta\u017een\u00ed na Dokumenty a p\u0159edpisy, pros\u00edm kontaktujte [&hellip;]<\/p>\n","protected":false},"author":1,"featured_media":0,"parent":20,"menu_order":1,"comment_status":"closed","ping_status":"closed","template":"","meta":{"ngg_post_thumbnail":0,"footnotes":""},"class_list":["post-861","page","type-page","status-publish","hentry"],"_links":{"self":[{"href":"https:\/\/www.tudc.cz\/index.php\/wp-json\/wp\/v2\/pages\/861","targetHints":{"allow":["GET"]}}],"collection":[{"href":"https:\/\/www.tudc.cz\/index.php\/wp-json\/wp\/v2\/pages"}],"about":[{"href":"https:\/\/www.tudc.cz\/index.php\/wp-json\/wp\/v2\/types\/page"}],"author":[{"embeddable":true,"href":"https:\/\/www.tudc.cz\/index.php\/wp-json\/wp\/v2\/users\/1"}],"replies":[{"embeddable":true,"href":"https:\/\/www.tudc.cz\/index.php\/wp-json\/wp\/v2\/comments?post=861"}],"version-history":[{"count":16,"href":"https:\/\/www.tudc.cz\/index.php\/wp-json\/wp\/v2\/pages\/861\/revisions"}],"predecessor-version":[{"id":3813,"href":"https:\/\/www.tudc.cz\/index.php\/wp-json\/wp\/v2\/pages\/861\/revisions\/3813"}],"up":[{"embeddable":true,"href":"https:\/\/www.tudc.cz\/index.php\/wp-json\/wp\/v2\/pages\/20"}],"wp:attachment":[{"href":"https:\/\/www.tudc.cz\/index.php\/wp-json\/wp\/v2\/media?parent=861"}],"curies":[{"name":"wp","href":"https:\/\/api.w.org\/{rel}","templated":true}]}}