{"id":614,"date":"2016-01-13T12:45:53","date_gmt":"2016-01-13T12:45:53","guid":{"rendered":"https:\/\/www.tudc.cz\/?page_id=614"},"modified":"2021-01-04T12:17:57","modified_gmt":"2021-01-04T11:17:57","slug":"provadeni-praci-asp-pomoci-dat-z-ppk","status":"publish","type":"page","link":"https:\/\/www.tudc.cz\/index.php\/dokumenty\/seznam-osvedceni\/provadeni-praci-asp-pomoci-dat-z-ppk\/","title":{"rendered":"Prov\u00e1d\u011bn\u00ed prac\u00ed ASP pomoc\u00ed dat z PPK"},"content":{"rendered":"    <div id=\"internet-plugin\">\n        \n<h3>Seznam zhotovitel\u016f<\/h3>\n\n<table class=\"auto_table\">\n    <td>Po\u0159. \u010d.<\/td><td>Obchodn\u00ed jm\u00e9no, adresa<\/td><td>\u010c\u00edslo osv\u011bd\u010den\u00ed, platnost<\/td><td>\u010c\u00edslo stroje<\/td><\/tr>\n            <tr class=\" center\">\n                            <td class=\"middle\" rowspan=\"13\">001<\/td>    \n                <td class=\"left middle\" rowspan=\"13\">Tra\u0165ov\u00e1 strojn\u00ed spole\u010dnost, a.s.<br \/>\r\nNa Val\u0161e 676\/18, 702 00 Ostrava - P\u0159\u00edvoz<\/td>\n                            <td>64\/2012-T\u00daDC<br \/><span class=\"red\">11.5.2025<\/span><\/td>      \n            <td>ASP 09-3X, \u010d. 3371<\/td>    \n        <\/tr>\n                <tr class=\"lichy center\">\n                        <td>64\/2012-T\u00daDC<br \/><span class=\"red\">25.5.2024<\/span><\/td>      \n            <td>ASP 09-16 CSM \u010d. 162<\/td>    \n        <\/tr>\n                <tr class=\" center\">\n                        <td>64\/2012-T\u00daDC<br \/><span class=\"red\">7.9.2023<\/span><\/td>      \n            <td>ASP 08-275U ev.\u010d.180 v.\u010d.867<\/td>    \n        <\/tr>\n                <tr class=\"lichy center\">\n                        <td>64\/2012-T\u00daDC<br \/><span class=\"red\">7.9.2023<\/span><\/td>      \n            <td>ASP 08-275 U \u010d. 180<\/td>    \n        <\/tr>\n                <tr class=\" center\">\n                        <td>Stroj mimo provoz<br \/><span class=\"red\"><\/span><\/td>      \n            <td>ASP 08-16 \u010d. 115<\/td>    \n        <\/tr>\n                <tr class=\"lichy center\">\n                        <td>7463\/2016-S\u017dDC-T\u00daDC-\u00daTAB<br \/><span class=\"red\">17.5.2024<\/span><\/td>      \n            <td>ASPv 08-275 \u010d. 187<\/td>    \n        <\/tr>\n                <tr class=\" center\">\n                        <td>Stroj mimo provoz<br \/><span class=\"red\"><\/span><\/td>      \n            <td>ASPv 08-275 \u010d. 188<\/td>    \n        <\/tr>\n                <tr class=\"lichy center\">\n                        <td>Stroj mimo provoz<br \/><span class=\"red\"><\/span><\/td>      \n            <td>ASPV 08-475 4S v.\u010d. 1097<\/td>    \n        <\/tr>\n                <tr class=\" center\">\n                        <td>6191\/2014-T\u00daDC<br \/><span class=\"red\">6.5.2023<\/span><\/td>      \n            <td>ASPv 08-275 (A195)<\/td>    \n        <\/tr>\n                <tr class=\"lichy center\">\n                        <td>9158\/2015-S\u017dDC-T\u00daDC-\u00daTAB<br \/><span class=\"red\">7.9.2024<\/span><\/td>      \n            <td>ASP 600\/182<\/td>    \n        <\/tr>\n                <tr class=\" center\">\n                        <td>4239\/2016-S\u017dDC-T\u00daDC-\u00daTAB<br \/><span class=\"red\">8.9.2022<\/span><\/td>      \n            <td>ASP 08-16.5\/143<\/td>    \n        <\/tr>\n                <tr class=\"lichy center\">\n                        <td>8619\/2016-S\u017dDC-T\u00daDC-\u00daTAB<br \/><span class=\"red\">6.4.2024<\/span><\/td>      \n            <td>ASP 08-16\/135<\/td>    \n        <\/tr>\n                <tr class=\" center\">\n                        <td>16035\/2017-S\u017dDC-T\u00daDC-\u00daTAB<br \/><span class=\"red\">24.6.2023<\/span><\/td>      \n            <td>ASP 08-16\/134<\/td>    \n        <\/tr>\n                <tr class=\" center\">\n                            <td class=\"middle\" rowspan=\"2\">002<\/td>    \n                <td class=\"left middle\" rowspan=\"2\">TOMI-REMONT, a.s.<br \/>\r\nP\u0159emyslovka 2514\/4, 796 01 Prost\u011bjov<\/td>\n                            <td>1213\/2012-T\u00daDC<br \/><span class=\"red\">28.4.2025<\/span><\/td>      \n            <td>ASP 07-16, \u010d. 102<\/td>    \n        <\/tr>\n                <tr class=\"lichy center\">\n                        <td>8645\/2019-S\u017dDC-T\u00daDC-\u00daTAB<br \/><span class=\"red\">18.10.2023<\/span><\/td>      \n            <td>ASP 08-275 UM\/3S<\/td>    \n        <\/tr>\n                <tr class=\" center\">\n                            <td class=\"middle\" rowspan=\"5\">003<\/td>    \n                <td class=\"left middle\" rowspan=\"5\">GJW Praha spol. s r.o.<br \/>\r\nMezitra\u0165ov\u00e1 137\/46, 198 21 Praha 9 - Hloub\u011bt\u00edn<\/td>\n                            <td>3063\/2012-T\u00daDC<br \/><span class=\"red\">3.10.2024<\/span><\/td>      \n            <td>ASP 09-16 \/ 4S, \u010d. 2830<\/td>    \n        <\/tr>\n                <tr class=\"lichy center\">\n                        <td>3305\/2016-S\u017dDC-T\u00daDC-\u00daTAB<br \/><span class=\"red\">10.5.2024<\/span><\/td>      \n            <td>ASP 400.1 v.\u010d. 047<\/td>    \n        <\/tr>\n                <tr class=\" center\">\n                        <td>13091\/2021-S\u017d-CTD-\u00daT<br \/><span class=\"red\">21.1.2023<\/span><\/td>      \n            <td>ASP B 241 v.\u010d.10068<\/td>    \n        <\/tr>\n                <tr class=\"lichy center\">\n                        <td>8765\/2022-S\u017d-CTD<br \/><span class=\"red\">26.5.2024<\/span><\/td>      \n            <td>ASP 08-32U v.\u010d.3270\/2007<\/td>    \n        <\/tr>\n                <tr class=\" center\">\n                        <td>6283\/2023-S\u017d-CTD<br \/><span class=\"red\">3.4.2025<\/span><\/td>      \n            <td>ASP Unimat 08-2x8\/3S v.\u010d. 7344\/2023<\/td>    \n        <\/tr>\n                <tr class=\" center\">\n                            <td class=\"middle\" rowspan=\"8\">004<\/td>    \n                <td class=\"left middle\" rowspan=\"8\">STRABAG Rail a.s. (Viamont DSP a.s.)<br \/>\r\n\u017delezni\u010d\u00e1\u0159sk\u00e1 \u010dp. 1385, 400 03 \u00dast\u00ed nad Labem<\/td>\n                            <td>10111\/2020-S\u017d-CTD-\u00daT<br \/><span class=\"red\">18.3.2024<\/span><\/td>      \n            <td>ASPu Unimat 09-16\/4S v.\u010d 3366<\/td>    \n        <\/tr>\n                <tr class=\"lichy center\">\n                        <td>10113\/2020-S\u017d-CTD-\u00daT<br \/><span class=\"red\">30.3.2024<\/span><\/td>      \n            <td>ASP 08-16 (A 061)<\/td>    \n        <\/tr>\n                <tr class=\" center\">\n                        <td>Stroj mimo provoz<br \/><span class=\"red\"><\/span><\/td>      \n            <td>ASPV 08-275 (A 125)<\/td>    \n        <\/tr>\n                <tr class=\"lichy center\">\n                        <td>Stroj odstaven<br \/><span class=\"red\"><\/span><\/td>      \n            <td>ASPv 08-275 3S v\u010d. 875<\/td>    \n        <\/tr>\n                <tr class=\" center\">\n                        <td>10115\/2020-S\u017d-CTD-\u00daT<br \/><span class=\"red\">2.10.2023<\/span><\/td>      \n            <td>ASP 400.1 (A175)<\/td>    \n        <\/tr>\n                <tr class=\"lichy center\">\n                        <td>2836\/2016-S\u017dDC-T\u00daDC-\u00daTAB<br \/><span class=\"red\">6.5.2024<\/span><\/td>      \n            <td>ASP 09-32 CSM, v.\u010d. 2722<\/td>    \n        <\/tr>\n                <tr class=\" center\">\n                        <td>6614\/2020 S\u017d-CTD-\u00daT<br \/><span class=\"red\">28.6.2024<\/span><\/td>      \n            <td>ASPv 08-275 UM 3S v.\u010d. 1064\/1996 <\/td>    \n        <\/tr>\n                <tr class=\"lichy center\">\n                        <td>6273\/2023-S\u017d-CTD<br \/><span class=\"red\">13.4.2025<\/span><\/td>      \n            <td>ASP 09-4x4\/4S Dynamic v..\u010d. 7320\/2023<\/td>    \n        <\/tr>\n                <tr class=\" center\">\n                            <td class=\"middle\" rowspan=\"5\">005<\/td>    \n                <td class=\"left middle\" rowspan=\"5\">TSS GRADE, a.s.<br \/>\r\nDunajsk\u00e1 48, 811 08 Bratislava<\/td>\n                            <td>4280\/2012-T\u00daDC<br \/><span class=\"red\">28.2.2022<\/span><\/td>      \n            <td>ASPv 08-275 U, v.\u010d. 854<\/td>    \n        <\/tr>\n                <tr class=\"lichy center\">\n                        <td>3794\/ 2014-T\u00daDC<br \/><span class=\"red\">26.9.2021<\/span><\/td>      \n            <td>ASPv 08-275 U, v.\u010d. 832<\/td>    \n        <\/tr>\n                <tr class=\" center\">\n                        <td>5629\/2015-S\u017dDC-T\u00daDC-\u00daTAB<br \/><span class=\"red\">4.10.2023<\/span><\/td>      \n            <td>ASP 09-32 CSM v.\u010d. 2379<\/td>    \n        <\/tr>\n                <tr class=\"lichy center\">\n                        <td>Stroj odstaven<br \/><span class=\"red\"><\/span><\/td>      \n            <td>ASPv 08-275 UNIMAT, v. \u010d. 791<\/td>    \n        <\/tr>\n                <tr class=\" center\">\n                        <td>15509\/2017-S\u017dDC-T\u00daDC-\u00daTAB<br \/><span class=\"red\">18.10.2024<\/span><\/td>      \n            <td>ASPv 08-275\/3S, v.\u010d. 1044<\/td>    \n        <\/tr>\n                <tr class=\" center\">\n                            <td class=\"middle\" rowspan=\"2\">006<\/td>    \n                <td class=\"left middle\" rowspan=\"2\">SKANSKA a.s., divize \u017eelezni\u010dn\u00ed stavitelstv\u00ed<br \/>K\u0159i\u017e\u00edkova 682\/34a, 186 00 Praha 8 \u2013 Karl\u00edn<\/td>\n                            <td>4278\/2012-T\u00daDC<br \/><span class=\"red\">21.7.2024<\/span><\/td>      \n            <td>ASPv 08-475 4S v.\u010d. 1200<\/td>    \n        <\/tr>\n                <tr class=\"lichy center\">\n                        <td>15512\/2017 S\u017dDC-T\u00daDC-\u00daTAB <br \/><span class=\"red\">9.3.2025<\/span><\/td>      \n            <td>Unimat 09-4x4\/4S <\/td>    \n        <\/tr>\n                <tr class=\" center\">\n                            <td class=\"middle\" rowspan=\"2\">007<\/td>    \n                <td class=\"left middle\" rowspan=\"2\">SUBTERRA a.s.<br \/>\r\nBezov\u00e1 1658, 147 14 Praha 4 - Br\u00e1n\u00edk<\/td>\n                            <td>1175\/2013-T\u00daDC<br \/><span class=\"red\">18.10.2023<\/span><\/td>      \n            <td>ASPv Unimat 08-275 v.\u010d. 811<\/td>    \n        <\/tr>\n                <tr class=\"lichy center\">\n                        <td>12010\/2020 S\u017d-CTD-\u00daT<br \/><span class=\"red\">1.11.2024<\/span><\/td>      \n            <td>ASP UNIMAT 09-4x4\/4S Dynamic v.\u010d.6996\/2019<\/td>    \n        <\/tr>\n                <tr class=\" center\">\n                            <td class=\"middle\" rowspan=\"1\">008<\/td>    \n                <td class=\"left middle\" rowspan=\"1\">V\u00edtkovice Doprava, a.s.<br \/>\r\n1. M\u00e1je 3302\/102a, 703 00 Ostrava<\/td>\n                            <td>7828\/2015-S\u017dDC-T\u00daDC-\u00daTAB<br \/><span class=\"red\">11.10.2023<\/span><\/td>      \n            <td>ASP 08-275 SP (Plassermatic)<\/td>    \n        <\/tr>\n                <tr class=\" center\">\n                            <td class=\"middle\" rowspan=\"1\">009<\/td>    \n                <td class=\"left middle\" rowspan=\"1\">\u017delezni\u010dn\u00e9 stavby, a.s. Ko\u0161ice, O.S.<br \/>\r\nBetl\u00e9msk\u00e9 n\u00e1m\u011bst\u00ed 251\/2 110 00 Praha<\/td>\n                            <td>2835\/2016-S\u017dDC-T\u00daDC-\u00daTAB<br \/><span class=\"red\">4.4.2018<\/span><\/td>      \n            <td>ASP 09-16 CSM v.\u010d. 2263<\/td>    \n        <\/tr>\n                <tr class=\" center\">\n                            <td class=\"middle\" rowspan=\"3\">010<\/td>    \n                <td class=\"left middle\" rowspan=\"3\">Hrochostroj a.s.<br \/>\r\nK V\u00e1pence 2677, 530 00 Pardubice - Zelen\u00e9 p\u0159edm\u011bst\u00ed<\/td>\n                            <td>3770\/2016-S\u017dDC-T\u00daDC-\u00daTAB<br \/><span class=\"red\">7.6.2024<\/span><\/td>      \n            <td>ASP 08-32 DUO v.\u010d. 2092<\/td>    \n        <\/tr>\n                <tr class=\"lichy center\">\n                        <td>7895\/2016-S\u017dDC-T\u00daDC-\u00daTAB<br \/><span class=\"red\">8.11.2024<\/span><\/td>      \n            <td>ASPv 08-275U 3S v.\u010d. 861<\/td>    \n        <\/tr>\n                <tr class=\" center\">\n                        <td>15925\/2017-S\u017dDC-T\u00daDC-\u00daTAB<br \/><span class=\"red\">12.8.2023<\/span><\/td>      \n            <td>ASP Unimat 08 - 275\/3S v.\u010d. 6646 <\/td>    \n        <\/tr>\n                <tr class=\" center\">\n                            <td class=\"middle\" rowspan=\"2\">011<\/td>    \n                <td class=\"left middle\" rowspan=\"2\">EDIKT, a.s.<br \/>\r\nRudolfovsk\u00e1 t\u0159. 461\/95, 370 01 \u010cesk\u00e9 Bud\u011bjovice<\/td>\n                            <td>8101\/2016-S\u017dDC-T\u00daDC-\u00daTAB<br \/><span class=\"red\">28.7.2024<\/span><\/td>      \n            <td>ASPv 08-275 U.5 v.\u010d. 833<\/td>    \n        <\/tr>\n                <tr class=\"lichy center\">\n                        <td>8763\/2022-S\u017d-CTD<br \/><span class=\"red\">6.4.2024<\/span><\/td>      \n            <td>ASP 08-16\/U\/RT  v.\u010d.2896\/\/1999<\/td>    \n        <\/tr>\n                <tr class=\" center\">\n                            <td class=\"middle\" rowspan=\"8\">012<\/td>    \n                <td class=\"left middle\" rowspan=\"8\">SWIETELSKY Rail CZ, s.r.o.<br \/>\r\nPra\u017esk\u00e1 t\u0159\u00edda 495\/58, 370 04 \u010cesk\u00e9 Bud\u011bjovice<\/td>\n                            <td>11130\/2017-S\u017dDC-T\u00daDC-\u00daTAB<br \/><span class=\"red\">24.11.2024<\/span><\/td>      \n            <td>ASPv 08-475 4S v.\u010d. 962<\/td>    \n        <\/tr>\n                <tr class=\"lichy center\">\n                        <td>13232\/2018-S\u017dDC-T\u00daDC-\u00daTAB<br \/><span class=\"red\">29.5.2022<\/span><\/td>      \n            <td>ASP 09-4X Dynamic v.\u010d.3281\/2007<\/td>    \n        <\/tr>\n                <tr class=\" center\">\n                        <td>11880\/2020-S\u017d-CTD-\u00daT<br \/><span class=\"red\">19.11.2022<\/span><\/td>      \n            <td>ASP 09-DYNAMIC v. \u010d. 2567\/1992<\/td>    \n        <\/tr>\n                <tr class=\"lichy center\">\n                        <td>2043\/2021-S\u017d-CTD-\u00daT<br \/><span class=\"red\">16.2.2023<\/span><\/td>      \n            <td>ASP U 09-32\/4S DYNAMIC v.\u010d.3122\/2004<\/td>    \n        <\/tr>\n                <tr class=\" center\">\n                        <td>20551\/2021-S\u017d-CTD-\u00daT<br \/><span class=\"red\">15.4.2023<\/span><\/td>      \n            <td>ASP Unimat - Sprinter v.\u010d.1138\/1999<\/td>    \n        <\/tr>\n                <tr class=\"lichy center\">\n                        <td>2044\/2021-S\u017d-CTD-\u00daT<br \/><span class=\"red\">16.2.2023<\/span><\/td>      \n            <td>ASP U 09-32\/4S DYNAMIC v.\u010d.3470\/2011<\/td>    \n        <\/tr>\n                <tr class=\" center\">\n                        <td>16383\/2022-S\u017d-CTD<br \/><span class=\"red\"><\/span><\/td>      \n            <td>ASP Unimat 09-32\/4S v.\u010d. 1000\/1993<\/td>    \n        <\/tr>\n                <tr class=\"lichy center\">\n                        <td>20549\/2021-S\u017d-CTD-\u00daT<br \/><span class=\"red\">10.11.2023<\/span><\/td>      \n            <td>ASP 09-16\/4S\/UM v.\u010d.2729<\/td>    \n        <\/tr>\n                <tr class=\" center\">\n                            <td class=\"middle\" rowspan=\"1\">013<\/td>    \n                <td class=\"left middle\" rowspan=\"1\">PKP CARGO INTERNATIONAL a.s. (AWT)<br \/>Beton\u00e1\u0159sk\u00e1 580\/14,  Muglinov, 712 00 Ostrava,<\/td>\n                            <td>11516\/2017-S\u017dDC-T\u00daDC-\u00daTAB<br \/><span class=\"red\">2.5.2025<\/span><\/td>      \n            <td>ASPv 08-275 SP v.\u010d. 789\/1986<\/td>    \n        <\/tr>\n                <tr class=\" center\">\n                            <td class=\"middle\" rowspan=\"1\">014<\/td>    \n                <td class=\"left middle\" rowspan=\"1\">SUAS Transportation Service s.r.o.<br \/>Star\u00e9 n\u00e1m\u011bst\u00ed 69, 356 01 Sokolov<\/td>\n                            <td>12982\/2017-S\u017dDC-T\u00daDC-\u00daTAB<br \/><span class=\"red\">24.4.2025<\/span><\/td>      \n            <td>ASPv 08-275 U v.\u010d.883\/1989<\/td>    \n        <\/tr>\n                <tr class=\" center\">\n                            <td class=\"middle\" rowspan=\"2\">015<\/td>    \n                <td class=\"left middle\" rowspan=\"2\">PORR, a.s.<br \/>Dube\u010dsk\u00e1 3238\/36, 110 00 Praha - Stra\u0161nice<\/td>\n                            <td>7247\/2019-S\u017dDC-T\u00daDC-\u00daTAB<br \/><span class=\"red\">29.4.2021<\/span><\/td>      \n            <td>ASPv 08-475 Unimat 4S<\/td>    \n        <\/tr>\n                <tr class=\"lichy center\">\n                        <td>6618\/2020 S\u017d-CTD-\u00daT<br \/><span class=\"red\">16.6.2022<\/span><\/td>      \n            <td>ASP Unimat 09-32\/4S Dynamic v.\u010d.3215\/2010<\/td>    \n        <\/tr>\n                <tr class=\" center\">\n                            <td class=\"middle\" rowspan=\"1\">016<\/td>    \n                <td class=\"left middle\" rowspan=\"1\">Chl\u00e1dek & Tint\u011bra<br \/>Nerudova 1022\/16, 412 01 Litom\u011b\u0159ice<\/td>\n                            <td>2565\/2021-S\u017d-CTD-\u00daT<br \/><span class=\"red\">26.3.2025<\/span><\/td>      \n            <td>ASP 08-4x4 \/4S v.\u010d. 7078<\/td>    \n        <\/tr>\n                <tr class=\" center\">\n                            <td class=\"middle\" rowspan=\"1\">017<\/td>    \n                <td class=\"left middle\" rowspan=\"1\">Budimex Kolejnictwo SA<br \/>Siedmiogrodzka 9, 01-204 Warszawa PL<\/td>\n                            <td>14727\/2023-S\u017d-CTD<br \/><span class=\"red\">14.11.2025<\/span><\/td>      \n            <td>ASP 09-4x8\/4S Dynamic v..\u010d. 7201\/2021<\/td>    \n        <\/tr>\n        <\/table>\n<br \/> Posledn\u00ed aktualizace: 28.11.2023<hr>\n    <\/div>\n    \n<p><strong>Ing. Pavel Fiala<\/strong> tel.: +420 972 740 729, e-mail: <a href=\"mailto:pavel.fiala@tudc.cz\">pavel.fiala@tudc.cz<\/a><\/p>\n","protected":false},"excerpt":{"rendered":"<p>Ing. Pavel Fiala tel.: +420 972 740 729, e-mail: pavel.fiala@tudc.cz<\/p>\n","protected":false},"author":1,"featured_media":0,"parent":584,"menu_order":0,"comment_status":"closed","ping_status":"closed","template":"","meta":{"ngg_post_thumbnail":0,"footnotes":""},"class_list":["post-614","page","type-page","status-publish","hentry"],"_links":{"self":[{"href":"https:\/\/www.tudc.cz\/index.php\/wp-json\/wp\/v2\/pages\/614","targetHints":{"allow":["GET"]}}],"collection":[{"href":"https:\/\/www.tudc.cz\/index.php\/wp-json\/wp\/v2\/pages"}],"about":[{"href":"https:\/\/www.tudc.cz\/index.php\/wp-json\/wp\/v2\/types\/page"}],"author":[{"embeddable":true,"href":"https:\/\/www.tudc.cz\/index.php\/wp-json\/wp\/v2\/users\/1"}],"replies":[{"embeddable":true,"href":"https:\/\/www.tudc.cz\/index.php\/wp-json\/wp\/v2\/comments?post=614"}],"version-history":[{"count":8,"href":"https:\/\/www.tudc.cz\/index.php\/wp-json\/wp\/v2\/pages\/614\/revisions"}],"predecessor-version":[{"id":3528,"href":"https:\/\/www.tudc.cz\/index.php\/wp-json\/wp\/v2\/pages\/614\/revisions\/3528"}],"up":[{"embeddable":true,"href":"https:\/\/www.tudc.cz\/index.php\/wp-json\/wp\/v2\/pages\/584"}],"wp:attachment":[{"href":"https:\/\/www.tudc.cz\/index.php\/wp-json\/wp\/v2\/media?parent=614"}],"curies":[{"name":"wp","href":"https:\/\/api.w.org\/{rel}","templated":true}]}}