{"id":608,"date":"2016-01-13T12:42:33","date_gmt":"2016-01-13T12:42:33","guid":{"rendered":"https:\/\/www.tudc.cz\/?page_id=608"},"modified":"2021-01-04T12:17:22","modified_gmt":"2021-01-04T11:17:22","slug":"castecne-demontaze-a-zpetne-montaze-celistovych-zaveru-vz-200","status":"publish","type":"page","link":"https:\/\/www.tudc.cz\/index.php\/dokumenty\/seznam-osvedceni\/castecne-demontaze-a-zpetne-montaze-celistovych-zaveru-vz-200\/","title":{"rendered":"\u010c\u00e1ste\u010dn\u00e9 demont\u00e1\u017ee a zp\u011btn\u00e9 mont\u00e1\u017ee \u010delis\u0165ov\u00fdch z\u00e1v\u011br\u016f VZ 200"},"content":{"rendered":"    <div id=\"internet-plugin\">\n        <h3>Seznam osv\u011bd\u010den\u00ed<\/h3>\n\n<table class=\"auto_table\">\n    <tr class=\"bold lichy center\"><td>Ev. \u010d.<\/td><td>Obchodn\u00ed jm\u00e9no, adresa<\/td><td>\u010c\u00edslo osv\u011bd\u010den\u00ed, platnost<\/td><td>Po\u010det vedouc\u00edch prac\u00ed<\/td><\/tr>\n            <tr class=\" center\">\n            <td>Z001\/3<\/td>    \n            <td class=\"left\">Spr\u00e1va \u017eeleznic, st\u00e1tn\u00ed organizace, Oblastn\u00ed \u0159editelstv\u00ed Praha , ST Nymburk\r\nPartyz\u00e1nsk\u00e1 24, 170 00 Praha 7<\/td>    \n            <td>6740\/2022-S\u017d-CTD<br \/><span class=\"\">13.4.2027<\/span><\/td>      \n            <td>16<\/td>    \n        <\/tr>\n                <tr class=\"lichy center\">\n            <td>Z001\/4<\/td>    \n            <td class=\"left\">Spr\u00e1va \u017eeleznic, st\u00e1tn\u00ed organizace, Oblastn\u00ed \u0159editelstv\u00ed Praha , ST Nymburk Partyz\u00e1nsk\u00e1 24, 170 00 Praha 7<\/td>    \n            <td>6072\/2023-S\u017d-CTD<br \/><span class=\"\">4.5.2028<\/span><\/td>      \n            <td>8<\/td>    \n        <\/tr>\n                <tr class=\" center\">\n            <td>Z002\/10<\/td>    \n            <td class=\"left\">Spr\u00e1va \u017eeleznic, st\u00e1tn\u00ed organizace, Oblastn\u00ed \u0159editelstv\u00ed Brno, Kounicova 26, 611 43 Brno<\/td>    \n            <td>6698\/2022-S\u017d-CTD<br \/><span class=\"\">30.3.2027<\/span><\/td>      \n            <td>13<\/td>    \n        <\/tr>\n                <tr class=\"lichy center\">\n            <td>Z002\/11<\/td>    \n            <td class=\"left\">Spr\u00e1va \u017eeleznic, st\u00e1tn\u00ed organizace O\u0158 Brno,\r\nKounicova 26, 611 43 Brno<\/td>    \n            <td>3806\/2023-S\u017d-CTD<br \/><span class=\"\">3.6.2027<\/span><\/td>      \n            <td>15<\/td>    \n        <\/tr>\n                <tr class=\" center\">\n            <td>Z002\/12<\/td>    \n            <td class=\"left\">Spr\u00e1va \u017eeleznic, st\u00e1tn\u00ed organizace O\u0158 Brno, Kounicova 26, 611 43 Brno<\/td>    \n            <td>4163\/2023-S\u017d-CTD<br \/><span class=\"red\"><\/span><\/td>      \n            <td>1<\/td>    \n        <\/tr>\n                <tr class=\"lichy center\">\n            <td>Z002\/9<\/td>    \n            <td class=\"left\">Spr\u00e1va \u017eeleznic, st\u00e1tn\u00ed organizace, Oblastn\u00ed \u0159editelstv\u00ed Brno\r\nKounicova 26, 611 43 Brno<\/td>    \n            <td>6693\/2022-S\u017d-CTD<br \/><span class=\"\">25.3.2027<\/span><\/td>      \n            <td>20<\/td>    \n        <\/tr>\n                <tr class=\" center\">\n            <td>Z004\/5<\/td>    \n            <td class=\"left\">Spr\u00e1va \u017eeleznic, st\u00e1tn\u00ed organizace\r\nO\u0158 Hradec Kr\u00e1lov\u00e9\r\nU Fotochemy 259, 501 01 Hradec Kr\u00e1lov\u00e9\r\n<\/td>    \n            <td>3680\/2023-S\u017d-CTD<br \/><span class=\"\">18.5.2027<\/span><\/td>      \n            <td>18<\/td>    \n        <\/tr>\n                <tr class=\"lichy center\">\n            <td>Z004\/6<\/td>    \n            <td class=\"left\">Spr\u00e1va \u017eeleznic, st\u00e1tn\u00ed organizace\r\nO\u0158 Hradec Kr\u00e1lov\u00e9\r\nU Fotochemy 259, 501 01 Hradec Kr\u00e1lov\u00e9\r\n<\/td>    \n            <td>3690\/2023-S\u017d-CTD<br \/><span class=\"\">17.5.2027<\/span><\/td>      \n            <td>22<\/td>    \n        <\/tr>\n                <tr class=\" center\">\n            <td>Z004\/7<\/td>    \n            <td class=\"left\">Spr\u00e1va \u017eeleznic, st\u00e1tn\u00ed organizace\r\nO\u0158 Hradec Kr\u00e1lov\u00e9\r\nU Fotochemy 259, 501 01 Hradec Kr\u00e1lov\u00e9\r\n<\/td>    \n            <td>3695\/2023-S\u017d-CTD<br \/><span class=\"\">24.5.2027<\/span><\/td>      \n            <td>11<\/td>    \n        <\/tr>\n                <tr class=\"lichy center\">\n            <td>Z005\/4<\/td>    \n            <td class=\"left\">Spr\u00e1va \u017eelezni\u010dn\u00ed dopravn\u00ed cesty, st\u00e1tn\u00ed organizace, Oblastn\u00ed \u0159editelstv\u00ed Olomouc\r\nNerudova 1, 772 58 Olomouc<\/td>    \n            <td>17949\/2021-S\u017d-CTD-\u00daT<br \/><span class=\"\">19.10.2026<\/span><\/td>      \n            <td>15<\/td>    \n        <\/tr>\n                <tr class=\" center\">\n            <td>Z005\/5<\/td>    \n            <td class=\"left\">Spr\u00e1va \u017eelezni\u010dn\u00ed dopravn\u00ed cesty, st\u00e1tn\u00ed organizace, Oblastn\u00ed \u0159editelstv\u00ed Olomouc Nerudova 1, 772 58 Olomouc<\/td>    \n            <td>17956\/2021-S\u017d-CTD-\u00daT<br \/><span class=\"\">20.10.2026<\/span><\/td>      \n            <td>13<\/td>    \n        <\/tr>\n                <tr class=\"lichy center\">\n            <td>Z005\/6<\/td>    \n            <td class=\"left\">Spr\u00e1va \u017eelezni\u010dn\u00ed dopravn\u00ed cesty, st\u00e1tn\u00ed organizace, Oblastn\u00ed \u0159editelstv\u00ed Olomouc\r\nNerudova 1, 772 58 Olomouc<\/td>    \n            <td>17958\/2021-S\u017d-CTD-\u00daT<br \/><span class=\"\">21.10.2026<\/span><\/td>      \n            <td>16<\/td>    \n        <\/tr>\n                <tr class=\" center\">\n            <td>Z006\/4<\/td>    \n            <td class=\"left\">Spr\u00e1va \u017eeleznic, st\u00e1tn\u00ed organizace, Oblastn\u00ed \u0159editelstv\u00ed Plze\u0148\r\nSu\u0161ick\u00e1 23, 326 00 Plze\u0148<\/td>    \n            <td>4577\/2022-S\u017d-CTD-\u00daT<br \/><span class=\"\">2.2.2027<\/span><\/td>      \n            <td>12<\/td>    \n        <\/tr>\n                <tr class=\"lichy center\">\n            <td>Z006\/5<\/td>    \n            <td class=\"left\">Spr\u00e1va \u017eeleznic, st\u00e1tn\u00ed organizace\r\nO\u0158 Plze\u0148\r\nSu\u0161ick\u00e1 1168\/23\r\n326 00 Plze\u0148\r\n<\/td>    \n            <td>3742\/2023-S\u017d-CTD<br \/><span class=\"\">29.6.2027<\/span><\/td>      \n            <td>16<\/td>    \n        <\/tr>\n                <tr class=\" center\">\n            <td>Z007\/4<\/td>    \n            <td class=\"left\">Spr\u00e1va \u017eeleznic, st\u00e1tn\u00ed organizace\r\nO\u0158 \u00dast\u00ed nad Labem\r\n\u017delezni\u010d\u00e1\u0159sk\u00e1 1386\/31\r\n400 03 \u00dast\u00ed nad Labem\r\n<\/td>    \n            <td>3925\/2023-S\u017d-CTD<br \/><span class=\"\">30.6.2027<\/span><\/td>      \n            <td>31<\/td>    \n        <\/tr>\n                <tr class=\"lichy center\">\n            <td>Z007\/5<\/td>    \n            <td class=\"left\">Spr\u00e1va \u017eeleznic, st\u00e1tn\u00ed organizace\r\nO\u0158 \u00dast\u00ed nad Labem\r\n\u017delezni\u010d\u00e1\u0159sk\u00e1 1386\/31\r\n400 03 \u00dast\u00ed nad Labem\r\n<\/td>    \n            <td>6710\/2023-S\u017d-CTD<br \/><span class=\"\">30.4.2028<\/span><\/td>      \n            <td>16<\/td>    \n        <\/tr>\n                <tr class=\" center\">\n            <td>Z008\/10<\/td>    \n            <td class=\"left\">Spr\u00e1va \u017eelezni\u010dn\u00ed dopravn\u00ed cesty, s. o., Oblastn\u00ed \u0159editelstv\u00ed Ostrava\r\nMuglinovsk\u00e1 1038, 702 00 Ostrava<\/td>    \n            <td>15111\/2023-S\u017d-CTD-\u00daDT<br \/><span class=\"\">26.10.2028<\/span><\/td>      \n            <td>10<\/td>    \n        <\/tr>\n                <tr class=\"lichy center\">\n            <td>Z008\/11<\/td>    \n            <td class=\"left\">Spr\u00e1va \u017eelezni\u010dn\u00ed dopravn\u00ed cesty, s. o., Oblastn\u00ed \u0159editelstv\u00ed Ostrava Muglinovsk\u00e1 1038, 702 00 Ostrava, ST Olomouc<\/td>    \n            <td>6509\/2025-S\u017d-CTD-\u00daDT<br \/><span class=\"\">28.1.2030<\/span><\/td>      \n            <td>13<\/td>    \n        <\/tr>\n                <tr class=\" center\">\n            <td>Z008\/12<\/td>    \n            <td class=\"left\">Spr\u00e1va \u017eelezni\u010dn\u00ed dopravn\u00ed cesty, s. o., Oblastn\u00ed \u0159editelstv\u00ed Ostrava Muglinovsk\u00e1 1038, 702 00 Ostrava, ST Olomouc<\/td>    \n            <td>6510\/2025-S\u017d-CTD-\u00daDT<br \/><span class=\"\">11.2.2030<\/span><\/td>      \n            <td>13<\/td>    \n        <\/tr>\n                <tr class=\"lichy center\">\n            <td>Z008\/13<\/td>    \n            <td class=\"left\">Spr\u00e1va \u017eelezni\u010dn\u00ed dopravn\u00ed cesty, s. o., Oblastn\u00ed \u0159editelstv\u00ed Ostrava Muglinovsk\u00e1 1038, 702 00 Ostrava, ST Olomouc<\/td>    \n            <td>6511\/2025-S\u017d-CTD-\u00daDT<br \/><span class=\"\">25.2.2030<\/span><\/td>      \n            <td>12<\/td>    \n        <\/tr>\n                <tr class=\" center\">\n            <td>Z008\/14<\/td>    \n            <td class=\"left\">Spr\u00e1va \u017eelezni\u010dn\u00ed dopravn\u00ed cesty, s. o., Oblastn\u00ed \u0159editelstv\u00ed Ostrava Muglinovsk\u00e1 1038, 702 00 Ostrava, ST Olomouc<\/td>    \n            <td>6512\/2025-S\u017d-CTD-\u00daDT<br \/><span class=\"\">18.3.2030<\/span><\/td>      \n            <td>10<\/td>    \n        <\/tr>\n                <tr class=\"lichy center\">\n            <td>Z008\/15<\/td>    \n            <td class=\"left\">Spr\u00e1va \u017eelezni\u010dn\u00ed dopravn\u00ed cesty, s. o., Oblastn\u00ed \u0159editelstv\u00ed Ostrava Muglinovsk\u00e1 1038, 702 00 Ostrava, ST Olomouc<\/td>    \n            <td>6513\/2025-S\u017d-CTD-\u00daDT<br \/><span class=\"\">4.4.2030<\/span><\/td>      \n            <td>15<\/td>    \n        <\/tr>\n                <tr class=\" center\">\n            <td>Z008\/7<\/td>    \n            <td class=\"left\">Spr\u00e1va \u017deleznic, st\u00e1tn\u00ed organizace, O\u0158 Ostrava, Muglinovsk\u00e1 1038, 702 00 Ostrava<\/td>    \n            <td>10372\/2020-S\u017d-CTD-\u00daT<br \/><span class=\"red\">18.9.2025<\/span><\/td>      \n            <td>15<\/td>    \n        <\/tr>\n                <tr class=\"lichy center\">\n            <td>Z008\/8<\/td>    \n            <td class=\"left\">Spr\u00e1va \u017eelezni\u010dn\u00ed dopravn\u00ed cesty, s. o., Oblastn\u00ed \u0159editelstv\u00ed Ostrava<br \/>\r\nMuglinovsk\u00e1 1038, 702 00 Ostrava<\/td>    \n            <td>15106\/2023-S\u017d-CTD-\u00daDT<br \/><span class=\"\">20.10.2028<\/span><\/td>      \n            <td>17<\/td>    \n        <\/tr>\n                <tr class=\" center\">\n            <td>Z008\/9<\/td>    \n            <td class=\"left\">Spr\u00e1va \u017eelezni\u010dn\u00ed dopravn\u00ed cesty, s. o., Oblastn\u00ed \u0159editelstv\u00ed Ostrava<br \/>\r\nMuglinovsk\u00e1 1038, 702 00 Ostrava<\/td>    \n            <td>15108\/2023-S\u017d-CTD-\u00daDT<br \/><span class=\"\">23.10.2028<\/span><\/td>      \n            <td>34<\/td>    \n        <\/tr>\n        <\/table>\n<br \/> Posledn\u00ed aktualizace: 29.5.2025<hr>\n\n\n\n    <\/div>\n    \n<p><strong>Ing. Pavel Fiala<\/strong> tel.: +420 972 740 729, e-mail: <a href=\"mailto:pavel.fiala@tudc.cz\">pavel.fiala@tudc.cz<\/a><\/p>\n","protected":false},"excerpt":{"rendered":"<p>Ing. Pavel Fiala tel.: +420 972 740 729, e-mail: pavel.fiala@tudc.cz<\/p>\n","protected":false},"author":1,"featured_media":0,"parent":584,"menu_order":0,"comment_status":"closed","ping_status":"closed","template":"","meta":{"ngg_post_thumbnail":0,"footnotes":""},"class_list":["post-608","page","type-page","status-publish","hentry"],"_links":{"self":[{"href":"https:\/\/www.tudc.cz\/index.php\/wp-json\/wp\/v2\/pages\/608","targetHints":{"allow":["GET"]}}],"collection":[{"href":"https:\/\/www.tudc.cz\/index.php\/wp-json\/wp\/v2\/pages"}],"about":[{"href":"https:\/\/www.tudc.cz\/index.php\/wp-json\/wp\/v2\/types\/page"}],"author":[{"embeddable":true,"href":"https:\/\/www.tudc.cz\/index.php\/wp-json\/wp\/v2\/users\/1"}],"replies":[{"embeddable":true,"href":"https:\/\/www.tudc.cz\/index.php\/wp-json\/wp\/v2\/comments?post=608"}],"version-history":[{"count":8,"href":"https:\/\/www.tudc.cz\/index.php\/wp-json\/wp\/v2\/pages\/608\/revisions"}],"predecessor-version":[{"id":3526,"href":"https:\/\/www.tudc.cz\/index.php\/wp-json\/wp\/v2\/pages\/608\/revisions\/3526"}],"up":[{"embeddable":true,"href":"https:\/\/www.tudc.cz\/index.php\/wp-json\/wp\/v2\/pages\/584"}],"wp:attachment":[{"href":"https:\/\/www.tudc.cz\/index.php\/wp-json\/wp\/v2\/media?parent=608"}],"curies":[{"name":"wp","href":"https:\/\/api.w.org\/{rel}","templated":true}]}}