{"id":587,"date":"2016-01-13T12:30:47","date_gmt":"2016-01-13T12:30:47","guid":{"rendered":"https:\/\/www.tudc.cz\/?page_id=587"},"modified":"2026-03-18T14:08:43","modified_gmt":"2026-03-18T13:08:43","slug":"stavebni-vyrobky-z-oblasti-zeleznicniho-spodku","status":"publish","type":"page","link":"https:\/\/www.tudc.cz\/index.php\/dokumenty\/seznam-osvedceni\/stavebni-vyrobky-z-oblasti-zeleznicniho-spodku\/","title":{"rendered":"Stavebn\u00ed v\u00fdrobky z oblasti \u017eelezni\u010dn\u00edho spodku"},"content":{"rendered":"<p><strong><span dir=\"auto\" style=\"vertical-align: inherit;\"><span dir=\"auto\" style=\"vertical-align: inherit;\">P\u0159ehled vydan\u00fdch Osv\u011bd\u010den\u00ed Spr\u00e1vy \u017eeleznic, st\u00e1tn\u00ed organizace a \u010cD pro stavebn\u00ed v\u00fdrobky z oblasti \u017eelezni\u010dn\u00edho spodku<\/span><\/span><\/strong><\/p>\n<p><span dir=\"auto\" style=\"vertical-align: inherit;\"><span dir=\"auto\" style=\"vertical-align: inherit;\">Tento seznam vydan\u00fdch Osv\u011bd\u010den\u00ed Spr\u00e1vy \u017eeleznic, st\u00e1tn\u00ed organizace a \u010cD je ur\u010deno pro pot\u0159eby zainteresovan\u00fdch pracovn\u00edk\u016f, dodavatele stavebn\u00edch prac\u00ed, projektanty, dodavatele p\u0159\u00edp. v\u00fdrobce v\u00fdrobk\u016f pro Spr\u00e1vu \u017eeleznic, st\u00e1tn\u00ed organizace, za \u00fa\u010delem ov\u011b\u0159en\u00ed mo\u017enosti leg\u00e1ln\u00edho pou\u017eit\u00ed dan\u00e9ho v\u00fdrobku p\u0159i stavebn\u00edch nebo \u00fadr\u017eb\u00e1\u0159sk\u00fdch prac\u00edch na trat\u00edch Spr\u00e1vy \u017eelezni\u010dn\u00ed dopravn\u00ed cesty.<\/span><\/span><\/p>\n<p><span dir=\"auto\" style=\"vertical-align: inherit;\"><span dir=\"auto\" style=\"vertical-align: inherit;\">Seznam vydan\u00fdch Osv\u011bd\u010den\u00ed Spr\u00e1vy \u017eeleznic, st\u00e1tn\u00ed organizace a \u010cD je d\u011blen na skupiny podle druh\u00e9ho schv\u00e1len\u00e9ho v\u00fdrobku, kde ve sloupc\u00edch &#8220;P\u0159edm\u011bt osv\u011bd\u010den\u00ed, typ v\u00fdrobku&#8221; jsou pou\u017eity pro ka\u017ed\u00fd druh v\u00fdrobku z\u00e1kladn\u00ed zkratkov\u00e9 ozna\u010den\u00ed (velk\u00e1 p\u00edsmena), p\u0159\u00edpadn\u011b v z\u00e1vork\u00e1ch dopl\u0148uj\u00edc\u00ed zkratkov\u00e9 ozna\u010den\u00ed (mal\u00e1 p\u00edsmena), kter\u00e1 slou\u017e\u00ed k popisu funkce v\u00fdrobku. V\u00fdznam pou\u017eit\u00fdch zkratek je uveden n\u00ed\u017ee.<\/span><\/span><\/p>\n<p><span dir=\"auto\" style=\"vertical-align: inherit;\"><span dir=\"auto\" style=\"vertical-align: inherit;\">Pokud v\u00fdrobce nebo dodavatel p\u0159ed ukon\u010den\u00edm platnosti vydan\u00e9 Osv\u011bd\u010den\u00ed neprodlu\u017euje, bude p\u0159i nejbli\u017e\u0161\u00ed aktualizaci seznamu z n\u011bho vy\u0159azen. M\u016f\u017ee se st\u00e1t, \u017ee aktualizace prob\u011bhne za n\u011bjakou dobu po ukon\u010den\u00ed platnosti tohoto Osv\u011bd\u010den\u00ed, a proto je t\u0159eba v\u017edy zkontrolovat v posledn\u00edm sloupci, zda dan\u00fd v\u00fdrobek m\u00e1 Osv\u011bd\u010den\u00ed o kvalit\u011b platn\u00e9 v aktu\u00e1ln\u00ed dob\u011b jeho uva\u017eovan\u00e9ho pou\u017eit\u00ed.<\/span><\/span><\/p>\n<p><a href=\"https:\/\/www.tudc.cz\/wp-content\/uploads\/2026\/03\/SeznamOsvedceni_2026.pdf\" target=\"_blank\" rel=\"noopener\"><span dir=\"auto\" style=\"vertical-align: inherit;\"><span dir=\"auto\" style=\"vertical-align: inherit;\">P\u0159ehled vydan\u00fdch Osv\u011bd\u010den\u00ed Spr\u00e1vy \u017eeleznic, st\u00e1tn\u00ed organizace a \u010cD pro stavebn\u00ed v\u00fdrobky z oblasti \u017eelezni\u010dn\u00edho spodku<\/span><\/span><\/a><br><span dir=\"auto\" style=\"vertical-align: inherit;\"><span dir=\"auto\" style=\"vertical-align: inherit;\"> (Aktualizace k 28. 2. 2026)<\/span><\/span><\/p>\n<hr>\n<p><strong><span dir=\"auto\" style=\"vertical-align: inherit;\"><span dir=\"auto\" style=\"vertical-align: inherit;\">Kontakt: Ing. Petr Jasansk\u00fd,<\/span><\/span><\/strong><span dir=\"auto\" style=\"vertical-align: inherit;\"><span dir=\"auto\" style=\"vertical-align: inherit;\"> tel.: +420 972 325 155, e-mail: <\/span><\/span><a href=\"mailto:jasansky@szdc.cz\"><span dir=\"auto\" style=\"vertical-align: inherit;\"><span dir=\"auto\" style=\"vertical-align: inherit;\">jasansky@szdc.cz<\/span><\/span><\/a><\/p>\n\n\n<p><\/p>\n","protected":false},"excerpt":{"rendered":"<p>P\u0159ehled vydan\u00fdch Osv\u011bd\u010den\u00ed Spr\u00e1vy \u017eeleznic, st\u00e1tn\u00ed organizace a \u010cD pro stavebn\u00ed v\u00fdrobky z oblasti \u017eelezni\u010dn\u00edho spodku Tento seznam vydan\u00fdch Osv\u011bd\u010den\u00ed Spr\u00e1vy \u017eeleznic, st\u00e1tn\u00ed organizace a \u010cD je ur\u010deno pro pot\u0159eby zainteresovan\u00fdch pracovn\u00edk\u016f, dodavatele stavebn\u00edch prac\u00ed, projektanty, dodavatele p\u0159\u00edp. v\u00fdrobce v\u00fdrobk\u016f pro Spr\u00e1vu \u017eeleznic, st\u00e1tn\u00ed organizace, za \u00fa\u010delem ov\u011b\u0159en\u00ed mo\u017enosti leg\u00e1ln\u00edho pou\u017eit\u00ed dan\u00e9ho v\u00fdrobku p\u0159i stavebn\u00edch [&hellip;]<\/p>\n","protected":false},"author":1,"featured_media":0,"parent":584,"menu_order":0,"comment_status":"closed","ping_status":"closed","template":"","meta":{"ngg_post_thumbnail":0,"footnotes":""},"class_list":["post-587","page","type-page","status-publish","hentry"],"_links":{"self":[{"href":"https:\/\/www.tudc.cz\/index.php\/wp-json\/wp\/v2\/pages\/587","targetHints":{"allow":["GET"]}}],"collection":[{"href":"https:\/\/www.tudc.cz\/index.php\/wp-json\/wp\/v2\/pages"}],"about":[{"href":"https:\/\/www.tudc.cz\/index.php\/wp-json\/wp\/v2\/types\/page"}],"author":[{"embeddable":true,"href":"https:\/\/www.tudc.cz\/index.php\/wp-json\/wp\/v2\/users\/1"}],"replies":[{"embeddable":true,"href":"https:\/\/www.tudc.cz\/index.php\/wp-json\/wp\/v2\/comments?post=587"}],"version-history":[{"count":20,"href":"https:\/\/www.tudc.cz\/index.php\/wp-json\/wp\/v2\/pages\/587\/revisions"}],"predecessor-version":[{"id":4851,"href":"https:\/\/www.tudc.cz\/index.php\/wp-json\/wp\/v2\/pages\/587\/revisions\/4851"}],"up":[{"embeddable":true,"href":"https:\/\/www.tudc.cz\/index.php\/wp-json\/wp\/v2\/pages\/584"}],"wp:attachment":[{"href":"https:\/\/www.tudc.cz\/index.php\/wp-json\/wp\/v2\/media?parent=587"}],"curies":[{"name":"wp","href":"https:\/\/api.w.org\/{rel}","templated":true}]}}