{"id":553,"date":"2016-01-13T10:26:33","date_gmt":"2016-01-13T09:26:33","guid":{"rendered":"https:\/\/www.tudc.cz\/?page_id=553"},"modified":"2021-05-27T09:12:11","modified_gmt":"2021-05-27T07:12:11","slug":"zkusebni-laborator","status":"publish","type":"page","link":"https:\/\/www.tudc.cz\/index.php\/sluzby\/zkusebni-laborator\/","title":{"rendered":"Zku\u0161ebn\u00ed laborato\u0159"},"content":{"rendered":"<table class=\"contentpaneopen\">\n<tbody>\n<tr>\n<td valign=\"top\">\n<p>Dovolujeme si v\u00e1s informovat, \u017ee Zku\u0161ebn\u00ed laborato\u0159 CTD (ZL CTD) k <strong>21.listopadu 2020 ukon\u010dila svoji \u010dinnost<\/strong>.<\/p>\n<p>Pro v\u00edce informac\u00ed kontaktujte n\u00ed\u017ee uveden\u00e9 kontakty.<\/p>\n<hr \/>\n<p><strong>Kontakt :<\/strong><\/p>\n<p>mana\u017eerka kvality: <strong>Ing. Michaela Hronov\u00e1<\/strong>, tel.: 972 228 742, e-mail: <a href=\"mailto:hronova@spravazeleznic.cz\">hronova@spravazeleznic.cz<\/a><\/p>\n<\/td>\n<\/tr>\n<\/tbody>\n<\/table>\n\n\n<p><\/p>\n","protected":false},"excerpt":{"rendered":"<p>Dovolujeme si v\u00e1s informovat, \u017ee Zku\u0161ebn\u00ed laborato\u0159 CTD (ZL CTD) k 21.listopadu 2020 ukon\u010dila svoji \u010dinnost. Pro v\u00edce informac\u00ed kontaktujte n\u00ed\u017ee uveden\u00e9 kontakty. Kontakt : mana\u017eerka kvality: Ing. Michaela Hronov\u00e1, tel.: 972 228 742, e-mail: hronova@spravazeleznic.cz<\/p>\n","protected":false},"author":1,"featured_media":0,"parent":22,"menu_order":9,"comment_status":"closed","ping_status":"closed","template":"","meta":{"ngg_post_thumbnail":0,"footnotes":""},"class_list":["post-553","page","type-page","status-publish","hentry"],"_links":{"self":[{"href":"https:\/\/www.tudc.cz\/index.php\/wp-json\/wp\/v2\/pages\/553","targetHints":{"allow":["GET"]}}],"collection":[{"href":"https:\/\/www.tudc.cz\/index.php\/wp-json\/wp\/v2\/pages"}],"about":[{"href":"https:\/\/www.tudc.cz\/index.php\/wp-json\/wp\/v2\/types\/page"}],"author":[{"embeddable":true,"href":"https:\/\/www.tudc.cz\/index.php\/wp-json\/wp\/v2\/users\/1"}],"replies":[{"embeddable":true,"href":"https:\/\/www.tudc.cz\/index.php\/wp-json\/wp\/v2\/comments?post=553"}],"version-history":[{"count":19,"href":"https:\/\/www.tudc.cz\/index.php\/wp-json\/wp\/v2\/pages\/553\/revisions"}],"predecessor-version":[{"id":3557,"href":"https:\/\/www.tudc.cz\/index.php\/wp-json\/wp\/v2\/pages\/553\/revisions\/3557"}],"up":[{"embeddable":true,"href":"https:\/\/www.tudc.cz\/index.php\/wp-json\/wp\/v2\/pages\/22"}],"wp:attachment":[{"href":"https:\/\/www.tudc.cz\/index.php\/wp-json\/wp\/v2\/media?parent=553"}],"curies":[{"name":"wp","href":"https:\/\/api.w.org\/{rel}","templated":true}]}}