{"id":546,"date":"2016-01-13T10:15:43","date_gmt":"2016-01-13T09:15:43","guid":{"rendered":"https:\/\/www.tudc.cz\/?page_id=546"},"modified":"2021-08-06T15:18:09","modified_gmt":"2021-08-06T13:18:09","slug":"pomoc-pri-rizeni-rizik","status":"publish","type":"page","link":"https:\/\/www.tudc.cz\/index.php\/sluzby\/pomoc-pri-rizeni-rizik\/","title":{"rendered":"Pomoc p\u0159i \u0159\u00edzen\u00ed rizik"},"content":{"rendered":"<p><strong>Pomoc p\u0159i \u0159\u00edzen\u00ed rizik u zm\u011bn, kter\u00e9 podl\u00e9haj\u00ed posouzen\u00ed bezpe\u010dnosti podle na\u0159\u00edzen\u00ed Komise (EU) \u010d. 402\/2013<\/strong><\/p>\n<p>Pro nez\u00e1visl\u00e9 posouzen\u00ed bezpe\u010dnosti podle na\u0159\u00edzen\u00ed Komise (EU) \u010d. 402\/2013 jsou vy\u017eadov\u00e1ny dokumenty, kter\u00e9 identifikuj\u00ed ve\u0161ker\u00e1 zn\u00e1m\u00e1 nebezpe\u010d\u00ed a navrhuj\u00ed zp\u016fsob jejich usm\u011brn\u011bn\u00ed.<\/p>\n<p>CTD nab\u00edz\u00ed navrhovatel\u016fm zm\u011bn slu\u017eby, kter\u00e9 souvisej\u00ed s procesy \u0159\u00edzen\u00ed rizik.<\/p>\n<p>Nab\u00edzen\u00e1 technick\u00e1 pomoc je ur\u010dena organiza\u010dn\u00edm jednotk\u00e1m Spr\u00e1vy \u017eeleznic, st\u00e1tn\u00ed organizace, kter\u00e9 jsou v roli navrhovatel\u016f zm\u011bn, tj. stavebn\u00edm spr\u00e1v\u00e1m, oblastn\u00edm \u0159editelstv\u00edm a dal\u0161\u00edm spr\u00e1vc\u016fm infrastruktur\u00e1ln\u00edch syst\u00e9m\u016f a extern\u00edm pr\u00e1vnick\u00fdm osob\u00e1m, nap\u0159. dodavatel\u016fm staveb a projek\u010dn\u00edm organizac\u00edm.<\/p>\n<p>V\u00fdstupem t\u00e9to technick\u00e9 pomoci jsou dokumenty, kter\u00e9:<\/p>\n<ul>\n<li>identifikuj\u00ed zn\u00e1m\u00e1 nebezpe\u010d\u00ed<\/li>\n<li>stanovuj\u00ed krit\u00e9ria pro individu\u00e1ln\u00ed a spole\u010densk\u00e9 riziko pro proces \u0159\u00edzen\u00ed rizik<br \/>\n(v\u010detn\u011b technick\u00fdch syst\u00e9m\u016f RAC-TS)<\/li>\n<li>zd\u016fvod\u0148uj\u00ed rozhodnut\u00ed o v\u00fdznamnosti nebo nev\u00fdznamnosti navrhovan\u00e9 zm\u011bny<\/li>\n<li>popisuj\u00ed a dokumentuj\u00ed proces \u0159\u00edzen\u00ed rizik podle metod stanoven\u00fdch normou \u010cSN EN 50126<\/li>\n<li>popisuj\u00ed a navrhuj\u00ed zp\u016fsob usm\u011brn\u011bn\u00ed rizik uzn\u00e1van\u00fdmi metodami Komise EU, kter\u00e9 jsou vy\u017eadov\u00e1ny Subjekty pro posuzov\u00e1n\u00ed bezpe\u010dnosti<\/li>\n<\/ul>\n<hr \/>\n<p><strong>Kontakt:\u00a0Ing. Dalibor Sojka<\/strong>, tel.: 972 626 260, e-mail: <a href=\"mailto:SojkaD@spravazeleznic.cz\">SojkaD@spravazeleznic.cz<\/a><\/p>\n","protected":false},"excerpt":{"rendered":"<p>Pomoc p\u0159i \u0159\u00edzen\u00ed rizik u zm\u011bn, kter\u00e9 podl\u00e9haj\u00ed posouzen\u00ed bezpe\u010dnosti podle na\u0159\u00edzen\u00ed Komise (EU) \u010d. 402\/2013 Pro nez\u00e1visl\u00e9 posouzen\u00ed bezpe\u010dnosti podle na\u0159\u00edzen\u00ed Komise (EU) \u010d. 402\/2013 jsou vy\u017eadov\u00e1ny dokumenty, kter\u00e9 identifikuj\u00ed ve\u0161ker\u00e1 zn\u00e1m\u00e1 nebezpe\u010d\u00ed a navrhuj\u00ed zp\u016fsob jejich usm\u011brn\u011bn\u00ed. CTD nab\u00edz\u00ed navrhovatel\u016fm zm\u011bn slu\u017eby, kter\u00e9 souvisej\u00ed s procesy \u0159\u00edzen\u00ed rizik. Nab\u00edzen\u00e1 technick\u00e1 pomoc je ur\u010dena [&hellip;]<\/p>\n","protected":false},"author":1,"featured_media":0,"parent":22,"menu_order":4,"comment_status":"closed","ping_status":"closed","template":"","meta":{"ngg_post_thumbnail":0,"footnotes":""},"class_list":["post-546","page","type-page","status-publish","hentry"],"_links":{"self":[{"href":"https:\/\/www.tudc.cz\/index.php\/wp-json\/wp\/v2\/pages\/546","targetHints":{"allow":["GET"]}}],"collection":[{"href":"https:\/\/www.tudc.cz\/index.php\/wp-json\/wp\/v2\/pages"}],"about":[{"href":"https:\/\/www.tudc.cz\/index.php\/wp-json\/wp\/v2\/types\/page"}],"author":[{"embeddable":true,"href":"https:\/\/www.tudc.cz\/index.php\/wp-json\/wp\/v2\/users\/1"}],"replies":[{"embeddable":true,"href":"https:\/\/www.tudc.cz\/index.php\/wp-json\/wp\/v2\/comments?post=546"}],"version-history":[{"count":7,"href":"https:\/\/www.tudc.cz\/index.php\/wp-json\/wp\/v2\/pages\/546\/revisions"}],"predecessor-version":[{"id":3582,"href":"https:\/\/www.tudc.cz\/index.php\/wp-json\/wp\/v2\/pages\/546\/revisions\/3582"}],"up":[{"embeddable":true,"href":"https:\/\/www.tudc.cz\/index.php\/wp-json\/wp\/v2\/pages\/22"}],"wp:attachment":[{"href":"https:\/\/www.tudc.cz\/index.php\/wp-json\/wp\/v2\/media?parent=546"}],"curies":[{"name":"wp","href":"https:\/\/api.w.org\/{rel}","templated":true}]}}