{"id":527,"date":"2016-01-13T09:55:12","date_gmt":"2016-01-13T09:55:12","guid":{"rendered":"https:\/\/www.tudc.cz\/?page_id=527"},"modified":"2021-08-06T15:07:24","modified_gmt":"2021-08-06T13:07:24","slug":"overovani-zpusobilosti-dodavatelu","status":"publish","type":"page","link":"https:\/\/www.tudc.cz\/index.php\/sluzby\/overovani-zpusobilosti-dodavatelu\/","title":{"rendered":"Ov\u011b\u0159ov\u00e1n\u00ed zp\u016fsobilosti dodavatel\u016f"},"content":{"rendered":"<h5>Ov\u011b\u0159ov\u00e1n\u00ed zp\u016fsobilosti dodavatel\u016f<\/h5>\n<p><a href=\"https:\/\/www.tudc.cz\/wp-content\/uploads\/2016\/01\/CertifEQQ.jpg\"><img loading=\"lazy\" decoding=\"async\" class=\"alignright size-full wp-image-2675\" src=\"https:\/\/www.tudc.cz\/wp-content\/uploads\/2016\/01\/CertifEQQ.jpg\" alt=\"\" width=\"177\" height=\"250\" srcset=\"https:\/\/www.tudc.cz\/wp-content\/uploads\/2016\/01\/CertifEQQ.jpg 177w, https:\/\/www.tudc.cz\/wp-content\/uploads\/2016\/01\/CertifEQQ-106x150.jpg 106w\" sizes=\"auto, (max-width: 177px) 100vw, 177px\" \/><\/a>Posuzov\u00e1n\u00ed a ov\u011b\u0159ov\u00e1n\u00ed zp\u016fsobilosti dodavatel\u016f Spr\u00e1vy \u017eeleznic, st\u00e1tn\u00ed organizace pro vyjmenovan\u00e9 oblasti s prov\u011b\u0159ov\u00e1n\u00edm kvality prac\u00ed, slu\u017eeb a v\u00fdrobk\u016f s vyu\u017eit\u00edm n\u00e1stroj\u016f a technik souboru norem ISO 9000 formou extern\u00edch a intern\u00edch audit\u016f.<\/p>\n<p><strong>Ov\u011b\u0159ov\u00e1n\u00ed zp\u016fsobilosti opraven v\u00fdm\u011bnn\u00fdch d\u00edl\u016f zabezpe\u010dovac\u00edch za\u0159\u00edzen\u00ed<\/strong><\/p>\n<ul>\n<li>extern\u00ed opravny v\u00fdm\u011bnn\u00fdch d\u00edl\u016f zabezpe\u010dovac\u00ed techniky (do 31.12.2012)<\/li>\n<li>intern\u00ed oprav\u00e1rensk\u00e1 a diagnostick\u00e1 pracovi\u0161t\u011b<\/li>\n<li>oprav\u00e1rensk\u00e1 pracovi\u0161t\u011b \u010cD, a. s.<\/li>\n<\/ul>\n<p><strong>Ov\u011b\u0159ov\u00e1n\u00ed zp\u016fsobilosti dodavatel\u016f v oblasti t\u0159\u00edd\u00edc\u00ed techniky<\/strong><\/p>\n<ul>\n<li>sp\u00e1dovi\u0161tn\u00ed za\u0159\u00edzen\u00ed,<\/li>\n<\/ul>\n<p><strong>Ov\u011b\u0159ov\u00e1n\u00ed zp\u016fsobilosti dodavatel\u016f v oblasti speci\u00e1ln\u00edch <a href=\"https:\/\/www.tudc.cz\/wp-content\/uploads\/2016\/01\/CertifQM.jpg\"><img loading=\"lazy\" decoding=\"async\" class=\"alignright size-full wp-image-2676\" src=\"https:\/\/www.tudc.cz\/wp-content\/uploads\/2016\/01\/CertifQM.jpg\" alt=\"\" width=\"177\" height=\"250\" srcset=\"https:\/\/www.tudc.cz\/wp-content\/uploads\/2016\/01\/CertifQM.jpg 177w, https:\/\/www.tudc.cz\/wp-content\/uploads\/2016\/01\/CertifQM-106x150.jpg 106w\" sizes=\"auto, (max-width: 177px) 100vw, 177px\" \/><\/a>\u017eelezni\u010dn\u00edch vozidel<\/strong><\/p>\n<ul>\n<li>\u00fadr\u017eba, opravy, modernizace, v\u00fdroba<\/li>\n<li>subdod\u00e1vky<\/li>\n<\/ul>\n<p><strong>Ov\u011b\u0159ov\u00e1n\u00ed zp\u016fsobilosti kalibra\u010dn\u00edch pracovi\u0161\u0165 Spr\u00e1vy \u017eeleznic, st\u00e1tn\u00ed organizace a extern\u00edch dodavatel\u016f<\/strong><\/p>\n<ul>\n<li>posuzov\u00e1n\u00ed v souladu s normou \u010cSN EN ISO\/IEC 17025<\/li>\n<\/ul>\n<hr \/>\n<p><strong>Kontakt: Ing Vlach Josef,<\/strong> tel.: 972 646 431, e-mail: <a href=\"mailto:VlachJ@spravazeleznic.cz\">VlachJ@spravazeleznic.cz<\/a><\/p>\n","protected":false},"excerpt":{"rendered":"<p>Ov\u011b\u0159ov\u00e1n\u00ed zp\u016fsobilosti dodavatel\u016f Posuzov\u00e1n\u00ed a ov\u011b\u0159ov\u00e1n\u00ed zp\u016fsobilosti dodavatel\u016f Spr\u00e1vy \u017eeleznic, st\u00e1tn\u00ed organizace pro vyjmenovan\u00e9 oblasti s prov\u011b\u0159ov\u00e1n\u00edm kvality prac\u00ed, slu\u017eeb a v\u00fdrobk\u016f s vyu\u017eit\u00edm n\u00e1stroj\u016f a technik souboru norem ISO 9000 formou extern\u00edch a intern\u00edch audit\u016f. Ov\u011b\u0159ov\u00e1n\u00ed zp\u016fsobilosti opraven v\u00fdm\u011bnn\u00fdch d\u00edl\u016f zabezpe\u010dovac\u00edch za\u0159\u00edzen\u00ed extern\u00ed opravny v\u00fdm\u011bnn\u00fdch d\u00edl\u016f zabezpe\u010dovac\u00ed techniky (do 31.12.2012) intern\u00ed oprav\u00e1rensk\u00e1 a diagnostick\u00e1 [&hellip;]<\/p>\n","protected":false},"author":1,"featured_media":0,"parent":22,"menu_order":2,"comment_status":"closed","ping_status":"closed","template":"","meta":{"ngg_post_thumbnail":0,"footnotes":""},"class_list":["post-527","page","type-page","status-publish","hentry"],"_links":{"self":[{"href":"https:\/\/www.tudc.cz\/index.php\/wp-json\/wp\/v2\/pages\/527","targetHints":{"allow":["GET"]}}],"collection":[{"href":"https:\/\/www.tudc.cz\/index.php\/wp-json\/wp\/v2\/pages"}],"about":[{"href":"https:\/\/www.tudc.cz\/index.php\/wp-json\/wp\/v2\/types\/page"}],"author":[{"embeddable":true,"href":"https:\/\/www.tudc.cz\/index.php\/wp-json\/wp\/v2\/users\/1"}],"replies":[{"embeddable":true,"href":"https:\/\/www.tudc.cz\/index.php\/wp-json\/wp\/v2\/comments?post=527"}],"version-history":[{"count":4,"href":"https:\/\/www.tudc.cz\/index.php\/wp-json\/wp\/v2\/pages\/527\/revisions"}],"predecessor-version":[{"id":3578,"href":"https:\/\/www.tudc.cz\/index.php\/wp-json\/wp\/v2\/pages\/527\/revisions\/3578"}],"up":[{"embeddable":true,"href":"https:\/\/www.tudc.cz\/index.php\/wp-json\/wp\/v2\/pages\/22"}],"wp:attachment":[{"href":"https:\/\/www.tudc.cz\/index.php\/wp-json\/wp\/v2\/media?parent=527"}],"curies":[{"name":"wp","href":"https:\/\/api.w.org\/{rel}","templated":true}]}}