{"id":501,"date":"2016-01-13T09:36:03","date_gmt":"2016-01-13T08:36:03","guid":{"rendered":"https:\/\/www.tudc.cz\/?page_id=501"},"modified":"2024-12-04T15:25:04","modified_gmt":"2024-12-04T14:25:04","slug":"oddeleni-laboratori-mechanickych-velicin","status":"publish","type":"page","link":"https:\/\/www.tudc.cz\/index.php\/sluzby\/specializovane-stredisko-metrologie\/oddeleni-laboratori-mechanickych-velicin\/","title":{"rendered":"Metrologie &#8211; Odd\u011blen\u00ed laborato\u0159\u00ed mechanick\u00fdch veli\u010din"},"content":{"rendered":"<p>Odd\u011blen\u00ed laborato\u0159\u00ed mechanick\u00fdch veli\u010din CTD m\u00e1 region\u00e1ln\u00ed kalibra\u010dn\u00ed pracovi\u0161t\u011b:<\/p>\n<p><a href=\"#RKP_nbk\">RKP Nymburk<\/a><br \/><a href=\"#RKP_vnl\">RKP Vesel\u00ed nad Lu\u017enic\u00ed<\/a><br \/><a href=\"#RKP_bno\">RKP Brno mechanick\u00e9 veli\u010diny<\/a><\/p>\n<p>Hlavn\u00ed s\u00eddlo je v Nymburce, kde jsou uchov\u00e1v\u00e1ny hlavn\u00ed podnikov\u00e9 etalony Spr\u00e1vy \u017eeleznic, kter\u00e9 jsou nav\u00e1z\u00e1ny na n\u00e1rodn\u00ed etalony zpravidla prost\u0159ednictv\u00edm \u010cMI. <br \/>Odd\u011blen\u00ed laborato\u0159\u00ed mechanick\u00fdch veli\u010din prov\u00e1d\u00ed kalibrace a certifikace speci\u00e1ln\u00edch dr\u00e1\u017en\u00edch m\u011b\u0159idel, kalibrace m\u011b\u0159idel d\u00e9lky, s\u00edly a m\u011b\u0159idel termodynamick\u00fdch veli\u010din. RKP prov\u00e1d\u00ed tak\u00e9 pro OJ Spr\u00e1vy \u017eeleznic odborn\u00e9 konzultace v oblasti m\u011b\u0159en\u00ed a testov\u00e1n\u00ed mechanick\u00fdch a termodynamick\u00fdch veli\u010din a optim\u00e1ln\u00ed volby vhodn\u00e9ho m\u011b\u0159ic\u00edho za\u0159\u00edzen\u00ed pro danou aplikaci.<\/p>\n<p><strong>Vedouc\u00ed odd\u011blen\u00ed laborato\u0159\u00ed mechanick\u00fdch veli\u010din RKP (Nymburk, Vesel\u00ed nad Lu\u017enic\u00ed, Brno mechanick\u00e9 veli\u010diny): <\/strong><\/p>\n<p><strong>Ing. Luk\u00e1\u0161 \u010cernohorsk\u00fd<\/strong><\/p>\n<p>Riegrovo n\u00e1m\u011bst\u00ed 914<br \/>500 02 Hradec Kr\u00e1lov\u00e9<\/p>\n<p>tel.: 972 255 062, 721 401 934; e-mail: <a href=\"mailto:CernohorskyL@spravazeleznic.cz\">CernohorskyL@spravazeleznic.cz<\/a><\/p>\n\n\n<hr class=\"wp-block-separator has-alpha-channel-opacity\"\/>\n\n\n\n<h2 class=\"wp-block-heading\" id=\"RKP_nbk\">S\u017d RKP Nymburk<\/h2>\n\n\n<p>Region\u00e1ln\u00ed kalibra\u010dn\u00ed pracovi\u0161t\u011b prov\u00e1d\u00ed kalibrace m\u011b\u0159idel v oboru:<\/p>\n<ul>\n<li>d\u00e9lka, p\u0159esn\u00e1 d\u00e9lka (CMM)<\/li>\n<li>s\u00edla a moment s\u00edly<\/li>\n<li>termodynamick\u00e9 veli\u010diny (teplota, tlak)<\/li>\n<li>speci\u00e1ln\u00ed dr\u00e1\u017en\u00edch m\u011b\u0159idla.<\/li>\n<\/ul>\n<p>Prov\u00e1d\u00edme m\u011b\u0159en\u00ed na 3D sou\u0159adnicov\u00fdm m\u011b\u0159ic\u00edm p\u0159\u00edstroji (nap\u0159. \u0161ablony UIC ORE, \u0161ablony ZI, atd.). D\u00e1le prov\u00e1d\u00edme kalibrace komun\u00e1ln\u00edch a <strong>speci\u00e1ln\u00edch dr\u00e1\u017en\u00edch m\u011b\u0159idel<\/strong>. Kalibrace je zam\u011b\u0159ena na hloubkom\u011bry, kalibry, koncov\u00e9 m\u011brky, mikrometrick\u00e9 dutinom\u011bry, laserov\u00e9 d\u00e1lkom\u011bry, m\u011b\u0159\u00edc\u00ed \u010depy, mikrometrick\u00e9 hloubkom\u011bry, mikrometry, momentov\u00e9 kl\u00ed\u010de, m\u011b\u0159idla s\u00edly \u2013 registra\u010dn\u00ed p\u0159\u00edstroje (KM-11, KM-13), m\u011brky sv\u00e1r\u016f, m\u011brky tvaru, m\u011brky v\u00fdhybek, obkro\u010d\u00e1ky, m\u011brky ojet\u00ed kolejnic, p\u00e1sma, kontroln\u00ed prav\u00edtka, posuvn\u00e1 m\u011b\u0159\u00edtka, tlakom\u011bry, m\u011b\u0159\u00edtka profilu, p\u00e9rov\u00e9 v\u00e1hy, analogov\u00e9 a digit\u00e1ln\u00ed ru\u010dn\u00ed rozchodky, poj\u00edzdn\u00e9 rozchodky, stavy na rozchodky, sp\u00e1rom\u011brky, m\u011b\u0159idla tlou\u0161\u0165ky obru\u010d\u00ed, teplom\u011bry, ty\u010dov\u00e1 m\u011b\u0159idla, \u00fachylkom\u011bry, \u00fahlom\u011bry, \u00faheln\u00edky, vodov\u00e1hy, prostorov\u00e9 \u0161ablony (P\u0160R-1, P\u0160R-3), atd.<\/p>\n<p><strong>Adresa:<\/strong><br><strong>Spr\u00e1va \u017eeleznic, st\u00e1tn\u00ed organizace<\/strong><br><strong>Centrum techniky a diagnostiky<\/strong><br>N\u00e1dra\u017en\u00ed 408<br>288 02 Nymburk<\/p>\n<p><a href=\"https:\/\/mapy.cz\/zakladni?q=N%C3%A1dra%C5%BEn%C3%AD%20408%2F13&amp;source=addr&amp;id=9262610&amp;x=15.0383342&amp;y=50.1942238&amp;z=17\" target=\"_blank\" rel=\"noopener\">Odkaz na mapu<\/a><\/p>\n<p>GPS Sou\u0159adnice<br>50.1941825N, 15.0383342E<\/p>\n<p><strong>Kontakty:<\/strong><br>obor m\u011b\u0159en\u00ed \u2013 teplota, vlhkost, tlak<strong><br>Josef Kol\u00e1\u010dn\u00fd<\/strong>, tel.: 972 255 062, 602 399 009; e-mail: <a href=\"mailto:Kolacny@spravazeleznic.cz\">Kolacny@spravazeleznic.cz <\/a><\/p>\n<p>obor m\u011b\u0159en\u00ed \u2013 d\u00e9lka (mikroskop, laserov\u00e9 m\u011b\u0159idla)<br><strong>Josef Mato\u0161ka<\/strong>, tel.: 972 255 062, 601 695 848; e-mail: <a href=\"mailto:Matoska@spravazeleznic.cz\">Matoska@spravazeleznic.cz<\/a><\/p>\n<p>obor&nbsp;<span style=\"font-size: revert;\">m\u011b\u0159en\u00ed \u2013 d\u00e9lka (speci\u00e1ln\u00ed dr\u00e1\u017en\u00ed m\u011b\u0159idla), hmotnost, rovinn\u00fd \u00fahel<br><\/span><strong>Ale\u0161 Putas<\/strong>, tel.: 972 255 062, 602 399 011; e-mail: <a href=\"mailto:Putas@spravazeleznic.cz\">Putas@spravazeleznic.cz<\/a>&nbsp;<\/p>\n<p>obor m\u011b\u0159en\u00ed \u2013 s\u00edla a moment s\u00edly, d\u00e9lka<br><strong>Pavel Jir\u00e1nek<\/strong>, tel.: 972 255 062, 602 399 006; e-mail: <a href=\"mailto:JiranekPa@spravazeleznic.cz\">JiranekPa@spravazeleznic.cz<\/a>&nbsp;<\/p>\n<p>obor m\u011b\u0159en\u00ed \u2013 teplota, vlhkost, tlak<br><strong>Krist\u00fdna Koubkov\u00e1<\/strong>, tel.: 972 255 062, 602 399 010 e-mail: <a href=\"mailto:KoubkovaK@spravazeleznic.cz\">KoubkovaK@spravazeleznic.cz<\/a>&nbsp;<\/p>\n<p>obor m\u011b\u0159en\u00ed \u2013 d\u00e9lka (laserov\u00fd interferometr)<br><strong>Vik Petr<\/strong>, Ing., tel: 972 255&nbsp;062, email: <a href=\"mailto:VikP@spravazeleznic.cz\">VikP@spravazeleznic.cz<\/a><\/p>\n<p>obor m\u011b\u0159en\u00ed \u2013 rozchodky (speci\u00e1ln\u00ed dr\u00e1\u017en\u00ed m\u011b\u0159idla)<br><strong>Valtr \u0160t\u011bp\u00e1n<\/strong>, tel: 972 255&nbsp;062, email: <a href=\"mailto:ValtrS@spravazeleznic.cz\">ValtrS@spravazeleznic.cz<\/a><\/p>\n<p>obor m\u011b\u0159en\u00ed \u2013 s\u00edla (momentov\u00e9 kl\u00ed\u010de)<br><strong>Vajshajtl Marek<\/strong>, Lic., tel: 972 255&nbsp;062, email: <a href=\"mailto:Vajshajtl@spravazeleznic.cz\">Vajshajtl@spravazeleznic.cz<\/a><\/p>\n<p>obor m\u011b\u0159en\u00ed \u2013 monitoring<br><strong>Bezko\u010dka \u0160imon<\/strong>, tel: 972 255&nbsp;062, email: <a href=\"mailto:BezkockaS@spravazeleznic.cz\">BezkockaS@spravazeleznic.cz<\/a><\/p>\n<p>obor m\u011b\u0159en\u00ed \u2013 d\u00e9lka (speci\u00e1ln\u00ed dr\u00e1\u017en\u00ed m\u011b\u0159idla)<br><strong>Mat\u011bj Munzar<\/strong>, tel.: 972 255 062, e-mail: <a href=\"mailto:MunzarM@spravazeleznic.cz\">MunzarM@spravazeleznic.cz<\/a><\/p>\n<p><br><br><\/p>\n<p>&nbsp;<\/p>\n\n\n<figure class=\"wp-block-gallery has-nested-images columns-default is-cropped wp-block-gallery-1 is-layout-flex wp-block-gallery-is-layout-flex\">\n<figure class=\"wp-block-image size-large\"><img loading=\"lazy\" decoding=\"async\" width=\"1024\" height=\"768\" data-id=\"4073\" src=\"https:\/\/www.tudc.cz\/wp-content\/uploads\/2022\/12\/OLMV6-1024x768.jpg\" alt=\"\" class=\"wp-image-4073\" srcset=\"https:\/\/www.tudc.cz\/wp-content\/uploads\/2022\/12\/OLMV6-1024x768.jpg 1024w, https:\/\/www.tudc.cz\/wp-content\/uploads\/2022\/12\/OLMV6-300x225.jpg 300w, https:\/\/www.tudc.cz\/wp-content\/uploads\/2022\/12\/OLMV6-768x576.jpg 768w, https:\/\/www.tudc.cz\/wp-content\/uploads\/2022\/12\/OLMV6.jpg 1280w\" sizes=\"auto, (max-width: 1024px) 100vw, 1024px\" \/><\/figure>\n\n\n\n<figure class=\"wp-block-image size-large\"><img loading=\"lazy\" decoding=\"async\" width=\"1024\" height=\"768\" data-id=\"4076\" src=\"https:\/\/www.tudc.cz\/wp-content\/uploads\/2022\/12\/OLMV5-1024x768.jpg\" alt=\"\" class=\"wp-image-4076\" srcset=\"https:\/\/www.tudc.cz\/wp-content\/uploads\/2022\/12\/OLMV5-1024x768.jpg 1024w, https:\/\/www.tudc.cz\/wp-content\/uploads\/2022\/12\/OLMV5-300x225.jpg 300w, https:\/\/www.tudc.cz\/wp-content\/uploads\/2022\/12\/OLMV5-768x576.jpg 768w, https:\/\/www.tudc.cz\/wp-content\/uploads\/2022\/12\/OLMV5.jpg 1280w\" sizes=\"auto, (max-width: 1024px) 100vw, 1024px\" \/><\/figure>\n\n\n\n<figure class=\"wp-block-image size-large\"><img loading=\"lazy\" decoding=\"async\" width=\"1024\" height=\"768\" data-id=\"4075\" src=\"https:\/\/www.tudc.cz\/wp-content\/uploads\/2022\/12\/OLMV4-1024x768.jpg\" alt=\"\" class=\"wp-image-4075\" srcset=\"https:\/\/www.tudc.cz\/wp-content\/uploads\/2022\/12\/OLMV4-1024x768.jpg 1024w, https:\/\/www.tudc.cz\/wp-content\/uploads\/2022\/12\/OLMV4-300x225.jpg 300w, https:\/\/www.tudc.cz\/wp-content\/uploads\/2022\/12\/OLMV4-768x576.jpg 768w, https:\/\/www.tudc.cz\/wp-content\/uploads\/2022\/12\/OLMV4.jpg 1280w\" sizes=\"auto, (max-width: 1024px) 100vw, 1024px\" \/><\/figure>\n\n\n\n<figure class=\"wp-block-image size-large\"><img loading=\"lazy\" decoding=\"async\" width=\"768\" height=\"1024\" data-id=\"4071\" src=\"https:\/\/www.tudc.cz\/wp-content\/uploads\/2022\/12\/OLMV3-768x1024.jpg\" alt=\"\" class=\"wp-image-4071\" srcset=\"https:\/\/www.tudc.cz\/wp-content\/uploads\/2022\/12\/OLMV3-768x1024.jpg 768w, https:\/\/www.tudc.cz\/wp-content\/uploads\/2022\/12\/OLMV3-225x300.jpg 225w, https:\/\/www.tudc.cz\/wp-content\/uploads\/2022\/12\/OLMV3.jpg 960w\" sizes=\"auto, (max-width: 768px) 100vw, 768px\" \/><\/figure>\n\n\n\n<figure class=\"wp-block-image size-large\"><img loading=\"lazy\" decoding=\"async\" width=\"764\" height=\"597\" data-id=\"4074\" src=\"https:\/\/www.tudc.cz\/wp-content\/uploads\/2022\/12\/OLMV2.jpg\" alt=\"\" class=\"wp-image-4074\" srcset=\"https:\/\/www.tudc.cz\/wp-content\/uploads\/2022\/12\/OLMV2.jpg 764w, https:\/\/www.tudc.cz\/wp-content\/uploads\/2022\/12\/OLMV2-300x234.jpg 300w\" sizes=\"auto, (max-width: 764px) 100vw, 764px\" \/><\/figure>\n\n\n\n<figure class=\"wp-block-image size-large\"><img loading=\"lazy\" decoding=\"async\" width=\"608\" height=\"813\" data-id=\"4072\" src=\"https:\/\/www.tudc.cz\/wp-content\/uploads\/2022\/12\/OLMV1.jpg\" alt=\"\" class=\"wp-image-4072\" srcset=\"https:\/\/www.tudc.cz\/wp-content\/uploads\/2022\/12\/OLMV1.jpg 608w, https:\/\/www.tudc.cz\/wp-content\/uploads\/2022\/12\/OLMV1-224x300.jpg 224w\" sizes=\"auto, (max-width: 608px) 100vw, 608px\" \/><\/figure>\n<\/figure>\n\n\n\n<hr class=\"wp-block-separator has-alpha-channel-opacity\"\/>\n\n\n\n<h2 class=\"wp-block-heading\" id=\"RKP_vnl\">S\u017d RKP Vesel\u00ed nad Lu\u017enic\u00ed<\/h2>\n\n\n<div>Region\u00e1ln\u00ed kalibra\u010dn\u00ed pracovi\u0161t\u011b prov\u00e1d\u00ed kalibrace m\u011b\u0159idel v oboru:&nbsp;<\/div>\n<div>&nbsp;<\/div>\n<ul>\n<li>kalibrace ru\u010dn\u00edch rozchodek&nbsp;<\/li>\n<li>kalibrace poj\u00edzdn\u00fdch rozchodek RPB&nbsp;<\/li>\n<li>kalibrace m\u011b\u0159idel tlaku<\/li>\n<\/ul>\n<div><strong>Adresa:<\/strong><\/div>\n<div><strong>Spr\u00e1va \u017eeleznic, st\u00e1tn\u00ed organizace<\/strong><\/div>\n<div><strong>Centrum techniky a diagnostiky<\/strong><\/div>\n<div>Pod Rafanou 881<\/div>\n<div>391 81 Vesel\u00ed nad Lu\u017enic\u00ed<\/div>\n<div>&nbsp;<\/div>\n<div><a href=\"https:\/\/mapy.cz\/zakladni?q=Pod%20Rafanou%20881%20Vesel%C3%AD%20nad%20Lu%C5%BEnic%C3%AD&amp;source=addr&amp;id=11406405&amp;ds=1&amp;x=14.7186835&amp;y=49.1938839&amp;z=17\" target=\"_blank\" rel=\"noopener\">Odkaz na mapu<\/a><\/div>\n<div>&nbsp;<\/div>\n<div>GPS Sou\u0159adnice<\/div>\n<div>49.1938419N, 14.7186836E<\/div>\n<div>&nbsp;<\/div>\n<div><strong>Kontakt:<\/strong><\/div>\n<div>obor m\u011b\u0159en\u00ed \u2013 d\u00e9lka (speci\u00e1ln\u00ed dr\u00e1\u017en\u00ed m\u011b\u0159idla &#8211; kalibrace rozchodek)<br \/><strong>Vladislav Havl\u00ed\u010dek<\/strong>, tel.: 972 552 292, 720 070 273; e-mail: <a href=\"mailto:HavlicekV@spravazeleznic.cz\">HavlicekV@spravazeleznic.cz<\/a> &nbsp;<\/div>\n<div><strong>Jakub Kl\u00edma<\/strong>, tel.: 972 552&nbsp;292, 720 069&nbsp;538; e-mail: <a href=\"mailto:KlimaJaku@spravazeleznic.cz\">KlimaJaku@spravazeleznic.cz<\/a><\/div>\n<div>&nbsp;<\/div>\n\n\n<hr class=\"wp-block-separator has-alpha-channel-opacity\"\/>\n\n\n\n<h2 class=\"wp-block-heading\" id=\"RKP_bno\">S\u017d RKP Brno mechanick\u00e9 veli\u010diny<\/h2>\n\n\n<div>Region\u00e1ln\u00ed kalibra\u010dn\u00ed pracovi\u0161t\u011b prov\u00e1d\u00ed kalibrace m\u011b\u0159idel v oboru:&nbsp;<\/div>\n<div>&nbsp;<\/div>\n<ul>\n<li>kalibrace ru\u010dn\u00edch rozchodek&nbsp;<\/li>\n<li>kalibrace poj\u00edzdn\u00fdch rozchodek RPB<\/li>\n<li>kalibrace m\u011b\u0159idel tlaku&nbsp;<\/li>\n<li>kalibrace alkohol tester\u016f<\/li>\n<\/ul>\n<div><strong>Adresa:<\/strong><\/div>\n<div><strong>Spr\u00e1va \u017eeleznic, st\u00e1tn\u00ed organizace<\/strong><\/div>\n<div><strong>Centrum techniky a diagnostiky<\/strong><\/div>\n<div>V\u00edde\u0148sk\u00e1 312\/147<\/div>\n<div>619 00 Brno \u2013 P\u0159\u00edz\u0159enice<\/div>\n<div>&nbsp;<\/div>\n<div><a href=\"https:\/\/mapy.cz\/s\/rodenulabo\" target=\"_blank\" rel=\"noopener\">Odkaz na mapu<\/a><\/div>\n<div>&nbsp;<\/div>\n<div>GPS Sou\u0159adnice<\/div>\n<div>49.1397978N, 16.6058592E<\/div>\n<div>&nbsp;<\/div>\n<div><strong>Kontakty:<\/strong><\/div>\n<div><strong>Pavel Horn\u00ed\u010dek<\/strong>, tel: 972 625&nbsp;227, 720 070&nbsp;345; e-mail: <a href=\"mailto:HornicekP@spravazeleznic.cz\">HornicekP@spravazeleznic.cz<\/a><\/div>\n<div><strong>Jana Vesel\u00e1<\/strong>, tel: 972&nbsp;625&nbsp;227, 702&nbsp;021&nbsp;552; email: <a href=\"mailto:VeselaJa@spravazeleznic.cz\">VeselaJa@spravazeleznic.cz<\/a><\/div>","protected":false},"excerpt":{"rendered":"<p>Odd\u011blen\u00ed laborato\u0159\u00ed mechanick\u00fdch veli\u010din CTD m\u00e1 region\u00e1ln\u00ed kalibra\u010dn\u00ed pracovi\u0161t\u011b: RKP NymburkRKP Vesel\u00ed nad Lu\u017enic\u00edRKP Brno mechanick\u00e9 veli\u010diny Hlavn\u00ed s\u00eddlo je v Nymburce, kde jsou uchov\u00e1v\u00e1ny hlavn\u00ed podnikov\u00e9 etalony Spr\u00e1vy \u017eeleznic, kter\u00e9 jsou nav\u00e1z\u00e1ny na n\u00e1rodn\u00ed etalony zpravidla prost\u0159ednictv\u00edm \u010cMI. Odd\u011blen\u00ed laborato\u0159\u00ed mechanick\u00fdch veli\u010din prov\u00e1d\u00ed kalibrace a certifikace speci\u00e1ln\u00edch dr\u00e1\u017en\u00edch m\u011b\u0159idel, kalibrace m\u011b\u0159idel d\u00e9lky, s\u00edly a [&hellip;]<\/p>\n","protected":false},"author":1,"featured_media":0,"parent":473,"menu_order":0,"comment_status":"closed","ping_status":"closed","template":"","meta":{"ngg_post_thumbnail":0,"footnotes":""},"class_list":["post-501","page","type-page","status-publish","hentry"],"_links":{"self":[{"href":"https:\/\/www.tudc.cz\/index.php\/wp-json\/wp\/v2\/pages\/501","targetHints":{"allow":["GET"]}}],"collection":[{"href":"https:\/\/www.tudc.cz\/index.php\/wp-json\/wp\/v2\/pages"}],"about":[{"href":"https:\/\/www.tudc.cz\/index.php\/wp-json\/wp\/v2\/types\/page"}],"author":[{"embeddable":true,"href":"https:\/\/www.tudc.cz\/index.php\/wp-json\/wp\/v2\/users\/1"}],"replies":[{"embeddable":true,"href":"https:\/\/www.tudc.cz\/index.php\/wp-json\/wp\/v2\/comments?post=501"}],"version-history":[{"count":49,"href":"https:\/\/www.tudc.cz\/index.php\/wp-json\/wp\/v2\/pages\/501\/revisions"}],"predecessor-version":[{"id":4463,"href":"https:\/\/www.tudc.cz\/index.php\/wp-json\/wp\/v2\/pages\/501\/revisions\/4463"}],"up":[{"embeddable":true,"href":"https:\/\/www.tudc.cz\/index.php\/wp-json\/wp\/v2\/pages\/473"}],"wp:attachment":[{"href":"https:\/\/www.tudc.cz\/index.php\/wp-json\/wp\/v2\/media?parent=501"}],"curies":[{"name":"wp","href":"https:\/\/api.w.org\/{rel}","templated":true}]}}