{"id":476,"date":"2016-01-13T09:26:41","date_gmt":"2016-01-13T08:26:41","guid":{"rendered":"https:\/\/www.tudc.cz\/?page_id=476"},"modified":"2024-12-04T15:21:00","modified_gmt":"2024-12-04T14:21:00","slug":"oddeleni-laboratori-elektrickych-velicin","status":"publish","type":"page","link":"https:\/\/www.tudc.cz\/index.php\/sluzby\/specializovane-stredisko-metrologie\/oddeleni-laboratori-elektrickych-velicin\/","title":{"rendered":"Metrologie &#8211; Odd\u011blen\u00ed laborato\u0159\u00ed elektrick\u00fdch veli\u010din"},"content":{"rendered":"<p>Odd\u011blen\u00ed laborato\u0159\u00ed elektrick\u00fdch veli\u010din CTD m\u00e1 region\u00e1ln\u00ed kalibra\u010dn\u00ed pracovi\u0161t\u011b:<\/p>\n<p><a href=\"#RKP_hkr\">RKP Hradec Kr\u00e1lov\u00e9<\/a><br><a href=\"#RKP_plz\">RKP Plze\u0148<\/a><br><a href=\"#RKP_bno\">RKP Brno elektrick\u00e9 veli\u010diny<\/a><\/p>\n<p>V\u0161echna RKP jsou plnohodnotn\u011b vybavena modern\u00edmi, multifunk\u010dn\u00edmi kalibr\u00e1tory <br>nap\u0159. M-142, M-140, p\u0159esn\u00fdmi multimetry FLUKE, Transmille, datron, odporov\u00fdmi, kapacitn\u00edmi i induk\u010dn\u00edmi dek\u00e1dami a dal\u0161\u00edmi speci\u00e1ln\u00edmi etalony.<\/p>\n<p>RKP prov\u00e1d\u00ed kalibrace univerz\u00e1ln\u00edch digit\u00e1ln\u00edch i ru\u010dkov\u00fdch multimetr\u016f, m\u011b\u0159i\u010d\u016f zemn\u00edch a izola\u010dn\u00edch odpor\u016f, revizn\u00edch p\u0159\u00edstroj\u016f, ohmmetr\u016f, kle\u0161\u0165ov\u00fdch p\u0159\u00edstroj\u016f, m\u011b\u0159i\u010d\u016f f\u00e1ze, wattmetr\u016f, \u010d\u00edta\u010d\u016f a m\u011b\u0159i\u010d\u016f \u010dasu, RLC \u2013 m\u016fstk\u016f. RKP realizuj\u00ed kalibrace a drobn\u00e9 opravy u speci\u00e1ln\u00edch dr\u00e1\u017en\u00edch m\u011b\u0159idel (nap\u0159. testovac\u00edch souprav TSR I a\u017e TS3 pro m\u011b\u0159en\u00ed rel\u00e9, PU590 atd.).<\/p>\n<p>RKP pro OJ Spr\u00e1vy \u017eeleznic prov\u00e1d\u00ed tak\u00e9 odborn\u00e9 konzultace v oblasti m\u011b\u0159en\u00ed a testov\u00e1n\u00ed elektrick\u00fdch veli\u010din a optim\u00e1ln\u00ed volby vhodn\u00e9ho m\u011b\u0159\u00edc\u00edho za\u0159\u00edzen\u00ed.<\/p>\n<p><strong>Vedouc\u00ed odd\u011blen\u00ed laborato\u0159\u00ed elektrick\u00fdch veli\u010din RKP (Plze\u0148, Hradec Kr\u00e1lov\u00e9, Brno elektrick\u00e9 veli\u010diny):<\/strong> <strong>Ing. Jana Kl\u00e1\u0161terkov\u00e1,<\/strong><\/p>\n<p>Su\u0161ick\u00e1 23<br>326 00 Plze\u0148<\/p>\n<p>tel.: 972 524 514, 724 574 515; e-mail: <a href=\"mailto:Klasterkova@spravazeleznic.cz\">Klasterkova@spravazeleznic.cz<\/a><\/p>\n<hr>\n<p><strong>Metodik odd\u011blen\u00ed laborato\u0159\u00ed elektrick\u00fdch veli\u010din RKP (Plze\u0148, Hradec Kr\u00e1lov\u00e9, Brno elektrick\u00e9 veli\u010diny):<\/strong> <strong>Ing. Jana Kl\u00e1\u0161terkov\u00e1<\/strong>,<\/p>\n<p>Su\u0161ick\u00e1 23<br>326 00 Plze\u0148<\/p>\n<p>tel.: 972 524 514, 724 574&nbsp;515; e-mail: <a href=\"mailto:Kansky@spravazeleznic.cz\">Klasterkova@spravazeleznic.c<\/a><\/p>\n\n\n<hr class=\"wp-block-separator has-alpha-channel-opacity\"\/>\n\n\n\n<figure class=\"wp-block-gallery has-nested-images columns-default is-cropped wp-block-gallery-1 is-layout-flex wp-block-gallery-is-layout-flex\">\n<figure class=\"wp-block-image size-large\"><img loading=\"lazy\" decoding=\"async\" width=\"1024\" height=\"768\" data-id=\"4069\" src=\"https:\/\/www.tudc.cz\/wp-content\/uploads\/2022\/12\/OLEV3-2-1024x768.jpg\" alt=\"\" class=\"wp-image-4069\" srcset=\"https:\/\/www.tudc.cz\/wp-content\/uploads\/2022\/12\/OLEV3-2-1024x768.jpg 1024w, https:\/\/www.tudc.cz\/wp-content\/uploads\/2022\/12\/OLEV3-2-300x225.jpg 300w, https:\/\/www.tudc.cz\/wp-content\/uploads\/2022\/12\/OLEV3-2-768x576.jpg 768w, https:\/\/www.tudc.cz\/wp-content\/uploads\/2022\/12\/OLEV3-2.jpg 1240w\" sizes=\"auto, (max-width: 1024px) 100vw, 1024px\" \/><figcaption class=\"wp-element-caption\">smart<\/figcaption><\/figure>\n<\/figure>\n\n\n\n<h2 class=\"wp-block-heading\" id=\"RKP_plz\">S\u017d RKP Plze\u0148<\/h2>\n\n\n\n<p><strong>Adresa:<\/strong><br><strong>Spr\u00e1va \u017eeleznic, st\u00e1tn\u00ed organizace<br>Centrum techntiky a diagnostiky<\/strong><br>Su\u0161ick\u00e1 23<br>326 00 Plze\u0148<br><br><a href=\"https:\/\/mapy.cz\/zakladni?q=su%C5%A1ick%C3%A1%2023%20plze%C5%88&amp;source=addr&amp;id=9065844&amp;ds=1&amp;x=13.4085776&amp;y=49.7341846&amp;z=17\">Odkaz na mapu<\/a><br><br>GPS Sou\u0159adnice<br>49.7341431N, 13.4085775E<br><br><strong>Kontakty:<br>Filip Tobrman<\/strong>, tel.: 972 524 514, 602 399 012; e-mail: <a href=\"mailto:Tobrman@spravazeleznic.cz\">Tobrman@spravazeleznic.cz<\/a><\/p>\n\n\n\n<hr class=\"wp-block-separator has-alpha-channel-opacity\"\/>\n\n\n\n<h2 class=\"wp-block-heading\" id=\"RKP_hkr\"><br>S\u017d RKP Hradec Kr\u00e1lov\u00e9<\/h2>\n\n\n\n<p><strong>Adresa:<br>Spr\u00e1va \u017eeleznic, st\u00e1tn\u00ed organizace<br>Centrum techniky a diagnostiky<br><\/strong>Riegrovo n\u00e1m\u011bst\u00ed 914<br>500 02 Hradec Kr\u00e1lov\u00e9<br><br><a href=\"https:\/\/mapy.cz\/zakladni?vlastni-body&amp;ut=S%C5%BD%20RKP%20Hradec%20Kr%C3%A1lov%C3%A9&amp;uc=9jyuSxY5Yh&amp;ud=50%C2%B012%2751.425%22N%2C%2015%C2%B048%2731.518%22E&amp;x=15.8089550&amp;y=50.2143383&amp;z=18\">Odkaz na mapu<\/a><br><br>GPS Sou\u0159adnice<br>50.2142847N, 15.8087550E<br><br><strong>Kontakty:<br>Ing. Petr Van\u011b\u010dek<\/strong>, tel.: 972 341 232, 727 863 507; e-mail: <a href=\"mailto:VanecekP@spravazeleznic.cz\">VanecekP@spravazeleznic.cz<\/a><br><strong>Tom\u00e1\u0161 Mikala<\/strong>, tel.: 972 341 232, 725 526 595; e-mail: <a href=\"mailto:Mikala@spravazeleznic.cz\">Mikala@spravazeleznic.cz<\/a><\/p>\n\n\n\n<hr class=\"wp-block-separator has-alpha-channel-opacity\"\/>\n\n\n\n<h2 class=\"wp-block-heading\" id=\"RKP_bno\">S\u017d RKP Brno elektrick\u00e9 veli\u010diny<\/h2>\n\n\n\n<p><strong>Adresa:<br>Spr\u00e1va \u017eeleznic, st\u00e1tn\u00ed organizace<br>Centrum techniky a diagnostiky<br><\/strong>V\u00edde\u0148sk\u00e1 312\/147<br>619 00 Brno \u2013 P\u0159\u00edz\u0159enice<br><br><a href=\"https:\/\/mapy.cz\/zakladni?vlastni-body&amp;ut=Nov%C3%BD%20bod&amp;uc=9mMAGxTcOS&amp;ud=16%C2%B036%2721.353%22E%2049%C2%B08%2723.591%22N&amp;x=16.6012484&amp;y=49.1399337&amp;z=17\">Odkaz na mapu<\/a><br><br>GPS Sou\u0159adnice<br>49.1398864N, 16.6059314E<br><br><strong>Kontakty:<br>Jaroslav Zho\u0159<\/strong>, tel.: 972 625 227, 724 867 164; e-mail: <a href=\"mailto:Zhor@spravazeleznic.cz\">Zhor@spravazeleznic.cz<\/a><br><strong>Dalibor Sojka<\/strong>, tel.: 972 625 227, 724 866 860; e-mail: <a href=\"mailto:SojkaD@spravazeleznic.cz\">SojkaD@spravazeleznic.cz<\/a><\/p>\n","protected":false},"excerpt":{"rendered":"<p>Odd\u011blen\u00ed laborato\u0159\u00ed elektrick\u00fdch veli\u010din CTD m\u00e1 region\u00e1ln\u00ed kalibra\u010dn\u00ed pracovi\u0161t\u011b: RKP Hradec Kr\u00e1lov\u00e9RKP Plze\u0148RKP Brno elektrick\u00e9 veli\u010diny V\u0161echna RKP jsou plnohodnotn\u011b vybavena modern\u00edmi, multifunk\u010dn\u00edmi kalibr\u00e1tory nap\u0159. M-142, M-140, p\u0159esn\u00fdmi multimetry FLUKE, Transmille, datron, odporov\u00fdmi, kapacitn\u00edmi i induk\u010dn\u00edmi dek\u00e1dami a dal\u0161\u00edmi speci\u00e1ln\u00edmi etalony. RKP prov\u00e1d\u00ed kalibrace univerz\u00e1ln\u00edch digit\u00e1ln\u00edch i ru\u010dkov\u00fdch multimetr\u016f, m\u011b\u0159i\u010d\u016f zemn\u00edch a izola\u010dn\u00edch odpor\u016f, revizn\u00edch [&hellip;]<\/p>\n","protected":false},"author":1,"featured_media":0,"parent":473,"menu_order":0,"comment_status":"closed","ping_status":"closed","template":"","meta":{"ngg_post_thumbnail":0,"footnotes":""},"class_list":["post-476","page","type-page","status-publish","hentry"],"_links":{"self":[{"href":"https:\/\/www.tudc.cz\/index.php\/wp-json\/wp\/v2\/pages\/476","targetHints":{"allow":["GET"]}}],"collection":[{"href":"https:\/\/www.tudc.cz\/index.php\/wp-json\/wp\/v2\/pages"}],"about":[{"href":"https:\/\/www.tudc.cz\/index.php\/wp-json\/wp\/v2\/types\/page"}],"author":[{"embeddable":true,"href":"https:\/\/www.tudc.cz\/index.php\/wp-json\/wp\/v2\/users\/1"}],"replies":[{"embeddable":true,"href":"https:\/\/www.tudc.cz\/index.php\/wp-json\/wp\/v2\/comments?post=476"}],"version-history":[{"count":27,"href":"https:\/\/www.tudc.cz\/index.php\/wp-json\/wp\/v2\/pages\/476\/revisions"}],"predecessor-version":[{"id":4457,"href":"https:\/\/www.tudc.cz\/index.php\/wp-json\/wp\/v2\/pages\/476\/revisions\/4457"}],"up":[{"embeddable":true,"href":"https:\/\/www.tudc.cz\/index.php\/wp-json\/wp\/v2\/pages\/473"}],"wp:attachment":[{"href":"https:\/\/www.tudc.cz\/index.php\/wp-json\/wp\/v2\/media?parent=476"}],"curies":[{"name":"wp","href":"https:\/\/api.w.org\/{rel}","templated":true}]}}