{"id":473,"date":"2016-01-13T09:21:14","date_gmt":"2016-01-13T08:21:14","guid":{"rendered":"https:\/\/www.tudc.cz\/?page_id=473"},"modified":"2026-01-13T09:43:52","modified_gmt":"2026-01-13T08:43:52","slug":"specializovane-stredisko-metrologie","status":"publish","type":"page","link":"https:\/\/www.tudc.cz\/index.php\/sluzby\/specializovane-stredisko-metrologie\/","title":{"rendered":"Metrologie"},"content":{"rendered":"<h3><strong>Specializovan\u00e9 st\u0159edisko metrologie<\/strong><\/h3>\n<p style=\"text-align: justify;\">\u010cinnost pracovn\u00edk\u016f specializovan\u00e9ho st\u0159ediska je zam\u011b\u0159ena na prov\u00e1d\u011bn\u00ed kalibrac\u00ed b\u011b\u017en\u00fdch komer\u010dn\u011b vyr\u00e1b\u011bn\u00fdch m\u011b\u0159\u00edc\u00edch p\u0159\u00edstroj\u016f a speci\u00e1ln\u00edch dr\u00e1\u017en\u00edch m\u011b\u0159\u00edc\u00edch p\u0159\u00edstroj\u016f a m\u011b\u0159idel. St\u0159edisko zabezpe\u010duje \u0159\u00edzen\u00ed metrologie v odv\u011btv\u00ed \u017eelezni\u010dn\u00ed dopravy. Ve sv\u00fdch laborato\u0159\u00edch zaji\u0161\u0165uje v\u00fdkonnou metrologii prost\u0159ednictv\u00edm kalibra\u010dn\u00edch laborato\u0159\u00ed v oborech mechanick\u00fdch veli\u010din (d\u00e9lka, s\u00edla), termodynamick\u00fdch veli\u010din (teplota, vlhkost, tlak), elektrick\u00fdch veli\u010din (nap\u011bt\u00ed, proud, odpor), frekvence a \u010dasu.<\/p>\n<p><strong>Adresa:<\/strong><\/p>\n<p>Spr\u00e1va \u017eeleznic, st\u00e1tn\u00ed organizace<br>Centrum techniky a diagnostiky<strong><br><\/strong><\/p>\n<p>Specializovan\u00e9 st\u0159edisko metrologie<br>N\u00e1dra\u017en\u00ed 408<br>288 02 Nymburk<\/p>\n<p><strong>Kontakty: <\/strong><br><strong>Ing. Jaroslav Kopeck\u00fd<\/strong>, tel.: 972&nbsp;255 471, 725&nbsp;800 231 e-mail: <a href=\"mailto:KopeckyJa@spravazeleznic.cz\">KopeckyJa@spravazeleznic.cz<\/a><br><strong>Zuzana Jir\u00e1skov\u00e1<\/strong>, tel.: 972 341 479, 724 450 231, e-mail: <a href=\"mailto:JiraskovaZ@spravazeleznic.cz\">JiraskovaZ@spravazeleznic.cz<\/a><\/p>\n\n\n<h3 class=\"wp-block-heading\">Hlavn\u00ed metrolog S\u017d<\/h3>\n\n\n\n<p><strong>Adresa:<\/strong><\/p>\n\n\n\n<p>Spr\u00e1va \u017eeleznic, st\u00e1tn\u00ed organizace<br>Centrum techniky a diagnostiky<\/p>\n\n\n\n<p>Hlavn\u00ed metrolog S\u017d<br>1.p., 38, Su\u0161ick\u00e1 23<br>326 00 Plze\u0148<\/p>\n\n\n\n<p><strong>Kontakty:<\/strong><br><strong>K\u00e1nsk\u00fd Petr, Bc. Dis.<\/strong>, tel:&nbsp;972 524&nbsp;514, 702 262&nbsp;465, e-mail:&nbsp;<a href=\"mailto:Kansky@spravazeleznic.cz\">Kansky@spravazeleznic.cz<\/a><\/p>\n","protected":false},"excerpt":{"rendered":"<p>Specializovan\u00e9 st\u0159edisko metrologie \u010cinnost pracovn\u00edk\u016f specializovan\u00e9ho st\u0159ediska je zam\u011b\u0159ena na prov\u00e1d\u011bn\u00ed kalibrac\u00ed b\u011b\u017en\u00fdch komer\u010dn\u011b vyr\u00e1b\u011bn\u00fdch m\u011b\u0159\u00edc\u00edch p\u0159\u00edstroj\u016f a speci\u00e1ln\u00edch dr\u00e1\u017en\u00edch m\u011b\u0159\u00edc\u00edch p\u0159\u00edstroj\u016f a m\u011b\u0159idel. St\u0159edisko zabezpe\u010duje \u0159\u00edzen\u00ed metrologie v odv\u011btv\u00ed \u017eelezni\u010dn\u00ed dopravy. Ve sv\u00fdch laborato\u0159\u00edch zaji\u0161\u0165uje v\u00fdkonnou metrologii prost\u0159ednictv\u00edm kalibra\u010dn\u00edch laborato\u0159\u00ed v oborech mechanick\u00fdch veli\u010din (d\u00e9lka, s\u00edla), termodynamick\u00fdch veli\u010din (teplota, vlhkost, tlak), elektrick\u00fdch veli\u010din (nap\u011bt\u00ed, [&hellip;]<\/p>\n","protected":false},"author":1,"featured_media":0,"parent":22,"menu_order":7,"comment_status":"closed","ping_status":"closed","template":"","meta":{"ngg_post_thumbnail":0,"footnotes":""},"class_list":["post-473","page","type-page","status-publish","hentry"],"_links":{"self":[{"href":"https:\/\/www.tudc.cz\/index.php\/wp-json\/wp\/v2\/pages\/473","targetHints":{"allow":["GET"]}}],"collection":[{"href":"https:\/\/www.tudc.cz\/index.php\/wp-json\/wp\/v2\/pages"}],"about":[{"href":"https:\/\/www.tudc.cz\/index.php\/wp-json\/wp\/v2\/types\/page"}],"author":[{"embeddable":true,"href":"https:\/\/www.tudc.cz\/index.php\/wp-json\/wp\/v2\/users\/1"}],"replies":[{"embeddable":true,"href":"https:\/\/www.tudc.cz\/index.php\/wp-json\/wp\/v2\/comments?post=473"}],"version-history":[{"count":30,"href":"https:\/\/www.tudc.cz\/index.php\/wp-json\/wp\/v2\/pages\/473\/revisions"}],"predecessor-version":[{"id":4838,"href":"https:\/\/www.tudc.cz\/index.php\/wp-json\/wp\/v2\/pages\/473\/revisions\/4838"}],"up":[{"embeddable":true,"href":"https:\/\/www.tudc.cz\/index.php\/wp-json\/wp\/v2\/pages\/22"}],"wp:attachment":[{"href":"https:\/\/www.tudc.cz\/index.php\/wp-json\/wp\/v2\/media?parent=473"}],"curies":[{"name":"wp","href":"https:\/\/api.w.org\/{rel}","templated":true}]}}