{"id":469,"date":"2016-01-13T09:18:57","date_gmt":"2016-01-13T08:18:57","guid":{"rendered":"https:\/\/www.tudc.cz\/?page_id=469"},"modified":"2025-02-06T10:48:12","modified_gmt":"2025-02-06T09:48:12","slug":"overovani-kvality","status":"publish","type":"page","link":"https:\/\/www.tudc.cz\/index.php\/sluzby\/overovani-kvality\/","title":{"rendered":"Ov\u011b\u0159ov\u00e1n\u00ed kvality a kategorizace"},"content":{"rendered":"<h5>Ov\u011b\u0159ov\u00e1n\u00ed kvality a kategorizace materi\u00e1lu<\/h5>\n<p><strong>P\u00e9\u010de o kvalitu materi\u00e1lu pro stavbu a \u00fadr\u017ebu \u017eelezni\u010dn\u00edch trat\u00ed<a href=\"https:\/\/www.tudc.cz\/wp-content\/uploads\/2016\/01\/WP_20170424_11_40_48_Pro.jpg\"><img loading=\"lazy\" decoding=\"async\" class=\"alignright size-medium wp-image-2895\" src=\"https:\/\/www.tudc.cz\/wp-content\/uploads\/2016\/01\/WP_20170424_11_40_48_Pro-300x169.jpg\" alt=\"\" width=\"300\" height=\"169\" srcset=\"https:\/\/www.tudc.cz\/wp-content\/uploads\/2016\/01\/WP_20170424_11_40_48_Pro-300x169.jpg 300w, https:\/\/www.tudc.cz\/wp-content\/uploads\/2016\/01\/WP_20170424_11_40_48_Pro-768x431.jpg 768w, https:\/\/www.tudc.cz\/wp-content\/uploads\/2016\/01\/WP_20170424_11_40_48_Pro-1024x575.jpg 1024w, https:\/\/www.tudc.cz\/wp-content\/uploads\/2016\/01\/WP_20170424_11_40_48_Pro-150x84.jpg 150w\" sizes=\"auto, (max-width: 300px) 100vw, 300px\" \/><\/a><\/strong><\/p>\n<ul>\n<li>Ov\u011b\u0159ov\u00e1n\u00ed kvality ur\u010den\u00fdch sou\u010d\u00e1st\u00ed \u017eelezni\u010dn\u00edho svr\u0161ku a spodku u v\u00fdrobc\u016f\n<ul>\n<li>Statistick\u00e1 p\u0159ej\u00edmka jednotliv\u00fdch dod\u00e1vek<\/li>\n<li>Z\u00e1kaznick\u00e9 extern\u00ed audity u v\u00fdrobc\u016f<\/li>\n<li>Dohled nad syst\u00e9my kvality Spr\u00e1vy \u017eeleznic, st\u00e1tn\u00ed organizace v oblasti kameniva<\/li>\n<\/ul>\n<\/li>\n<li>Kategorizace vyz\u00edskan\u00e9ho materi\u00e1lu \u017eelezni\u010dn\u00edho svr\u0161ku<\/li>\n<li>Poradensk\u00e1 \u010dinnost v oblasti kvality materi\u00e1lu pro \u017eelezni\u010dn\u00ed trat\u011b<\/li>\n<li>Vyd\u00e1v\u00e1n\u00ed\n<ul>\n<li>Protokol\u016f o ov\u011b\u0159en\u00ed kvality<\/li>\n<li>Protokol\u016f z auditu<\/li>\n<li>Z\u00e1vazn\u00fdch seznam\u016f v\u00fdrobc\u016f kameniva<\/li>\n<li>Karet kategorizace<\/li>\n<\/ul>\n<\/li>\n<li><a href=\"https:\/\/www.tudc.cz\/wp-content\/uploads\/2025\/02\/Smluvni-ceny-CTD-za-vykon-overovani-kvality-platny-od-1.1.2025-do-31.12.2025_.pdf\" target=\"_blank\" rel=\"noopener\">Smluvn\u00ed ceny CTD za v\u00fdkon ov\u011b\u0159ov\u00e1n\u00ed kvality platn\u00fd od 1.1.2025 do 31.12.2025<\/a><\/li>\n<li><a href=\"https:\/\/www.tudc.cz\/wp-content\/uploads\/2025\/02\/Smluvni-ceny-CTD-za-vykon-overovani-kvality-platny-od-1.1.2026-do-31.12.2026_.pdf\" target=\"_blank\" rel=\"noopener\">Smluvn\u00ed ceny CTD za v\u00fdkon ov\u011b\u0159ov\u00e1n\u00ed kvality platn\u00fd od 1.1.2026 do 31.12.2026<\/a><\/li>\n<\/ul>\n<hr>\n<p><strong>Kontakt: Ing. Karel Ma\u0159\u00edk,<\/strong> tel.: 972 341 601, e-mail: <a href=\"mailto:MarikK@spravazeleznic.cz\">MarikK@spravazeleznic.cz<\/a><\/p>\n","protected":false},"excerpt":{"rendered":"<p>Ov\u011b\u0159ov\u00e1n\u00ed kvality a kategorizace materi\u00e1lu P\u00e9\u010de o kvalitu materi\u00e1lu pro stavbu a \u00fadr\u017ebu \u017eelezni\u010dn\u00edch trat\u00ed Ov\u011b\u0159ov\u00e1n\u00ed kvality ur\u010den\u00fdch sou\u010d\u00e1st\u00ed \u017eelezni\u010dn\u00edho svr\u0161ku a spodku u v\u00fdrobc\u016f Statistick\u00e1 p\u0159ej\u00edmka jednotliv\u00fdch dod\u00e1vek Z\u00e1kaznick\u00e9 extern\u00ed audity u v\u00fdrobc\u016f Dohled nad syst\u00e9my kvality Spr\u00e1vy \u017eeleznic, st\u00e1tn\u00ed organizace v oblasti kameniva Kategorizace vyz\u00edskan\u00e9ho materi\u00e1lu \u017eelezni\u010dn\u00edho svr\u0161ku Poradensk\u00e1 \u010dinnost v oblasti kvality [&hellip;]<\/p>\n","protected":false},"author":1,"featured_media":0,"parent":22,"menu_order":1,"comment_status":"closed","ping_status":"closed","template":"","meta":{"ngg_post_thumbnail":0,"footnotes":""},"class_list":["post-469","page","type-page","status-publish","hentry"],"_links":{"self":[{"href":"https:\/\/www.tudc.cz\/index.php\/wp-json\/wp\/v2\/pages\/469","targetHints":{"allow":["GET"]}}],"collection":[{"href":"https:\/\/www.tudc.cz\/index.php\/wp-json\/wp\/v2\/pages"}],"about":[{"href":"https:\/\/www.tudc.cz\/index.php\/wp-json\/wp\/v2\/types\/page"}],"author":[{"embeddable":true,"href":"https:\/\/www.tudc.cz\/index.php\/wp-json\/wp\/v2\/users\/1"}],"replies":[{"embeddable":true,"href":"https:\/\/www.tudc.cz\/index.php\/wp-json\/wp\/v2\/comments?post=469"}],"version-history":[{"count":16,"href":"https:\/\/www.tudc.cz\/index.php\/wp-json\/wp\/v2\/pages\/469\/revisions"}],"predecessor-version":[{"id":4497,"href":"https:\/\/www.tudc.cz\/index.php\/wp-json\/wp\/v2\/pages\/469\/revisions\/4497"}],"up":[{"embeddable":true,"href":"https:\/\/www.tudc.cz\/index.php\/wp-json\/wp\/v2\/pages\/22"}],"wp:attachment":[{"href":"https:\/\/www.tudc.cz\/index.php\/wp-json\/wp\/v2\/media?parent=469"}],"curies":[{"name":"wp","href":"https:\/\/api.w.org\/{rel}","templated":true}]}}