{"id":4376,"date":"2024-07-10T09:36:37","date_gmt":"2024-07-10T07:36:37","guid":{"rendered":"https:\/\/www.tudc.cz\/?page_id=4376"},"modified":"2026-03-11T13:12:59","modified_gmt":"2026-03-11T12:12:59","slug":"pro-badatele","status":"publish","type":"page","link":"https:\/\/www.tudc.cz\/index.php\/muzeum\/muzeum-hradec-kralove\/pro-badatele\/","title":{"rendered":"Pro badatele"},"content":{"rendered":"\n<h2 class=\"wp-block-heading\">Knihovna muzejn\u00ed dokumentace sd\u011blovac\u00ed a zabezpe\u010dovac\u00ed techniky<\/h2>\n\n\n\n<p>Sou\u010d\u00e1st\u00ed muzejn\u00ed expozice je i&nbsp;bohat\u00e1 sb\u00edrka archivn\u00ed dokumentace o \u017eelezni\u010dn\u00ed sd\u011blovac\u00ed a zabezpe\u010dovac\u00ed technice. Tato sb\u00edrka, kter\u00e1 je postupn\u011b dopl\u0148ov\u00e1na, obsahuje r\u016fznorod\u00fd a bohat\u00fd materi\u00e1l ke studiu: odborn\u00e9 publikace, periodika, slu\u017eebn\u00ed p\u0159edpisy, normy, vzorov\u00e9 listy, v\u00fdkresovou dokumentaci k&nbsp;za\u0159\u00edzen\u00edm a expon\u00e1t\u016fm, firemn\u00ed dokumentaci, fotografie a jin\u00e9.<\/p>\n\n\n\n<p>Studium dokument\u016f je mo\u017en\u00e9 ve studovn\u011b. Pros\u00edme o p\u0159edchoz\u00ed ohl\u00e1\u0161en\u00ed se k&nbsp;domluv\u011b term\u00ednu n\u00e1v\u0161t\u011bvy a vymezen\u00ed t\u00e9matu z\u00e1jmu (co nejp\u0159esn\u011bji, jak to lze). Po p\u0159edchoz\u00ed domluv\u011b p\u0159iprav\u00edme pro v\u00e1s \u017e\u00e1dan\u00e9 dokumenty na dohodnut\u00fd den va\u0161\u00ed n\u00e1v\u0161t\u011bvy studovny muzea.<\/p>\n\n\n\n<p>Kontakt:<\/p>\n\n\n\n<p>E-mail:\u00a0<a href=\"mailto:Protivanek@spravazeleznic.cz\"><a href=\"mailto:CTDmuzeumSZT@spravazeleznic.cz\">ctdmuzeumszt@spravazeleznic.cz<\/a><\/a><\/p>\n\n\n\n<p><\/p>\n","protected":false},"excerpt":{"rendered":"<p>Knihovna muzejn\u00ed dokumentace sd\u011blovac\u00ed a zabezpe\u010dovac\u00ed techniky Sou\u010d\u00e1st\u00ed muzejn\u00ed expozice je i&nbsp;bohat\u00e1 sb\u00edrka archivn\u00ed dokumentace o \u017eelezni\u010dn\u00ed sd\u011blovac\u00ed a zabezpe\u010dovac\u00ed technice. Tato sb\u00edrka, kter\u00e1 je postupn\u011b dopl\u0148ov\u00e1na, obsahuje r\u016fznorod\u00fd a bohat\u00fd materi\u00e1l ke studiu: odborn\u00e9 publikace, periodika, slu\u017eebn\u00ed p\u0159edpisy, normy, vzorov\u00e9 listy, v\u00fdkresovou dokumentaci k&nbsp;za\u0159\u00edzen\u00edm a expon\u00e1t\u016fm, firemn\u00ed dokumentaci, fotografie a jin\u00e9. Studium dokument\u016f je [&hellip;]<\/p>\n","protected":false},"author":1,"featured_media":0,"parent":32,"menu_order":0,"comment_status":"closed","ping_status":"closed","template":"","meta":{"ngg_post_thumbnail":0,"footnotes":""},"class_list":["post-4376","page","type-page","status-publish","hentry"],"_links":{"self":[{"href":"https:\/\/www.tudc.cz\/index.php\/wp-json\/wp\/v2\/pages\/4376","targetHints":{"allow":["GET"]}}],"collection":[{"href":"https:\/\/www.tudc.cz\/index.php\/wp-json\/wp\/v2\/pages"}],"about":[{"href":"https:\/\/www.tudc.cz\/index.php\/wp-json\/wp\/v2\/types\/page"}],"author":[{"embeddable":true,"href":"https:\/\/www.tudc.cz\/index.php\/wp-json\/wp\/v2\/users\/1"}],"replies":[{"embeddable":true,"href":"https:\/\/www.tudc.cz\/index.php\/wp-json\/wp\/v2\/comments?post=4376"}],"version-history":[{"count":4,"href":"https:\/\/www.tudc.cz\/index.php\/wp-json\/wp\/v2\/pages\/4376\/revisions"}],"predecessor-version":[{"id":4845,"href":"https:\/\/www.tudc.cz\/index.php\/wp-json\/wp\/v2\/pages\/4376\/revisions\/4845"}],"up":[{"embeddable":true,"href":"https:\/\/www.tudc.cz\/index.php\/wp-json\/wp\/v2\/pages\/32"}],"wp:attachment":[{"href":"https:\/\/www.tudc.cz\/index.php\/wp-json\/wp\/v2\/media?parent=4376"}],"curies":[{"name":"wp","href":"https:\/\/api.w.org\/{rel}","templated":true}]}}