{"id":4277,"date":"2024-04-23T09:37:32","date_gmt":"2024-04-23T07:37:32","guid":{"rendered":"https:\/\/www.tudc.cz\/?page_id=4277"},"modified":"2025-01-09T07:45:23","modified_gmt":"2025-01-09T06:45:23","slug":"nedestruktivni-zkouseni-svaru","status":"publish","type":"page","link":"https:\/\/www.tudc.cz\/index.php\/dokumenty\/seznam-osvedceni\/nedestruktivni-zkouseni-svaru\/","title":{"rendered":"Nedestruktivn\u00ed zkou\u0161en\u00ed svar\u016f"},"content":{"rendered":"\n    <div id=\"internet-plugin\">\n        <h3>Nedestruktivn\u00ed zkou\u0161en\u00ed svar\u016f<\/h3>\n\n<table class=\"auto_table\">\n    <tr class=\"bold lichy center\">\n        <td>Ev. \u010d.<\/td>\n        <td>Obchodn\u00ed jm\u00e9no, adresa<\/td>\n        <td>\u010c\u00edslo osv\u011bd\u010den\u00ed, platnost<\/td>\n        <td>Ozna\u010den\u00ed zp\u016fsob\u016f sva\u0159ov\u00e1n\u00ed kolejnic a nava\u0159ov\u00e1n\u00ed, rovn\u00e1n\u00ed svar\u016f<\/td>\n    <\/tr>\n            <tr class=\" center\">\n            <td>01<\/td>\n            <td class=\"left\">CONTROLTEST, s.r.o.<br \/>\r\n709 00 Ostrava, Boleslavova 7<\/td>\n            <td><br \/><span\n                    class=\"\">18.1.2030<\/span><\/td>\n            <td>A, B<\/td>\n        <\/tr>\n                <tr class=\"lichy center\">\n            <td>02<\/td>\n            <td class=\"left\">DEFEKTA NDT s.r.o.<br \/>\r\n199 00 Praha 9, Beranov\u00fdch 130<\/td>\n            <td><br \/><span\n                    class=\"\">17.2.2030<\/span><\/td>\n            <td>A<\/td>\n        <\/tr>\n        <\/table>\n\n<br \/>Rozsah nedestruktivn\u00edho zkou\u0161en\u00ed:<br \/>\nA\/ podrobn\u00e1 kontrola svar\u016f kolejnic podle p\u0159edpisu S\u017d S3\/4 radiografickou metodou<br \/>\nB\/ nedestruktivn\u00ed zkou\u0161en\u00ed v\u00fdhybkov\u00fdch srdcovek odl\u00e9van\u00fdch z manganov\u00e9 oceli radiografickou metodou<br \/>\n\n\n<br \/> Posledn\u00ed aktualizace: 17.3.2026<hr>\n\n    <\/div>\n    \n","protected":false},"excerpt":{"rendered":"<p>\u00a0<\/p>\n","protected":false},"author":1,"featured_media":0,"parent":584,"menu_order":0,"comment_status":"closed","ping_status":"closed","template":"","meta":{"ngg_post_thumbnail":0,"footnotes":""},"class_list":["post-4277","page","type-page","status-publish","hentry"],"_links":{"self":[{"href":"https:\/\/www.tudc.cz\/index.php\/wp-json\/wp\/v2\/pages\/4277","targetHints":{"allow":["GET"]}}],"collection":[{"href":"https:\/\/www.tudc.cz\/index.php\/wp-json\/wp\/v2\/pages"}],"about":[{"href":"https:\/\/www.tudc.cz\/index.php\/wp-json\/wp\/v2\/types\/page"}],"author":[{"embeddable":true,"href":"https:\/\/www.tudc.cz\/index.php\/wp-json\/wp\/v2\/users\/1"}],"replies":[{"embeddable":true,"href":"https:\/\/www.tudc.cz\/index.php\/wp-json\/wp\/v2\/comments?post=4277"}],"version-history":[{"count":1,"href":"https:\/\/www.tudc.cz\/index.php\/wp-json\/wp\/v2\/pages\/4277\/revisions"}],"predecessor-version":[{"id":4278,"href":"https:\/\/www.tudc.cz\/index.php\/wp-json\/wp\/v2\/pages\/4277\/revisions\/4278"}],"up":[{"embeddable":true,"href":"https:\/\/www.tudc.cz\/index.php\/wp-json\/wp\/v2\/pages\/584"}],"wp:attachment":[{"href":"https:\/\/www.tudc.cz\/index.php\/wp-json\/wp\/v2\/media?parent=4277"}],"curies":[{"name":"wp","href":"https:\/\/api.w.org\/{rel}","templated":true}]}}