{"id":4118,"date":"2023-05-26T11:19:05","date_gmt":"2023-05-26T09:19:05","guid":{"rendered":"https:\/\/www.tudc.cz\/?page_id=4118"},"modified":"2023-05-30T11:04:18","modified_gmt":"2023-05-30T09:04:18","slug":"mobilni-bts","status":"publish","type":"page","link":"https:\/\/www.tudc.cz\/index.php\/diagnosticke-prostredky\/mobilni-bts\/","title":{"rendered":"Mobiln\u00ed z\u00e1kladnov\u00e1 radiostanice"},"content":{"rendered":"\n<h1 class=\"wp-block-heading\">Mobiln\u00ed z\u00e1kladnov\u00e1 radiostanice<\/h1>\n\n\n\n<figure class=\"wp-block-image size-full\"><img loading=\"lazy\" decoding=\"async\" width=\"2560\" height=\"1424\" src=\"https:\/\/www.tudc.cz\/wp-content\/uploads\/2023\/05\/20230131_090119-2-scaled.jpg\" alt=\"\" class=\"wp-image-4132\" srcset=\"https:\/\/www.tudc.cz\/wp-content\/uploads\/2023\/05\/20230131_090119-2-scaled.jpg 2560w, https:\/\/www.tudc.cz\/wp-content\/uploads\/2023\/05\/20230131_090119-2-300x167.jpg 300w, https:\/\/www.tudc.cz\/wp-content\/uploads\/2023\/05\/20230131_090119-2-1024x569.jpg 1024w, https:\/\/www.tudc.cz\/wp-content\/uploads\/2023\/05\/20230131_090119-2-768x427.jpg 768w, https:\/\/www.tudc.cz\/wp-content\/uploads\/2023\/05\/20230131_090119-2-1536x854.jpg 1536w, https:\/\/www.tudc.cz\/wp-content\/uploads\/2023\/05\/20230131_090119-2-2048x1139.jpg 2048w\" sizes=\"auto, (max-width: 2560px) 100vw, 2560px\" \/><\/figure>\n\n\n\n<p>Mobiln\u00ed z\u00e1kladnov\u00e1 radiostanice (Mobiln\u00ed BTS) je mobiln\u00ed vys\u00edlac\u00ed bod s vybaven\u00edm ve\u0161kerou pot\u0159ebnou vys\u00edlac\u00ed a monitorovac\u00ed r\u00e1diovou technologi\u00ed, teleskopick\u00fdm sto\u017e\u00e1rem o v\u00fd\u0161ce 30 m, ant\u00e9nn\u00edm a stabiliza\u010dn\u00edm syst\u00e9mem integrovan\u00fdm v\u010detn\u011b v\u0161ech dal\u0161\u00edch podp\u016frn\u00fdch syst\u00e9m\u016f na nosi\u010di, kter\u00fdm je n\u00e1kladn\u00ed vozidlo.<br><\/p>\n\n\n\n<div class=\"wp-block-columns is-layout-flex wp-container-core-columns-is-layout-9d6595d7 wp-block-columns-is-layout-flex\">\n<div class=\"wp-block-column is-layout-flow wp-block-column-is-layout-flow\">\n<figure class=\"wp-block-image size-large\"><img loading=\"lazy\" decoding=\"async\" width=\"652\" height=\"1024\" src=\"https:\/\/www.tudc.cz\/wp-content\/uploads\/2023\/05\/20230117_111203-652x1024.jpg\" alt=\"\" class=\"wp-image-4121\" srcset=\"https:\/\/www.tudc.cz\/wp-content\/uploads\/2023\/05\/20230117_111203-652x1024.jpg 652w, https:\/\/www.tudc.cz\/wp-content\/uploads\/2023\/05\/20230117_111203-191x300.jpg 191w, https:\/\/www.tudc.cz\/wp-content\/uploads\/2023\/05\/20230117_111203-768x1206.jpg 768w, https:\/\/www.tudc.cz\/wp-content\/uploads\/2023\/05\/20230117_111203-978x1536.jpg 978w, https:\/\/www.tudc.cz\/wp-content\/uploads\/2023\/05\/20230117_111203-1304x2048.jpg 1304w, https:\/\/www.tudc.cz\/wp-content\/uploads\/2023\/05\/20230117_111203-scaled.jpg 1630w\" sizes=\"auto, (max-width: 652px) 100vw, 652px\" \/><\/figure>\n<\/div>\n\n\n\n<div class=\"wp-block-column is-layout-flow wp-block-column-is-layout-flow\">\n<p>Konstrukce n\u00e1kladn\u00edho vozidla umo\u017e\u0148ije rychl\u00fd p\u0159esun vozidla po pozemn\u00edch komunikac\u00edch s mo\u017enost\u00ed pohybu po nezpevn\u011bn\u00fdch cest\u00e1ch a v m\u00edrn\u00e9m ter\u00e9nu tak, aby mobiln\u00ed BTS byla schopn\u00e1 bezprobl\u00e9mov\u011b a rychle dos\u00e1hnout po\u017eadovan\u00e9 lokality pro vys\u00edl\u00e1n\u00ed. V lokalit\u011b pro vys\u00edl\u00e1n\u00ed je mo\u017en\u00e9 v kr\u00e1tk\u00e9m \u010dase rozpatkovat, vzty\u010dit ant\u00e9nn\u00ed sto\u017e\u00e1r a z takto p\u0159edem ur\u010den\u00e9ho vys\u00edlac\u00edho bodu zajistit r\u00e1diov\u00e9 pokryt\u00ed z\u00e1jmov\u00e9ho \u00fazem\u00ed u\u017eite\u010dn\u00fdm sign\u00e1lem dr\u00e1\u017en\u00edch r\u00e1diov\u00fdch syst\u00e9m\u016f, nebo jeho \u201eradiomonitoring\u201c.<\/p>\n\n\n\n<p>Mobiln\u00ed BTS umo\u017e\u0148uje plnohodnotn\u011b nahradit jak\u00fdkoliv stacion\u00e1rn\u00ed vys\u00edla\u010d a p\u0159edstavuje prost\u0159edek pro \u0159e\u0161en\u00ed provozn\u00edch i havarijn\u00edch situac\u00ed a stav\u016f jak\u00fdmi jsou:<\/p>\n\n\n\n<ul class=\"wp-block-list\">\n<li>n\u00e1hrada provozovan\u00e9 BTS v p\u0159\u00edpad\u011b jej\u00ed dlouhodob\u00e9 nedostupnosti,<\/li>\n\n\n\n<li>\u0159e\u0161en\u00ed lok\u00e1ln\u00edho probl\u00e9mu s pokryt\u00edm, nebo lok\u00e1ln\u00ed zv\u00fd\u0161en\u00ed kapacity,<\/li>\n\n\n\n<li>podpora pro r\u00e1diov\u00e9 pl\u00e1nov\u00e1n\u00ed a optimalizace r\u00e1diov\u00e9ho rozhran\u00ed,<\/li>\n\n\n\n<li>p\u0159edprojektov\u00e9 m\u011b\u0159en\u00ed p\u0159i pokryt\u00ed r\u00e1diov\u00fdm sign\u00e1lem trati<\/li>\n\n\n\n<li>vyhled\u00e1v\u00e1n\u00ed zdroj\u016f ru\u0161en\u00ed a intermodulac\u00ed, \u201eradiomonitoring\u201c.<\/li>\n<\/ul>\n\n\n\n<p>Mobiln\u00ed BTS je vybavena syst\u00e9my pro pou\u017eit\u00ed na \u017eelezni\u010dn\u00ed doprav\u011b:<\/p>\n\n\n\n<ul class=\"wp-block-list\">\n<li>GSM-R<\/li>\n\n\n\n<li>TRS<\/li>\n\n\n\n<li>MRS\n<ul class=\"wp-block-list\">\n<li><\/li>\n<\/ul>\n<\/li>\n<\/ul>\n\n\n\n<figure class=\"wp-block-image size-large\"><img loading=\"lazy\" decoding=\"async\" width=\"1024\" height=\"713\" src=\"https:\/\/www.tudc.cz\/wp-content\/uploads\/2023\/05\/211031.35.0.00-1-1024x713.jpg\" alt=\"\" class=\"wp-image-4150\" srcset=\"https:\/\/www.tudc.cz\/wp-content\/uploads\/2023\/05\/211031.35.0.00-1-1024x713.jpg 1024w, https:\/\/www.tudc.cz\/wp-content\/uploads\/2023\/05\/211031.35.0.00-1-300x209.jpg 300w, https:\/\/www.tudc.cz\/wp-content\/uploads\/2023\/05\/211031.35.0.00-1-768x535.jpg 768w, https:\/\/www.tudc.cz\/wp-content\/uploads\/2023\/05\/211031.35.0.00-1-1536x1070.jpg 1536w, https:\/\/www.tudc.cz\/wp-content\/uploads\/2023\/05\/211031.35.0.00-1-2048x1427.jpg 2048w\" sizes=\"auto, (max-width: 1024px) 100vw, 1024px\" \/><\/figure>\n<\/div>\n<\/div>\n\n\n\n<h2 class=\"wp-block-heading\">Technick\u00e9 parametry<\/h2>\n\n\n\n<figure class=\"wp-block-table is-style-regular\"><table><tbody><tr><td>Po\u010det m\u00edst v&nbsp;kabin\u011b vozidla p\u0159i j\u00edzd\u011b po silnici<\/td><td>2 osoby<\/td><\/tr><tr><td>D\u00e9lka vozidla<\/td><td>8 m<\/td><\/tr><tr><td>\u0160\u00ed\u0159ka vozidla<\/td><td>2,5 m<\/td><\/tr><tr><td>V\u00fd\u0161ka vozidla<\/td><td>4 m<\/td><\/tr><tr><td>Celkov\u00e1 hmotnost vozidla<\/td><td>14 t<\/td><\/tr><tr><td>Maxim\u00e1ln\u00ed rychlost vozidla<\/td><td>90 km\/h<\/td><\/tr><tr><td>V\u00fd\u0161ka sto\u017e\u00e1ru<\/td><td>30 m<\/td><\/tr><tr><td>Mo\u017enost um\u00edst\u011bn\u00ed ve svahu<\/td><td>do 4%<\/td><\/tr><tr><td>Limit rychlosti v\u011btru p\u0159i instalovan\u00fdch ant\u00e9n\u00e1ch ve v\u00fd\u0161i 30 m<\/td><td>40 m\/s<\/td><\/tr><tr><td>Nez\u00e1visl\u00fd chod technologie ze zabudovan\u00fdch bateri\u00ed<\/td><td>min. 8 hodin      <\/td><\/tr><tr><td>Dal\u0161\u00ed zdroje nap\u00e1jen\u00ed<\/td><td>dieselagreg\u00e1t, <br>extern\u00ed zdroj 230 V<\/td><\/tr><\/tbody><\/table><\/figure>\n\n\n\n<p><\/p>\n","protected":false},"excerpt":{"rendered":"<p>Mobiln\u00ed z\u00e1kladnov\u00e1 radiostanice Mobiln\u00ed z\u00e1kladnov\u00e1 radiostanice (Mobiln\u00ed BTS) je mobiln\u00ed vys\u00edlac\u00ed bod s vybaven\u00edm ve\u0161kerou pot\u0159ebnou vys\u00edlac\u00ed a monitorovac\u00ed r\u00e1diovou technologi\u00ed, teleskopick\u00fdm sto\u017e\u00e1rem o v\u00fd\u0161ce 30 m, ant\u00e9nn\u00edm a stabiliza\u010dn\u00edm syst\u00e9mem integrovan\u00fdm v\u010detn\u011b v\u0161ech dal\u0161\u00edch podp\u016frn\u00fdch syst\u00e9m\u016f na nosi\u010di, kter\u00fdm je n\u00e1kladn\u00ed vozidlo. Konstrukce n\u00e1kladn\u00edho vozidla umo\u017e\u0148ije rychl\u00fd p\u0159esun vozidla po pozemn\u00edch komunikac\u00edch s mo\u017enost\u00ed [&hellip;]<\/p>\n","protected":false},"author":2,"featured_media":0,"parent":2072,"menu_order":0,"comment_status":"closed","ping_status":"closed","template":"","meta":{"ngg_post_thumbnail":0,"footnotes":""},"class_list":["post-4118","page","type-page","status-publish","hentry"],"_links":{"self":[{"href":"https:\/\/www.tudc.cz\/index.php\/wp-json\/wp\/v2\/pages\/4118","targetHints":{"allow":["GET"]}}],"collection":[{"href":"https:\/\/www.tudc.cz\/index.php\/wp-json\/wp\/v2\/pages"}],"about":[{"href":"https:\/\/www.tudc.cz\/index.php\/wp-json\/wp\/v2\/types\/page"}],"author":[{"embeddable":true,"href":"https:\/\/www.tudc.cz\/index.php\/wp-json\/wp\/v2\/users\/2"}],"replies":[{"embeddable":true,"href":"https:\/\/www.tudc.cz\/index.php\/wp-json\/wp\/v2\/comments?post=4118"}],"version-history":[{"count":19,"href":"https:\/\/www.tudc.cz\/index.php\/wp-json\/wp\/v2\/pages\/4118\/revisions"}],"predecessor-version":[{"id":4172,"href":"https:\/\/www.tudc.cz\/index.php\/wp-json\/wp\/v2\/pages\/4118\/revisions\/4172"}],"up":[{"embeddable":true,"href":"https:\/\/www.tudc.cz\/index.php\/wp-json\/wp\/v2\/pages\/2072"}],"wp:attachment":[{"href":"https:\/\/www.tudc.cz\/index.php\/wp-json\/wp\/v2\/media?parent=4118"}],"curies":[{"name":"wp","href":"https:\/\/api.w.org\/{rel}","templated":true}]}}