{"id":4007,"date":"2022-10-26T14:37:16","date_gmt":"2022-10-26T12:37:16","guid":{"rendered":"https:\/\/www.tudc.cz\/?page_id=4007"},"modified":"2023-05-26T14:23:33","modified_gmt":"2023-05-26T12:23:33","slug":"mij","status":"publish","type":"page","link":"https:\/\/www.tudc.cz\/index.php\/diagnosticke-prostredky\/mij\/","title":{"rendered":"MIJ \u2013 Mostn\u00ed inspek\u010dn\u00ed jednotka"},"content":{"rendered":"\n<h1 class=\"wp-block-heading\">MIJ \u2013 Mostn\u00ed inspek\u010dn\u00ed jednotka<\/h1>\n\n\n\n<figure class=\"wp-block-image size-large\"><img loading=\"lazy\" decoding=\"async\" width=\"1024\" height=\"576\" src=\"https:\/\/www.tudc.cz\/wp-content\/uploads\/2022\/10\/IMG_0373-1024x576.jpg\" alt=\"\" class=\"wp-image-4013\" srcset=\"https:\/\/www.tudc.cz\/wp-content\/uploads\/2022\/10\/IMG_0373-1024x576.jpg 1024w, https:\/\/www.tudc.cz\/wp-content\/uploads\/2022\/10\/IMG_0373-300x169.jpg 300w, https:\/\/www.tudc.cz\/wp-content\/uploads\/2022\/10\/IMG_0373-768x432.jpg 768w, https:\/\/www.tudc.cz\/wp-content\/uploads\/2022\/10\/IMG_0373-1536x864.jpg 1536w, https:\/\/www.tudc.cz\/wp-content\/uploads\/2022\/10\/IMG_0373.jpg 1849w\" sizes=\"auto, (max-width: 1024px) 100vw, 1024px\" \/><\/figure>\n\n\n\n<p>Mostn\u00ed inspek\u010dn\u00ed jednotka (MIJ) je speci\u00e1ln\u00ed dvoucestn\u00e9 vozidlo ur\u010den\u00e9 pro podporu podrobn\u00fdch prohl\u00eddek a expertn\u00ed \u010dinnost na mostn\u00edch objektech. Toto vozidlo usnad\u0148uje d\u00edky dvoucestn\u00e9mu proveden\u00ed ve spojen\u00ed se speci\u00e1ln\u00ed n\u00e1stavbou bezpe\u010dn\u00fd p\u0159\u00edstup k&nbsp;\u010d\u00e1stem mostn\u00edch objekt\u016f, kter\u00e9 dosud bylo mo\u017en\u00e9 zkontrolovat jen za velice obt\u00ed\u017en\u00fdch podm\u00ednek. Bezpe\u010dn\u00e9 prost\u0159ed\u00ed pracovn\u00edho ko\u0161e umo\u017e\u0148uje prov\u00e1d\u011bt na mostech podrobn\u00e1 m\u011b\u0159en\u00ed a speci\u00e1ln\u00ed diagnostiku s&nbsp;c\u00edlem objektivn\u00edho posouzen\u00ed stavu mostn\u00ed konstrukce. V&nbsp;pracovn\u00edm ko\u0161i jsou pro o\u010di\u0161t\u011bn\u00ed objektu a n\u00e1sledn\u00e9 pou\u017eit\u00ed ru\u010dn\u00edho n\u00e1\u0159ad\u00ed instalov\u00e1ny z\u00e1suvky 230 V a 380&nbsp;V, p\u0159\u00edpojky tlakov\u00e9 vody i tlakov\u00e9ho vzduchu.<\/p>\n\n\n\n<div class=\"wp-block-columns is-layout-flex wp-container-core-columns-is-layout-9d6595d7 wp-block-columns-is-layout-flex\">\n<div class=\"wp-block-column is-layout-flow wp-block-column-is-layout-flow\">\n<figure class=\"wp-block-image size-large\"><img loading=\"lazy\" decoding=\"async\" width=\"1024\" height=\"683\" src=\"https:\/\/www.tudc.cz\/wp-content\/uploads\/2022\/10\/IMG_2110-1024x683.jpg\" alt=\"\" class=\"wp-image-4012\" srcset=\"https:\/\/www.tudc.cz\/wp-content\/uploads\/2022\/10\/IMG_2110-1024x683.jpg 1024w, https:\/\/www.tudc.cz\/wp-content\/uploads\/2022\/10\/IMG_2110-300x200.jpg 300w, https:\/\/www.tudc.cz\/wp-content\/uploads\/2022\/10\/IMG_2110-768x512.jpg 768w, https:\/\/www.tudc.cz\/wp-content\/uploads\/2022\/10\/IMG_2110-1536x1024.jpg 1536w, https:\/\/www.tudc.cz\/wp-content\/uploads\/2022\/10\/IMG_2110.jpg 1920w\" sizes=\"auto, (max-width: 1024px) 100vw, 1024px\" \/><\/figure>\n<\/div>\n\n\n\n<div class=\"wp-block-column is-layout-flow wp-block-column-is-layout-flow\">\n<figure class=\"wp-block-image size-large\"><img loading=\"lazy\" decoding=\"async\" width=\"1024\" height=\"683\" src=\"https:\/\/www.tudc.cz\/wp-content\/uploads\/2022\/10\/IMG_0563-1024x683.jpg\" alt=\"\" class=\"wp-image-4014\" srcset=\"https:\/\/www.tudc.cz\/wp-content\/uploads\/2022\/10\/IMG_0563-1024x683.jpg 1024w, https:\/\/www.tudc.cz\/wp-content\/uploads\/2022\/10\/IMG_0563-300x200.jpg 300w, https:\/\/www.tudc.cz\/wp-content\/uploads\/2022\/10\/IMG_0563-768x512.jpg 768w, https:\/\/www.tudc.cz\/wp-content\/uploads\/2022\/10\/IMG_0563-1536x1024.jpg 1536w, https:\/\/www.tudc.cz\/wp-content\/uploads\/2022\/10\/IMG_0563.jpg 1920w\" sizes=\"auto, (max-width: 1024px) 100vw, 1024px\" \/><\/figure>\n<\/div>\n<\/div>\n\n\n\n<p>Mostn\u00ed inspek\u010dn\u00ed jednotka je ur\u010dena pro j\u00edzdu a pr\u00e1ce na pozemn\u00edch komunikac\u00edch i na dr\u00e1ze celost\u00e1tn\u00ed, drah\u00e1ch region\u00e1ln\u00edch a na vle\u010dk\u00e1ch. Z\u00e1kladn\u00edm vozidlem je n\u00e1kladn\u00ed automobil VOLVO FMX-460 8&#215;4 TAG \u2013 TRIDEM, kter\u00fd je vybaven dv\u011bma \u010dty\u0159kolov\u00fdmi kolejov\u00fdmi \u017eelezni\u010dn\u00edmi adapt\u00e9ry, um\u00edst\u011bn\u00fdmi za I. (p\u0159edn\u00ed) a IV. automobiln\u00ed n\u00e1pravou. P\u0159i j\u00edzd\u011b po koleji jsou v\u0161echny \u010dty\u0159i automobiln\u00ed n\u00e1pravy vozidla dr\u017eeny nad kolejnicemi areta\u010dn\u00edm za\u0159\u00edzen\u00edm. Provoz dvoucestn\u00e9ho vozidla po koleji zaji\u0161\u0165uj\u00ed hydromotory, kter\u00e9 jsou um\u00edst\u011bny na kolech zadn\u00edho kolejov\u00e9ho adapt\u00e9ru. K&nbsp;br\u017ed\u011bn\u00ed se vyu\u017e\u00edv\u00e1 hydrostatick\u00e9 a p\u0159\u00edpadn\u011b i p\u0159\u00edmo\u010dinn\u00e9 brzdy, p\u016fsob\u00edc\u00ed na v\u0161echna \u017eelezni\u010dn\u00ed kola.<\/p>\n\n\n\n<div class=\"wp-block-columns is-layout-flex wp-container-core-columns-is-layout-9d6595d7 wp-block-columns-is-layout-flex\">\n<div class=\"wp-block-column is-layout-flow wp-block-column-is-layout-flow\"><div class=\"wp-block-image\">\n<figure class=\"aligncenter size-full\"><img loading=\"lazy\" decoding=\"async\" width=\"589\" height=\"770\" src=\"https:\/\/www.tudc.cz\/wp-content\/uploads\/2022\/10\/Dosah-nad-mostem.png\" alt=\"\" class=\"wp-image-4005\" srcset=\"https:\/\/www.tudc.cz\/wp-content\/uploads\/2022\/10\/Dosah-nad-mostem.png 589w, https:\/\/www.tudc.cz\/wp-content\/uploads\/2022\/10\/Dosah-nad-mostem-229x300.png 229w\" sizes=\"auto, (max-width: 589px) 100vw, 589px\" \/><\/figure>\n<\/div><\/div>\n\n\n\n<div class=\"wp-block-column is-layout-flow wp-block-column-is-layout-flow\"><div class=\"wp-block-image\">\n<figure class=\"aligncenter size-large is-resized\"><img loading=\"lazy\" decoding=\"async\" src=\"https:\/\/www.tudc.cz\/wp-content\/uploads\/2022\/10\/20220623_120622-768x1024.jpg\" alt=\"\" class=\"wp-image-4011\" width=\"344\" height=\"459\" srcset=\"https:\/\/www.tudc.cz\/wp-content\/uploads\/2022\/10\/20220623_120622-768x1024.jpg 768w, https:\/\/www.tudc.cz\/wp-content\/uploads\/2022\/10\/20220623_120622-225x300.jpg 225w, https:\/\/www.tudc.cz\/wp-content\/uploads\/2022\/10\/20220623_120622-1152x1536.jpg 1152w, https:\/\/www.tudc.cz\/wp-content\/uploads\/2022\/10\/20220623_120622.jpg 1280w\" sizes=\"auto, (max-width: 344px) 100vw, 344px\" \/><\/figure>\n<\/div><\/div>\n<\/div>\n\n\n\n<p>Na vozidle je osazena n\u00e1stavba &#8211; mostn\u00ed inspek\u010dn\u00ed jednotka s&nbsp;pracovn\u00edm ko\u0161em typu AB 12 COMBI firmy BARIN S.r.l. N\u00e1stavba je uzp\u016fsobena pro dva re\u017eimy pr\u00e1ce, a to re\u017eim \u201eNad mostem\u201c, s&nbsp;dosahem pracovn\u00edho ko\u0161e a\u017e 16 m od nivelety koleje\/vozovky a re\u017eim \u201ePod mostem\u201c, s dosahem a\u017e 17 m pod niveletou koleje\/vozovky.<\/p>\n\n\n\n<div class=\"wp-block-columns is-layout-flex wp-container-core-columns-is-layout-9d6595d7 wp-block-columns-is-layout-flex\">\n<div class=\"wp-block-column is-layout-flow wp-block-column-is-layout-flow\"><div class=\"wp-block-image\">\n<figure class=\"aligncenter size-full is-resized\"><img loading=\"lazy\" decoding=\"async\" src=\"https:\/\/www.tudc.cz\/wp-content\/uploads\/2022\/10\/Dosah-pod-mostem.png\" alt=\"\" class=\"wp-image-4006\" width=\"312\" height=\"433\" srcset=\"https:\/\/www.tudc.cz\/wp-content\/uploads\/2022\/10\/Dosah-pod-mostem.png 554w, https:\/\/www.tudc.cz\/wp-content\/uploads\/2022\/10\/Dosah-pod-mostem-216x300.png 216w\" sizes=\"auto, (max-width: 312px) 100vw, 312px\" \/><\/figure>\n<\/div><\/div>\n\n\n\n<div class=\"wp-block-column is-layout-flow wp-block-column-is-layout-flow\"><div class=\"wp-block-image\">\n<figure class=\"aligncenter size-large\"><img loading=\"lazy\" decoding=\"async\" width=\"1024\" height=\"768\" src=\"https:\/\/www.tudc.cz\/wp-content\/uploads\/2022\/10\/IMG_1405-1024x768.jpg\" alt=\"\" class=\"wp-image-4010\" srcset=\"https:\/\/www.tudc.cz\/wp-content\/uploads\/2022\/10\/IMG_1405-1024x768.jpg 1024w, https:\/\/www.tudc.cz\/wp-content\/uploads\/2022\/10\/IMG_1405-300x225.jpg 300w, https:\/\/www.tudc.cz\/wp-content\/uploads\/2022\/10\/IMG_1405-768x576.jpg 768w, https:\/\/www.tudc.cz\/wp-content\/uploads\/2022\/10\/IMG_1405-1536x1152.jpg 1536w, https:\/\/www.tudc.cz\/wp-content\/uploads\/2022\/10\/IMG_1405.jpg 1707w\" sizes=\"auto, (max-width: 1024px) 100vw, 1024px\" \/><\/figure>\n<\/div><\/div>\n<\/div>\n\n\n\n<h2 class=\"wp-block-heading\">Z\u00e1kladn\u00ed technick\u00e9 \u00fadaje<\/h2>\n\n\n\n<figure class=\"wp-block-table is-style-regular\"><table><tbody><tr><td>Po\u010det m\u00edst v&nbsp;kabin\u011b vozidla p\u0159i j\u00edzd\u011b po silnici \/ \u017eeleznici<\/td><td>2 (1+1) \/ 5 (1+1+3)<\/td><\/tr><tr><td>D\u00e9lka vozidla p\u0159es n\u00e1razn\u00edky<\/td><td>11,99 m<\/td><\/tr><tr><td>Celkov\u00e1 hmotnost vozidla:<\/td><td>32 t<\/td><\/tr><tr><td>Rychlost vozidla na silnici:<\/td><td>80 km\/h<\/td><\/tr><tr><td>Polom\u011br ot\u00e1\u010den\u00ed na silnici:<\/td><td>9,40 m<\/td><\/tr><tr><td>Rychlost vozidla na \u017eeleznici p\u0159\u00ed j\u00edzd\u011b vp\u0159ed \/ vzad:<\/td><td>40 \/ 20 km\/h<\/td><\/tr><tr><td>Maxim\u00e1ln\u00ed polom\u011br\/p\u0159ev\u00fd\u0161en\u00ed\/pod\u00e9ln\u00fd sklon p\u0159i j\u00edzd\u011b na \u017eeleznici:<\/td><td>120 m \/ 150 mm \/ 40 \u2030<\/td><\/tr><tr><td>Rychlost vozidla p\u0159i mikropojezdu (na koleji i na silnici):<\/td><td>0 \u2013 2 km\/h<\/td><\/tr><tr><td>Maxim\u00e1ln\u00ed pod\u00e9ln\u00fd sklon pro pr\u00e1ci plo\u0161iny silnice\/\u017eeleznice:<\/td><td>5 % \/ 40 \u2030<\/td><\/tr><tr><td>Maxim\u00e1ln\u00ed p\u0159\u00ed\u010dn\u00e1 sklon pro pr\u00e1ci plo\u0161iny silnice\/\u017eeleznice:<\/td><td>5 % \/ p\u0159ev\u00fd\u0161en\u00ed kol. 50 mm<\/td><\/tr><\/tbody><\/table><\/figure>\n","protected":false},"excerpt":{"rendered":"<p>MIJ \u2013 Mostn\u00ed inspek\u010dn\u00ed jednotka Mostn\u00ed inspek\u010dn\u00ed jednotka (MIJ) je speci\u00e1ln\u00ed dvoucestn\u00e9 vozidlo ur\u010den\u00e9 pro podporu podrobn\u00fdch prohl\u00eddek a expertn\u00ed \u010dinnost na mostn\u00edch objektech. Toto vozidlo usnad\u0148uje d\u00edky dvoucestn\u00e9mu proveden\u00ed ve spojen\u00ed se speci\u00e1ln\u00ed n\u00e1stavbou bezpe\u010dn\u00fd p\u0159\u00edstup k&nbsp;\u010d\u00e1stem mostn\u00edch objekt\u016f, kter\u00e9 dosud bylo mo\u017en\u00e9 zkontrolovat jen za velice obt\u00ed\u017en\u00fdch podm\u00ednek. Bezpe\u010dn\u00e9 prost\u0159ed\u00ed pracovn\u00edho ko\u0161e umo\u017e\u0148uje [&hellip;]<\/p>\n","protected":false},"author":2,"featured_media":0,"parent":2072,"menu_order":0,"comment_status":"closed","ping_status":"closed","template":"","meta":{"ngg_post_thumbnail":0,"footnotes":""},"class_list":["post-4007","page","type-page","status-publish","hentry"],"_links":{"self":[{"href":"https:\/\/www.tudc.cz\/index.php\/wp-json\/wp\/v2\/pages\/4007","targetHints":{"allow":["GET"]}}],"collection":[{"href":"https:\/\/www.tudc.cz\/index.php\/wp-json\/wp\/v2\/pages"}],"about":[{"href":"https:\/\/www.tudc.cz\/index.php\/wp-json\/wp\/v2\/types\/page"}],"author":[{"embeddable":true,"href":"https:\/\/www.tudc.cz\/index.php\/wp-json\/wp\/v2\/users\/2"}],"replies":[{"embeddable":true,"href":"https:\/\/www.tudc.cz\/index.php\/wp-json\/wp\/v2\/comments?post=4007"}],"version-history":[{"count":4,"href":"https:\/\/www.tudc.cz\/index.php\/wp-json\/wp\/v2\/pages\/4007\/revisions"}],"predecessor-version":[{"id":4167,"href":"https:\/\/www.tudc.cz\/index.php\/wp-json\/wp\/v2\/pages\/4007\/revisions\/4167"}],"up":[{"embeddable":true,"href":"https:\/\/www.tudc.cz\/index.php\/wp-json\/wp\/v2\/pages\/2072"}],"wp:attachment":[{"href":"https:\/\/www.tudc.cz\/index.php\/wp-json\/wp\/v2\/media?parent=4007"}],"curies":[{"name":"wp","href":"https:\/\/api.w.org\/{rel}","templated":true}]}}