{"id":3950,"date":"2022-05-30T12:55:31","date_gmt":"2022-05-30T10:55:31","guid":{"rendered":"https:\/\/www.tudc.cz\/?page_id=3950"},"modified":"2023-05-26T14:25:15","modified_gmt":"2023-05-26T12:25:15","slug":"rucni-vozik-gpr","status":"publish","type":"page","link":"https:\/\/www.tudc.cz\/index.php\/diagnosticke-prostredky\/rucni-vozik-gpr\/","title":{"rendered":"Ru\u010dn\u00ed voz\u00edk GPR"},"content":{"rendered":"\n<h1 class=\"wp-block-heading\">Ru\u010dn\u00ed voz\u00edk GPR<\/h1>\n\n\n\n<p>M\u011b\u0159ic\u00ed voz\u00edk pro lok\u00e1ln\u00ed diagnostiku t\u011blesa \u017eelezni\u010dn\u00edho spodku s vyu\u017eit\u00edm georadarov\u00e9 metody.<\/p>\n\n\n\n<figure class=\"wp-block-image size-large\"><img loading=\"lazy\" decoding=\"async\" width=\"1920\" height=\"1200\" src=\"https:\/\/www.tudc.cz\/wp-content\/uploads\/2022\/05\/Rucni-vozik-GPR-edited.jpg\" alt=\"\" class=\"wp-image-3960\" srcset=\"https:\/\/www.tudc.cz\/wp-content\/uploads\/2022\/05\/Rucni-vozik-GPR-edited.jpg 1920w, https:\/\/www.tudc.cz\/wp-content\/uploads\/2022\/05\/Rucni-vozik-GPR-edited-300x188.jpg 300w, https:\/\/www.tudc.cz\/wp-content\/uploads\/2022\/05\/Rucni-vozik-GPR-edited-1024x640.jpg 1024w, https:\/\/www.tudc.cz\/wp-content\/uploads\/2022\/05\/Rucni-vozik-GPR-edited-768x480.jpg 768w, https:\/\/www.tudc.cz\/wp-content\/uploads\/2022\/05\/Rucni-vozik-GPR-edited-1536x960.jpg 1536w\" sizes=\"auto, (max-width: 1920px) 100vw, 1920px\" \/><\/figure>\n\n\n\n<h2 class=\"wp-block-heading\"><strong>Princip metody<\/strong><\/h2>\n\n\n\n<p>Princip t\u00e9to metody spo\u010d\u00edv\u00e1 ve vys\u00edl\u00e1n\u00ed a n\u00e1sledn\u00e9m p\u0159ij\u00edm\u00e1n\u00ed odra\u017een\u00fdch radarov\u00fdch vln od fyzik\u00e1ln\u00edch rozhran\u00ed, ta tvo\u0159\u00ed nap\u0159. geologick\u00e1 rozhran\u00ed, hladina podzemn\u00ed vody, podzemn\u00ed dutiny atd. Hloubkov\u00fd dosah m\u011b\u0159en\u00ed je z\u00e1visl\u00fd na frekvenci pou\u017eit\u00e9 ant\u00e9ny a na slo\u017een\u00ed a stavu t\u011blesa \u017eelezni\u010dn\u00edho spodku (dosah v rozmez\u00ed 0,7 \u2013 6,0 m).&nbsp;<\/p>\n\n\n\n<figure class=\"wp-block-image size-large\"><img loading=\"lazy\" decoding=\"async\" width=\"1024\" height=\"513\" src=\"https:\/\/www.tudc.cz\/wp-content\/uploads\/2022\/05\/Rucni-vozik-GPR-3-1024x513.png\" alt=\"\" class=\"wp-image-3954\" srcset=\"https:\/\/www.tudc.cz\/wp-content\/uploads\/2022\/05\/Rucni-vozik-GPR-3-1024x513.png 1024w, https:\/\/www.tudc.cz\/wp-content\/uploads\/2022\/05\/Rucni-vozik-GPR-3-300x150.png 300w, https:\/\/www.tudc.cz\/wp-content\/uploads\/2022\/05\/Rucni-vozik-GPR-3-768x385.png 768w, https:\/\/www.tudc.cz\/wp-content\/uploads\/2022\/05\/Rucni-vozik-GPR-3.png 1274w\" sizes=\"auto, (max-width: 1024px) 100vw, 1024px\" \/><\/figure>\n\n\n\n<p>Um\u00edst\u011bn\u00edm georadarov\u00e9 soupravy na ru\u010dn\u00ed voz\u00edk je zaji\u0161t\u011bna detailn\u011bj\u0161\u00ed diagnostika t\u011blesa \u017eelezni\u010dn\u00edho spodku, zvy\u0161uje se flexibilita a operabilita m\u011b\u0159en\u00ed a doch\u00e1z\u00ed ke sn\u00ed\u017een\u00ed n\u00e1klad\u016f na m\u011b\u0159en\u00ed kr\u00e1tk\u00fdch \u00fasek\u016f. Tak\u00e9 je umo\u017en\u011bno m\u011b\u0159en\u00ed profil\u016f za hlavami pra\u017ec\u016f.<\/p>\n\n\n\n<figure class=\"wp-block-image size-large\"><img loading=\"lazy\" decoding=\"async\" width=\"1024\" height=\"539\" src=\"https:\/\/www.tudc.cz\/wp-content\/uploads\/2022\/05\/Rucni-vozik-GPR-radarogram-1024x539.png\" alt=\"\" class=\"wp-image-3955\" srcset=\"https:\/\/www.tudc.cz\/wp-content\/uploads\/2022\/05\/Rucni-vozik-GPR-radarogram-1024x539.png 1024w, https:\/\/www.tudc.cz\/wp-content\/uploads\/2022\/05\/Rucni-vozik-GPR-radarogram-300x158.png 300w, https:\/\/www.tudc.cz\/wp-content\/uploads\/2022\/05\/Rucni-vozik-GPR-radarogram-768x404.png 768w, https:\/\/www.tudc.cz\/wp-content\/uploads\/2022\/05\/Rucni-vozik-GPR-radarogram.png 1462w\" sizes=\"auto, (max-width: 1024px) 100vw, 1024px\" \/><\/figure>\n\n\n\n<h2 class=\"wp-block-heading\"><strong>Georadarov\u00e1 metoda umo\u017e\u0148uje ur\u010dit<\/strong><\/h2>\n\n\n\n<ul class=\"wp-block-list\">\n<li>kontinu\u00e1ln\u00ed pr\u016fb\u011bh pl\u00e1n\u011b t\u011blesa \u017eelezni\u010dn\u00edho spodku<\/li>\n\n\n\n<li>kontinu\u00e1ln\u00ed pr\u016fb\u011bh zemn\u00ed pl\u00e1n\u011b<\/li>\n\n\n\n<li>kontinu\u00e1ln\u00ed tlou\u0161\u0165ku konstruk\u010dn\u00ed vrstvy<\/li>\n\n\n\n<li>kontinu\u00e1ln\u00ed tlou\u0161\u0165ku podkladn\u00ed vrstvy<\/li>\n\n\n\n<li>probl\u00e9mov\u00e1 m\u00edsta v t\u011blese \u017eelezni\u010dn\u00edho spodku s vysokou p\u0159esnost\u00ed d\u00edky kroku vzorkov\u00e1n\u00ed po 1 cm<\/li>\n\n\n\n<li>vhodn\u00e1 m\u00edsta pro um\u00edst\u011bn\u00ed sond geotechnick\u00fdch zkou\u0161ek<\/li>\n\n\n\n<li>velikost sed\u00e1n\u00ed vrstev v t\u011blese \u017eelezni\u010dn\u00edho spodku<\/li>\n\n\n\n<li>\u017eelezobetonov\u00e9 objekt<\/li>\n<\/ul>\n\n\n\n<h2 class=\"wp-block-heading\"><strong>Z\u00e1kladn\u00ed parametry voz\u00edku<\/strong><\/h2>\n\n\n\n<figure class=\"wp-block-table is-style-regular\"><table><tbody><tr><td>hmotnost voz\u00edku bez osazen\u00ed m\u011b\u0159ic\u00ed technikou<\/td><td>70 kg<\/td><\/tr><tr><td>hmotnost voz\u00edku p\u0159i pln\u00e9m osazen\u00ed<\/td><td>100 kg<\/td><\/tr><tr><td>krok vzorkov\u00e1n\u00ed<\/td><td>a\u017e 1 cm<\/td><\/tr><tr><td>max. rychlost m\u011b\u0159en\u00ed (p\u0159i ta\u017een\u00ed za MUV)<\/td><td>20 kmh<sup>-1<\/sup><\/td><\/tr><tr><td>frekvence m\u011b\u0159ic\u00edch ant\u00e9n<\/td><td>270, 400, 1000 a 2000 MHz a\u017e do hloubky 5 m<\/td><\/tr><tr><td>geometrie m\u011b\u0159en\u00ed<\/td><td>v ose koleje, za hlavami pra\u017ec\u016f<\/td><\/tr><tr><td>po\u010det kan\u00e1l\u016f<\/td><td>4<\/td><\/tr><\/tbody><\/table><\/figure>\n\n\n\n<figure class=\"wp-block-image size-large\"><img loading=\"lazy\" decoding=\"async\" width=\"1024\" height=\"576\" src=\"https:\/\/www.tudc.cz\/wp-content\/uploads\/2022\/05\/Rucni-vozik-GPR-1-1024x576.jpg\" alt=\"\" class=\"wp-image-3953\" srcset=\"https:\/\/www.tudc.cz\/wp-content\/uploads\/2022\/05\/Rucni-vozik-GPR-1-1024x576.jpg 1024w, https:\/\/www.tudc.cz\/wp-content\/uploads\/2022\/05\/Rucni-vozik-GPR-1-300x169.jpg 300w, https:\/\/www.tudc.cz\/wp-content\/uploads\/2022\/05\/Rucni-vozik-GPR-1-768x432.jpg 768w, https:\/\/www.tudc.cz\/wp-content\/uploads\/2022\/05\/Rucni-vozik-GPR-1-1536x864.jpg 1536w, https:\/\/www.tudc.cz\/wp-content\/uploads\/2022\/05\/Rucni-vozik-GPR-1.jpg 2048w\" sizes=\"auto, (max-width: 1024px) 100vw, 1024px\" \/><\/figure>\n\n\n\n<figure class=\"wp-block-image size-large\"><img loading=\"lazy\" decoding=\"async\" width=\"1024\" height=\"576\" src=\"https:\/\/www.tudc.cz\/wp-content\/uploads\/2022\/05\/Rucni-vozik-GPR-2-1024x576.jpg\" alt=\"\" class=\"wp-image-3952\" srcset=\"https:\/\/www.tudc.cz\/wp-content\/uploads\/2022\/05\/Rucni-vozik-GPR-2-1024x576.jpg 1024w, https:\/\/www.tudc.cz\/wp-content\/uploads\/2022\/05\/Rucni-vozik-GPR-2-300x169.jpg 300w, https:\/\/www.tudc.cz\/wp-content\/uploads\/2022\/05\/Rucni-vozik-GPR-2-768x432.jpg 768w, https:\/\/www.tudc.cz\/wp-content\/uploads\/2022\/05\/Rucni-vozik-GPR-2-1536x864.jpg 1536w, https:\/\/www.tudc.cz\/wp-content\/uploads\/2022\/05\/Rucni-vozik-GPR-2.jpg 2048w\" sizes=\"auto, (max-width: 1024px) 100vw, 1024px\" \/><\/figure>\n","protected":false},"excerpt":{"rendered":"<p>Ru\u010dn\u00ed voz\u00edk GPR M\u011b\u0159ic\u00ed voz\u00edk pro lok\u00e1ln\u00ed diagnostiku t\u011blesa \u017eelezni\u010dn\u00edho spodku s vyu\u017eit\u00edm georadarov\u00e9 metody. Princip metody Princip t\u00e9to metody spo\u010d\u00edv\u00e1 ve vys\u00edl\u00e1n\u00ed a n\u00e1sledn\u00e9m p\u0159ij\u00edm\u00e1n\u00ed odra\u017een\u00fdch radarov\u00fdch vln od fyzik\u00e1ln\u00edch rozhran\u00ed, ta tvo\u0159\u00ed nap\u0159. geologick\u00e1 rozhran\u00ed, hladina podzemn\u00ed vody, podzemn\u00ed dutiny atd. Hloubkov\u00fd dosah m\u011b\u0159en\u00ed je z\u00e1visl\u00fd na frekvenci pou\u017eit\u00e9 ant\u00e9ny a na slo\u017een\u00ed [&hellip;]<\/p>\n","protected":false},"author":2,"featured_media":0,"parent":2072,"menu_order":0,"comment_status":"closed","ping_status":"closed","template":"","meta":{"ngg_post_thumbnail":0,"footnotes":""},"class_list":["post-3950","page","type-page","status-publish","hentry"],"_links":{"self":[{"href":"https:\/\/www.tudc.cz\/index.php\/wp-json\/wp\/v2\/pages\/3950","targetHints":{"allow":["GET"]}}],"collection":[{"href":"https:\/\/www.tudc.cz\/index.php\/wp-json\/wp\/v2\/pages"}],"about":[{"href":"https:\/\/www.tudc.cz\/index.php\/wp-json\/wp\/v2\/types\/page"}],"author":[{"embeddable":true,"href":"https:\/\/www.tudc.cz\/index.php\/wp-json\/wp\/v2\/users\/2"}],"replies":[{"embeddable":true,"href":"https:\/\/www.tudc.cz\/index.php\/wp-json\/wp\/v2\/comments?post=3950"}],"version-history":[{"count":3,"href":"https:\/\/www.tudc.cz\/index.php\/wp-json\/wp\/v2\/pages\/3950\/revisions"}],"predecessor-version":[{"id":4170,"href":"https:\/\/www.tudc.cz\/index.php\/wp-json\/wp\/v2\/pages\/3950\/revisions\/4170"}],"up":[{"embeddable":true,"href":"https:\/\/www.tudc.cz\/index.php\/wp-json\/wp\/v2\/pages\/2072"}],"wp:attachment":[{"href":"https:\/\/www.tudc.cz\/index.php\/wp-json\/wp\/v2\/media?parent=3950"}],"curies":[{"name":"wp","href":"https:\/\/api.w.org\/{rel}","templated":true}]}}