{"id":3857,"date":"2022-05-23T10:39:42","date_gmt":"2022-05-23T08:39:42","guid":{"rendered":"https:\/\/www.tudc.cz\/?page_id=3857"},"modified":"2023-05-26T14:20:16","modified_gmt":"2023-05-26T12:20:16","slug":"em100-2","status":"publish","type":"page","link":"https:\/\/www.tudc.cz\/index.php\/diagnosticke-prostredky\/em100-2\/","title":{"rendered":"M\u011b\u0159ic\u00ed drez\u00edna EM100"},"content":{"rendered":"\n<h1 class=\"wp-block-heading\">M\u011b\u0159ic\u00ed drez\u00edna EM100<\/h1>\n\n\n\n<p>M\u011b\u0159ic\u00ed drez\u00edna pro \u017eelezni\u010dn\u00ed svr\u0161ek je ur\u010dena pro diagnostiku \u017eelezni\u010dn\u00edho svr\u0161ku na trat\u00edch region\u00e1ln\u00edch Spr\u00e1vy \u017eeleznic, st\u00e1tn\u00ed organizace.<\/p>\n\n\n\n<figure class=\"wp-block-image size-large\"><img loading=\"lazy\" decoding=\"async\" width=\"1024\" height=\"768\" src=\"https:\/\/www.tudc.cz\/wp-content\/uploads\/2022\/05\/EM100-1024x768.jpg\" alt=\"\" class=\"wp-image-3942\" srcset=\"https:\/\/www.tudc.cz\/wp-content\/uploads\/2022\/05\/EM100-1024x768.jpg 1024w, https:\/\/www.tudc.cz\/wp-content\/uploads\/2022\/05\/EM100-300x225.jpg 300w, https:\/\/www.tudc.cz\/wp-content\/uploads\/2022\/05\/EM100-768x576.jpg 768w, https:\/\/www.tudc.cz\/wp-content\/uploads\/2022\/05\/EM100-1536x1152.jpg 1536w, https:\/\/www.tudc.cz\/wp-content\/uploads\/2022\/05\/EM100.jpg 2000w\" sizes=\"auto, (max-width: 1024px) 100vw, 1024px\" \/><\/figure>\n\n\n\n<h2 class=\"wp-block-heading\">Technick\u00e1 specifikace vozidla<\/h2>\n\n\n\n<figure class=\"wp-block-table is-style-regular\"><table><tbody><tr><td>Ozna\u010den\u00ed vozidla<\/td><td>EM100<\/td><\/tr><tr><td>D\u00e9lka vozu<\/td><td>20,00 m<\/td><\/tr><tr><td>Hmotnost vozu<\/td><td>58, 00 t<\/td><\/tr><tr><td>Max. rychlost<\/td><td>100 kmh<sup>-1<\/sup><\/td><\/tr><\/tbody><\/table><\/figure>\n\n\n\n<h2 class=\"wp-block-heading\">M\u011b\u0159ic\u00ed technologie na vozidle<\/h2>\n\n\n\n<ul class=\"wp-block-list\">\n<li>M\u011b\u0159en\u00ed geometrick\u00fdch parametr\u016f koleje (GPK)<\/li>\n\n\n\n<li>M\u011b\u0159en\u00ed p\u0159\u00ed\u010dn\u00e9ho profilu kolejnic (ojet\u00ed kolejnic)<\/li>\n\n\n\n<li>Snimkov\u00e1n\u00ed trat\u00ed<\/li>\n<\/ul>\n\n\n\n<h2 class=\"wp-block-heading\">M\u011b\u0159ic\u00ed syst\u00e9my a lokalizace<\/h2>\n\n\n\n<p>M\u011b\u0159ic\u00ed drez\u00edna EM100 je vybavena jednotn\u00fdm lokaliza\u010dn\u00edm syst\u00e9mem Spr\u00e1va \u017eeleznic. Jedn\u00e1 se o synchroniza\u010dn\u00ed jednotku SU a o lokaliza\u010dn\u00ed syst\u00e9m MP Host. Oba syst\u00e9my spole\u010dn\u011b komunikuj\u00ed s&nbsp;hlavn\u00edmi m\u011b\u0159ic\u00edmi syst\u00e9my Plasser&amp;Theurer po s\u00edti LAN.&nbsp;<\/p>\n\n\n\n<p>Synchroniza\u010dn\u00ed jednotka SU je m\u011b\u0159ic\u00ed za\u0159\u00edzen\u00ed s&nbsp;p\u0159ipojen\u00fdm enkod\u00e9rem, kter\u00fd je instalov\u00e1n na lo\u017eiskov\u00e9m domku osy, a poskytuje v\u0161em m\u011b\u0159ic\u00edm syst\u00e9m\u016fm hardwarov\u00e9 dr\u00e1hov\u00e9 \u010dtvrtmetrov\u00e9 pulzy nebo p\u0159\u00edmo milimetrov\u00e9 pulzy.<\/p>\n\n\n\n<p>Lokaliza\u010dn\u00ed syst\u00e9m MP host je z\u00e1kladn\u00edm ovl\u00e1dac\u00edm pracovi\u0161t\u011bm diagnostick\u00fdch prost\u0159edk\u016f. Jedn\u00e1 se o multifunk\u010dn\u00ed za\u0159\u00edzen\u00ed nad\u0159\u00edzen\u00e9 v\u0161em p\u0159ipojen\u00fdm m\u011b\u0159ic\u00edm syst\u00e9m\u016fm, ze kter\u00e9ho se ovl\u00e1d\u00e1 spu\u0161t\u011bn\u00ed v\u0161ech m\u011b\u0159ic\u00edch syst\u00e9m\u016f. Dal\u0161\u00edmi p\u0159ipojen\u00fdmi za\u0159\u00edzen\u00edmi jsou sn\u00edma\u010de automaticky detekovan\u00fdch objekt\u016f na trati (p\u0159\u00eddr\u017enice, magnetick\u00e9 zna\u010dky), p\u0159ij\u00edma\u010d GNSS (Glob\u00e1ln\u00ed dru\u017eicov\u00fd polohov\u00fd syst\u00e9m) a tisk\u00e1rny pro p\u0159\u00edpadn\u00fd tisk v\u00fdstupn\u00edch sestav z&nbsp;m\u011b\u0159en\u00ed.<\/p>\n\n\n\n<figure class=\"wp-block-image size-large\"><img loading=\"lazy\" decoding=\"async\" width=\"1024\" height=\"619\" src=\"https:\/\/www.tudc.cz\/wp-content\/uploads\/2022\/05\/em100_stanoviste-1024x619.png\" alt=\"\" class=\"wp-image-3941\" srcset=\"https:\/\/www.tudc.cz\/wp-content\/uploads\/2022\/05\/em100_stanoviste-1024x619.png 1024w, https:\/\/www.tudc.cz\/wp-content\/uploads\/2022\/05\/em100_stanoviste-300x181.png 300w, https:\/\/www.tudc.cz\/wp-content\/uploads\/2022\/05\/em100_stanoviste-768x464.png 768w, https:\/\/www.tudc.cz\/wp-content\/uploads\/2022\/05\/em100_stanoviste.png 1183w\" sizes=\"auto, (max-width: 1024px) 100vw, 1024px\" \/><\/figure>\n\n\n\n<h2 class=\"wp-block-heading\">M\u011b\u0159ic\u00ed syst\u00e9m pro m\u011b\u0159en\u00ed geometrick\u00fdch parametr\u016f koleje<\/h2>\n\n\n\n<p>Bezkontaktn\u00ed inerci\u00e1ln\u00ed m\u011b\u0159ic\u00ed syst\u00e9m geometrick\u00fdch parametr\u016f koleje je zalo\u017een na inerci\u00e1ln\u00ed m\u011b\u0159ic\u00ed jednotce (IMU), dopln\u011bn\u00e9 informacemi GNSS. N\u00e1vaznost na kolejnici a sn\u00edm\u00e1n\u00ed p\u0159\u00ed\u010dn\u00e9ho profilu kolejnic zaji\u0161\u0165uj\u00ed 4 optick\u00e9 jednotky s lasery. Jedn\u00e1 se o hlavn\u00ed m\u011b\u0159ic\u00ed syst\u00e9m vozu. Hodnoty veli\u010diny GPK jsou sn\u00edm\u00e1ny v kroku 0,25 m do maxim\u00e1ln\u00ed rychlosti 100 km.h<sup>-1<\/sup>. Jednotliv\u00e9 nam\u011b\u0159en\u00e9 sign\u00e1ly jsou vyhodnocov\u00e1ny pr\u016fb\u011b\u017en\u011b b\u011bhem m\u011b\u0159en\u00ed ve \u010dty\u0159ech vlnov\u00fdch p\u00e1smech (D0, D1, D2 a celkov\u00fd sign\u00e1l) a spl\u0148uj\u00ed po\u017eadavky normy EN&nbsp;13848-2. B\u011bhem j\u00edzdy jsou z\u00e1rove\u0148 vyhodnocov\u00e1ny z\u00e1vady GPK a po\u010d\u00edt\u00e1ny zn\u00e1mky kvality jednotliv\u00fdch parametr\u016f GPK a celkov\u00e1 zn\u00e1mka kvality v&nbsp;souladu s&nbsp;normou&nbsp;\u010cSN 736360. Nam\u011b\u0159en\u00e1 a vyhodnocen\u00e1 data jsou odes\u00edl\u00e1na z&nbsp;vozu do vyhodnocovac\u00edho st\u0159ediska, kde jsou d\u00e1le zpracov\u00e1na a p\u0159ed\u00e1v\u00e1na do informa\u010dn\u00edch syst\u00e9m\u016f Spr\u00e1vy \u017eeleznic.<\/p>\n\n\n\n<div class=\"wp-block-columns is-layout-flex wp-container-core-columns-is-layout-9d6595d7 wp-block-columns-is-layout-flex\">\n<div class=\"wp-block-column is-layout-flow wp-block-column-is-layout-flow\">\n<figure class=\"wp-block-image size-large\"><img loading=\"lazy\" decoding=\"async\" width=\"1024\" height=\"610\" src=\"https:\/\/www.tudc.cz\/wp-content\/uploads\/2022\/05\/EM100_GPK-1024x610.jpg\" alt=\"\" class=\"wp-image-3936\" srcset=\"https:\/\/www.tudc.cz\/wp-content\/uploads\/2022\/05\/EM100_GPK-1024x610.jpg 1024w, https:\/\/www.tudc.cz\/wp-content\/uploads\/2022\/05\/EM100_GPK-300x179.jpg 300w, https:\/\/www.tudc.cz\/wp-content\/uploads\/2022\/05\/EM100_GPK-768x457.jpg 768w, https:\/\/www.tudc.cz\/wp-content\/uploads\/2022\/05\/EM100_GPK-1536x914.jpg 1536w, https:\/\/www.tudc.cz\/wp-content\/uploads\/2022\/05\/EM100_GPK.jpg 2048w\" sizes=\"auto, (max-width: 1024px) 100vw, 1024px\" \/><\/figure>\n<\/div>\n\n\n\n<div class=\"wp-block-column is-layout-flow wp-block-column-is-layout-flow\">\n<figure class=\"wp-block-image size-full is-resized\"><img loading=\"lazy\" decoding=\"async\" src=\"https:\/\/www.tudc.cz\/wp-content\/uploads\/2022\/05\/EM100_graf.png\" alt=\"\" class=\"wp-image-3939\" width=\"405\" height=\"282\" srcset=\"https:\/\/www.tudc.cz\/wp-content\/uploads\/2022\/05\/EM100_graf.png 891w, https:\/\/www.tudc.cz\/wp-content\/uploads\/2022\/05\/EM100_graf-300x209.png 300w, https:\/\/www.tudc.cz\/wp-content\/uploads\/2022\/05\/EM100_graf-768x536.png 768w\" sizes=\"auto, (max-width: 405px) 100vw, 405px\" \/><\/figure>\n<\/div>\n<\/div>\n\n\n\n<h2 class=\"wp-block-heading\">M\u011b\u0159ic\u00ed syst\u00e9m p\u0159\u00ed\u010dn\u00e9ho profilu kolejnic<\/h2>\n\n\n\n<p>Bezkontaktn\u00ed syst\u00e9m m\u011b\u0159en\u00ed p\u0159\u00ed\u010dn\u00e9ho profilu kolejnic se skl\u00e1d\u00e1 z&nbsp;prav\u00e9 a lev\u00e9 m\u011b\u0159ic\u00ed jednotky, kter\u00e1 je um\u00edst\u011bn\u00e1 nad p\u0159\u00edslu\u0161nou kolejnic\u00ed. Ka\u017ed\u00e1 jednotka obsahuje dva lasery, kter\u00e9 osv\u011btluj\u00ed profil kolejnice a dv\u011b kamery sn\u00edmaj\u00edc\u00ed polohu laserov\u00e9ho paprsku z&nbsp;obou stran kolejnice.<\/p>\n\n\n\n<p>Syst\u00e9m automaticky b\u011bhem j\u00edzdy vyhodnocuje tvar a \u00faklon kolejnice, jej\u00ed bo\u010dn\u00ed a svisl\u00e9 ojet\u00ed. Ve stejn\u00e9m okam\u017eiku se ukl\u00e1d\u00e1 laserem osv\u00edcen\u00fd p\u0159\u00ed\u010dn\u00fd \u0159ez kolejnice. M\u011b\u0159en\u00ed prob\u00edh\u00e1 v kroku 1 m do max. rychlosti 100 km.h<sup>-1<\/sup>. Vyhodnocen\u00e1 data jsou odes\u00edl\u00e1na do vyhodnocovac\u00edho st\u0159ediska, d\u00e1le zpracov\u00e1v\u00e1na a p\u0159ed\u00e1v\u00e1na do&nbsp;informa\u010dn\u00edch syst\u00e9m\u016f Spr\u00e1vy \u017eeleznic.<\/p>\n\n\n\n<div class=\"wp-block-columns is-layout-flex wp-container-core-columns-is-layout-9d6595d7 wp-block-columns-is-layout-flex\">\n<div class=\"wp-block-column is-layout-flow wp-block-column-is-layout-flow\">\n<figure class=\"wp-block-image size-full is-resized\"><img loading=\"lazy\" decoding=\"async\" src=\"https:\/\/www.tudc.cz\/wp-content\/uploads\/2022\/05\/jednotka_profil-1.png\" alt=\"\" class=\"wp-image-3938\" width=\"323\" height=\"209\" srcset=\"https:\/\/www.tudc.cz\/wp-content\/uploads\/2022\/05\/jednotka_profil-1.png 583w, https:\/\/www.tudc.cz\/wp-content\/uploads\/2022\/05\/jednotka_profil-1-300x195.png 300w\" sizes=\"auto, (max-width: 323px) 100vw, 323px\" \/><\/figure>\n<\/div>\n\n\n\n<div class=\"wp-block-column is-layout-flow wp-block-column-is-layout-flow\">\n<figure class=\"wp-block-image size-large\"><img loading=\"lazy\" decoding=\"async\" width=\"1024\" height=\"542\" src=\"https:\/\/www.tudc.cz\/wp-content\/uploads\/2022\/05\/EM100_pricny_profil-1024x542.png\" alt=\"\" class=\"wp-image-3940\" srcset=\"https:\/\/www.tudc.cz\/wp-content\/uploads\/2022\/05\/EM100_pricny_profil-1024x542.png 1024w, https:\/\/www.tudc.cz\/wp-content\/uploads\/2022\/05\/EM100_pricny_profil-300x159.png 300w, https:\/\/www.tudc.cz\/wp-content\/uploads\/2022\/05\/EM100_pricny_profil-768x407.png 768w, https:\/\/www.tudc.cz\/wp-content\/uploads\/2022\/05\/EM100_pricny_profil.png 1373w\" sizes=\"auto, (max-width: 1024px) 100vw, 1024px\" \/><\/figure>\n<\/div>\n<\/div>\n\n\n\n<h2 class=\"wp-block-heading\">Syst\u00e9m \u010deln\u00edho sn\u00edmkov\u00e1n\u00ed trat\u00ed<\/h2>\n\n\n\n<p>Syst\u00e9m sn\u00edmkov\u00e1n\u00ed koleje se skl\u00e1d\u00e1 z&nbsp;kamery s&nbsp;extr\u00e9mn\u00ed citlivost\u00ed, kter\u00e1 je um\u00edst\u011bn\u00e1 na \u010dele m\u011b\u0159ic\u00edho vozu. Sn\u00edmkov\u00e1n\u00ed se prov\u00e1d\u00ed v&nbsp;intervalu po 20 metrech.&nbsp; Sn\u00edmky jsou lokalizov\u00e1ny syst\u00e9mem m\u011b\u0159ic\u00edho vozu, ulo\u017eeny a odesl\u00e1ny do vyhodnocovac\u00edho st\u0159ediska. N\u00e1sledn\u011b jsou ukl\u00e1d\u00e1ny do informa\u010dn\u00edch syst\u00e9m\u016f Spr\u00e1vy \u017eeleznic.<\/p>\n\n\n\n<div class=\"wp-block-columns is-layout-flex wp-container-core-columns-is-layout-9d6595d7 wp-block-columns-is-layout-flex\">\n<div class=\"wp-block-column is-layout-flow wp-block-column-is-layout-flow\">\n<figure class=\"wp-block-image size-full\"><img loading=\"lazy\" decoding=\"async\" width=\"601\" height=\"354\" src=\"https:\/\/www.tudc.cz\/wp-content\/uploads\/2022\/05\/em100_kamera.png\" alt=\"\" class=\"wp-image-3978\" srcset=\"https:\/\/www.tudc.cz\/wp-content\/uploads\/2022\/05\/em100_kamera.png 601w, https:\/\/www.tudc.cz\/wp-content\/uploads\/2022\/05\/em100_kamera-300x177.png 300w\" sizes=\"auto, (max-width: 601px) 100vw, 601px\" \/><\/figure>\n<\/div>\n\n\n\n<div class=\"wp-block-column is-layout-flow wp-block-column-is-layout-flow\">\n<figure class=\"wp-block-image size-full\"><img loading=\"lazy\" decoding=\"async\" width=\"897\" height=\"521\" src=\"https:\/\/www.tudc.cz\/wp-content\/uploads\/2022\/05\/EM100_celnisnimek.png\" alt=\"\" class=\"wp-image-3937\" srcset=\"https:\/\/www.tudc.cz\/wp-content\/uploads\/2022\/05\/EM100_celnisnimek.png 897w, https:\/\/www.tudc.cz\/wp-content\/uploads\/2022\/05\/EM100_celnisnimek-300x174.png 300w, https:\/\/www.tudc.cz\/wp-content\/uploads\/2022\/05\/EM100_celnisnimek-768x446.png 768w\" sizes=\"auto, (max-width: 897px) 100vw, 897px\" \/><\/figure>\n<\/div>\n<\/div>\n","protected":false},"excerpt":{"rendered":"<p>M\u011b\u0159ic\u00ed drez\u00edna EM100 M\u011b\u0159ic\u00ed drez\u00edna pro \u017eelezni\u010dn\u00ed svr\u0161ek je ur\u010dena pro diagnostiku \u017eelezni\u010dn\u00edho svr\u0161ku na trat\u00edch region\u00e1ln\u00edch Spr\u00e1vy \u017eeleznic, st\u00e1tn\u00ed organizace. Technick\u00e1 specifikace vozidla Ozna\u010den\u00ed vozidla EM100 D\u00e9lka vozu 20,00 m Hmotnost vozu 58, 00 t Max. rychlost 100 kmh-1 M\u011b\u0159ic\u00ed technologie na vozidle M\u011b\u0159ic\u00ed syst\u00e9my a lokalizace M\u011b\u0159ic\u00ed drez\u00edna EM100 je vybavena jednotn\u00fdm lokaliza\u010dn\u00edm [&hellip;]<\/p>\n","protected":false},"author":2,"featured_media":0,"parent":2072,"menu_order":0,"comment_status":"closed","ping_status":"closed","template":"","meta":{"ngg_post_thumbnail":0,"footnotes":""},"class_list":["post-3857","page","type-page","status-publish","hentry"],"_links":{"self":[{"href":"https:\/\/www.tudc.cz\/index.php\/wp-json\/wp\/v2\/pages\/3857","targetHints":{"allow":["GET"]}}],"collection":[{"href":"https:\/\/www.tudc.cz\/index.php\/wp-json\/wp\/v2\/pages"}],"about":[{"href":"https:\/\/www.tudc.cz\/index.php\/wp-json\/wp\/v2\/types\/page"}],"author":[{"embeddable":true,"href":"https:\/\/www.tudc.cz\/index.php\/wp-json\/wp\/v2\/users\/2"}],"replies":[{"embeddable":true,"href":"https:\/\/www.tudc.cz\/index.php\/wp-json\/wp\/v2\/comments?post=3857"}],"version-history":[{"count":9,"href":"https:\/\/www.tudc.cz\/index.php\/wp-json\/wp\/v2\/pages\/3857\/revisions"}],"predecessor-version":[{"id":4160,"href":"https:\/\/www.tudc.cz\/index.php\/wp-json\/wp\/v2\/pages\/3857\/revisions\/4160"}],"up":[{"embeddable":true,"href":"https:\/\/www.tudc.cz\/index.php\/wp-json\/wp\/v2\/pages\/2072"}],"wp:attachment":[{"href":"https:\/\/www.tudc.cz\/index.php\/wp-json\/wp\/v2\/media?parent=3857"}],"curies":[{"name":"wp","href":"https:\/\/api.w.org\/{rel}","templated":true}]}}