{"id":3687,"date":"2021-09-10T09:37:02","date_gmt":"2021-09-10T07:37:02","guid":{"rendered":"https:\/\/www.tudc.cz\/?page_id=3687"},"modified":"2025-07-08T15:41:13","modified_gmt":"2025-07-08T13:41:13","slug":"certifikace-a-osvedceni","status":"publish","type":"page","link":"https:\/\/www.tudc.cz\/index.php\/o-nas\/certifikace-a-osvedceni\/","title":{"rendered":"Certifikace a osv\u011bd\u010den\u00ed"},"content":{"rendered":"\n<p>C\u00edlem CTD je poskytovat sv\u00fdm z\u00e1kazn\u00edk\u016fm a ostatn\u00edm zainteresovan\u00fdm stran\u00e1m slu\u017eby na vysok\u00e9 odborn\u00e9 \u00farovni a tyto slu\u017eby neust\u00e1le zlep\u0161ovat. Jako prost\u0159edek k\u00a0dosa\u017een\u00ed c\u00edle pou\u017e\u00edv\u00e1me integrovan\u00fd syst\u00e9m managementu kvality, kter\u00fd spl\u0148uje po\u017eadavky norem ISO 9001 (kvalita) a ISO 27001 (informa\u010dn\u00ed bezpe\u010dnost) Udr\u017eov\u00e1n\u00edm tohoto syst\u00e9mu prokazujeme svou schopnost trvale poskytovat slu\u017eby, kter\u00e9 spl\u0148uj\u00ed nejen po\u017eadavky z\u00e1kazn\u00edka, ale i po\u017eadavky z\u00e1kon\u016f a p\u0159edpis\u016f.<\/p>\n\n\n\n<p>D\u016fkazem na\u0161\u00ed snahy jsou obdr\u017een\u00e9 certifik\u00e1ty ISO 9001 syst\u00e9m managementu kvality a ISO 27001 syst\u00e9m managementu informa\u010dn\u00ed bezpe\u010dnosti v\u00a0oboru souvisej\u00edc\u00ed s\u00a0poskytov\u00e1n\u00edm slu\u017eeb Diagnostika a technick\u00fd servis, syst\u00e9mov\u00e1 infrastruktura, kter\u00e9 pravideln\u011b obnovujeme.<\/p>\n\n\n\n<p class=\"has-medium-font-size\"><strong>Jsme dr\u017eiteli certifik\u00e1t\u016f ISO 9001 a ISO 27001<\/strong><\/p>\n\n\n\n<div class=\"wp-block-columns is-layout-flex wp-container-core-columns-is-layout-9d6595d7 wp-block-columns-is-layout-flex\">\n<div class=\"wp-block-column is-layout-flow wp-block-column-is-layout-flow\" style=\"flex-basis:100%\">\n<div class=\"wp-block-group\"><div class=\"wp-block-group__inner-container is-layout-flow wp-block-group-is-layout-flow\">\n<div class=\"wp-block-columns are-vertically-aligned-center is-layout-flex wp-container-core-columns-is-layout-9d6595d7 wp-block-columns-is-layout-flex\">\n<div class=\"wp-block-column is-vertically-aligned-center is-layout-flow wp-block-column-is-layout-flow\" style=\"flex-basis:100%\">\n<figure class=\"wp-block-table alignleft\"><table><tbody><tr><td class=\"has-text-align-center\" data-align=\"center\"><a href=\"https:\/\/www.tudc.cz\/wp-content\/uploads\/2021\/09\/URS_ISO-9001_2013_CZ-1.pdf\" target=\"_blank\" rel=\"noreferrer noopener\"><img loading=\"lazy\" decoding=\"async\" width=\"150\" height=\"150\" class=\"wp-image-3692\" style=\"width: 150px;\" src=\"https:\/\/www.tudc.cz\/wp-content\/uploads\/2021\/09\/ISO-9001_URS-300x300-150x150-1.jpg\" alt=\"\"><\/a><\/td><td><div style=\"width: 150px\"><\/div><\/td><td class=\"has-text-align-center\" data-align=\"center\"><img loading=\"lazy\" decoding=\"async\" width=\"150\" height=\"150\" class=\"wp-image-3693\" style=\"width: 150px;\" src=\"https:\/\/www.tudc.cz\/wp-content\/uploads\/2021\/09\/ISO-27001_URS-300x300-150x150-1.jpg\" alt=\"\"><\/td><\/tr><tr><td class=\"has-text-align-center\" data-align=\"center\"><a href=\"https:\/\/www.tudc.cz\/wp-content\/uploads\/2024\/06\/Certifikat_ISO-9001_CZ_URS_L0_240611.pdf\" target=\"_blank\" rel=\"noreferrer noopener\"><strong>Certifik\u00e1t ISO 9001:2015-CZ<\/strong><\/a><\/td><td><\/td><td class=\"has-text-align-center\" data-align=\"center\"><strong><a href=\"https:\/\/www.tudc.cz\/wp-content\/uploads\/2025\/07\/Certifikat_ISO_27001_CZ_URS_L0_250628.pdf\">Certifik\u00e1t ISO 27001:2022-CZ<\/a><\/strong><\/td><\/tr><tr><td class=\"has-text-align-center\" data-align=\"center\"><a href=\"https:\/\/www.tudc.cz\/wp-content\/uploads\/2024\/06\/Certificate_ISO-9001_EN_URS_L0_240611.pdf\" target=\"_blank\" rel=\"noreferrer noopener\"><strong>Certifik\u00e1t ISO 9001:2015-EN<\/strong><\/a><\/td><td><\/td><td class=\"has-text-align-center\" data-align=\"center\"><strong><a href=\"https:\/\/www.tudc.cz\/wp-content\/uploads\/2025\/07\/Certificate_ISO_27001_EN_URS_L0_250628.pdf\">Certifik\u00e1t ISO 27001:2022-EN<\/a><\/strong><\/td><\/tr><\/tbody><\/table><\/figure>\n<\/div>\n<\/div>\n<\/div><\/div>\n<\/div>\n<\/div>\n\n\n\n<p><\/p>\n","protected":false},"excerpt":{"rendered":"<p>C\u00edlem CTD je poskytovat sv\u00fdm z\u00e1kazn\u00edk\u016fm a ostatn\u00edm zainteresovan\u00fdm stran\u00e1m slu\u017eby na vysok\u00e9 odborn\u00e9 \u00farovni a tyto slu\u017eby neust\u00e1le zlep\u0161ovat. Jako prost\u0159edek k\u00a0dosa\u017een\u00ed c\u00edle pou\u017e\u00edv\u00e1me integrovan\u00fd syst\u00e9m managementu kvality, kter\u00fd spl\u0148uje po\u017eadavky norem ISO 9001 (kvalita) a ISO 27001 (informa\u010dn\u00ed bezpe\u010dnost) Udr\u017eov\u00e1n\u00edm tohoto syst\u00e9mu prokazujeme svou schopnost trvale poskytovat slu\u017eby, kter\u00e9 spl\u0148uj\u00ed nejen po\u017eadavky z\u00e1kazn\u00edka, [&hellip;]<\/p>\n","protected":false},"author":16,"featured_media":0,"parent":10,"menu_order":0,"comment_status":"closed","ping_status":"closed","template":"","meta":{"ngg_post_thumbnail":0,"footnotes":""},"class_list":["post-3687","page","type-page","status-publish","hentry"],"_links":{"self":[{"href":"https:\/\/www.tudc.cz\/index.php\/wp-json\/wp\/v2\/pages\/3687","targetHints":{"allow":["GET"]}}],"collection":[{"href":"https:\/\/www.tudc.cz\/index.php\/wp-json\/wp\/v2\/pages"}],"about":[{"href":"https:\/\/www.tudc.cz\/index.php\/wp-json\/wp\/v2\/types\/page"}],"author":[{"embeddable":true,"href":"https:\/\/www.tudc.cz\/index.php\/wp-json\/wp\/v2\/users\/16"}],"replies":[{"embeddable":true,"href":"https:\/\/www.tudc.cz\/index.php\/wp-json\/wp\/v2\/comments?post=3687"}],"version-history":[{"count":36,"href":"https:\/\/www.tudc.cz\/index.php\/wp-json\/wp\/v2\/pages\/3687\/revisions"}],"predecessor-version":[{"id":4796,"href":"https:\/\/www.tudc.cz\/index.php\/wp-json\/wp\/v2\/pages\/3687\/revisions\/4796"}],"up":[{"embeddable":true,"href":"https:\/\/www.tudc.cz\/index.php\/wp-json\/wp\/v2\/pages\/10"}],"wp:attachment":[{"href":"https:\/\/www.tudc.cz\/index.php\/wp-json\/wp\/v2\/media?parent=3687"}],"curies":[{"name":"wp","href":"https:\/\/api.w.org\/{rel}","templated":true}]}}