{"id":3662,"date":"2021-09-01T10:36:36","date_gmt":"2021-09-01T08:36:36","guid":{"rendered":"https:\/\/www.tudc.cz\/?page_id=3662"},"modified":"2022-12-14T08:54:37","modified_gmt":"2022-12-14T07:54:37","slug":"specifikace-a-dokumentace-optickych-kabelu","status":"publish","type":"page","link":"https:\/\/www.tudc.cz\/index.php\/dokumenty\/specifikace-a-dokumentace-optickych-kabelu\/","title":{"rendered":"Specifikace a dokumentace optick\u00fdch kabel\u016f"},"content":{"rendered":"\n<ul class=\"wp-block-list\"><li><a href=\"https:\/\/www.tudc.cz\/wp-content\/uploads\/2022\/03\/SZ_TS_1L2022-SZ_Vydani_I_20220323.pdf\">S\u017d TS 1\/2022-SZ &#8211; Optick\u00e9 kabely a <\/a><a rel=\"noreferrer noopener\" href=\"https:\/\/www.tudc.cz\/wp-content\/uploads\/2022\/03\/SZ_TS_1L2022-SZ_Vydani_I_20220323.pdf\" target=\"_blank\">jejich <\/a><a href=\"https:\/\/www.tudc.cz\/wp-content\/uploads\/2022\/03\/SZ_TS_1L2022-SZ_Vydani_I_20220323.pdf\">p\u0159\u00edslu\u0161enstv\u00ed v p\u0159enosov\u00e9 s\u00edti st\u00e1tn\u00ed organizace Spr\u00e1va \u017eeleznic<\/a><\/li><li><a href=\"https:\/\/www.tudc.cz\/wp-content\/uploads\/2022\/12\/Prilohy-SZ-TS-1_2022-SZ.zip\" data-type=\"attachment\" data-id=\"4033\" target=\"_blank\" rel=\"noreferrer noopener\">P\u0159\u00edlohy k S\u017d TS 1\/2022-SZ<\/a><\/li><li><a href=\"https:\/\/www.tudc.cz\/index.php\/dokumenty\/specifikace-a-dokumentace-optickych-kabelu\/kabelova-kniha\/\" data-type=\"page\" data-id=\"621\">Kabelov\u00e1 kniha pl\u00e1n\u016f<\/a><\/li><li>Fotokatalog<\/li><\/ul>\n\n\n\n<p><\/p>\n","protected":false},"excerpt":{"rendered":"<p>S\u017d TS 1\/2022-SZ &#8211; Optick\u00e9 kabely a jejich p\u0159\u00edslu\u0161enstv\u00ed v p\u0159enosov\u00e9 s\u00edti st\u00e1tn\u00ed organizace Spr\u00e1va \u017eeleznic P\u0159\u00edlohy k S\u017d TS 1\/2022-SZ Kabelov\u00e1 kniha pl\u00e1n\u016f Fotokatalog<\/p>\n","protected":false},"author":1,"featured_media":0,"parent":20,"menu_order":0,"comment_status":"closed","ping_status":"closed","template":"","meta":{"ngg_post_thumbnail":0,"footnotes":""},"class_list":["post-3662","page","type-page","status-publish","hentry"],"_links":{"self":[{"href":"https:\/\/www.tudc.cz\/index.php\/wp-json\/wp\/v2\/pages\/3662","targetHints":{"allow":["GET"]}}],"collection":[{"href":"https:\/\/www.tudc.cz\/index.php\/wp-json\/wp\/v2\/pages"}],"about":[{"href":"https:\/\/www.tudc.cz\/index.php\/wp-json\/wp\/v2\/types\/page"}],"author":[{"embeddable":true,"href":"https:\/\/www.tudc.cz\/index.php\/wp-json\/wp\/v2\/users\/1"}],"replies":[{"embeddable":true,"href":"https:\/\/www.tudc.cz\/index.php\/wp-json\/wp\/v2\/comments?post=3662"}],"version-history":[{"count":6,"href":"https:\/\/www.tudc.cz\/index.php\/wp-json\/wp\/v2\/pages\/3662\/revisions"}],"predecessor-version":[{"id":4034,"href":"https:\/\/www.tudc.cz\/index.php\/wp-json\/wp\/v2\/pages\/3662\/revisions\/4034"}],"up":[{"embeddable":true,"href":"https:\/\/www.tudc.cz\/index.php\/wp-json\/wp\/v2\/pages\/20"}],"wp:attachment":[{"href":"https:\/\/www.tudc.cz\/index.php\/wp-json\/wp\/v2\/media?parent=3662"}],"curies":[{"name":"wp","href":"https:\/\/api.w.org\/{rel}","templated":true}]}}