{"id":3445,"date":"2020-08-19T10:16:51","date_gmt":"2020-08-19T08:16:51","guid":{"rendered":"https:\/\/www.tudc.cz\/?page_id=3445"},"modified":"2021-08-30T09:36:08","modified_gmt":"2021-08-30T07:36:08","slug":"geo-doc-kontakty","status":"publish","type":"page","link":"https:\/\/www.tudc.cz\/index.php\/dokumenty\/geo_doc\/geo-doc-kontakty\/","title":{"rendered":"Kontakty geodetick\u00e9 dokumentace"},"content":{"rendered":"\n<p><strong>Ovl\u00e1d\u00e1n\u00ed<\/strong>\u00a0str\u00e1nek je intuitivn\u00ed, p\u0159\u00edpadn\u00e9 dotazy na ovl\u00e1d\u00e1n\u00ed aplikace m\u016f\u017eete sm\u011b\u0159ovat na\u00a0<a href=\"mailto:Simsa@spravazeleznic.cz\">Simsa@spravazeleznic.cz<\/a>\u00a0. \u00a0N\u011bkolik tip\u016f na ovl\u00e1d\u00e1n\u00ed aplikace najdete v kapitole\u00a0<a href=\"https:\/\/www.tudc.cz\/index.php\/dokumenty\/geo_doc\/\">Popis aplikace<\/a>.<\/p>\n\n\n\n<p>V p\u0159\u00edpad\u011b, \u017ee vlastn\u00edte&nbsp;<strong>fotografii<\/strong>&nbsp;n\u011bjak\u00e9ho p\u0159edm\u011btu, kter\u00fd v datab\u00e1zi svoji podobu nyn\u00ed nem\u00e1, budeme r\u00e1di, kdy\u017e n\u00e1m ji za\u0161lete na adresu&nbsp;<a href=\"mailto:Hrabcova@spravazeleznic.cz\">Hrabcova@spravazeleznic.cz<\/a>.&nbsp;Fotografii za\u0159ad\u00edme a poskytneme ji tak i k pou\u017eit\u00ed i ostatn\u00edm u\u017eivatel\u016fm. Jen tak se m\u016f\u017ee fotogalerie st\u00e1t \u010dasem kompletn\u00ed a z\u00e1rove\u0148 aktu\u00e1ln\u00ed.<\/p>\n\n\n\n<p><strong>Kontakty<\/strong>&nbsp;na pracovn\u00edky z oblastn\u00edch pracovi\u0161\u0165 &nbsp;Spr\u00e1vy \u017eelezni\u010dn\u00ed geod\u00e9zie naleznete zde:&nbsp;<a href=\"https:\/\/www.spravazeleznic.cz\/szg\/pracoviste\">Pracovi\u0161t\u011b &#8211; www.spravazeleznic.cz<\/a><\/p>\n","protected":false},"excerpt":{"rendered":"<p>Ovl\u00e1d\u00e1n\u00ed\u00a0str\u00e1nek je intuitivn\u00ed, p\u0159\u00edpadn\u00e9 dotazy na ovl\u00e1d\u00e1n\u00ed aplikace m\u016f\u017eete sm\u011b\u0159ovat na\u00a0Simsa@spravazeleznic.cz\u00a0. \u00a0N\u011bkolik tip\u016f na ovl\u00e1d\u00e1n\u00ed aplikace najdete v kapitole\u00a0Popis aplikace. V p\u0159\u00edpad\u011b, \u017ee vlastn\u00edte&nbsp;fotografii&nbsp;n\u011bjak\u00e9ho p\u0159edm\u011btu, kter\u00fd v datab\u00e1zi svoji podobu nyn\u00ed nem\u00e1, budeme r\u00e1di, kdy\u017e n\u00e1m ji za\u0161lete na adresu&nbsp;Hrabcova@spravazeleznic.cz.&nbsp;Fotografii za\u0159ad\u00edme a poskytneme ji tak i k pou\u017eit\u00ed i ostatn\u00edm u\u017eivatel\u016fm. Jen tak se m\u016f\u017ee [&hellip;]<\/p>\n","protected":false},"author":1,"featured_media":0,"parent":2937,"menu_order":0,"comment_status":"closed","ping_status":"closed","template":"","meta":{"ngg_post_thumbnail":0,"footnotes":""},"class_list":["post-3445","page","type-page","status-publish","hentry"],"_links":{"self":[{"href":"https:\/\/www.tudc.cz\/index.php\/wp-json\/wp\/v2\/pages\/3445","targetHints":{"allow":["GET"]}}],"collection":[{"href":"https:\/\/www.tudc.cz\/index.php\/wp-json\/wp\/v2\/pages"}],"about":[{"href":"https:\/\/www.tudc.cz\/index.php\/wp-json\/wp\/v2\/types\/page"}],"author":[{"embeddable":true,"href":"https:\/\/www.tudc.cz\/index.php\/wp-json\/wp\/v2\/users\/1"}],"replies":[{"embeddable":true,"href":"https:\/\/www.tudc.cz\/index.php\/wp-json\/wp\/v2\/comments?post=3445"}],"version-history":[{"count":4,"href":"https:\/\/www.tudc.cz\/index.php\/wp-json\/wp\/v2\/pages\/3445\/revisions"}],"predecessor-version":[{"id":3661,"href":"https:\/\/www.tudc.cz\/index.php\/wp-json\/wp\/v2\/pages\/3445\/revisions\/3661"}],"up":[{"embeddable":true,"href":"https:\/\/www.tudc.cz\/index.php\/wp-json\/wp\/v2\/pages\/2937"}],"wp:attachment":[{"href":"https:\/\/www.tudc.cz\/index.php\/wp-json\/wp\/v2\/media?parent=3445"}],"curies":[{"name":"wp","href":"https:\/\/api.w.org\/{rel}","templated":true}]}}