{"id":3370,"date":"2020-05-22T14:08:31","date_gmt":"2020-05-22T12:08:31","guid":{"rendered":"https:\/\/www.tudc.cz\/?page_id=3370"},"modified":"2025-02-19T09:41:40","modified_gmt":"2025-02-19T08:41:40","slug":"seznam-kategorizovanych-vyhybek","status":"publish","type":"page","link":"https:\/\/www.tudc.cz\/index.php\/seznam-kategorizovanych-vyhybek\/","title":{"rendered":"Seznam kategorizovan\u00fdch v\u00fdhybek"},"content":{"rendered":"\n<p>\nV&nbsp;n\u00e1vaznosti na dopis NPS Spr\u00e1vy \u017eeleznic \u010d. j. 24955\/2020-S\u017d-G\u0158-O13 ze \ndne 16. dubna 2020 s&nbsp;n\u00e1zvem \u201eVyu\u017e\u00edv\u00e1n\u00ed vyz\u00edskan\u00fdch v\u00fdhybek tvar\u016f \n1:12-500 a \u0161t\u00edhlej\u0161\u00edch na betonov\u00fdch pra\u017ec\u00edch\u201c zve\u0159ej\u0148uje Centrum \ntelematiky a diagnostiky seznamy nab\u00edzen\u00fdch v\u00fdhybek pro \u00fa\u010dely projektov\u00e9\n p\u0159\u00edpravy staveb. Seznamy obsahuj\u00ed data z&nbsp;pasportu \u017eelezni\u010dn\u00edho svr\u0161ku, \nz&nbsp;IS PSST SORUT a aktu\u00e1ln\u00ed \u00fadaje O15 G\u0158 Spr\u00e1vy \u017eeleznic o dal\u0161\u00edm vyu\u017eit\u00ed\n v\u00fdhybek. Seznamy jsou aktualizov\u00e1ny jednou m\u011bs\u00ed\u010dn\u011b.\n\n<\/p>\n\n\n\n<ul><li><a href=\"https:\/\/www.tudc.cz\/wp-content\/uploads\/2025\/02\/P_so040-2025_1_27.xlsx\" target=\"_blank\" rel=\"noreferrer noopener\">P\u0159edkategorizace v\u00fdhybek na betonov\u00fdch pra\u017ec\u00edch<\/a><\/li>\n<li><a href=\"https:\/\/www.tudc.cz\/wp-content\/uploads\/2025\/02\/K_so040-2025_1_27.xlsx\" target=\"_blank\" rel=\"noreferrer noopener\">Kone\u010dn\u00e1 kategorizace v\u00fdhybek na betonov\u00fdch pra\u017ec\u00edch<\/a><\/li><\/ul>\n\n\n\n<p><em>Aktualizace 17. 2. 2025<\/em><\/p>\n\n\n\n<hr class=\"wp-block-separator has-css-opacity is-style-wide\"\/>\n\n\n\n<p>V&nbsp;p\u0159\u00edpad\u011b dotaz\u016f a p\u0159ipom\u00ednek ke&nbsp;zve\u0159ejn\u011bn\u00fdm seznam\u016fm m\u011b pros\u00edm kontaktujte na n\u00ed\u017ee uveden\u00e9m e-mailu nebo telefonu. <br><strong>Kontakt: Ren\u00e9 Tvrdo\u0148, vedouc\u00ed odd\u011blen\u00ed kategorizace materi\u00e1lu CTD, <\/strong>tel.: 972&nbsp;342 032, mobil: 602&nbsp;766 261, e-mail: <a href=\"mailto:TvrdonR@spravazeleznic.cz\">TvrdonR@spravazeleznic.cz<\/a><\/p>\n","protected":false},"excerpt":{"rendered":"<p>V&nbsp;n\u00e1vaznosti na dopis NPS Spr\u00e1vy \u017eeleznic \u010d. j. 24955\/2020-S\u017d-G\u0158-O13 ze dne 16. dubna 2020 s&nbsp;n\u00e1zvem \u201eVyu\u017e\u00edv\u00e1n\u00ed vyz\u00edskan\u00fdch v\u00fdhybek tvar\u016f 1:12-500 a \u0161t\u00edhlej\u0161\u00edch na betonov\u00fdch pra\u017ec\u00edch\u201c zve\u0159ej\u0148uje Centrum telematiky a diagnostiky seznamy nab\u00edzen\u00fdch v\u00fdhybek pro \u00fa\u010dely projektov\u00e9 p\u0159\u00edpravy staveb. Seznamy obsahuj\u00ed data z&nbsp;pasportu \u017eelezni\u010dn\u00edho svr\u0161ku, z&nbsp;IS PSST SORUT a aktu\u00e1ln\u00ed \u00fadaje O15 G\u0158 Spr\u00e1vy \u017eeleznic o [&hellip;]<\/p>\n","protected":false},"author":2,"featured_media":0,"parent":0,"menu_order":0,"comment_status":"closed","ping_status":"closed","template":"","meta":{"ngg_post_thumbnail":0,"footnotes":""},"class_list":["post-3370","page","type-page","status-publish","hentry"],"_links":{"self":[{"href":"https:\/\/www.tudc.cz\/index.php\/wp-json\/wp\/v2\/pages\/3370","targetHints":{"allow":["GET"]}}],"collection":[{"href":"https:\/\/www.tudc.cz\/index.php\/wp-json\/wp\/v2\/pages"}],"about":[{"href":"https:\/\/www.tudc.cz\/index.php\/wp-json\/wp\/v2\/types\/page"}],"author":[{"embeddable":true,"href":"https:\/\/www.tudc.cz\/index.php\/wp-json\/wp\/v2\/users\/2"}],"replies":[{"embeddable":true,"href":"https:\/\/www.tudc.cz\/index.php\/wp-json\/wp\/v2\/comments?post=3370"}],"version-history":[{"count":18,"href":"https:\/\/www.tudc.cz\/index.php\/wp-json\/wp\/v2\/pages\/3370\/revisions"}],"predecessor-version":[{"id":4502,"href":"https:\/\/www.tudc.cz\/index.php\/wp-json\/wp\/v2\/pages\/3370\/revisions\/4502"}],"wp:attachment":[{"href":"https:\/\/www.tudc.cz\/index.php\/wp-json\/wp\/v2\/media?parent=3370"}],"curies":[{"name":"wp","href":"https:\/\/api.w.org\/{rel}","templated":true}]}}