{"id":327,"date":"2016-01-12T11:28:35","date_gmt":"2016-01-12T11:28:35","guid":{"rendered":"https:\/\/www.tudc.cz\/?page_id=327"},"modified":"2024-07-31T10:40:01","modified_gmt":"2024-07-31T08:40:01","slug":"pruvodce-expozici","status":"publish","type":"page","link":"https:\/\/www.tudc.cz\/index.php\/muzeum\/muzeum-hradec-kralove\/pruvodce-expozici\/","title":{"rendered":"Pr\u016fvodce expozic\u00ed"},"content":{"rendered":"<h2 style=\"text-align: justify;\">Pr\u016fvodce expozic\u00ed<\/h2>\n\n\n<p>P\u0159i p\u0159\u00edle\u017eitosti 150. v\u00fdro\u010d\u00ed p\u0159\u00edjezdu prvn\u00edho parn\u00edho vlaku na \u00fazem\u00ed dne\u0161n\u00edho \u010cR byla v&nbsp;roce 1988 v&nbsp;\u017eelezni\u010dn\u00ed stanici Vidnava otev\u0159ena muzejn\u00ed expozice, kterou tehdej\u0161\u00ed provozovatel v&nbsp;roce 2001 reinstaloval do are\u00e1lu spole\u010dnosti Sign\u00e1l Mont s. r. o. v&nbsp;Hradci Kr\u00e1lov\u00e9. Expozice ve venkovn\u00ed a vnit\u0159n\u00ed \u010d\u00e1sti soust\u0159e\u010fuje sd\u011blovac\u00ed a zabezpe\u010dovac\u00ed techniku od po\u010d\u00e1tk\u016f \u017eeleznice do sou\u010dasnosti. V\u011bt\u0161ina vystaven\u00fdch expon\u00e1t\u016f byla ve skute\u010dn\u00e9m \u017eelezni\u010dn\u00edm provozu a dokazuj\u00ed um technik\u016f sv\u00e9 doby.<\/p>\n\n\n\n<p><strong>Venkovn\u00ed \u010d\u00e1st expozice<\/strong>&nbsp;je dob\u0159e viditeln\u00e1 z vlaku jedouc\u00edho na trati Hradec Kr\u00e1lov\u00e9 \u2013 T\u00fdni\u0161t\u011b nad Orlic\u00ed. P\u0159edstavuje kolekci mechanick\u00fdch a sv\u011bteln\u00fdch n\u00e1v\u011bstidel, p\u0159edv\u011bsti, zvonkovou n\u00e1v\u011bst, p\u0159ejezdov\u00e1 zabezpe\u010dovac\u00ed i dal\u0161\u00ed venkovn\u00ed za\u0159\u00edzen\u00ed. Unik\u00e1tem je z\u00e1dr\u017en\u00e1 a zaji\u0161\u0165ovac\u00ed brzda ze se\u0159a\u010fovac\u00edho n\u00e1dra\u017e\u00ed sp\u00e1dov\u00e9ho typu.&nbsp;<\/p>\n\n\n\n<p>Vnit\u0159n\u00ed prostory zauj\u00edmaj\u00ed 8 m\u00edstnost\u00ed.&nbsp;<strong>U vstupu do expozice<\/strong>&nbsp;jsou pam\u00e1tky dokumentuj\u00edc\u00ed historii expozice ve Vidnav\u011b.&nbsp;<\/p>\n\n\n\n<p>Vitr\u00edny a n\u011bkolik unik\u00e1tn\u00edch expon\u00e1t\u016f (nap\u0159.&nbsp;&nbsp;&nbsp;prout\u011bn\u00fd ko\u0161 z \u201cko\u0161ov\u00e9ho n\u00e1v\u011bstidla\u201d)&nbsp;<strong>v&nbsp;&nbsp;koridoru<\/strong>&nbsp;p\u0159ipom\u00ednaj\u00ed po\u010d\u00e1tky n\u00e1v\u011bst\u011bn\u00ed a vznik a v\u00fdvoj sd\u011blovac\u00ed a zabezpe\u010dovac\u00ed techniky.&nbsp;<\/p>\n\n\n\n<p>Prvn\u00ed ze s\u00e1l\u016f je za\u0159\u00edzen jako&nbsp;<strong>dopravn\u00ed kancel\u00e1\u0159<\/strong>&nbsp;n\u00e1cestn\u00e9 stanice z po\u010d\u00e1tku 20. stolet\u00ed s p\u016fvodn\u00edm typick\u00fdm vybaven\u00edm: n\u00e1v\u011bstn\u00ed kozl\u00edk, \u00fast\u0159edn\u00ed z\u00e1mek, telefonn\u00ed p\u0159\u00edstroje, telegrafn\u00ed souprava, kyvadlov\u00e9 hodiny, st\u016fl v\u00fdprav\u010d\u00edho se stoj\u00e1nkem s raz\u00edtky, kalam\u00e1\u0159em, n\u00e1v\u011bstn\u00ed a jin\u00e9 pom\u016fcky. Obr\u00e1zek c\u00edsa\u0159e Franze Josefa a n\u011bkolik dal\u0161\u00edch rekvizit dokresluj\u00ed dobovou atmosf\u00e9ru. Je to jedin\u00e1 m\u00edstnost, kter\u00e1 je ohrazena a kde se nelze mezi expon\u00e1ty pohybovat. V ostatn\u00edch s\u00e1lech je mo\u017eno se expon\u00e1t\u016f dot\u00fdkat, \u0159ada z nich je funk\u010dn\u00edch, funk\u010dn\u00ed jsou i n\u011bkter\u00e9 modelov\u00e9 sestavy demonstruj\u00edc\u00ed princip nap\u0159. stav\u011bn\u00ed j\u00edzdn\u00ed cesty \u2013 a n\u00e1v\u0161t\u011bvn\u00edci si mohou v\u0161e sami vlastnoru\u010dn\u011b vyzkou\u0161et.&nbsp;<\/p>\n\n\n\n<p><strong>S\u00e1l 3<\/strong>&nbsp;ukazuje expon\u00e1ty z obdob\u00ed v\u00fdvoje spole\u010dn\u00fdch konstruk\u010dn\u00edch prvk\u016f sd\u011blovac\u00edho a zabezpe\u010dovac\u00edho za\u0159\u00edzen\u00ed. P\u0159edstavuje nejr\u016fzn\u011bj\u0161\u00ed akustick\u00e9 a optick\u00e9 prvky slou\u017e\u00edc\u00ed k n\u00e1v\u011bst\u011bn\u00ed i dorozum\u00edv\u00e1n\u00ed a p\u0159ed\u00e1v\u00e1n\u00ed p\u0159\u00edkaz\u016f na trati, od t\u011bch nejjednodu\u0161\u0161\u00edch (praporc\u016f, trubek a zvonc\u016f) a\u017e po prvky pot\u0159ebn\u00e9 pro za\u0159\u00edzen\u00ed a p\u0159\u00edstroje elektrick\u00e9. K vid\u011bn\u00ed jsou nap\u0159. induktory, zvonkov\u00e9 n\u00e1v\u011bsti, \u017e\u00e1rovky, \u010do\u010dky, sada elektronek, kabelov\u00e9 z\u00e1v\u011bry a model \u010d\u00e1sti nadzemn\u00edho veden\u00ed v \u201c\u017eivotn\u00ed velikosti\u201d.&nbsp;<\/p>\n\n\n\n<p><strong>S\u00e1l 4<\/strong>&nbsp;je v\u011bnov\u00e1n v\u00fdvoji prvk\u016f zabezpe\u010dovac\u00ed techniky. Najdeme zde v\u00fdm\u011bnov\u00e9 z\u00e1mky, hradlov\u00e1 rel\u00e9, hradlov\u00e9 z\u00e1v\u011bry, kolejov\u00e1 rel\u00e9, elektromagnetick\u00e1 rel\u00e9 r\u016fzn\u00fdch druh\u016f a typ\u016f. K simulaci funkce hradlov\u00fdch z\u00e1v\u011br\u016f a kolejov\u00e9ho obvodu slou\u017e\u00ed modelov\u00e9 sestavy.&nbsp;<\/p>\n\n\n\n<p>Dominantou expozice lze nazvat&nbsp;<strong>s\u00e1l 5<\/strong>. V prostorn\u00e9 hale jsou vystaveny origin\u00e1ly mechanick\u00fdch, elektromechanick\u00fdch a elektrodynamick\u00fdch stani\u010dn\u00edch zabezpe\u010dovac\u00edch za\u0159\u00edzen\u00ed, unik\u00e1tem je nap\u0159. distan\u010dn\u00ed n\u00e1v\u011bstidlo. Pozornost jist\u011b vzbud\u00ed \u00fast\u0159edn\u00ed stav\u011bdlo SA 12, stav\u011bdlov\u00fd p\u0159\u00edstroj vzor 5007, 3414 nebo EINHEIT, nechyb\u00ed ani kl\u00ed\u010dov\u00fd (bubnov\u00fd) p\u0159\u00edstroj s hradlovou sk\u0159\u00edn\u00ed. Elektromotorick\u00e9 p\u0159estavn\u00edky v\u00fdhybek zabezpe\u010dovac\u00ed \u010d\u00e1st uzav\u00edraj\u00ed.&nbsp;<\/p>\n\n\n\n<p><strong>S\u00e1ly 6 a 7<\/strong>&nbsp;jsou v\u011bnov\u00e1ny sd\u011blovac\u00ed technice a jej\u00edmu v\u00fdvoji. Rozs\u00e1hl\u00e1 je sb\u00edrka \u00fa\u010dastnick\u00fdch telefonn\u00edch p\u0159\u00edstroj\u016f (ke klenot\u016fm pat\u0159\u00ed nap\u0159. poln\u00ed telefon n\u00e1v\u011bstn\u00edho mistra) a selektorov\u00fdch telefonn\u00edch za\u0159\u00edzen\u00ed. Nechyb\u00ed ani telegrafn\u00ed p\u0159\u00edstroje, d\u00e1lnopisn\u00e9 stroje, rozhlasov\u00e1, hodinov\u00e1 a informa\u010dn\u00ed za\u0159\u00edzen\u00ed. Impozantn\u00ed je soubor r\u016fzn\u00fdch m\u011b\u0159ic\u00edch p\u0159\u00edstroj\u016f a speci\u00e1ln\u00edch m\u011b\u0159ic\u00edch souprav.&nbsp;<\/p>\n\n\n\n<p><strong>S\u00e1l 7<\/strong>&nbsp;d\u00e1v\u00e1 nahl\u00e9dnout na typizovan\u00e9 stojany automatick\u00fdch dr\u00e1\u017en\u00edch telefonn\u00edch \u00fast\u0159eden \u2013 t\u0159\u00eddi\u010dov\u00e9 \u00daSTD 5\/41 pro 100 pobo\u010dek (s manu\u00e1ln\u00edm pracovi\u0161t\u011bm, za\u0159\u00edzen\u00edm pro opravu pojistek ap.) a hleda\u010dov\u00e9 \u00daSHD 2\/10. V s\u00e1le je zastoupeno i za\u0159\u00edzen\u00ed telefonie nosn\u00fdmi proudy n\u011bmeck\u00fdm a 2 italsk\u00fdmi typy.&nbsp;<\/p>\n\n\n\n<p><strong>S\u00e1l 8<\/strong>&nbsp;slou\u017e\u00ed pro audiovizu\u00e1ln\u00ed projekci. Slou\u017e\u00ed k&nbsp;demonstraci nov\u00fdch za\u0159\u00edzen\u00ed, jejich prezentaci i k&nbsp;prezentaci historick\u00fdch zaj\u00edmavost\u00ed. S\u00e1l lze vyu\u017e\u00edt pro mal\u00e9 konference a pro \u010dasov\u00e9 v\u00fdstavy.<\/p>\n\n\n\n<h4 class=\"wp-block-heading\"><strong>P\u0159ehled s\u00e1l\u016f a jejich ozna\u010den\u00ed<\/strong><\/h4>\n\n\n\n<p>1 &#8211; Vstup (Foyer)<\/p>\n\n\n\n<p>2 &#8211; Dopravn\u00ed kancel\u00e1\u0159<\/p>\n\n\n\n<p>3 &#8211; Spole\u010dn\u00fd v\u00fdvoj prvk\u016f sd\u011blovac\u00ed a zabezpe\u010dovac\u00ed techniky<\/p>\n\n\n\n<p>4 &#8211; V\u00fdvoj prvk\u016f zabezpe\u010dovac\u00ed techniky<\/p>\n\n\n\n<p>5 &#8211; Zabezpe\u010dovac\u00ed za\u0159\u00edzen\u00ed epoch pevn\u00e9 a voln\u00e9 p\u00e1ky<\/p>\n\n\n\n<p>6 &#8211; V\u00fdvoj sd\u011blovac\u00ed techniky<\/p>\n\n\n\n<p>7 &#8211; Od telegrafu po automatick\u00e9 telefonn\u00ed \u00fast\u0159edny<\/p>\n\n\n\n<p>8 &#8211; Audiovizu\u00e1ln\u00ed s\u00e1l<\/p>\n\n\n\n<p>9 &#8211; Koridor \u2013 Epocha po\u010d\u00e1tk\u016f \u017eeleznice<\/p>\n\n\n\n<p>10 &#8211; Knihovna<\/p>\n\n\n\n<h4 class=\"wp-block-heading\"><strong>Knihovna muzejn\u00ed dokumentace<\/strong><\/h4>\n\n\n\n<p>Sou\u010d\u00e1st\u00ed expozice je i bohat\u00e1 sb\u00edrka slu\u017eebn\u00edch p\u0159edpis\u016f, vzorov\u00fdch list\u016f, firemn\u00ed dokumentace a odborn\u00fdch publikac\u00ed <\/p>\n\n\n\n<p><strong><a href=\"https:\/\/www.tudc.cz\/index.php\/muzeum\/muzeum-hradec-kralove\/pro-badatele\/\">>> Pro badatele<\/a><\/strong><\/p>\n","protected":false},"excerpt":{"rendered":"<p>Pr\u016fvodce expozic\u00ed P\u0159i p\u0159\u00edle\u017eitosti 150. v\u00fdro\u010d\u00ed p\u0159\u00edjezdu prvn\u00edho parn\u00edho vlaku na \u00fazem\u00ed dne\u0161n\u00edho \u010cR byla v&nbsp;roce 1988 v&nbsp;\u017eelezni\u010dn\u00ed stanici Vidnava otev\u0159ena muzejn\u00ed expozice, kterou tehdej\u0161\u00ed provozovatel v&nbsp;roce 2001 reinstaloval do are\u00e1lu spole\u010dnosti Sign\u00e1l Mont s. r. o. v&nbsp;Hradci Kr\u00e1lov\u00e9. Expozice ve venkovn\u00ed a vnit\u0159n\u00ed \u010d\u00e1sti soust\u0159e\u010fuje sd\u011blovac\u00ed a zabezpe\u010dovac\u00ed techniku od po\u010d\u00e1tk\u016f \u017eeleznice do sou\u010dasnosti. [&hellip;]<\/p>\n","protected":false},"author":1,"featured_media":0,"parent":32,"menu_order":2,"comment_status":"closed","ping_status":"closed","template":"","meta":{"ngg_post_thumbnail":0,"footnotes":""},"class_list":["post-327","page","type-page","status-publish","hentry"],"_links":{"self":[{"href":"https:\/\/www.tudc.cz\/index.php\/wp-json\/wp\/v2\/pages\/327","targetHints":{"allow":["GET"]}}],"collection":[{"href":"https:\/\/www.tudc.cz\/index.php\/wp-json\/wp\/v2\/pages"}],"about":[{"href":"https:\/\/www.tudc.cz\/index.php\/wp-json\/wp\/v2\/types\/page"}],"author":[{"embeddable":true,"href":"https:\/\/www.tudc.cz\/index.php\/wp-json\/wp\/v2\/users\/1"}],"replies":[{"embeddable":true,"href":"https:\/\/www.tudc.cz\/index.php\/wp-json\/wp\/v2\/comments?post=327"}],"version-history":[{"count":6,"href":"https:\/\/www.tudc.cz\/index.php\/wp-json\/wp\/v2\/pages\/327\/revisions"}],"predecessor-version":[{"id":4412,"href":"https:\/\/www.tudc.cz\/index.php\/wp-json\/wp\/v2\/pages\/327\/revisions\/4412"}],"up":[{"embeddable":true,"href":"https:\/\/www.tudc.cz\/index.php\/wp-json\/wp\/v2\/pages\/32"}],"wp:attachment":[{"href":"https:\/\/www.tudc.cz\/index.php\/wp-json\/wp\/v2\/media?parent=327"}],"curies":[{"name":"wp","href":"https:\/\/api.w.org\/{rel}","templated":true}]}}