{"id":3236,"date":"2020-04-08T11:03:25","date_gmt":"2020-04-08T09:03:25","guid":{"rendered":"https:\/\/www.tudc.cz\/?page_id=3236"},"modified":"2025-04-25T10:51:04","modified_gmt":"2025-04-25T08:51:04","slug":"merici-vuz-prostorove-pruchodnosti-trati","status":"publish","type":"page","link":"https:\/\/www.tudc.cz\/index.php\/diagnosticke-prostredky\/merici-vuz-prostorove-pruchodnosti-trati\/","title":{"rendered":"M\u011b\u0159ic\u00ed v\u016fz prostorov\u00e9 pr\u016fchodnosti trat\u00ed"},"content":{"rendered":"\n<p><strong>M\u011b\u0159ic\u00ed v\u016fz FST 4 je ur\u010den pro diagnostiku prostorov\u00e9 pr\u016fchodnosti trat\u00ed a tunel\u016f a pro sb\u011br prostorov\u00fdch dat na \u017eeleznici.<\/strong><br><\/p>\n\n\n\n<figure class=\"wp-block-image is-resized\"><img decoding=\"async\" src=\"https:\/\/www.tudc.cz\/wp-content\/uploads\/2025\/04\/OBR_1-1024x613.jpg\" alt=\"\" style=\"width:840px;height:auto\"\/><\/figure>\n\n\n\n<p><br><strong>TECHNICK\u00c1 SPECIFIKACE VOZIDLA FST4:<\/strong><\/p>\n\n\n\n<ul class=\"wp-block-list\">\n<li>Ozna\u010den\u00ed : FST 4 (p\u0159estavba z motorov\u00e9ho vozu 851&nbsp;013-3)<\/li>\n\n\n\n<li>Ev.\u010d. vozidla: CZ SZCZ 99 54 9&nbsp;162&nbsp;001-0<\/li>\n\n\n\n<li>D\u00e9lka vozu: 24,79m<\/li>\n\n\n\n<li>Hmotnost: 59,2 t<\/li>\n\n\n\n<li>Max rychlost: 120 km\/h, p\u0159i m\u011b\u0159en\u00ed &nbsp;40-60km\/h<\/li>\n<\/ul>\n\n\n\n<figure class=\"wp-block-image\"><img decoding=\"async\" src=\"https:\/\/www.tudc.cz\/wp-content\/uploads\/2025\/04\/OBR_2-1024x472.jpg\" alt=\"\"\/><\/figure>\n\n\n\n<p><strong>TECHNOLOGIE M\u011a\u0158EN\u00cd:<\/strong><\/p>\n\n\n\n<figure class=\"wp-block-gallery has-nested-images columns-default is-cropped wp-block-gallery-1 is-layout-flex wp-block-gallery-is-layout-flex\">\n<figure class=\"wp-block-image is-resized\"><img decoding=\"async\" src=\"https:\/\/www.tudc.cz\/wp-content\/uploads\/2025\/04\/OBR_4-769x1024.jpg\" alt=\"\" style=\"width:240px;height:auto\"\/><\/figure>\n\n\n\n<figure class=\"wp-block-image\"><img decoding=\"async\" src=\"https:\/\/www.tudc.cz\/wp-content\/uploads\/2025\/04\/OBR_3-1024x528.jpg\" alt=\"\"\/><\/figure>\n<\/figure>\n\n\n\n<p><\/p>\n\n\n\n<ul class=\"wp-block-list\">\n<li>Mobiln\u00ed laserov\u00e9 skenov\u00e1n\u00ed s&nbsp;v\u00fdkonem 5,4 milion\u016f 3D bod\u016f\/sec, 750 \u0159ez\u016f\/sec<\/li>\n\n\n\n<li>Sn\u00edmkov\u00e1n\u00ed na obou \u010delech vozidla (2x plan\u00e1rn\u00ed kamera 12Mpx, 1x sf\u00e9rick\u00e1 kamera 32MPx)<\/li>\n\n\n\n<li>Kontinu\u00e1ln\u00ed ur\u010dov\u00e1n\u00ed absolutn\u00ed polohy v&nbsp;prostoru s&nbsp;vysokou p\u0159esnost\u00ed<\/li>\n\n\n\n<li>Lokalizace v&nbsp;syst\u00e9mu popisu s\u00edt\u011b Spr\u00e1vy \u017eeleznic<\/li>\n<\/ul>\n\n\n\n<div style=\"height:100px\" aria-hidden=\"true\" class=\"wp-block-spacer\"><\/div>\n\n\n\n<figure class=\"wp-block-image\"><img decoding=\"async\" src=\"https:\/\/www.tudc.cz\/wp-content\/uploads\/2025\/04\/OBR_11-1024x648.jpg\" alt=\"\"\/><\/figure>\n\n\n\n<p>Prostorov\u00e1 anal\u00fdza tunelu v\u016f\u010di Eviden\u010dn\u00edmu prostoru<\/p>\n\n\n\n<div style=\"height:100px\" aria-hidden=\"true\" class=\"wp-block-spacer\"><\/div>\n\n\n\n<figure class=\"wp-block-image\"><img decoding=\"async\" src=\"https:\/\/www.tudc.cz\/wp-content\/uploads\/2025\/04\/OBR_6-1024x552.jpg\" alt=\"\"\/><\/figure>\n\n\n\n<p>Prostorov\u00e1 anal\u00fdza n\u00e1stupi\u0161tn\u00ed hrany v\u016f\u010di Eviden\u010dn\u00edmu prostoru<\/p>\n\n\n\n<div style=\"height:100px\" aria-hidden=\"true\" class=\"wp-block-spacer\"><\/div>\n\n\n\n<figure class=\"wp-block-image\"><img decoding=\"async\" src=\"https:\/\/www.tudc.cz\/wp-content\/uploads\/2025\/04\/OBR_5-1024x573.jpg\" alt=\"\"\/><\/figure>\n\n\n\n<p>Vhled do bodov\u00e9ho mra\u010dna \u017eelezni\u010dn\u00ed stanice<\/p>\n\n\n\n<div style=\"height:100px\" aria-hidden=\"true\" class=\"wp-block-spacer\"><\/div>\n\n\n\n<div class=\"wp-block-columns is-layout-flex wp-container-core-columns-is-layout-9d6595d7 wp-block-columns-is-layout-flex\">\n<div class=\"wp-block-column is-layout-flow wp-block-column-is-layout-flow\" style=\"flex-basis:100%\">\n<div class=\"wp-block-group is-nowrap is-layout-flex wp-container-core-group-is-layout-ad2f72ca wp-block-group-is-layout-flex\">\n<div class=\"wp-block-columns is-layout-flex wp-container-core-columns-is-layout-9d6595d7 wp-block-columns-is-layout-flex\">\n<div class=\"wp-block-column is-layout-flow wp-block-column-is-layout-flow\" style=\"flex-basis:100%\">\n<figure class=\"wp-block-gallery has-nested-images columns-default is-cropped wp-block-gallery-2 is-layout-flex wp-block-gallery-is-layout-flex\">\n<figure class=\"wp-block-image size-large\"><img loading=\"lazy\" decoding=\"async\" width=\"1024\" height=\"552\" data-id=\"4540\" src=\"https:\/\/www.tudc.cz\/wp-content\/uploads\/2025\/04\/OBR_7a-1024x552.jpg\" alt=\"\" class=\"wp-image-4540\" srcset=\"https:\/\/www.tudc.cz\/wp-content\/uploads\/2025\/04\/OBR_7a-1024x552.jpg 1024w, https:\/\/www.tudc.cz\/wp-content\/uploads\/2025\/04\/OBR_7a-300x162.jpg 300w, https:\/\/www.tudc.cz\/wp-content\/uploads\/2025\/04\/OBR_7a-768x414.jpg 768w, https:\/\/www.tudc.cz\/wp-content\/uploads\/2025\/04\/OBR_7a-1536x828.jpg 1536w, https:\/\/www.tudc.cz\/wp-content\/uploads\/2025\/04\/OBR_7a-2048x1104.jpg 2048w\" sizes=\"auto, (max-width: 1024px) 100vw, 1024px\" \/><\/figure>\n\n\n\n<figure class=\"wp-block-image size-large\"><img loading=\"lazy\" decoding=\"async\" width=\"1024\" height=\"567\" data-id=\"4541\" src=\"https:\/\/www.tudc.cz\/wp-content\/uploads\/2025\/04\/OBR_7b-1024x567.jpg\" alt=\"\" class=\"wp-image-4541\" srcset=\"https:\/\/www.tudc.cz\/wp-content\/uploads\/2025\/04\/OBR_7b-1024x567.jpg 1024w, https:\/\/www.tudc.cz\/wp-content\/uploads\/2025\/04\/OBR_7b-300x166.jpg 300w, https:\/\/www.tudc.cz\/wp-content\/uploads\/2025\/04\/OBR_7b-768x425.jpg 768w, https:\/\/www.tudc.cz\/wp-content\/uploads\/2025\/04\/OBR_7b-1536x850.jpg 1536w, https:\/\/www.tudc.cz\/wp-content\/uploads\/2025\/04\/OBR_7b-2048x1133.jpg 2048w\" sizes=\"auto, (max-width: 1024px) 100vw, 1024px\" \/><\/figure>\n<\/figure>\n<\/div>\n<\/div>\n<\/div>\n<\/div>\n<\/div>\n\n\n\n<p>Vizualizace v\u00fd\u0161ek 3D bod\u016f na p\u0159ejezdu<\/p>\n\n\n\n<div style=\"height:100px\" aria-hidden=\"true\" class=\"wp-block-spacer\"><\/div>\n\n\n\n<figure class=\"wp-block-image\"><img decoding=\"async\" src=\"https:\/\/www.tudc.cz\/wp-content\/uploads\/2025\/04\/OBR_8-1024x695.jpg\" alt=\"\"\/><\/figure>\n\n\n\n<p>vhled do bodov\u00e9ho mra\u010dna dvoukolejn\u00e9ho tunelu s betonov\u00fdm ost\u011bn\u00edm a trak\u010dn\u00edm veden\u00edm<\/p>\n\n\n\n<div style=\"height:100px\" aria-hidden=\"true\" class=\"wp-block-spacer\"><\/div>\n\n\n\n<figure class=\"wp-block-image\"><img decoding=\"async\" src=\"https:\/\/www.tudc.cz\/wp-content\/uploads\/2025\/04\/OBR_9-1024x597.jpg\" alt=\"\"\/><\/figure>\n\n\n\n<p>vhled do bodov\u00e9ho mra\u010dna tunelu s obezd\u00edvkou ost\u011bn\u00ed<\/p>\n\n\n\n<div style=\"height:100px\" aria-hidden=\"true\" class=\"wp-block-spacer\"><\/div>\n\n\n\n<figure class=\"wp-block-image\"><img decoding=\"async\" src=\"https:\/\/www.tudc.cz\/wp-content\/uploads\/2025\/04\/OBR_10-1024x600.jpg\" alt=\"\"\/><\/figure>\n\n\n\n<p>Detail bodov\u00e9ho mra\u010dna tunelu s obezd\u00edvkou ost\u011bn\u00ed<\/p>\n","protected":false},"excerpt":{"rendered":"<p>M\u011b\u0159ic\u00ed v\u016fz FST 4 je ur\u010den pro diagnostiku prostorov\u00e9 pr\u016fchodnosti trat\u00ed a tunel\u016f a pro sb\u011br prostorov\u00fdch dat na \u017eeleznici. TECHNICK\u00c1 SPECIFIKACE VOZIDLA FST4: TECHNOLOGIE M\u011a\u0158EN\u00cd: Prostorov\u00e1 anal\u00fdza tunelu v\u016f\u010di Eviden\u010dn\u00edmu prostoru Prostorov\u00e1 anal\u00fdza n\u00e1stupi\u0161tn\u00ed hrany v\u016f\u010di Eviden\u010dn\u00edmu prostoru Vhled do bodov\u00e9ho mra\u010dna \u017eelezni\u010dn\u00ed stanice Vizualizace v\u00fd\u0161ek 3D bod\u016f na p\u0159ejezdu vhled do bodov\u00e9ho mra\u010dna [&hellip;]<\/p>\n","protected":false},"author":1,"featured_media":0,"parent":2072,"menu_order":0,"comment_status":"closed","ping_status":"closed","template":"","meta":{"ngg_post_thumbnail":0,"footnotes":""},"class_list":["post-3236","page","type-page","status-publish","hentry"],"_links":{"self":[{"href":"https:\/\/www.tudc.cz\/index.php\/wp-json\/wp\/v2\/pages\/3236","targetHints":{"allow":["GET"]}}],"collection":[{"href":"https:\/\/www.tudc.cz\/index.php\/wp-json\/wp\/v2\/pages"}],"about":[{"href":"https:\/\/www.tudc.cz\/index.php\/wp-json\/wp\/v2\/types\/page"}],"author":[{"embeddable":true,"href":"https:\/\/www.tudc.cz\/index.php\/wp-json\/wp\/v2\/users\/1"}],"replies":[{"embeddable":true,"href":"https:\/\/www.tudc.cz\/index.php\/wp-json\/wp\/v2\/comments?post=3236"}],"version-history":[{"count":33,"href":"https:\/\/www.tudc.cz\/index.php\/wp-json\/wp\/v2\/pages\/3236\/revisions"}],"predecessor-version":[{"id":4599,"href":"https:\/\/www.tudc.cz\/index.php\/wp-json\/wp\/v2\/pages\/3236\/revisions\/4599"}],"up":[{"embeddable":true,"href":"https:\/\/www.tudc.cz\/index.php\/wp-json\/wp\/v2\/pages\/2072"}],"wp:attachment":[{"href":"https:\/\/www.tudc.cz\/index.php\/wp-json\/wp\/v2\/media?parent=3236"}],"curies":[{"name":"wp","href":"https:\/\/api.w.org\/{rel}","templated":true}]}}