{"id":3229,"date":"2020-04-08T11:00:05","date_gmt":"2020-04-08T09:00:05","guid":{"rendered":"https:\/\/www.tudc.cz\/?page_id=3229"},"modified":"2023-05-26T14:18:31","modified_gmt":"2023-05-26T12:18:31","slug":"fotogrammetricka-souprava","status":"publish","type":"page","link":"https:\/\/www.tudc.cz\/index.php\/diagnosticke-prostredky\/fotogrammetricka-souprava\/","title":{"rendered":"Fotogrammetrick\u00fd stroj"},"content":{"rendered":"\n<h1 class=\"wp-block-heading\">Fotogrammetrick\u00fd stroj<\/h1>\n\n\n\n<p>Fotogrammetrick\u00fd stroj FS\n3 tvo\u0159\u00ed upraven\u00fd motorov\u00fd v\u016fz \u0159ady 810 a p\u0159\u00edv\u011bsn\u00fd voz\u00edk. Slou\u017e\u00ed k m\u011b\u0159en\u00ed\nprostorov\u00e9 pr\u016fchodnosti trat\u00ed a monitoringu objekt\u016f v eviden\u010dn\u00edm prostoru.<\/p>\n\n\n\n<figure class=\"wp-block-image\"><img loading=\"lazy\" decoding=\"async\" width=\"1024\" height=\"576\" src=\"https:\/\/www.tudc.cz\/wp-content\/uploads\/2020\/04\/FS3-1024x576.jpg\" alt=\"\" class=\"wp-image-3242\" srcset=\"https:\/\/www.tudc.cz\/wp-content\/uploads\/2020\/04\/FS3-1024x576.jpg 1024w, https:\/\/www.tudc.cz\/wp-content\/uploads\/2020\/04\/FS3-300x169.jpg 300w, https:\/\/www.tudc.cz\/wp-content\/uploads\/2020\/04\/FS3-768x432.jpg 768w\" sizes=\"auto, (max-width: 1024px) 100vw, 1024px\" \/><\/figure>\n\n\n\n<p class=\"has-text-align-left has-text-color\" style=\"color:#134f69\"><strong>Technologie:<\/strong><\/p>\n\n\n\n<p>FS3 vyu\u017e\u00edv\u00e1\nfotogrammetrickou metodu v kombinaci s laserov\u00fdmi scannery, p\u0159i\u010dem\u017e jako hlavn\u00ed\ntechnologie je vyu\u017e\u00edv\u00e1na metoda jednosn\u00edmkov\u00e9 digit\u00e1ln\u00ed fotogrammetrie.\nLaserov\u00e9 scannery slou\u017e\u00ed ke kontinu\u00e1ln\u00edmu dokumentov\u00e1n\u00ed m\u011b\u0159en\u00fdch \u00fasek\u016f a k dopln\u011bn\u00ed\ntvarov\u011b slo\u017eit\u00fdch, obt\u00ed\u017en\u011b m\u011b\u0159iteln\u00fdch nebo liniov\u00fdch objekt\u016f.<\/p>\n\n\n\n<p class=\"has-text-color\" style=\"color:#f9fbfc\">.<\/p>\n\n\n\n<figure class=\"wp-block-table\"><table><tbody><tr><td><a href=\"https:\/\/www.tudc.cz\/wp-content\/uploads\/2020\/04\/1903294.jpg\" target=\"_blank\" rel=\"noreferrer noopener\" aria-label=\"\ufffc (otev\u0159e se na nov\u00e9 z\u00e1lo\u017ece)\"><img loading=\"lazy\" decoding=\"async\" width=\"2560\" height=\"1707\" class=\"wp-image-3344\" style=\"width: 450px\" src=\"https:\/\/www.tudc.cz\/wp-content\/uploads\/2020\/04\/1903294.jpg\" alt=\"\" srcset=\"https:\/\/www.tudc.cz\/wp-content\/uploads\/2020\/04\/1903294.jpg 2560w, https:\/\/www.tudc.cz\/wp-content\/uploads\/2020\/04\/1903294-300x200.jpg 300w, https:\/\/www.tudc.cz\/wp-content\/uploads\/2020\/04\/1903294-768x512.jpg 768w, https:\/\/www.tudc.cz\/wp-content\/uploads\/2020\/04\/1903294-1024x683.jpg 1024w\" sizes=\"auto, (max-width: 2560px) 100vw, 2560px\" \/><\/a><\/td><td><a href=\"https:\/\/www.tudc.cz\/wp-content\/uploads\/2020\/04\/1903294_REZ.jpg\" target=\"_blank\" rel=\"noreferrer noopener\" aria-label=\"\ufffc (otev\u0159e se na nov\u00e9 z\u00e1lo\u017ece)\"><img loading=\"lazy\" decoding=\"async\" width=\"600\" height=\"450\" class=\"wp-image-3336\" style=\"width: 450px\" src=\"https:\/\/www.tudc.cz\/wp-content\/uploads\/2020\/04\/1903294_REZ.jpg\" alt=\"\" srcset=\"https:\/\/www.tudc.cz\/wp-content\/uploads\/2020\/04\/1903294_REZ.jpg 600w, https:\/\/www.tudc.cz\/wp-content\/uploads\/2020\/04\/1903294_REZ-300x225.jpg 300w\" sizes=\"auto, (max-width: 600px) 100vw, 600px\" \/><\/a><\/td><\/tr><tr><td><\/td><td><\/td><\/tr><\/tbody><\/table><\/figure>\n\n\n\n<p class=\"has-text-color\" style=\"color:#0b3f55\"><strong>M\u011b\u0159en\u00ed:<\/strong><\/p>\n\n\n\n<p class=\"has-text-align-left\">\n\n\n\n\n\n\n\n\n\n\n\n\n\n\n\n\n\nM\u011b\u0159en\u00ed prob\u00edh\u00e1 ve vlakov\u00fdch pauz\u00e1ch, u ka\u017ed\u00e9\np\u0159ek\u00e1\u017eky je nutno zastavit. Postaven\u00ed vozu pro m\u011b\u0159en\u00ed je voz\u00edkem vp\u0159ed ve sm\u011bru\nj\u00edzdy.\n\n\n\n<\/p>\n\n\n\n<p class=\"has-text-color\" style=\"color:#f7f9fa\">.<\/p>\n\n\n\n<p class=\"has-text-color\" style=\"color:#07364a\"><strong>Z\u00e1kladn\u00ed technick\u00e9 \u00fadaje:<\/strong><\/p>\n\n\n\n<p>D\u00e9lka: 27,3 m<br>\nHmotnost: 33 t<br>\nRychlost: ta\u017een\u00fd&nbsp;voz\u00edk 50 km\/h<br>\nsunut\u00fd voz\u00edk 30 km\/h<br>\nsamostatn\u00fd mot. v\u016fz:&nbsp; 80 km\/h<\/p>\n\n\n\n<p class=\"has-text-color\" style=\"color:#ffffff\">.<\/p>\n\n\n\n<p class=\"has-text-align-left has-text-color\" style=\"color:#ffffff\">.<\/p>\n\n\n\n<figure class=\"wp-block-table\"><table><tbody><tr><td> <a href=\"https:\/\/www.tudc.cz\/wp-content\/uploads\/2020\/04\/FS3_4.jpg\" target=\"_blank\" rel=\"noreferrer noopener\" aria-label=\"\ufffc (otev\u0159e se na nov\u00e9 z\u00e1lo\u017ece)\"><img loading=\"lazy\" decoding=\"async\" width=\"1184\" height=\"831\" class=\"wp-image-3338\" style=\"width: 450px\" src=\"https:\/\/www.tudc.cz\/wp-content\/uploads\/2020\/04\/FS3_4.jpg\" alt=\"\" srcset=\"https:\/\/www.tudc.cz\/wp-content\/uploads\/2020\/04\/FS3_4.jpg 1184w, https:\/\/www.tudc.cz\/wp-content\/uploads\/2020\/04\/FS3_4-300x211.jpg 300w, https:\/\/www.tudc.cz\/wp-content\/uploads\/2020\/04\/FS3_4-768x539.jpg 768w, https:\/\/www.tudc.cz\/wp-content\/uploads\/2020\/04\/FS3_4-1024x719.jpg 1024w\" sizes=\"auto, (max-width: 1184px) 100vw, 1184px\" \/><\/a><\/td><td> <a href=\"https:\/\/www.tudc.cz\/wp-content\/uploads\/2020\/04\/FS3_3.jpg\" target=\"_blank\" rel=\"noreferrer noopener\" aria-label=\"\ufffc (otev\u0159e se na nov\u00e9 z\u00e1lo\u017ece)\"><img loading=\"lazy\" decoding=\"async\" width=\"1040\" height=\"622\" class=\"wp-image-3337\" style=\"width: 520px\" src=\"https:\/\/www.tudc.cz\/wp-content\/uploads\/2020\/04\/FS3_3.jpg\" alt=\"\" srcset=\"https:\/\/www.tudc.cz\/wp-content\/uploads\/2020\/04\/FS3_3.jpg 1040w, https:\/\/www.tudc.cz\/wp-content\/uploads\/2020\/04\/FS3_3-300x179.jpg 300w, https:\/\/www.tudc.cz\/wp-content\/uploads\/2020\/04\/FS3_3-768x459.jpg 768w, https:\/\/www.tudc.cz\/wp-content\/uploads\/2020\/04\/FS3_3-1024x612.jpg 1024w\" sizes=\"auto, (max-width: 1040px) 100vw, 1040px\" \/><\/a><\/td><\/tr><tr><td><\/td><td><\/td><\/tr><\/tbody><\/table><\/figure>\n","protected":false},"excerpt":{"rendered":"<p>Fotogrammetrick\u00fd stroj Fotogrammetrick\u00fd stroj FS 3 tvo\u0159\u00ed upraven\u00fd motorov\u00fd v\u016fz \u0159ady 810 a p\u0159\u00edv\u011bsn\u00fd voz\u00edk. Slou\u017e\u00ed k m\u011b\u0159en\u00ed prostorov\u00e9 pr\u016fchodnosti trat\u00ed a monitoringu objekt\u016f v eviden\u010dn\u00edm prostoru. Technologie: FS3 vyu\u017e\u00edv\u00e1 fotogrammetrickou metodu v kombinaci s laserov\u00fdmi scannery, p\u0159i\u010dem\u017e jako hlavn\u00ed technologie je vyu\u017e\u00edv\u00e1na metoda jednosn\u00edmkov\u00e9 digit\u00e1ln\u00ed fotogrammetrie. Laserov\u00e9 scannery slou\u017e\u00ed ke kontinu\u00e1ln\u00edmu dokumentov\u00e1n\u00ed m\u011b\u0159en\u00fdch \u00fasek\u016f [&hellip;]<\/p>\n","protected":false},"author":1,"featured_media":0,"parent":2072,"menu_order":0,"comment_status":"closed","ping_status":"closed","template":"","meta":{"ngg_post_thumbnail":0,"footnotes":""},"class_list":["post-3229","page","type-page","status-publish","hentry"],"_links":{"self":[{"href":"https:\/\/www.tudc.cz\/index.php\/wp-json\/wp\/v2\/pages\/3229","targetHints":{"allow":["GET"]}}],"collection":[{"href":"https:\/\/www.tudc.cz\/index.php\/wp-json\/wp\/v2\/pages"}],"about":[{"href":"https:\/\/www.tudc.cz\/index.php\/wp-json\/wp\/v2\/types\/page"}],"author":[{"embeddable":true,"href":"https:\/\/www.tudc.cz\/index.php\/wp-json\/wp\/v2\/users\/1"}],"replies":[{"embeddable":true,"href":"https:\/\/www.tudc.cz\/index.php\/wp-json\/wp\/v2\/comments?post=3229"}],"version-history":[{"count":12,"href":"https:\/\/www.tudc.cz\/index.php\/wp-json\/wp\/v2\/pages\/3229\/revisions"}],"predecessor-version":[{"id":4156,"href":"https:\/\/www.tudc.cz\/index.php\/wp-json\/wp\/v2\/pages\/3229\/revisions\/4156"}],"up":[{"embeddable":true,"href":"https:\/\/www.tudc.cz\/index.php\/wp-json\/wp\/v2\/pages\/2072"}],"wp:attachment":[{"href":"https:\/\/www.tudc.cz\/index.php\/wp-json\/wp\/v2\/media?parent=3229"}],"curies":[{"name":"wp","href":"https:\/\/api.w.org\/{rel}","templated":true}]}}