{"id":32,"date":"2016-01-11T11:11:14","date_gmt":"2016-01-11T11:11:14","guid":{"rendered":"https:\/\/www.tudc.cz\/?page_id=32"},"modified":"2026-03-11T12:58:25","modified_gmt":"2026-03-11T11:58:25","slug":"muzeum-hradec-kralove","status":"publish","type":"page","link":"https:\/\/www.tudc.cz\/index.php\/muzeum\/muzeum-hradec-kralove\/","title":{"rendered":"Muzeum Hradec Kr\u00e1love"},"content":{"rendered":"\n<h2 class=\"wp-block-heading\">V\u00edt\u00e1me V\u00e1s na ofici\u00e1ln\u00edch str\u00e1nk\u00e1ch \u017delezni\u010dn\u00ed muzejn\u00ed expozice sd\u011blovac\u00ed a zabezpe\u010dovac\u00ed techniky v Hradci Kr\u00e1lov\u00e9<\/h2>\n\n\n\n<p>Vstup do muzea je p\u0159es vr\u00e1tnici firmy Signal Mont s. r. o. N\u00e1v\u0161t\u011bvn\u00edci muzea se ohl\u00e1s\u00ed na vr\u00e1tnici. Prohl\u00eddka muzea je mo\u017en\u00e1 pouze s&nbsp;pr\u016fvodcem. Doba b\u011b\u017en\u00e9 prohl\u00eddky je p\u0159ibli\u017en\u011b 2 h. D\u00e9lku prohl\u00eddky lze p\u0159izp\u016fsobit podle \u010dasov\u00fdch mo\u017enost\u00ed n\u00e1v\u0161t\u011bvn\u00edk\u016f.<\/p>\n\n\n\n<p>Muzejn\u00ed expozice m\u00e1 bezbari\u00e9rov\u00fd p\u0159\u00edstup.<\/p>\n\n\n\n<p>T\u011b\u0161\u00edme se na Va\u0161i n\u00e1v\u0161t\u011bvu.<\/p>\n\n\n\n<h6 class=\"wp-block-heading\">N\u00e1v\u0161t\u011bva muzea<\/h6>\n\n\n<figure class=\"wp-block-table\">\n<table class=\"has-fixed-layout\">\n<tbody>\n<tr style=\"background-color: #f0f0f0;\">\n<td colspan=\"2\"><strong>Otev\u00edrac\u00ed doba pro sez\u00f3nu 2026 bude zah\u00e1jena 11.04.2026.<\/strong><\/td>\n<\/tr>\n<tr>\n<td colspan=\"2\"><strong>Duben a\u017e z\u00e1\u0159\u00ed<\/strong><\/td>\n<\/tr>\n<tr>\n<td><strong>Sobota<\/strong><\/td>\n<td><strong>9:00 \u2013 17:00<\/strong> &nbsp;<\/td>\n<\/tr>\n<tr>\n<td><strong>Ned\u011ble<\/strong><\/td>\n<td><strong>9:00 \u2013 16:00<\/strong> &nbsp;<\/td>\n<\/tr>\n<tr>\n<td><strong>\u0158\u00edjen a\u017e b\u0159ezen<\/strong><\/td>\n<td><strong>zav\u0159eno<\/strong><\/td>\n<\/tr>\n<\/tbody>\n<\/table>\n<\/figure>\n\n\n<p>Posledn\u00ed prohl\u00eddka za\u010d\u00edn\u00e1 <strong>1 hodinu p\u0159ed koncem otev\u00edrac\u00ed doby<\/strong>.<\/p>\n\n\n\n<p>N\u00e1v\u0161t\u011bvu pro skupinu \u00fa\u010dastn\u00edk\u016f mimo v\u00fd\u0161e uvedenou otev\u00edrac\u00ed dobu je mo\u017eno individu\u00e1ln\u011b objednat i na pracovn\u00ed dny (pond\u011bl\u00ed \u2013 p\u00e1tek), ale jen po p\u0159edchoz\u00ed telefonick\u00e9 dohod\u011b, a to minim\u00e1ln\u011b t\u0159i dny p\u0159edem, na\u00a0<strong>tel.: +420 724 953\u00a0615<\/strong><\/p>\n\n\n\n<p><\/p>\n\n\n\n<h2 class=\"wp-block-heading\">Prodej vstupn\u00e9ho<\/h2>\n\n\n\n<p>Platba je mo\u017en\u00e1 <strong>pouze v&nbsp;hotovosti<\/strong> (nep\u0159ij\u00edm\u00e1me platebn\u00ed karty).<\/p>\n\n\n\n<figure class=\"wp-block-table\"><table class=\"has-fixed-layout\"><tbody><tr><td colspan=\"2\"><strong>Vstupn\u00e9<\/strong><\/td><\/tr><tr><td>Pln\u00e9 vstupn\u00e9 (dosp\u011bl\u00ed)&nbsp;&nbsp;&nbsp;&nbsp;&nbsp;&nbsp;&nbsp;&nbsp;&nbsp;&nbsp;&nbsp;&nbsp;&nbsp;&nbsp;&nbsp;&nbsp;&nbsp;&nbsp;&nbsp;&nbsp;<\/td><td>40,- K\u010d &nbsp;<\/td><\/tr><tr><td>Studenti, senio\u0159i&nbsp;&nbsp;&nbsp;&nbsp;&nbsp;&nbsp;&nbsp;&nbsp;&nbsp;&nbsp;&nbsp;&nbsp;&nbsp;&nbsp;&nbsp;&nbsp;&nbsp;&nbsp;&nbsp;&nbsp;&nbsp;&nbsp;&nbsp;&nbsp;&nbsp;&nbsp;&nbsp;&nbsp;&nbsp;<\/td><td>25,- K\u010d &nbsp;<\/td><\/tr><tr><td>D\u011bti a ml\u00e1de\u017e (7 \u2013 14 let)&nbsp;&nbsp;&nbsp;&nbsp;&nbsp;&nbsp;&nbsp;&nbsp;&nbsp;&nbsp;&nbsp;&nbsp;&nbsp;&nbsp;&nbsp;<\/td><td>10,- K\u010d&nbsp;<\/td><\/tr><tr><td>D\u011bti do 6 let &nbsp;&nbsp;&nbsp;&nbsp;&nbsp;&nbsp;&nbsp;&nbsp;&nbsp;&nbsp;&nbsp;&nbsp;&nbsp;&nbsp;&nbsp;&nbsp;&nbsp;&nbsp;&nbsp;&nbsp;&nbsp;&nbsp;&nbsp;&nbsp;&nbsp;&nbsp;&nbsp;&nbsp;&nbsp;&nbsp;&nbsp;&nbsp;&nbsp;&nbsp;&nbsp;<\/td><td>zdarma<\/td><\/tr><\/tbody><\/table><\/figure>\n\n\n\n<h2 class=\"wp-block-heading\"><\/h2>\n\n\n\n<p>&nbsp;<\/p>\n\n\n\n<h2 class=\"wp-block-heading\">Jak expozici najdete<\/h2>\n\n\n\n<p><iframe loading=\"lazy\" style=\"border: 0;\" src=\"https:\/\/www.google.com\/maps\/embed?pb=!1m18!1m12!1m3!1d2560.6006479517523!2d15.821538101541863!3d50.221889180860686!2m3!1f0!2f0!3f0!3m2!1i1024!2i768!4f13.1!3m3!1m2!1s0x470c2ad8b924dcfb%3A0x791b07b508d51edd!2sSignal+Mont%2C+S.r.o.!5e1!3m2!1scs!2sus!4v1455108365868\" width=\"100%\" height=\"300\" frameborder=\"0\" allowfullscreen=\"allowfullscreen\"><\/iframe><\/p>\n\n\n\n<p><strong>P\u011b\u0161ky:<\/strong> Od \u017eel. stanice Hradec Kr\u00e1lov\u00e9 hl. n. (cca 15 &#8211; 20 min) p\u016fjdete ulic\u00ed Ha\u0161kovou, pak Ho\u0159ickou, odbo\u010d\u00edte vlevo do Sadovsk\u00e9. Na konci je Van\u010durovo n\u00e1m\u011bst\u00ed (s par\u010d\u00edkem) a p\u0159echod pro chodce se sv\u011btelnou signalizac\u00ed. P\u0159ejdete vozovku a za parkem za\u010d\u00edn\u00e1 Kydlinovsk\u00e1 ulice. Pokra\u010dujete k \u017eelezni\u010dn\u00edmu p\u0159ejezdu, p\u0159ed n\u00edm odbo\u010d\u00edte doprava do are\u00e1lu (viz mapka).<\/p>\n\n\n\n<p><strong>Autobus MHD:<\/strong> Od \u017eel. stanice Hradec Kr\u00e1lov\u00e9 hl. n. pojedete autobusem \u010d. 10, sm\u011br Pl\u00e1cky, zast\u00e1vka Meliorace. Po v\u00fdstupu z MHD zp\u011bt p\u0159es \u017eelezni\u010dn\u00ed p\u0159ejezd a za p\u0159ejezdem vlevo do are\u00e1lu firmy Signal Mont Hradec Kr\u00e1lov\u00e9.<\/p>\n\n\n\n<p><strong>Auto:<\/strong> Po okruhu k Van\u010durovu n\u00e1m\u011bst\u00ed (s par\u010d\u00edkem), na n\u00e1m\u011bst\u00ed odbo\u010d\u00edte sm\u011br Pl\u00e1cky do ulice Kydlinovsk\u00e9 a pokra\u010dujete k \u017eelezni\u010dn\u00edmu p\u0159ejezdu, p\u0159ed n\u00edm odbo\u010d\u00edte doprava. Parkovi\u0161t\u011b (nest\u0159e\u017een\u00e9) je p\u0159ed vjezdem do are\u00e1lu firmy Signal Mont s. r. o. Parkov\u00e1n\u00ed&nbsp; na tomto parkovi\u0161ti nebo na jin\u00e9m ur\u010den\u00e9m m\u00edst\u011b je mo\u017en\u00e9 a\u017e podle domluvy na vr\u00e1tnici firmy Signal Mont s. r. o.<\/p>\n\n\n\n<h2 class=\"wp-block-heading\">Kontakt<\/h2>\n\n\n\n<figure class=\"wp-block-table\"><table class=\"has-fixed-layout\"><tbody><tr><td><strong>Spr\u00e1va \u017eeleznic, st\u00e1tn\u00ed organizace<br>Centrum techniky a diagnostiky<br>Muzejn\u00ed expozice sd\u011blovac\u00ed a zabezpe\u010dovac\u00ed techniky Hradec Kr\u00e1love<\/strong>\u00a0\u00a0\u00a0 <p>(Are\u00e1l firmy Signal Mont s. r. o.)<br>Kydlinovsk\u00e1 1300<br>500 02 Hradec Kr\u00e1lov\u00e9<br>tel.: +420 720 834 286<br>e-mail: <a href=\"mailto:CTDmuzeumSZT@spravazeleznic.cz\">CTDmuzeumSZT@spravazeleznic.cz<\/a><\/p><\/td><td><a href=\"https:\/\/www.tudc.cz\/index.php\/muzeum\/\"><img loading=\"lazy\" decoding=\"async\" width=\"150\" height=\"111\" class=\"alignright size-full wp-image-2566\" src=\"https:\/\/www.tudc.cz\/wp-content\/uploads\/2017\/05\/muzeumHK.png\" alt=\"\"><\/a><\/td><\/tr><\/tbody><\/table><\/figure>\n\n\n\n<p>Medi\u00e1ln\u00ed partner:<\/p>\n\n\n\n<figure class=\"wp-block-image size-full is-resized\"><a href=\"https:\/\/www.kudyznudy.cz\/ceska-nej\/kulturni\/expozice-sdelovaci-a-zabezpecovaci-techniky\"><img loading=\"lazy\" decoding=\"async\" width=\"370\" height=\"84\" src=\"https:\/\/www.tudc.cz\/wp-content\/uploads\/2025\/07\/Kudy-z-nudy-barevne.png\" alt=\"\" class=\"wp-image-4807\" style=\"width:271px;height:auto\" srcset=\"https:\/\/www.tudc.cz\/wp-content\/uploads\/2025\/07\/Kudy-z-nudy-barevne.png 370w, https:\/\/www.tudc.cz\/wp-content\/uploads\/2025\/07\/Kudy-z-nudy-barevne-300x68.png 300w\" sizes=\"auto, (max-width: 370px) 100vw, 370px\" \/><\/a><\/figure>\n","protected":false},"excerpt":{"rendered":"<p>V\u00edt\u00e1me V\u00e1s na ofici\u00e1ln\u00edch str\u00e1nk\u00e1ch \u017delezni\u010dn\u00ed muzejn\u00ed expozice sd\u011blovac\u00ed a zabezpe\u010dovac\u00ed techniky v Hradci Kr\u00e1lov\u00e9 Vstup do muzea je p\u0159es vr\u00e1tnici firmy Signal Mont s. r. o. N\u00e1v\u0161t\u011bvn\u00edci muzea se ohl\u00e1s\u00ed na vr\u00e1tnici. Prohl\u00eddka muzea je mo\u017en\u00e1 pouze s&nbsp;pr\u016fvodcem. Doba b\u011b\u017en\u00e9 prohl\u00eddky je p\u0159ibli\u017en\u011b 2 h. D\u00e9lku prohl\u00eddky lze p\u0159izp\u016fsobit podle \u010dasov\u00fdch mo\u017enost\u00ed n\u00e1v\u0161t\u011bvn\u00edk\u016f. Muzejn\u00ed [&hellip;]<\/p>\n","protected":false},"author":1,"featured_media":0,"parent":18,"menu_order":1,"comment_status":"closed","ping_status":"closed","template":"","meta":{"ngg_post_thumbnail":0,"footnotes":""},"class_list":["post-32","page","type-page","status-publish","hentry"],"_links":{"self":[{"href":"https:\/\/www.tudc.cz\/index.php\/wp-json\/wp\/v2\/pages\/32","targetHints":{"allow":["GET"]}}],"collection":[{"href":"https:\/\/www.tudc.cz\/index.php\/wp-json\/wp\/v2\/pages"}],"about":[{"href":"https:\/\/www.tudc.cz\/index.php\/wp-json\/wp\/v2\/types\/page"}],"author":[{"embeddable":true,"href":"https:\/\/www.tudc.cz\/index.php\/wp-json\/wp\/v2\/users\/1"}],"replies":[{"embeddable":true,"href":"https:\/\/www.tudc.cz\/index.php\/wp-json\/wp\/v2\/comments?post=32"}],"version-history":[{"count":65,"href":"https:\/\/www.tudc.cz\/index.php\/wp-json\/wp\/v2\/pages\/32\/revisions"}],"predecessor-version":[{"id":4844,"href":"https:\/\/www.tudc.cz\/index.php\/wp-json\/wp\/v2\/pages\/32\/revisions\/4844"}],"up":[{"embeddable":true,"href":"https:\/\/www.tudc.cz\/index.php\/wp-json\/wp\/v2\/pages\/18"}],"wp:attachment":[{"href":"https:\/\/www.tudc.cz\/index.php\/wp-json\/wp\/v2\/media?parent=32"}],"curies":[{"name":"wp","href":"https:\/\/api.w.org\/{rel}","templated":true}]}}