{"id":2976,"date":"2019-07-17T10:34:33","date_gmt":"2019-07-17T08:34:33","guid":{"rendered":"https:\/\/www.tudc.cz\/?page_id=2976"},"modified":"2019-07-17T10:34:34","modified_gmt":"2019-07-17T08:34:34","slug":"obchodne-technicka-dokumentace","status":"publish","type":"page","link":"https:\/\/www.tudc.cz\/index.php\/obchodne-technicka-dokumentace\/","title":{"rendered":"Obchodn\u011b technick\u00e1 dokumentace"},"content":{"rendered":"    <div id=\"internet-plugin\">\n        \n<h2>Seznam dokumentac\u00ed<\/h2>\n\n<table class=\"auto_table\">\n    <tr class=\"bold lichy center\"><td>Firma<\/td><td>N\u00e1zev dokumentace<\/td><td>Jednotliv\u00e9 dokumenty<\/td><td>Plat. od<\/td><\/tr>\n            <tr class=\" center\">\n            <td><b>DUO CZ, s.r.o.<\/b><br>Na Oliv\u011b 467 <br> 517 73 Opo\u010dno<br>telefon:  494 667 486<br>email: duocz@duocz.cz<\/td>    \n            <td class=\"left\"><b>MALOROZM\u011aROV\u00c1 REL\u00c9   <br>- Technick\u00e9 popisy sedmi typ\u016f malorozm\u011brov\u00fdch rel\u00e9<br>- Seznam n\u00e1hradn\u00edch d\u00edl\u016f<\/b><br>(dle tech. podm\u00ednek TPV 102-16\u00a0 ze dne 15.9.2016<br>\u00a0 schv\u00e1len\u00fdch 24.10.2016)<\/td>    \n            <td class=\"left\"><a target=\"_blank\" href=\"https:\/\/www.tudc.cz\/wp-content\/plugins\/pritomnost\/certif\/file_tech.php?id=16\">TPo 03-17 (NM\u0160 1-2000 D).pdf<img decoding=\"async\" class=\"img_pdf\" src=\"https:\/\/www.tudc.cz\/wp-content\/plugins\/pritomnost\/img\/img_pdf.png\" alt=\"pdf\"><\/a> 29.11.2017<br><a target=\"_blank\" href=\"https:\/\/www.tudc.cz\/wp-content\/plugins\/pritomnost\/certif\/file_tech.php?id=17\">TPo 06-17 (NM\u0160M 1-750 D).pdf<img decoding=\"async\" class=\"img_pdf\" src=\"https:\/\/www.tudc.cz\/wp-content\/plugins\/pritomnost\/img\/img_pdf.png\" alt=\"pdf\"><\/a> 29.11.2017<br><a target=\"_blank\" href=\"https:\/\/www.tudc.cz\/wp-content\/plugins\/pritomnost\/certif\/file_tech.php?id=18\">Tpo 11-17 (NM\u0160M 1-1500 D).pdf<img decoding=\"async\" class=\"img_pdf\" src=\"https:\/\/www.tudc.cz\/wp-content\/plugins\/pritomnost\/img\/img_pdf.png\" alt=\"pdf\"><\/a> 29.11.2017<br><a target=\"_blank\" href=\"https:\/\/www.tudc.cz\/wp-content\/plugins\/pritomnost\/certif\/file_tech.php?id=19\">TPo 17-17 (NM\u0160 3-550_400 D).pdf<img decoding=\"async\" class=\"img_pdf\" src=\"https:\/\/www.tudc.cz\/wp-content\/plugins\/pritomnost\/img\/img_pdf.png\" alt=\"pdf\"><\/a> 29.11.2017<br><a target=\"_blank\" href=\"https:\/\/www.tudc.cz\/wp-content\/plugins\/pritomnost\/certif\/file_tech.php?id=21\">TPo 26-17 (NMV\u0160 2-1000_1000 D).pdf<img decoding=\"async\" class=\"img_pdf\" src=\"https:\/\/www.tudc.cz\/wp-content\/plugins\/pritomnost\/img\/img_pdf.png\" alt=\"pdf\"><\/a> 29.11.2017<br><a target=\"_blank\" href=\"https:\/\/www.tudc.cz\/wp-content\/plugins\/pritomnost\/certif\/file_tech.php?id=22\">TPo 30-17 (NMV\u0160M 2-550 D).pdf<img decoding=\"async\" class=\"img_pdf\" src=\"https:\/\/www.tudc.cz\/wp-content\/plugins\/pritomnost\/img\/img_pdf.png\" alt=\"pdf\"><\/a> 29.11.2017<br><a target=\"_blank\" href=\"https:\/\/www.tudc.cz\/wp-content\/plugins\/pritomnost\/certif\/file_tech.php?id=23\">TPo 32-17 (NMP\u0160 1-2000 D).pdf<img decoding=\"async\" class=\"img_pdf\" src=\"https:\/\/www.tudc.cz\/wp-content\/plugins\/pritomnost\/img\/img_pdf.png\" alt=\"pdf\"><\/a> 29.11.2017<br><\/td>      \n            <td>1.11.2017<\/td>    \n        <\/tr>\n                <tr class=\"lichy center\">\n            <td><b>DUO CZ, s.r.o.<\/b><br>Na Oliv\u011b 467 <br> 517 73 Opo\u010dno<br>telefon:  494 667 486<br>email: duocz@duocz.cz<\/td>    \n            <td class=\"left\"><b>MALOROZM\u011aROV\u00c1 REL\u00c9   <\/br> (dle tech. podm\u00ednek TPV 102-16 zde dne 15.9.2016 schv\u00e1len\u00fdch 24.10.2016<\/b><br>Seznam n\u00e1hradn\u00edch d\u00edl\u016f malorozm\u011brov\u00fdch rel\u00e9<\/td>    \n            <td class=\"left\"><a target=\"_blank\" href=\"https:\/\/www.tudc.cz\/wp-content\/plugins\/pritomnost\/certif\/file_tech.php?id=30\">D_Seznam nahradnich dilu_DUO.pdf<img decoding=\"async\" class=\"img_pdf\" src=\"https:\/\/www.tudc.cz\/wp-content\/plugins\/pritomnost\/img\/img_pdf.png\" alt=\"pdf\"><\/a> 2017-01-24<br><\/td>      \n            <td>1.11.2017<\/td>    \n        <\/tr>\n        <\/table>\n    <\/div>\n    \n","protected":false},"excerpt":{"rendered":"","protected":false},"author":1,"featured_media":0,"parent":0,"menu_order":0,"comment_status":"closed","ping_status":"closed","template":"","meta":{"ngg_post_thumbnail":0,"footnotes":""},"class_list":["post-2976","page","type-page","status-publish","hentry"],"_links":{"self":[{"href":"https:\/\/www.tudc.cz\/index.php\/wp-json\/wp\/v2\/pages\/2976","targetHints":{"allow":["GET"]}}],"collection":[{"href":"https:\/\/www.tudc.cz\/index.php\/wp-json\/wp\/v2\/pages"}],"about":[{"href":"https:\/\/www.tudc.cz\/index.php\/wp-json\/wp\/v2\/types\/page"}],"author":[{"embeddable":true,"href":"https:\/\/www.tudc.cz\/index.php\/wp-json\/wp\/v2\/users\/1"}],"replies":[{"embeddable":true,"href":"https:\/\/www.tudc.cz\/index.php\/wp-json\/wp\/v2\/comments?post=2976"}],"version-history":[{"count":1,"href":"https:\/\/www.tudc.cz\/index.php\/wp-json\/wp\/v2\/pages\/2976\/revisions"}],"predecessor-version":[{"id":2977,"href":"https:\/\/www.tudc.cz\/index.php\/wp-json\/wp\/v2\/pages\/2976\/revisions\/2977"}],"wp:attachment":[{"href":"https:\/\/www.tudc.cz\/index.php\/wp-json\/wp\/v2\/media?parent=2976"}],"curies":[{"name":"wp","href":"https:\/\/api.w.org\/{rel}","templated":true}]}}