{"id":2943,"date":"2018-03-14T08:52:55","date_gmt":"2018-03-14T07:52:55","guid":{"rendered":"https:\/\/www.tudc.cz\/?page_id=2943"},"modified":"2019-07-17T10:07:05","modified_gmt":"2019-07-17T08:07:05","slug":"geo_doc_soubory","status":"publish","type":"page","link":"https:\/\/www.tudc.cz\/index.php\/geo_doc_soubory\/","title":{"rendered":"Pomocn\u00e9 soubory geodetick\u00e9 dokumentace"},"content":{"rendered":"    <div id=\"internet-plugin\">\n        <ul class=\"mymenu\"><li><a href=\"https:\/\/www.tudc.cz\/?page_id=2937\">\u00davod<\/a><\/li>   <li><a class=\"bl1pxblue\" href=\"https:\/\/www.tudc.cz\/?page_id=2945&druh=0\">Filtr<\/a><\/li><li><a class=\"bl1pxblue\" href=\"https:\/\/www.tudc.cz\/?page_id=2945&druh=1\">Svr\u0161ek 1-11<\/a><\/li><li><a class=\"bl1pxblue\" href=\"https:\/\/www.tudc.cz\/?page_id=2945&druh=2\">Spodek 12-22<\/a><\/li><li><a class=\"bl1pxblue\" href=\"https:\/\/www.tudc.cz\/?page_id=2945&druh=3\">Stavby a centroidy 23-24<\/a><\/li><li><a class=\"bl1pxblue\" href=\"https:\/\/www.tudc.cz\/?page_id=2945&druh=4\">Kabelov\u00e9 veden\u00ed 25-36<\/a><\/li><li><a class=\"bl1pxblue\" href=\"https:\/\/www.tudc.cz\/?page_id=2945&druh=5\">Potrubn\u00ed veden\u00ed 37-47<\/a><\/li><li><a class=\"bl1pxblue\" href=\"https:\/\/www.tudc.cz\/?page_id=2945&druh=6\">Ter\u00e9n 48-51<\/a><\/li><li><a class=\"bl1pxblue\" href=\"https:\/\/www.tudc.cz\/?page_id=2945&druh=7\">\u017dKN 53 a 55<\/a><\/li><li><a class=\"bl1pxblue\" href=\"https:\/\/www.tudc.cz\/?page_id=2945&druh=8\">PV_KN 52-59<\/a><\/li><li><a class=\"bl1pxblue\" href=\"https:\/\/www.tudc.cz\/?page_id=2945&druh=9\">Body 60-63<\/a><\/li><li><a class=\"bl1pxblue\" href=\"https:\/\/www.tudc.cz\/?page_id=2945&druh=11\">Ostatn\u00ed<\/a><\/li><\/ul>\n<h5>Soubory:<\/h5><ul>\n    <li><a target=\"_blank\" href=\"https:\/\/www.tudc.cz\/wp-content\/plugins\/pritomnost\/geo_doc\/pdf\/01 Urcene_zkratky_ve_vykrese.xlsx\">Urcene zkratky ve vykrese<\/a> - zkratky pou\u017e\u00edvan\u00e9 ve v\u00fdkresech \u00fa\u010delov\u00fdch \u017eelezni\u010dn\u00edch map. Krom\u011b t\u011bchto zkratek se ve v\u00fdkrese DGN nesm\u00ed pou\u017e\u00edt jin\u00e1 zkratka (s v\u00fdjimkou popis\u016f kab.objekt\u016f, opsan\u00fdch v ter\u00e9nu). Popis cel\u00fdmi slovy nen\u00ed omezen.<\/li>\n    <li><a target=\"_blank\" href=\"https:\/\/www.tudc.cz\/wp-content\/plugins\/pritomnost\/geo_doc\/pdf\/02 Kilometrovani.pdf\">Kilometrovani<\/a> - soupis prvk\u016f, u kter\u00fdch se ve v\u00fdkrese DGN vyn\u00e1\u0161\u00ed kilometr\u00e1\u017e.<\/li>\n    <li><a target=\"_blank\" href=\"https:\/\/www.tudc.cz\/wp-content\/plugins\/pritomnost\/geo_doc\/pdf\/03 Zpusob_zamereni_netypicky_upevnenych_navestidel.pdf\">Zpusob zamereni netypicky upevnenych navestidel<\/a> - obecn\u011b platn\u00e1 pravidla pro zam\u011b\u0159en\u00ed netypicky upevn\u011bn\u00fdch n\u00e1v\u011bstidel - na kolejnici, na zdi, pod zast\u0159e\u0161en\u00edm, v troleji\u2026<\/li>\n    <li><a target=\"_blank\" href=\"https:\/\/www.tudc.cz\/wp-content\/plugins\/pritomnost\/geo_doc\/pdf\/04 Priklady_kombinaci_rychlostniku.pdf\">Priklady kombinaci rychlostniku<\/a> - n\u011bkter\u00e9 p\u0159\u00edklady kombinac\u00ed rychlostn\u00edk\u016f a p\u0159edv\u011bstn\u00edk\u016f.<\/li>\n    <li><a target=\"_blank\" href=\"https:\/\/www.tudc.cz\/wp-content\/plugins\/pritomnost\/geo_doc\/pdf\/05 Rozliseni_kabelove_objekty.pdf\">Rozliseni kabelove objekty<\/a> - n\u011bkter\u00e9 nadzemn\u00ed kab.objekty, r\u016fzn\u00e9 typy kab.domk\u016f. Tento soubor je ur\u010den hlavn\u011b pro mapov\u00e1n\u00ed.<\/li>\n    <li><a target=\"_blank\" href=\"https:\/\/www.tudc.cz\/wp-content\/plugins\/pritomnost\/geo_doc\/pdf\/06 Rozbor_mereni_kabelu_a_kab_objektu.pdf\">Rozbor mereni kabelu a kab objektu<\/a> - obecn\u011b platn\u00e1 pravidla pro m\u011b\u0159en\u00ed voln\u011b lo\u017een\u00fdch kabel\u016f a kabel\u016f v ochrann\u00e9m prvku. Uk\u00e1zky \u0159e\u0161en\u00ed zam\u011b\u0159en\u00ed soub\u011bhu ochrann\u00fdch prvk\u016f. Kabelov\u00e9 objekty \u2013 markery, rezervy, \u0161achty, sk\u0159\u00edn\u011b, kiosky... Tento soubor je d\u016fle\u017eit\u00fd hlavn\u011b pro DSPS.<\/li>\n    <li><a target=\"_blank\" href=\"https:\/\/www.tudc.cz\/wp-content\/plugins\/pritomnost\/geo_doc\/pdf\/07 Popis_kab_objektu.xlsx\">Popis kab objektu<\/a> - n\u011bkter\u00e9 popisy kab.objekt\u016f vyskytuj\u00edc\u00ed se v ter\u00e9nu, p\u0159i\u0159azen\u00ed kab.objektu do ur\u010dit\u00e9 vrstvy, ke konkr\u00e9tn\u00edmu DM.<\/li>\n    <li><a target=\"_blank\" href=\"https:\/\/www.tudc.cz\/wp-content\/plugins\/pritomnost\/geo_doc\/pdf\/08 Komplikovane_utvary.pdf\">Komplikovane utvary<\/a> - rozbor m\u011b\u0159en\u00ed a z\u00e1kresu n\u011bkter\u00fdch slo\u017eit\u011bj\u0161\u00edch \u00fatvar\u016f (v\u00fdhybky, v\u00fdkolejky, ASDEKu, slune\u010dn\u00edho kolektoru,\u2026)<\/li>\n    <li><a target=\"_blank\" href=\"https:\/\/www.tudc.cz\/wp-content\/plugins\/pritomnost\/geo_doc\/pdf\/09 Rozliseni_ostatni_objekty.pdf\">Rozliseni ostatni objekty<\/a> - uk\u00e1zky \u0159e\u0161en\u00ed n\u011bkter\u00fdch m\u00e9n\u011b \u010dast\u00fdch objekt\u016f (odv\u011btr\u00e1n\u00ed, sv\u011btl\u00edk, uk\u00e1zky r\u016fzn\u00fdch typ\u016f izolovan\u00e9ho styku\u2026), p\u0159ehled indik\u00e1tor\u016f sv\u011bteln\u00fdch n\u00e1v\u011bstidel a p\u0159ehled ETCS n\u00e1v\u011bstidel.<\/li>\n    <li><a target=\"_blank\" href=\"https:\/\/www.tudc.cz\/wp-content\/plugins\/pritomnost\/geo_doc\/pdf\/10 Pomocny_soubor_vyhybek.xlsx\">Pomocn\u00fd soubor vyhybek<\/a> - rozbor m\u011b\u0159en\u00ed a z\u00e1kresu prom\u011b\u0159en\u00fdch v\u00fdhybek, p\u0159ehled z\u00e1kladn\u00edch sch\u00e9mat v\u00fdhybkov\u00fdch konstrukc\u00ed a kolejov\u00fdch k\u0159i\u017eovatek, dal\u0161\u00ed informace.<\/li>\n    <li><a target=\"_blank\" href=\"https:\/\/www.tudc.cz\/wp-content\/plugins\/pritomnost\/geo_doc\/pdf\/11 Obvykle_se_nemeri.pdf\">Obvykle se nemeri<\/a> - podchyceny n\u011bkter\u00e9 p\u0159edm\u011bty m\u011b\u0159en\u00ed, u kter\u00fdch se v\u00e1h\u00e1 - nap\u0159.klec (do 2 m) pro kab.sk\u0159\u00edn\u011b, diagnostika mostu, ohr\u00e1dka u p\u0159estavn\u00edku, rozhran\u00ed varovn\u00fdch a vod\u00edc\u00edch p\u00e1s\u016f, zpevn\u011bn\u00ed na styku kolejnic v d\u00e9lce do 5 m, teplotn\u00ed \u010didlo EOV na kolejnici\u2026<\/li>\n    <li><a target=\"_blank\" href=\"https:\/\/www.tudc.cz\/wp-content\/plugins\/pritomnost\/geo_doc\/pdf\/12 Kuriozitky.pdf\">Kuriozitky<\/a> - n\u011bkter\u00e9 zaj\u00edmav\u00e9 objekty na \u017eeleznici, nap\u0159.ko\u0161 na dokumenty, parkovac\u00ed m\u00edsto pro MUV, dopravn\u00edk podch\u00e1zej\u00edc\u00ed pod trat\u00ed, v\u00fdstra\u017en\u00edk PZS na v\u00fdlo\u017en\u00edku\u2026<\/li>\n    <li><a target=\"_blank\" href=\"https:\/\/www.tudc.cz\/wp-content\/plugins\/pritomnost\/geo_doc\/pdf\/13.docx\">Plochotvornost_stav k 4.10.2023<\/a> - z\u00e1kladn\u00ed pravidla pro vypl\u0148ov\u00e1n\u00ed atribut\u016f plochotvornosti hran v DGN v\u00fdkrese dle po\u017eadavku DTM\u017d a DTM kraj\u016f \u010cR. Tento soubor bude \u010dast\u011bji aktualizov\u00e1n na z\u00e1klad\u011b dotaz\u016f a zku\u0161enost\u00ed z praxe, obvykle v \u010dtvrtletn\u00edch intervalech.<\/li>\n    <li><a target=\"_blank\" href=\"https:\/\/www.tudc.cz\/wp-content\/plugins\/pritomnost\/geo_doc\/pdf\/14.docx\">Levelovani_stav k 4.10.2023<\/a> - z\u00e1kladn\u00ed pravidla pro vypl\u0148ov\u00e1n\u00ed atribut\u016f level\u016f v DGN v\u00fdkrese dle po\u017eadavku DTM kraj\u016f \u010cR. Tento soubor bude \u010dast\u011bji aktualizov\u00e1n na z\u00e1klad\u011b dotaz\u016f a zku\u0161enost\u00ed z praxe, obvykle v \u010dtvrtletn\u00edch intervalech.<\/li>    \n    <li><a target=\"_blank\" href=\"https:\/\/www.tudc.cz\/wp-content\/plugins\/pritomnost\/geo_doc\/pdf\/141.docx\">Popis zm\u011bn souboru plochotvornosti a levelov\u00e1n\u00ed k 4.10.2023<\/li>    \n    <li><a target=\"_blank\" href=\"https:\/\/www.tudc.cz\/wp-content\/plugins\/pritomnost\/geo_doc\/pdf\/16_Vzorove_vykresy.zip\">Vzorove_vykresy_k_plochotvornosti_a_levelovani  stav k 20.2.2023<\/a> - vzorov\u00e9 v\u00fdkresy jsou chyst\u00e1ny postupn\u011b, proto v t\u011bch star\u0161\u00edch nejsou zat\u00edm zapracov\u00e1ny pozd\u011bji domluven\u00e1 pravidla (nap\u0159. trojmez\u00ed, vyh\u00fdb\u00e1n\u00ed se duplicit\u011b lini\u00ed). Tyto soubory budou \u010dast\u011bji aktualizov\u00e1ny a roz\u0161i\u0159ov\u00e1ny na z\u00e1klad\u011b dotaz\u016f a zku\u0161enost\u00ed z praxe, obvykle v \u010dtvrtletn\u00edch intervalech.<\/li>    \n    <li><a target=\"_blank\" href=\"https:\/\/www.tudc.cz\/wp-content\/plugins\/pritomnost\/geo_doc\/pdf\/15 Soupis_vybranych_zmen.doc\">Soupis vybranych zmen<\/a> - seznam v\u00fdznamn\u011bj\u0161\u00edch zm\u011bn v p\u0159edpisech S\u017d M20\/MP005 a M20\/MP006 od doby prvn\u00edho vyd\u00e1n\u00ed v roce 2016.<\/li>        \n    <li>Pokud pot\u0159ebujete, pro pr\u00e1ci nad d\u0159\u00edv\u011bj\u0161\u00edmi rozpracovan\u00fdmi projekty, informace z p\u0159edchoz\u00edch verz\u00ed p\u0159edpisu M20\/MP006, m\u016f\u017eete e-mailem po\u017e\u00e1dat <a target=\"_blank\" href=\"https:\/\/www.tudc.cz\/index.php\/dokumenty\/geo_doc\/geo-doc-kontakty\/\">(viz. Kontakty \u2013 Hrabcov\u00e1, \u0160im\u0161a)<\/a> o PDF p\u0159\u00edslu\u0161n\u00e9 verze fotokatalogu. <\/li>    \n<\/ul> \n\n    <\/div>\n    \n","protected":false},"excerpt":{"rendered":"","protected":false},"author":1,"featured_media":0,"parent":0,"menu_order":0,"comment_status":"closed","ping_status":"closed","template":"","meta":{"ngg_post_thumbnail":0,"footnotes":""},"class_list":["post-2943","page","type-page","status-publish","hentry"],"_links":{"self":[{"href":"https:\/\/www.tudc.cz\/index.php\/wp-json\/wp\/v2\/pages\/2943","targetHints":{"allow":["GET"]}}],"collection":[{"href":"https:\/\/www.tudc.cz\/index.php\/wp-json\/wp\/v2\/pages"}],"about":[{"href":"https:\/\/www.tudc.cz\/index.php\/wp-json\/wp\/v2\/types\/page"}],"author":[{"embeddable":true,"href":"https:\/\/www.tudc.cz\/index.php\/wp-json\/wp\/v2\/users\/1"}],"replies":[{"embeddable":true,"href":"https:\/\/www.tudc.cz\/index.php\/wp-json\/wp\/v2\/comments?post=2943"}],"version-history":[{"count":2,"href":"https:\/\/www.tudc.cz\/index.php\/wp-json\/wp\/v2\/pages\/2943\/revisions"}],"predecessor-version":[{"id":2975,"href":"https:\/\/www.tudc.cz\/index.php\/wp-json\/wp\/v2\/pages\/2943\/revisions\/2975"}],"wp:attachment":[{"href":"https:\/\/www.tudc.cz\/index.php\/wp-json\/wp\/v2\/media?parent=2943"}],"curies":[{"name":"wp","href":"https:\/\/api.w.org\/{rel}","templated":true}]}}