{"id":2941,"date":"2018-03-14T08:52:37","date_gmt":"2018-03-14T07:52:37","guid":{"rendered":"https:\/\/www.tudc.cz\/?page_id=2941"},"modified":"2019-09-02T15:26:37","modified_gmt":"2019-09-02T13:26:37","slug":"geo_doc_adm","status":"publish","type":"page","link":"https:\/\/www.tudc.cz\/index.php\/geo_doc_adm\/","title":{"rendered":"Fotokatalog geodetick\u00e9 dokumentace &#8211; z\u00e1znam"},"content":{"rendered":"    <div id=\"internet-plugin\">\n        <ul class=\"mymenu\">\r\n        <li><a href=\"https:\/\/www.tudc.cz\/?page_id=2937\">\u00davod<\/a><\/li><li><a class=\"bl1pxblue\" href=\"https:\/\/www.tudc.cz\/?page_id=2945&druh=\">Z\u00e1znamy<\/a><\/li><li class=\"bl1pxblue\"><form method=\"GET\" action=\"https:\/\/www.tudc.cz\/?page_id=2945\"><input type=\"hidden\" name=\"page_id\" value=\"2945\"><input type=\"text\" name=\"hledat\"><input type=\"submit\" value=\"Hledat\"><\/form><\/li><\/ul><div class=\"center red\" width=\"100%\"><\/div>    <h2 style=\"color:red\">Tato dokumentace je ve stavu k roku 2022 = nen\u00ed upravena na aktu\u00e1ln\u00ed datov\u00fd model DTM\u017d a nejsou v n\u00ed zapracov\u00e1ny zm\u011bny ve zp\u016fsobu m\u011b\u0159en\u00ed. Aktu\u00e1ln\u00ed dokument naleznete zde: <a style=\"color: cyan; text-decoration: underline;\" href=\"https:\/\/www.spravazeleznic.cz\/stavby-zakazky\/podklady-pro-zhotovitele\/digitalne-technicka-mapa-zeleznice-technicke-standardy\/modelovy-objektovy-zeleznicni-katalog\">Modelov\u00fd objektov\u00fd \u017eelezni\u010dn\u00ed katalog - www.spravazeleznic.cz<\/a><\/h2>\r\n\r\n\r\n    <h3>Z\u00e1znam:<\/h3>\r\n    <table class=\"prit_table vatop\">\r\n        <tr><td><b>N\u00e1zev:<\/b><\/td><td><\/td><\/tr>\r\n        <tr><td><b>Typ:<\/b><\/td><td><\/td><\/tr>    \r\n        <tr><td><b>Kilometr\u00e1\u017e:<\/b><\/td><td><\/tr>\r\n        <tr><td><b>Priorita:<\/b><\/td><td><\/tr>   \r\n                <tr><td><b>Povinn\u00e9 \u00fadaje:<\/b><\/td><td><\/td><\/tr>\r\n        <tr><td><b>M\u011b\u0159it v ter\u00e9nu:<\/b><\/td><td><\/td><\/tr>\r\n        <tr><td><b>DM:<\/b><\/td><td><\/td><\/tr>\r\n        <tr><td><b>Kategorie v\u00fdkresu:<\/b><\/td><td><\/td><\/tr>\r\n        <tr><td><b>Vrstva:<\/b><\/td><td><\/td><\/tr>\r\n        <tr><td><b>Zna\u010dka:<\/b><\/td><td> <\/td><\/tr>\r\n        <tr><td><b>Referen\u010dn\u00ed bod stani\u010den\u00ed:<\/b><\/td><td>                            <\/td><\/tr>\r\n        <tr><td><b>Pozn\u00e1mka:<\/b><\/td><td><\/td><\/tr>\r\n        <tr><td><b>Pomocn\u00e9:<\/b><\/td><td><\/td><\/tr>  \r\n        <!--<tr><td colspan=\"2\"><a target=\"blank\" href=\"https:\/\/www.tudc.cz\/wp-content\/plugins\/pritomnost\/geo_doc\/geo_doc_gml.php?id=\">Odkaz na zna\u010dku ve form\u00e1tu GML<\/a><\/td><\/tr>-->\r\n    <\/table>\r\n    <table class=\"prit_table vatop\">\r\n        <tr><td><b>Fotografie:<\/b><\/td><td><b>Zakreslen\u00ed:<\/b><\/td><\/tr>\r\n        <tr><td><\/td><td><\/td><\/tr>\r\n    <\/table>\r\n        <\/div>\n    \n","protected":false},"excerpt":{"rendered":"","protected":false},"author":1,"featured_media":0,"parent":0,"menu_order":0,"comment_status":"closed","ping_status":"closed","template":"","meta":{"ngg_post_thumbnail":0,"footnotes":""},"class_list":["post-2941","page","type-page","status-publish","hentry"],"_links":{"self":[{"href":"https:\/\/www.tudc.cz\/index.php\/wp-json\/wp\/v2\/pages\/2941","targetHints":{"allow":["GET"]}}],"collection":[{"href":"https:\/\/www.tudc.cz\/index.php\/wp-json\/wp\/v2\/pages"}],"about":[{"href":"https:\/\/www.tudc.cz\/index.php\/wp-json\/wp\/v2\/types\/page"}],"author":[{"embeddable":true,"href":"https:\/\/www.tudc.cz\/index.php\/wp-json\/wp\/v2\/users\/1"}],"replies":[{"embeddable":true,"href":"https:\/\/www.tudc.cz\/index.php\/wp-json\/wp\/v2\/comments?post=2941"}],"version-history":[{"count":3,"href":"https:\/\/www.tudc.cz\/index.php\/wp-json\/wp\/v2\/pages\/2941\/revisions"}],"predecessor-version":[{"id":2999,"href":"https:\/\/www.tudc.cz\/index.php\/wp-json\/wp\/v2\/pages\/2941\/revisions\/2999"}],"wp:attachment":[{"href":"https:\/\/www.tudc.cz\/index.php\/wp-json\/wp\/v2\/media?parent=2941"}],"curies":[{"name":"wp","href":"https:\/\/api.w.org\/{rel}","templated":true}]}}