{"id":2937,"date":"2018-03-14T08:51:17","date_gmt":"2018-03-14T07:51:17","guid":{"rendered":"https:\/\/www.tudc.cz\/?page_id=2937"},"modified":"2022-04-11T10:36:36","modified_gmt":"2022-04-11T08:36:36","slug":"geo_doc","status":"publish","type":"page","link":"https:\/\/www.tudc.cz\/index.php\/dokumenty\/geo_doc\/","title":{"rendered":"Fotokatalog geodetick\u00e9 dokumentace S\u017dG"},"content":{"rendered":"    <div id=\"internet-plugin\">\n        \n<div style=\"color:red\">Tato dokumentace je ve stavu k roku 2022 = nen\u00ed upravena na aktu\u00e1ln\u00ed datov\u00fd model DTM\u017d a nejsou v n\u00ed zapracov\u00e1ny zm\u011bny ve zp\u016fsobu m\u011b\u0159en\u00ed. Aktu\u00e1ln\u00ed dokument naleznete zde: <a style=\"color: cyan; text-decoration: underline;\" href=\"https:\/\/www.spravazeleznic.cz\/stavby-zakazky\/podklady-pro-zhotovitele\/digitalne-technicka-mapa-zeleznice-technicke-standardy\/modelovy-objektovy-zeleznicni-katalog\">Modelov\u00fd objektov\u00fd \u017eelezni\u010dn\u00ed katalog - www.spravazeleznic.cz<\/a><\/div>\n\n<div style=\"color:red\">Do\u010dasn\u00fd pomocn\u00fd soubor pro p\u0159echod na SW Panorama a dodate\u010dn\u00e9 informace k mapov\u00e1n\u00ed naleznete <a style=\"color: cyan; text-decoration: underline;\" href=\"https:\/\/www.tudc.cz\/wp-content\/plugins\/pritomnost\/geo_doc\/pdf\/MOZeK-prubezne_informace_20240813_upr.pdf\">zde<\/a><\/div>\n\n\n<p>Z d\u016fvodu dal\u0161\u00edho vyu\u017eit\u00ed dat z vyhotoven\u00e9 geodetick\u00e9 dokumentace skute\u010dn\u00e9ho proveden\u00ed stavby, podklad\u016f pro projekt a jin\u00fdch \u017eelezni\u010dn\u00edch mapov\u00fdch podklad\u016f, byly definov\u00e1ny jednozna\u010dn\u00e9 atributy digit\u00e1ln\u00edm mapov\u00fdm dat\u016fm, zhotovovan\u00fdm pro pot\u0159eby S\u017d s.o . Tyto atributy jsou stanoveny kompletn\u00edm datov\u00fdm modelem, jen\u017e je obsahem p\u0159edpisu S\u017d <a  href=\"https:\/\/www.tudc.cz\/wp-content\/plugins\/pritomnost\/geo_doc\/S\u017d _M20LMP005_20221215_sezm1az6.zip\">M20\/MP005<\/a> (d\u00e1le jen DM M20\/MP005).<\/p>\n<p>Stejn\u011b jako v\u00fd\u0161e uveden\u00fd p\u0159edpis je mo\u017eno st\u00e1hnout i dal\u0161\u00ed souvisej\u00edc\u00ed p\u0159edpis S\u017d <a href=\"https:\/\/www.tudc.cz\/wp-content\/plugins\/pritomnost\/geo_doc\/SZ_M20_MP010.zip\">M20\/MP010 \u00da\u010delov\u00e1 \u017eelezni\u010dn\u00ed mapa velk\u00e9ho m\u011b\u0159\u00edtka<\/a> (d\u00e1le jen M20\/MP010).<\/p>\n<p>K tomu, aby zhotovitel spr\u00e1vn\u011b rozli\u0161il, o kter\u00fd prvek v DM M20\/MP005 se v ter\u00e9nu jedn\u00e1, a n\u00e1sledn\u011b ho spr\u00e1vn\u011b geodeticky zam\u011b\u0159il, slou\u017e\u00ed dal\u0161\u00ed navazuj\u00edc\u00ed p\u0159edpis S\u017d <a  href=\"https:\/\/www.tudc.cz\/wp-content\/plugins\/pritomnost\/geo_doc\/SZ_M20LMP006.zip\">M20\/MP006<\/a> Metodick\u00fd pokyn Opat\u0159en\u00ed k zam\u011b\u0159ov\u00e1n\u00ed objekt\u016f \u017eelezni\u010dn\u00ed dopravn\u00ed cesty (d\u00e1le jen M20\/MP006), jeho\u017e jedna \u010d\u00e1st obsahuje i fotografie s p\u0159\u00edklady, jak zam\u011b\u0159ovan\u00e9 prvky v ter\u00e9nu vypadaj\u00ed. Pro tuto \u010d\u00e1st p\u0159edpisu se v\u017eil n\u00e1zev <i>fotokatalog<\/i>. <\/p>\n<p>S nar\u016fstaj\u00edc\u00edm mno\u017estv\u00edm polo\u017eek ve fotokatalogu, z rostouc\u00ed pot\u0159eby rychl\u00e9ho vyhled\u00e1v\u00e1n\u00ed v t\u00e9to datab\u00e1zi a mo\u017enosti pou\u017eit\u00ed p\u0159\u00edmo v ter\u00e9nu p\u0159i pr\u00e1ci, byla vytvo\u0159ena webov\u00e1 podoba fotokatalogu. M\u00e1 stejnou strukturu jako datov\u00fd model M20\/MP005, a jeho hlavn\u00ed p\u0159ednost\u00ed je mo\u017enost vyhled\u00e1vat dle kl\u00ed\u010dov\u00fdch slov a volba zobrazen\u00ed obsahu fotokatalogu dle po\u017eadavku u\u017eivatele.<\/p>\n<p>Vzhledem k postupn\u00e9mu napl\u0148ov\u00e1n\u00ed dat, nemus\u00ed pou\u017eit\u00e9 barvy a textov\u00e9 fonty v obr\u00e1zku \u201ez\u00e1kres v map\u011b\u201c v\u017edy odpov\u00eddat aktu\u00e1ln\u00edmu platn\u00e9mu datov\u00e9mu modelu. Obr\u00e1zky budou postupn\u011b aktualizov\u00e1ny. Vzhledem k obt\u00ed\u017enosti zv\u00fdrazn\u011bn\u00ed m\u00edsta m\u011b\u0159en\u00ed je ve fotografii barevn\u00e1 te\u010dka (\u0161ipka) pouze orienta\u010dn\u00ed. M\u00edsto m\u011b\u0159en\u00ed je up\u0159esn\u011bno textem v \u0159\u00e1dku \"m\u011b\u0159it v ter\u00e9nu\".<\/p>\n\n\n<table class=\"prit_table2 vatop\">\n    <tr><td style=\"width:25%;\">\n            <h3>Vyhled\u00e1v\u00e1n\u00ed podle kategor\u00ed\u00ed<\/h3><ul><li><a href=\"https:\/\/www.tudc.cz\/?page_id=2945&druh=0\">Filtr<\/a><\/li><li><a href=\"https:\/\/www.tudc.cz\/?page_id=2945&druh=1\">Svr\u0161ek 1-11<\/a><\/li><li><a href=\"https:\/\/www.tudc.cz\/?page_id=2945&druh=2\">Spodek 12-22<\/a><\/li><li><a href=\"https:\/\/www.tudc.cz\/?page_id=2945&druh=3\">Stavby a centroidy 23-24<\/a><\/li><li><a href=\"https:\/\/www.tudc.cz\/?page_id=2945&druh=4\">Kabelov\u00e9 veden\u00ed 25-36<\/a><\/li><li><a href=\"https:\/\/www.tudc.cz\/?page_id=2945&druh=5\">Potrubn\u00ed veden\u00ed 37-47<\/a><\/li><li><a href=\"https:\/\/www.tudc.cz\/?page_id=2945&druh=6\">Ter\u00e9n 48-51<\/a><\/li><li><a href=\"https:\/\/www.tudc.cz\/?page_id=2945&druh=7\">\u017dKN 53 a 55<\/a><\/li><li><a href=\"https:\/\/www.tudc.cz\/?page_id=2945&druh=8\">PV_KN 52-59<\/a><\/li><li><a href=\"https:\/\/www.tudc.cz\/?page_id=2945&druh=9\">Body 60-63<\/a><\/li><li><a href=\"https:\/\/www.tudc.cz\/?page_id=2945&druh=11\">Ostatn\u00ed<\/a><\/li><\/ul>            <h3>Dal\u0161\u00ed informace<\/h3>\n            <ul>\n                <li><a href=\"https:\/\/www.tudc.cz\/?page_id=2943\">Pomocn\u00e9 soubory MP005<\/a><\/li>\n                <li><a  href=\"https:\/\/www.tudc.cz\/wp-content\/plugins\/pritomnost\/geo_doc\/pdf\/ObecneZasady.pdf\">Obecn\u00e9 z\u00e1sady MP005<\/a><\/li>\n                <li><a  href=\"https:\/\/www.tudc.cz\/wp-content\/plugins\/pritomnost\/geo_doc\/pdf\/dat-model.xlsx\">Datov\u00fd model Spr\u00e1vy \u017eeleznic MP005<\/a><\/li>\n                <li><a  href=\"https:\/\/www.tudc.cz\/wp-content\/plugins\/pritomnost\/geo_doc\/pdf\/Datov\u00fd standard importu stani\u010dn\u00edku LInO.xlsx\">Vzorov\u00e1 tabulka stani\u010dn\u00edk\u016f<\/a><\/li>\n                <li><a  href=\"https:\/\/www.tudc.cz\/wp-content\/plugins\/pritomnost\/geo_doc\/pdf\/MOZeK-prubezne_informace_20240813_upr.pdf\">P\u0159echod na SW Panorama<\/a><\/li>\n                <li><a href=\"https:\/\/www.tudc.cz\/?page_id=3445\">Kontakty<\/a><\/li>\n            <\/ul>\n            <h3>Popis priorit<\/h3>\n            <ol>\n                <li>Nej\u010dast\u011bji pou\u017e\u00edvan\u00e9 prvky.<\/li>\n                <li>M\u00e1lo pou\u017e\u00edvan\u00e9 prvky.<\/li>\n                <li>Prvky, jejich\u017e pou\u017eit\u00ed p\u0159i tvorb\u011b nov\u00fdch dat nen\u00ed povoleno.<\/li>\n            <\/ol>\n        <\/td><td>\n            <h3>Vyhled\u00e1v\u00e1n\u00ed podle textu<\/h3>\n            <form method=\"GET\" action=\"https:\/\/www.tudc.cz\/index.php\/dokumenty\/geo_doc\/geo_doc_list\"><input type=\"hidden\" name=\"druh\" value=\"0\">\n                <table class=\"prit_table\">\n                    <tr><td><input class=\"mw300px\" type=\"text\" name=\"hledat\"><\/td><\/tr>\n                    <tr><td>\n                            <label for=\"h1\">N\u00e1zev<\/label><input class=\"wa\" type=\"checkbox\" id=\"h1\" name=\"h1\" checked\/> |\n                            <label for=\"h2\">Z\u00e1kres<\/label><input class=\"wa\" type=\"checkbox\" id=\"h2\" name=\"h2\" checked\/> |\n                            <label for=\"h3\">Povinn\u00e9 \u00fadaje<\/label><input class=\"wa\" type=\"checkbox\" id=\"h3\" name=\"h3\" checked\/> |\n                            <label for=\"h4\">Zna\u010dka<\/label><input class=\"wa\" type=\"checkbox\" id=\"h4\" name=\"h4\" checked\/> |\n                            <label for=\"h5\">Pozn\u00e1mka<\/label><input class=\"wa\" type=\"checkbox\" id=\"h5\" name=\"h5\" checked\/> |\n                            <label for=\"h6\">Pomocn\u00e9 \u00fadaje<\/label><input class=\"wa\" type=\"checkbox\" id=\"h6\" name=\"h6\" checked\/> |\n                            <label for=\"h7\">DM<\/label><input class=\"wa\" type=\"checkbox\" id=\"h7\" name=\"h7\" checked\/> |\n                            <label for=\"h8\">Vrstva<\/label><input class=\"wa\" type=\"checkbox\" id=\"h8\" name=\"h8\" checked\/><\/td>\n                    <\/tr>\n                    <tr><td><input type=\"submit\" name=\"najit\" value=\"Hledat\"><\/td><\/tr>\n                <\/table>\n            <\/form>\n            <h3>Popis aplikace<\/h3>\n            <ul>\n                <li>Vyhled&aacute;v&aacute;n&iacute; na &uacute;vodn&iacute; str&aacute;nce vyhled&aacute;v&aacute; text ve v&scaron;ech kategori&iacute;ch.<\/li>\n                <li>Vyhled&aacute;v&aacute;n&iacute; uvnit\u0159 kategorie vyhled&aacute; text pouze v dan&eacute; kategorii.<\/li>\n                <li>Pokud je zvolena v r&aacute;mci kategorie p\u0159&iacute;mo konkr&eacute;tn&iacute; vrstva, vyhled&aacute;v&aacute;n&iacute; je omezeno jen na konkr&eacute;tn&iacute; vrstvu.<\/li>\n                <li>Za&scaron;krtnut&iacute;m tla\u010d&iacute;tka V\u010detn\u011b priority 3: se zobraz&iacute; i prvky, jejich\u017e pou\u017e&iacute;v&aacute;n&iacute; bylo zru&scaron;eno.<\/li>\n                <li>Volit m\u016f\u017eete z n\u011bkolika typ\u016f zobrazen&iacute; a n\u011bkolika zp\u016fsob\u016f \u0159azen&iacute; polo\u017eek datab&aacute;ze. V&yacute;choz&iacute; \u0159azen&iacute; odpov&iacute;d&aacute; p\u0159edpisu S\u017d M20\/MP005.<\/li>\n                <li>V sekci \"Dal&scaron;&iacute; informace\" naleznete obecn&eacute; informace, kter&eacute; nejsou s jednotliv&yacute;mi prvky datab&aacute;ze nijak propojeny.<\/li>\n                <li>P\u0159i listov&aacute;n&iacute; uvnit\u0159 z&aacute;znamu, na p\u0159edchoz&iacute; a n&aacute;sleduj&iacute;c&iacute; z&aacute;znam, jsou polo\u017eky \u0159azeny tak, jak jsou pod sebou se\u0159azeny v&nbsp;p\u0159edpisu S\u017d M20\/MP005.<\/li>\n                <li>Z&aacute;lo\u017eka filtr slou\u017e&iacute; pro zad&aacute;n&iacute; hled&aacute;n&iacute; ve v&scaron;ech z&aacute;lo\u017ek&aacute;ch a z&aacute;rove\u0148 se v n&iacute; zobrazuj&iacute; vyhledan&eacute; v&yacute;sledky z &uacute;vodn&iacute; str&aacute;nky.<\/li>\n                <li>P\u0159i zad&aacute;n&iacute; uvozovek na za\u010d&aacute;tku a na konci hledan&eacute;ho v&yacute;razu bude vyhled&aacute;n p\u0159esn&yacute; v&yacute;raz. Nap\u0159. zad&aacute;n&iacute;m: &bdquo;soup&ldquo; budou vyhled&aacute;ny prvky datov&eacute;ho modelu, kter&eacute; obsahuj&iacute; slovo &bdquo;souprava&ldquo;, ale prvky DM kter&aacute; obsahuj&iacute; slovo &bdquo;&scaron;oup&aacute;tko&ldquo; budou p\u0159esko\u010deny. Mezi uvozovky a diakritick&eacute; znaky je mo\u017eno um&iacute;stit mezeru, \u010d&iacute;m\u017e se v&yacute;b\u011br omez&iacute; na slova p\u0159esn\u011b za\u010d&iacute;naj&iacute;c&iacute;, kon\u010d&iacute;c&iacute; \u010di cel&aacute; slova.<\/li>\n            <\/ul>\n        <\/td><\/tr>\n<\/table>\n\n    <\/div>\n    \n","protected":false},"excerpt":{"rendered":"","protected":false},"author":1,"featured_media":0,"parent":20,"menu_order":3,"comment_status":"closed","ping_status":"closed","template":"","meta":{"ngg_post_thumbnail":0,"footnotes":""},"class_list":["post-2937","page","type-page","status-publish","hentry"],"_links":{"self":[{"href":"https:\/\/www.tudc.cz\/index.php\/wp-json\/wp\/v2\/pages\/2937","targetHints":{"allow":["GET"]}}],"collection":[{"href":"https:\/\/www.tudc.cz\/index.php\/wp-json\/wp\/v2\/pages"}],"about":[{"href":"https:\/\/www.tudc.cz\/index.php\/wp-json\/wp\/v2\/types\/page"}],"author":[{"embeddable":true,"href":"https:\/\/www.tudc.cz\/index.php\/wp-json\/wp\/v2\/users\/1"}],"replies":[{"embeddable":true,"href":"https:\/\/www.tudc.cz\/index.php\/wp-json\/wp\/v2\/comments?post=2937"}],"version-history":[{"count":5,"href":"https:\/\/www.tudc.cz\/index.php\/wp-json\/wp\/v2\/pages\/2937\/revisions"}],"predecessor-version":[{"id":3834,"href":"https:\/\/www.tudc.cz\/index.php\/wp-json\/wp\/v2\/pages\/2937\/revisions\/3834"}],"up":[{"embeddable":true,"href":"https:\/\/www.tudc.cz\/index.php\/wp-json\/wp\/v2\/pages\/20"}],"wp:attachment":[{"href":"https:\/\/www.tudc.cz\/index.php\/wp-json\/wp\/v2\/media?parent=2937"}],"curies":[{"name":"wp","href":"https:\/\/api.w.org\/{rel}","templated":true}]}}