{"id":2897,"date":"2017-10-30T11:27:45","date_gmt":"2017-10-30T10:27:45","guid":{"rendered":"https:\/\/www.tudc.cz\/?page_id=2897"},"modified":"2021-08-06T15:03:01","modified_gmt":"2021-08-06T13:03:01","slug":"overovani-zpusobilosti-zhotovitelu-technologii-praci","status":"publish","type":"page","link":"https:\/\/www.tudc.cz\/index.php\/sluzby\/overovani-zpusobilosti-zhotovitelu-technologii-praci\/","title":{"rendered":"Ov\u011b\u0159ov\u00e1n\u00ed zp\u016fsobilosti zhotovitel\u016f technologi\u00ed prac\u00ed"},"content":{"rendered":"<p><strong>Kontroly stroj\u016f:<\/strong><\/p>\n<ul>\n<li>Posuzov\u00e1n\u00ed zp\u016fsobilosti zhotovitel\u016f pro pr\u00e1ce ASP p\u0159esnou metodou (<u><a href=\"https:\/\/www.tudc.cz\/index.php\/dokumenty\/seznam-osvedceni\/provadeni-praci-asp-pomoci-dat-z-ppk\/?lang=cs\">seznam vydan\u00fdch osv\u011bd\u010den\u00ed<\/a><\/u>)<\/li>\n<li>Prov\u00e1d\u011bn\u00ed pravideln\u00fdch kontrol zapisovac\u00edch za\u0159\u00edzen\u00ed stroj\u016f ASP<\/li>\n<li>Schvalov\u00e1n\u00ed z\u00e1znamov\u00fdch za\u0159\u00edzen\u00ed tra\u0165ov\u00fdch stroj\u016f a jejich pravideln\u00e1 kontrola<\/li>\n<li>Posuzov\u00e1n\u00ed technologick\u00fdch parametr\u016f nov\u00fdch stroj\u016f pro pr\u00e1ce na \u017eelezni\u010dn\u00edm svr\u0161ku za \u00fa\u010delem povolen\u00ed jejich vyu\u017eit\u00ed na trat\u00edch ve spr\u00e1v\u011b Spr\u00e1vy \u017eeleznic, st\u00e1tn\u00ed organizace (<u><a href=\"https:\/\/www.tudc.cz\/index.php\/dokumenty\/seznam-osvedceni\/technologicke-vyuziti-tratovych-stroju\/?lang=cs\">seznam vydan\u00fdch osv\u011bd\u010den\u00ed<\/a><\/u>)<\/li>\n<\/ul>\n<p><strong>Ov\u011b\u0159ov\u00e1n\u00ed a zav\u00e1d\u011bn\u00ed a nov\u00fdch technologi\u00ed:<\/strong><\/p>\n<ul>\n<li>Zkou\u0161en\u00ed a zav\u00e1d\u011bn\u00ed nov\u00fdch technologi\u00ed v oblasti \u017eelezni\u010dn\u00edho svr\u0161ku, zakl\u00e1d\u00e1n\u00ed zku\u0161ebn\u00edch \u00fasek\u016f<\/li>\n<li>Provozn\u00ed ov\u011b\u0159ov\u00e1n\u00ed nov\u00fdch technologi\u00ed pro \u017eelezni\u010dn\u00ed stavby extern\u00edm zhotovitel\u016fm prac\u00ed<\/li>\n<\/ul>\n<p><strong>Zkou\u0161ky a vyd\u00e1v\u00e1n\u00ed osv\u011bd\u010den\u00ed:<\/strong><\/p>\n<ul>\n<li>Ov\u011b\u0159ov\u00e1n\u00ed zp\u016fsobilosti zhotovitel\u016f a vyd\u00e1v\u00e1n\u00ed osv\u011bd\u010den\u00ed na brou\u0161en\u00ed poj\u00ed\u017ed\u011bn\u00fdch sou\u010d\u00e1st\u00ed v\u00fdhybek pro intern\u00ed a extern\u00ed zhotovitele (<u><a href=\"https:\/\/www.tudc.cz\/index.php\/dokumenty\/seznam-osvedceni\/brouseni-pojizdenych-soucasti-vyhybek-externi\/?lang=cs\">seznam vydan\u00fdch osv\u011bd\u010den\u00ed<\/a><\/u>)<\/li>\n<li>Ov\u011b\u0159ov\u00e1n\u00ed zp\u016fsobilosti zhotovitel\u016f a vyd\u00e1v\u00e1n\u00ed osv\u011bd\u010den\u00ed k \u010d\u00e1ste\u010dn\u00e9 demont\u00e1\u017ei a zp\u011btn\u00e9 mont\u00e1\u017ei \u010delis\u0165ov\u00fdch z\u00e1v\u011br\u016f VZ 200 (<u><a href=\"https:\/\/www.tudc.cz\/index.php\/dokumenty\/seznam-osvedceni\/castecne-demontaze-a-zpetne-montaze-celistovych-zaveru-vz-200\/?lang=cs\">seznam vydan\u00fdch osv\u011bd\u010den\u00ed<\/a><\/u>)<\/li>\n<\/ul>\n<p><strong>Ing. Pavel Fiala<\/strong> tel.: +420 972 740 729, e-mail: <a href=\"mailto:FialaPa@spravazeleznic.cz\">FialaPa@spravazeleznic.cz<\/a><\/p>\n\n\n<p><\/p>\n","protected":false},"excerpt":{"rendered":"<p>Kontroly stroj\u016f: Posuzov\u00e1n\u00ed zp\u016fsobilosti zhotovitel\u016f pro pr\u00e1ce ASP p\u0159esnou metodou (seznam vydan\u00fdch osv\u011bd\u010den\u00ed) Prov\u00e1d\u011bn\u00ed pravideln\u00fdch kontrol zapisovac\u00edch za\u0159\u00edzen\u00ed stroj\u016f ASP Schvalov\u00e1n\u00ed z\u00e1znamov\u00fdch za\u0159\u00edzen\u00ed tra\u0165ov\u00fdch stroj\u016f a jejich pravideln\u00e1 kontrola Posuzov\u00e1n\u00ed technologick\u00fdch parametr\u016f nov\u00fdch stroj\u016f pro pr\u00e1ce na \u017eelezni\u010dn\u00edm svr\u0161ku za \u00fa\u010delem povolen\u00ed jejich vyu\u017eit\u00ed na trat\u00edch ve spr\u00e1v\u011b Spr\u00e1vy \u017eeleznic, st\u00e1tn\u00ed organizace (seznam vydan\u00fdch osv\u011bd\u010den\u00ed) [&hellip;]<\/p>\n","protected":false},"author":1,"featured_media":0,"parent":22,"menu_order":0,"comment_status":"closed","ping_status":"closed","template":"","meta":{"ngg_post_thumbnail":0,"footnotes":""},"class_list":["post-2897","page","type-page","status-publish","hentry"],"_links":{"self":[{"href":"https:\/\/www.tudc.cz\/index.php\/wp-json\/wp\/v2\/pages\/2897","targetHints":{"allow":["GET"]}}],"collection":[{"href":"https:\/\/www.tudc.cz\/index.php\/wp-json\/wp\/v2\/pages"}],"about":[{"href":"https:\/\/www.tudc.cz\/index.php\/wp-json\/wp\/v2\/types\/page"}],"author":[{"embeddable":true,"href":"https:\/\/www.tudc.cz\/index.php\/wp-json\/wp\/v2\/users\/1"}],"replies":[{"embeddable":true,"href":"https:\/\/www.tudc.cz\/index.php\/wp-json\/wp\/v2\/comments?post=2897"}],"version-history":[{"count":7,"href":"https:\/\/www.tudc.cz\/index.php\/wp-json\/wp\/v2\/pages\/2897\/revisions"}],"predecessor-version":[{"id":3574,"href":"https:\/\/www.tudc.cz\/index.php\/wp-json\/wp\/v2\/pages\/2897\/revisions\/3574"}],"up":[{"embeddable":true,"href":"https:\/\/www.tudc.cz\/index.php\/wp-json\/wp\/v2\/pages\/22"}],"wp:attachment":[{"href":"https:\/\/www.tudc.cz\/index.php\/wp-json\/wp\/v2\/media?parent=2897"}],"curies":[{"name":"wp","href":"https:\/\/api.w.org\/{rel}","templated":true}]}}