{"id":276,"date":"2016-01-12T11:05:14","date_gmt":"2016-01-12T11:05:14","guid":{"rendered":"https:\/\/www.tudc.cz\/?page_id=276"},"modified":"2017-09-25T13:21:10","modified_gmt":"2017-09-25T11:21:10","slug":"fotogalerie","status":"publish","type":"page","link":"https:\/\/www.tudc.cz\/index.php\/muzeum\/muzeum-hradec-kralove\/fotogalerie\/","title":{"rendered":"Fotogalerie"},"content":{"rendered":"<!-- index.php -->\n<div\n\tclass=\"ngg-galleryoverview ngg-ajax-pagination-none\"\n\tid=\"ngg-gallery-1b79aee47aa2c602547e4b61b4734e0a-1\">\n\n    \t<div class=\"slideshowlink\">\n        <a href='https:\/\/www.tudc.cz\/index.php\/muzeum\/muzeum-hradec-kralove\/fotogalerie\/nggallery\/slideshow'>&#091;Uk\u00e1zat prezentaci&#093;<\/a>\n\t\t\n\t<\/div>\n\t\t\t<!-- Thumbnails -->\n\t\t\t\t<div id=\"ngg-image-0\" class=\"ngg-gallery-thumbnail-box\" >\n\t\t\t\t        <div class=\"ngg-gallery-thumbnail\">\n            <a href=\"https:\/\/www.tudc.cz\/wp-content\/gallery\/muzeum-hradec-kralove\/meszt001.jpg\"\n               title=\"Dobov\u00e1 dopravn\u00ed kancel\u00e1\u0159\"\n               data-src=\"https:\/\/www.tudc.cz\/wp-content\/gallery\/muzeum-hradec-kralove\/meszt001.jpg\"\n               data-thumbnail=\"https:\/\/www.tudc.cz\/wp-content\/gallery\/muzeum-hradec-kralove\/thumbs\/thumbs_meszt001.jpg\"\n               data-image-id=\"18\"\n               data-title=\"Dobov\u00e1 dopravn\u00ed kancel\u00e1\u0159\"\n               data-description=\"Dobov\u00e1 dopravn\u00ed kancel\u00e1\u0159\"\n               data-image-slug=\"meszt001\"\n               class=\"ngg-fancybox\" rel=\"1b79aee47aa2c602547e4b61b4734e0a\">\n                <img\n                    title=\"Dobov\u00e1 dopravn\u00ed kancel\u00e1\u0159\"\n                    alt=\"Dobov\u00e1 dopravn\u00ed kancel\u00e1\u0159\"\n                    src=\"https:\/\/www.tudc.cz\/wp-content\/gallery\/muzeum-hradec-kralove\/thumbs\/thumbs_meszt001.jpg\"\n                    width=\"240\"\n                    height=\"160\"\n                    style=\"max-width:100%;\"\n                \/>\n            <\/a>\n        <\/div>\n\t\t\t\t\t\t\t<\/div> \n\t\t\t\n        \n\t\t\t\t<div id=\"ngg-image-1\" class=\"ngg-gallery-thumbnail-box\" >\n\t\t\t\t        <div class=\"ngg-gallery-thumbnail\">\n            <a href=\"https:\/\/www.tudc.cz\/wp-content\/gallery\/muzeum-hradec-kralove\/meszt002.jpg\"\n               title=\"Distan\u010dn\u00ed n\u00e1v\u011bstidlo\"\n               data-src=\"https:\/\/www.tudc.cz\/wp-content\/gallery\/muzeum-hradec-kralove\/meszt002.jpg\"\n               data-thumbnail=\"https:\/\/www.tudc.cz\/wp-content\/gallery\/muzeum-hradec-kralove\/thumbs\/thumbs_meszt002.jpg\"\n               data-image-id=\"19\"\n               data-title=\"Distan\u010dn\u00ed n\u00e1v\u011bstidlo\"\n               data-description=\"Distan\u010dn\u00ed n\u00e1v\u011bstidlo\"\n               data-image-slug=\"meszt002-2\"\n               class=\"ngg-fancybox\" rel=\"1b79aee47aa2c602547e4b61b4734e0a\">\n                <img\n                    title=\"Distan\u010dn\u00ed n\u00e1v\u011bstidlo\"\n                    alt=\"Distan\u010dn\u00ed n\u00e1v\u011bstidlo\"\n                    src=\"https:\/\/www.tudc.cz\/wp-content\/gallery\/muzeum-hradec-kralove\/thumbs\/thumbs_meszt002.jpg\"\n                    width=\"240\"\n                    height=\"160\"\n                    style=\"max-width:100%;\"\n                \/>\n            <\/a>\n        <\/div>\n\t\t\t\t\t\t\t<\/div> \n\t\t\t\n        \n\t\t\t\t<div id=\"ngg-image-2\" class=\"ngg-gallery-thumbnail-box\" >\n\t\t\t\t        <div class=\"ngg-gallery-thumbnail\">\n            <a href=\"https:\/\/www.tudc.cz\/wp-content\/gallery\/muzeum-hradec-kralove\/meszt004.jpg\"\n               title=\"Mechanick\u00e9 stav\u011bdlo pro mal\u00e9 stanice typu SA 12\"\n               data-src=\"https:\/\/www.tudc.cz\/wp-content\/gallery\/muzeum-hradec-kralove\/meszt004.jpg\"\n               data-thumbnail=\"https:\/\/www.tudc.cz\/wp-content\/gallery\/muzeum-hradec-kralove\/thumbs\/thumbs_meszt004.jpg\"\n               data-image-id=\"21\"\n               data-title=\"Mechanick\u00e9 stav\u011bdlo pro mal\u00e9 stanice typu SA 12\"\n               data-description=\"Mechanick\u00e9 stav\u011bdlo pro mal\u00e9 stanice typu SA 12\"\n               data-image-slug=\"meszt004-2\"\n               class=\"ngg-fancybox\" rel=\"1b79aee47aa2c602547e4b61b4734e0a\">\n                <img\n                    title=\"Mechanick\u00e9 stav\u011bdlo pro mal\u00e9 stanice typu SA 12\"\n                    alt=\"Mechanick\u00e9 stav\u011bdlo pro mal\u00e9 stanice typu SA 12\"\n                    src=\"https:\/\/www.tudc.cz\/wp-content\/gallery\/muzeum-hradec-kralove\/thumbs\/thumbs_meszt004.jpg\"\n                    width=\"240\"\n                    height=\"160\"\n                    style=\"max-width:100%;\"\n                \/>\n            <\/a>\n        <\/div>\n\t\t\t\t\t\t\t<\/div> \n\t\t\t\n        \n\t\t\t\t<div id=\"ngg-image-3\" class=\"ngg-gallery-thumbnail-box\" >\n\t\t\t\t        <div class=\"ngg-gallery-thumbnail\">\n            <a href=\"https:\/\/www.tudc.cz\/wp-content\/gallery\/muzeum-hradec-kralove\/meszt005.jpg\"\n               title=\"\u0158\u00edd\u00edc\u00ed p\u0159\u00edstroj 5007 a stav\u011bdlov\u00fd p\u0159\u00edstroj typu Einheit (\u017est. Brunt\u00e1l)\"\n               data-src=\"https:\/\/www.tudc.cz\/wp-content\/gallery\/muzeum-hradec-kralove\/meszt005.jpg\"\n               data-thumbnail=\"https:\/\/www.tudc.cz\/wp-content\/gallery\/muzeum-hradec-kralove\/thumbs\/thumbs_meszt005.jpg\"\n               data-image-id=\"22\"\n               data-title=\"\u0158\u00edd\u00edc\u00ed p\u0159\u00edstroj 5007 a stav\u011bdlov\u00fd p\u0159\u00edstroj typu Einheit (\u017est. Brunt\u00e1l)\"\n               data-description=\"\u0158\u00edd\u00edc\u00ed p\u0159\u00edstroj 5007 a stav\u011bdlov\u00fd p\u0159\u00edstroj typu Einheit (\u017est. Brunt\u00e1l)\"\n               data-image-slug=\"meszt005-2\"\n               class=\"ngg-fancybox\" rel=\"1b79aee47aa2c602547e4b61b4734e0a\">\n                <img\n                    title=\"\u0158\u00edd\u00edc\u00ed p\u0159\u00edstroj 5007 a stav\u011bdlov\u00fd p\u0159\u00edstroj typu Einheit (\u017est. Brunt\u00e1l)\"\n                    alt=\"\u0158\u00edd\u00edc\u00ed p\u0159\u00edstroj 5007 a stav\u011bdlov\u00fd p\u0159\u00edstroj typu Einheit (\u017est. Brunt\u00e1l)\"\n                    src=\"https:\/\/www.tudc.cz\/wp-content\/gallery\/muzeum-hradec-kralove\/thumbs\/thumbs_meszt005.jpg\"\n                    width=\"240\"\n                    height=\"160\"\n                    style=\"max-width:100%;\"\n                \/>\n            <\/a>\n        <\/div>\n\t\t\t\t\t\t\t<\/div> \n\t\t\t\n        \n\t\t\t\t<div id=\"ngg-image-4\" class=\"ngg-gallery-thumbnail-box\" >\n\t\t\t\t        <div class=\"ngg-gallery-thumbnail\">\n            <a href=\"https:\/\/www.tudc.cz\/wp-content\/gallery\/muzeum-hradec-kralove\/meszt006.jpg\"\n               title=\"Stav\u011bdlov\u00fd p\u0159\u00edstroj typu Einheit\"\n               data-src=\"https:\/\/www.tudc.cz\/wp-content\/gallery\/muzeum-hradec-kralove\/meszt006.jpg\"\n               data-thumbnail=\"https:\/\/www.tudc.cz\/wp-content\/gallery\/muzeum-hradec-kralove\/thumbs\/thumbs_meszt006.jpg\"\n               data-image-id=\"23\"\n               data-title=\"Stav\u011bdlov\u00fd p\u0159\u00edstroj typu Einheit\"\n               data-description=\"Stav\u011bdlov\u00fd p\u0159\u00edstroj typu Einheit\"\n               data-image-slug=\"meszt006-2\"\n               class=\"ngg-fancybox\" rel=\"1b79aee47aa2c602547e4b61b4734e0a\">\n                <img\n                    title=\"Stav\u011bdlov\u00fd p\u0159\u00edstroj typu Einheit\"\n                    alt=\"Stav\u011bdlov\u00fd p\u0159\u00edstroj typu Einheit\"\n                    src=\"https:\/\/www.tudc.cz\/wp-content\/gallery\/muzeum-hradec-kralove\/thumbs\/thumbs_meszt006.jpg\"\n                    width=\"240\"\n                    height=\"160\"\n                    style=\"max-width:100%;\"\n                \/>\n            <\/a>\n        <\/div>\n\t\t\t\t\t\t\t<\/div> \n\t\t\t\n        \n\t\t\t\t<div id=\"ngg-image-5\" class=\"ngg-gallery-thumbnail-box\" >\n\t\t\t\t        <div class=\"ngg-gallery-thumbnail\">\n            <a href=\"https:\/\/www.tudc.cz\/wp-content\/gallery\/muzeum-hradec-kralove\/meszt007.jpg\"\n               title=\"Klikov\u00fd \u0159\u00edd\u00edc\u00ed p\u0159\u00edstroj pro mal\u00e9 stanice\"\n               data-src=\"https:\/\/www.tudc.cz\/wp-content\/gallery\/muzeum-hradec-kralove\/meszt007.jpg\"\n               data-thumbnail=\"https:\/\/www.tudc.cz\/wp-content\/gallery\/muzeum-hradec-kralove\/thumbs\/thumbs_meszt007.jpg\"\n               data-image-id=\"24\"\n               data-title=\"Klikov\u00fd \u0159\u00edd\u00edc\u00ed p\u0159\u00edstroj pro mal\u00e9 stanice\"\n               data-description=\"Klikov\u00fd \u0159\u00edd\u00edc\u00ed p\u0159\u00edstroj pro mal\u00e9 stanice\"\n               data-image-slug=\"meszt007-1\"\n               class=\"ngg-fancybox\" rel=\"1b79aee47aa2c602547e4b61b4734e0a\">\n                <img\n                    title=\"Klikov\u00fd \u0159\u00edd\u00edc\u00ed p\u0159\u00edstroj pro mal\u00e9 stanice\"\n                    alt=\"Klikov\u00fd \u0159\u00edd\u00edc\u00ed p\u0159\u00edstroj pro mal\u00e9 stanice\"\n                    src=\"https:\/\/www.tudc.cz\/wp-content\/gallery\/muzeum-hradec-kralove\/thumbs\/thumbs_meszt007.jpg\"\n                    width=\"240\"\n                    height=\"160\"\n                    style=\"max-width:100%;\"\n                \/>\n            <\/a>\n        <\/div>\n\t\t\t\t\t\t\t<\/div> \n\t\t\t\n        \n\t\t\t\t<div id=\"ngg-image-6\" class=\"ngg-gallery-thumbnail-box\" >\n\t\t\t\t        <div class=\"ngg-gallery-thumbnail\">\n            <a href=\"https:\/\/www.tudc.cz\/wp-content\/gallery\/muzeum-hradec-kralove\/meszt008.jpg\"\n               title=\"P\u0159\u00edstroj tra\u0165ov\u00e9ho hradla Siemens\"\n               data-src=\"https:\/\/www.tudc.cz\/wp-content\/gallery\/muzeum-hradec-kralove\/meszt008.jpg\"\n               data-thumbnail=\"https:\/\/www.tudc.cz\/wp-content\/gallery\/muzeum-hradec-kralove\/thumbs\/thumbs_meszt008.jpg\"\n               data-image-id=\"25\"\n               data-title=\"P\u0159\u00edstroj tra\u0165ov\u00e9ho hradla Siemens\"\n               data-description=\"P\u0159\u00edstroj tra\u0165ov\u00e9ho hradla Siemens\"\n               data-image-slug=\"meszt008-1\"\n               class=\"ngg-fancybox\" rel=\"1b79aee47aa2c602547e4b61b4734e0a\">\n                <img\n                    title=\"P\u0159\u00edstroj tra\u0165ov\u00e9ho hradla Siemens\"\n                    alt=\"P\u0159\u00edstroj tra\u0165ov\u00e9ho hradla Siemens\"\n                    src=\"https:\/\/www.tudc.cz\/wp-content\/gallery\/muzeum-hradec-kralove\/thumbs\/thumbs_meszt008.jpg\"\n                    width=\"240\"\n                    height=\"160\"\n                    style=\"max-width:100%;\"\n                \/>\n            <\/a>\n        <\/div>\n\t\t\t\t\t\t\t<\/div> \n\t\t\t\n        \n\t\t\t\t<div id=\"ngg-image-7\" class=\"ngg-gallery-thumbnail-box\" >\n\t\t\t\t        <div class=\"ngg-gallery-thumbnail\">\n            <a href=\"https:\/\/www.tudc.cz\/wp-content\/gallery\/muzeum-hradec-kralove\/meszt009.jpg\"\n               title=\"Elektrodynamick\u00fd stav\u011bdlov\u00fd p\u0159\u00edstroj (\u017est.\u017damberk) a rozvad\u011b\u010d elektrodynamick\u00e9ho za\u0159\u00edzen\u00ed (\u017est.P\u0159erov)\"\n               data-src=\"https:\/\/www.tudc.cz\/wp-content\/gallery\/muzeum-hradec-kralove\/meszt009.jpg\"\n               data-thumbnail=\"https:\/\/www.tudc.cz\/wp-content\/gallery\/muzeum-hradec-kralove\/thumbs\/thumbs_meszt009.jpg\"\n               data-image-id=\"26\"\n               data-title=\"Elektrodynamick\u00fd stav\u011bdlov\u00fd p\u0159\u00edstroj (\u017est.\u017damberk) a rozvad\u011b\u010d elektrodynamick\u00e9ho za\u0159\u00edzen\u00ed (\u017est.P\u0159erov)\"\n               data-description=\"Elektrodynamick\u00fd stav\u011bdlov\u00fd p\u0159\u00edstroj (\u017est.\u017damberk) a rozvad\u011b\u010d elektrodynamick\u00e9ho za\u0159\u00edzen\u00ed (\u017est.P\u0159erov)\"\n               data-image-slug=\"meszt009-1\"\n               class=\"ngg-fancybox\" rel=\"1b79aee47aa2c602547e4b61b4734e0a\">\n                <img\n                    title=\"Elektrodynamick\u00fd stav\u011bdlov\u00fd p\u0159\u00edstroj (\u017est.\u017damberk) a rozvad\u011b\u010d elektrodynamick\u00e9ho za\u0159\u00edzen\u00ed (\u017est.P\u0159erov)\"\n                    alt=\"Elektrodynamick\u00fd stav\u011bdlov\u00fd p\u0159\u00edstroj (\u017est.\u017damberk) a rozvad\u011b\u010d elektrodynamick\u00e9ho za\u0159\u00edzen\u00ed (\u017est.P\u0159erov)\"\n                    src=\"https:\/\/www.tudc.cz\/wp-content\/gallery\/muzeum-hradec-kralove\/thumbs\/thumbs_meszt009.jpg\"\n                    width=\"240\"\n                    height=\"160\"\n                    style=\"max-width:100%;\"\n                \/>\n            <\/a>\n        <\/div>\n\t\t\t\t\t\t\t<\/div> \n\t\t\t\n        \n\t\t\t\t<div id=\"ngg-image-8\" class=\"ngg-gallery-thumbnail-box\" >\n\t\t\t\t        <div class=\"ngg-gallery-thumbnail\">\n            <a href=\"https:\/\/www.tudc.cz\/wp-content\/gallery\/muzeum-hradec-kralove\/meszt010.jpg\"\n               title=\"Kl\u00ed\u010dov\u00fd p\u0159\u00edstroj s hradlovou sk\u0159\u00edn\u00ed tzv. bubnov\u00fd p\u0159\u00edstroj\"\n               data-src=\"https:\/\/www.tudc.cz\/wp-content\/gallery\/muzeum-hradec-kralove\/meszt010.jpg\"\n               data-thumbnail=\"https:\/\/www.tudc.cz\/wp-content\/gallery\/muzeum-hradec-kralove\/thumbs\/thumbs_meszt010.jpg\"\n               data-image-id=\"27\"\n               data-title=\"Kl\u00ed\u010dov\u00fd p\u0159\u00edstroj s hradlovou sk\u0159\u00edn\u00ed tzv. bubnov\u00fd p\u0159\u00edstroj\"\n               data-description=\"Kl\u00ed\u010dov\u00fd p\u0159\u00edstroj s hradlovou sk\u0159\u00edn\u00ed tzv. bubnov\u00fd p\u0159\u00edstroj\"\n               data-image-slug=\"meszt010-1\"\n               class=\"ngg-fancybox\" rel=\"1b79aee47aa2c602547e4b61b4734e0a\">\n                <img\n                    title=\"Kl\u00ed\u010dov\u00fd p\u0159\u00edstroj s hradlovou sk\u0159\u00edn\u00ed tzv. bubnov\u00fd p\u0159\u00edstroj\"\n                    alt=\"Kl\u00ed\u010dov\u00fd p\u0159\u00edstroj s hradlovou sk\u0159\u00edn\u00ed tzv. bubnov\u00fd p\u0159\u00edstroj\"\n                    src=\"https:\/\/www.tudc.cz\/wp-content\/gallery\/muzeum-hradec-kralove\/thumbs\/thumbs_meszt010.jpg\"\n                    width=\"240\"\n                    height=\"160\"\n                    style=\"max-width:100%;\"\n                \/>\n            <\/a>\n        <\/div>\n\t\t\t\t\t\t\t<\/div> \n\t\t\t\n        \n\t\t\t\t<div id=\"ngg-image-9\" class=\"ngg-gallery-thumbnail-box\" >\n\t\t\t\t        <div class=\"ngg-gallery-thumbnail\">\n            <a href=\"https:\/\/www.tudc.cz\/wp-content\/gallery\/muzeum-hradec-kralove\/meszt011.jpg\"\n               title=\"Kl\u00ed\u010dov\u00fd \u0159\u00edd\u00edc\u00ed p\u0159\u00edstroj\"\n               data-src=\"https:\/\/www.tudc.cz\/wp-content\/gallery\/muzeum-hradec-kralove\/meszt011.jpg\"\n               data-thumbnail=\"https:\/\/www.tudc.cz\/wp-content\/gallery\/muzeum-hradec-kralove\/thumbs\/thumbs_meszt011.jpg\"\n               data-image-id=\"28\"\n               data-title=\"Kl\u00ed\u010dov\u00fd \u0159\u00edd\u00edc\u00ed p\u0159\u00edstroj\"\n               data-description=\"Kl\u00ed\u010dov\u00fd \u0159\u00edd\u00edc\u00ed p\u0159\u00edstroj\"\n               data-image-slug=\"meszt011-1\"\n               class=\"ngg-fancybox\" rel=\"1b79aee47aa2c602547e4b61b4734e0a\">\n                <img\n                    title=\"Kl\u00ed\u010dov\u00fd \u0159\u00edd\u00edc\u00ed p\u0159\u00edstroj\"\n                    alt=\"Kl\u00ed\u010dov\u00fd \u0159\u00edd\u00edc\u00ed p\u0159\u00edstroj\"\n                    src=\"https:\/\/www.tudc.cz\/wp-content\/gallery\/muzeum-hradec-kralove\/thumbs\/thumbs_meszt011.jpg\"\n                    width=\"240\"\n                    height=\"160\"\n                    style=\"max-width:100%;\"\n                \/>\n            <\/a>\n        <\/div>\n\t\t\t\t\t\t\t<\/div> \n\t\t\t\n        \n\t\t\t\t<div id=\"ngg-image-10\" class=\"ngg-gallery-thumbnail-box\" >\n\t\t\t\t        <div class=\"ngg-gallery-thumbnail\">\n            <a href=\"https:\/\/www.tudc.cz\/wp-content\/gallery\/muzeum-hradec-kralove\/meszt012.jpg\"\n               title=\"\u00dast\u0159edn\u00ed z\u00e1mek pro z\u0159\u00edzen\u00ed z\u00e1vislosti mezi v\u00fdhybkami a n\u00e1v\u011bstidly\"\n               data-src=\"https:\/\/www.tudc.cz\/wp-content\/gallery\/muzeum-hradec-kralove\/meszt012.jpg\"\n               data-thumbnail=\"https:\/\/www.tudc.cz\/wp-content\/gallery\/muzeum-hradec-kralove\/thumbs\/thumbs_meszt012.jpg\"\n               data-image-id=\"29\"\n               data-title=\"\u00dast\u0159edn\u00ed z\u00e1mek pro z\u0159\u00edzen\u00ed z\u00e1vislosti mezi v\u00fdhybkami a n\u00e1v\u011bstidly\"\n               data-description=\"\u00dast\u0159edn\u00ed z\u00e1mek pro z\u0159\u00edzen\u00ed z\u00e1vislosti mezi v\u00fdhybkami a n\u00e1v\u011bstidly\"\n               data-image-slug=\"meszt012\"\n               class=\"ngg-fancybox\" rel=\"1b79aee47aa2c602547e4b61b4734e0a\">\n                <img\n                    title=\"\u00dast\u0159edn\u00ed z\u00e1mek pro z\u0159\u00edzen\u00ed z\u00e1vislosti mezi v\u00fdhybkami a n\u00e1v\u011bstidly\"\n                    alt=\"\u00dast\u0159edn\u00ed z\u00e1mek pro z\u0159\u00edzen\u00ed z\u00e1vislosti mezi v\u00fdhybkami a n\u00e1v\u011bstidly\"\n                    src=\"https:\/\/www.tudc.cz\/wp-content\/gallery\/muzeum-hradec-kralove\/thumbs\/thumbs_meszt012.jpg\"\n                    width=\"240\"\n                    height=\"160\"\n                    style=\"max-width:100%;\"\n                \/>\n            <\/a>\n        <\/div>\n\t\t\t\t\t\t\t<\/div> \n\t\t\t\n        \n\t\t\t\t<div id=\"ngg-image-11\" class=\"ngg-gallery-thumbnail-box\" >\n\t\t\t\t        <div class=\"ngg-gallery-thumbnail\">\n            <a href=\"https:\/\/www.tudc.cz\/wp-content\/gallery\/muzeum-hradec-kralove\/meszt013.jpg\"\n               title=\"Model nadzemn\u00edho veden\u00ed, p\u0159\u00eddavn\u00e9 telefonn\u00ed zvonky a n\u00e1hradn\u00ed zapojova\u010d s MB p\u0159\u00edstrojem\"\n               data-src=\"https:\/\/www.tudc.cz\/wp-content\/gallery\/muzeum-hradec-kralove\/meszt013.jpg\"\n               data-thumbnail=\"https:\/\/www.tudc.cz\/wp-content\/gallery\/muzeum-hradec-kralove\/thumbs\/thumbs_meszt013.jpg\"\n               data-image-id=\"30\"\n               data-title=\"Model nadzemn\u00edho veden\u00ed, p\u0159\u00eddavn\u00e9 telefonn\u00ed zvonky a n\u00e1hradn\u00ed zapojova\u010d s MB p\u0159\u00edstrojem\"\n               data-description=\"Model nadzemn\u00edho veden\u00ed, p\u0159\u00eddavn\u00e9 telefonn\u00ed zvonky a n\u00e1hradn\u00ed zapojova\u010d s MB p\u0159\u00edstrojem\"\n               data-image-slug=\"meszt013\"\n               class=\"ngg-fancybox\" rel=\"1b79aee47aa2c602547e4b61b4734e0a\">\n                <img\n                    title=\"Model nadzemn\u00edho veden\u00ed, p\u0159\u00eddavn\u00e9 telefonn\u00ed zvonky a n\u00e1hradn\u00ed zapojova\u010d s MB p\u0159\u00edstrojem\"\n                    alt=\"Model nadzemn\u00edho veden\u00ed, p\u0159\u00eddavn\u00e9 telefonn\u00ed zvonky a n\u00e1hradn\u00ed zapojova\u010d s MB p\u0159\u00edstrojem\"\n                    src=\"https:\/\/www.tudc.cz\/wp-content\/gallery\/muzeum-hradec-kralove\/thumbs\/thumbs_meszt013.jpg\"\n                    width=\"240\"\n                    height=\"160\"\n                    style=\"max-width:100%;\"\n                \/>\n            <\/a>\n        <\/div>\n\t\t\t\t\t\t\t<\/div> \n\t\t\t\n        \n\t\t\t\t<div id=\"ngg-image-12\" class=\"ngg-gallery-thumbnail-box\" >\n\t\t\t\t        <div class=\"ngg-gallery-thumbnail\">\n            <a href=\"https:\/\/www.tudc.cz\/wp-content\/gallery\/muzeum-hradec-kralove\/meszt014.jpg\"\n               title=\"Venkovn\u00ed telefonn\u00ed objekt u modelu nadzemn\u00edho veden\u00ed\"\n               data-src=\"https:\/\/www.tudc.cz\/wp-content\/gallery\/muzeum-hradec-kralove\/meszt014.jpg\"\n               data-thumbnail=\"https:\/\/www.tudc.cz\/wp-content\/gallery\/muzeum-hradec-kralove\/thumbs\/thumbs_meszt014.jpg\"\n               data-image-id=\"31\"\n               data-title=\"Venkovn\u00ed telefonn\u00ed objekt u modelu nadzemn\u00edho veden\u00ed\"\n               data-description=\"Venkovn\u00ed telefonn\u00ed objekt u modelu nadzemn\u00edho veden\u00ed\"\n               data-image-slug=\"meszt014\"\n               class=\"ngg-fancybox\" rel=\"1b79aee47aa2c602547e4b61b4734e0a\">\n                <img\n                    title=\"Venkovn\u00ed telefonn\u00ed objekt u modelu nadzemn\u00edho veden\u00ed\"\n                    alt=\"Venkovn\u00ed telefonn\u00ed objekt u modelu nadzemn\u00edho veden\u00ed\"\n                    src=\"https:\/\/www.tudc.cz\/wp-content\/gallery\/muzeum-hradec-kralove\/thumbs\/thumbs_meszt014.jpg\"\n                    width=\"240\"\n                    height=\"160\"\n                    style=\"max-width:100%;\"\n                \/>\n            <\/a>\n        <\/div>\n\t\t\t\t\t\t\t<\/div> \n\t\t\t\n        \n\t\t\t\t<div id=\"ngg-image-13\" class=\"ngg-gallery-thumbnail-box\" >\n\t\t\t\t        <div class=\"ngg-gallery-thumbnail\">\n            <a href=\"https:\/\/www.tudc.cz\/wp-content\/gallery\/muzeum-hradec-kralove\/meszt015.jpg\"\n               title=\"Telegrafn\u00ed pracovi\u0161t\u011b s barvopisn\u00fdm telegrafn\u00edm p\u0159\u00edstrojem\"\n               data-src=\"https:\/\/www.tudc.cz\/wp-content\/gallery\/muzeum-hradec-kralove\/meszt015.jpg\"\n               data-thumbnail=\"https:\/\/www.tudc.cz\/wp-content\/gallery\/muzeum-hradec-kralove\/thumbs\/thumbs_meszt015.jpg\"\n               data-image-id=\"32\"\n               data-title=\"Telegrafn\u00ed pracovi\u0161t\u011b s barvopisn\u00fdm telegrafn\u00edm p\u0159\u00edstrojem\"\n               data-description=\"Telegrafn\u00ed pracovi\u0161t\u011b s barvopisn\u00fdm telegrafn\u00edm p\u0159\u00edstrojem\"\n               data-image-slug=\"meszt015\"\n               class=\"ngg-fancybox\" rel=\"1b79aee47aa2c602547e4b61b4734e0a\">\n                <img\n                    title=\"Telegrafn\u00ed pracovi\u0161t\u011b s barvopisn\u00fdm telegrafn\u00edm p\u0159\u00edstrojem\"\n                    alt=\"Telegrafn\u00ed pracovi\u0161t\u011b s barvopisn\u00fdm telegrafn\u00edm p\u0159\u00edstrojem\"\n                    src=\"https:\/\/www.tudc.cz\/wp-content\/gallery\/muzeum-hradec-kralove\/thumbs\/thumbs_meszt015.jpg\"\n                    width=\"240\"\n                    height=\"160\"\n                    style=\"max-width:100%;\"\n                \/>\n            <\/a>\n        <\/div>\n\t\t\t\t\t\t\t<\/div> \n\t\t\t\n        \n\t\t\t\t<div id=\"ngg-image-14\" class=\"ngg-gallery-thumbnail-box\" >\n\t\t\t\t        <div class=\"ngg-gallery-thumbnail\">\n            <a href=\"https:\/\/www.tudc.cz\/wp-content\/gallery\/muzeum-hradec-kralove\/meszt016.jpg\"\n               title=\"\u0158\u00edd\u00edc\u00ed p\u0159\u00edstroj typu 3414 Siemens\"\n               data-src=\"https:\/\/www.tudc.cz\/wp-content\/gallery\/muzeum-hradec-kralove\/meszt016.jpg\"\n               data-thumbnail=\"https:\/\/www.tudc.cz\/wp-content\/gallery\/muzeum-hradec-kralove\/thumbs\/thumbs_meszt016.jpg\"\n               data-image-id=\"33\"\n               data-title=\"\u0158\u00edd\u00edc\u00ed p\u0159\u00edstroj typu 3414 Siemens\"\n               data-description=\"\u0158\u00edd\u00edc\u00ed p\u0159\u00edstroj typu 3414 Siemens\"\n               data-image-slug=\"meszt016-1\"\n               class=\"ngg-fancybox\" rel=\"1b79aee47aa2c602547e4b61b4734e0a\">\n                <img\n                    title=\"\u0158\u00edd\u00edc\u00ed p\u0159\u00edstroj typu 3414 Siemens\"\n                    alt=\"\u0158\u00edd\u00edc\u00ed p\u0159\u00edstroj typu 3414 Siemens\"\n                    src=\"https:\/\/www.tudc.cz\/wp-content\/gallery\/muzeum-hradec-kralove\/thumbs\/thumbs_meszt016.jpg\"\n                    width=\"240\"\n                    height=\"160\"\n                    style=\"max-width:100%;\"\n                \/>\n            <\/a>\n        <\/div>\n\t\t\t\t\t\t\t<\/div> \n\t\t\t\n        \n\t\t\t\t<div id=\"ngg-image-15\" class=\"ngg-gallery-thumbnail-box\" >\n\t\t\t\t        <div class=\"ngg-gallery-thumbnail\">\n            <a href=\"https:\/\/www.tudc.cz\/wp-content\/gallery\/muzeum-hradec-kralove\/meszt017.jpg\"\n               title=\"Venkovn\u00ed \u010d\u00e1st expozice\"\n               data-src=\"https:\/\/www.tudc.cz\/wp-content\/gallery\/muzeum-hradec-kralove\/meszt017.jpg\"\n               data-thumbnail=\"https:\/\/www.tudc.cz\/wp-content\/gallery\/muzeum-hradec-kralove\/thumbs\/thumbs_meszt017.jpg\"\n               data-image-id=\"34\"\n               data-title=\"Venkovn\u00ed \u010d\u00e1st expozice\"\n               data-description=\"Venkovn\u00ed \u010d\u00e1st expozice\"\n               data-image-slug=\"meszt017-1\"\n               class=\"ngg-fancybox\" rel=\"1b79aee47aa2c602547e4b61b4734e0a\">\n                <img\n                    title=\"Venkovn\u00ed \u010d\u00e1st expozice\"\n                    alt=\"Venkovn\u00ed \u010d\u00e1st expozice\"\n                    src=\"https:\/\/www.tudc.cz\/wp-content\/gallery\/muzeum-hradec-kralove\/thumbs\/thumbs_meszt017.jpg\"\n                    width=\"240\"\n                    height=\"160\"\n                    style=\"max-width:100%;\"\n                \/>\n            <\/a>\n        <\/div>\n\t\t\t\t\t\t\t<\/div> \n\t\t\t\n        \n\t\t\n\t\t<!-- Pagination -->\n\t<div class='ngg-clear'><\/div>\t<\/div>\n\n","protected":false},"excerpt":{"rendered":"<p>&#8221; order_by=&#8221;sortorder&#8221; order_direction=&#8221;ASC&#8221; returns=&#8221;included&#8221; maximum_entity_count=&#8221;500&#8243;]<\/p>\n","protected":false},"author":1,"featured_media":0,"parent":32,"menu_order":0,"comment_status":"closed","ping_status":"closed","template":"templates\/template-twocolumns-left.php","meta":{"ngg_post_thumbnail":0,"footnotes":""},"class_list":["post-276","page","type-page","status-publish","hentry"],"_links":{"self":[{"href":"https:\/\/www.tudc.cz\/index.php\/wp-json\/wp\/v2\/pages\/276","targetHints":{"allow":["GET"]}}],"collection":[{"href":"https:\/\/www.tudc.cz\/index.php\/wp-json\/wp\/v2\/pages"}],"about":[{"href":"https:\/\/www.tudc.cz\/index.php\/wp-json\/wp\/v2\/types\/page"}],"author":[{"embeddable":true,"href":"https:\/\/www.tudc.cz\/index.php\/wp-json\/wp\/v2\/users\/1"}],"replies":[{"embeddable":true,"href":"https:\/\/www.tudc.cz\/index.php\/wp-json\/wp\/v2\/comments?post=276"}],"version-history":[{"count":3,"href":"https:\/\/www.tudc.cz\/index.php\/wp-json\/wp\/v2\/pages\/276\/revisions"}],"predecessor-version":[{"id":4358,"href":"https:\/\/www.tudc.cz\/index.php\/wp-json\/wp\/v2\/pages\/276\/revisions\/4358"}],"up":[{"embeddable":true,"href":"https:\/\/www.tudc.cz\/index.php\/wp-json\/wp\/v2\/pages\/32"}],"wp:attachment":[{"href":"https:\/\/www.tudc.cz\/index.php\/wp-json\/wp\/v2\/media?parent=276"}],"curies":[{"name":"wp","href":"https:\/\/api.w.org\/{rel}","templated":true}]}}