{"id":2432,"date":"2017-09-19T12:01:05","date_gmt":"2017-09-19T12:01:05","guid":{"rendered":"https:\/\/www.tudc.cz\/?page_id=2432"},"modified":"2023-05-26T14:24:06","modified_gmt":"2023-05-26T12:24:06","slug":"mmd2-2","status":"publish","type":"page","link":"https:\/\/www.tudc.cz\/index.php\/diagnosticke-prostredky\/mmd2-2\/","title":{"rendered":"MMD.2 &#8211; mal\u00e1 m\u011b\u0159\u00edc\u00ed drez\u00edna"},"content":{"rendered":"\n<h1 class=\"wp-block-heading\">MMD.2 &#8211; mal\u00e1 m\u011b\u0159\u00edc\u00ed drez\u00edna<\/h1>\n\n\n<p><a href=\"https:\/\/www.tudc.cz\/wp-content\/uploads\/2017\/09\/IMG_0308.jpg\"><img loading=\"lazy\" decoding=\"async\" class=\"alignleft size-medium wp-image-2657\" src=\"https:\/\/www.tudc.cz\/wp-content\/uploads\/2017\/09\/IMG_0308-300x225.jpg\" alt=\"\" width=\"300\" height=\"225\" srcset=\"https:\/\/www.tudc.cz\/wp-content\/uploads\/2017\/09\/IMG_0308-300x225.jpg 300w, https:\/\/www.tudc.cz\/wp-content\/uploads\/2017\/09\/IMG_0308-768x576.jpg 768w, https:\/\/www.tudc.cz\/wp-content\/uploads\/2017\/09\/IMG_0308-1024x768.jpg 1024w, https:\/\/www.tudc.cz\/wp-content\/uploads\/2017\/09\/IMG_0308-150x113.jpg 150w, https:\/\/www.tudc.cz\/wp-content\/uploads\/2017\/09\/IMG_0308.jpg 2016w\" sizes=\"auto, (max-width: 300px) 100vw, 300px\" \/><\/a>M\u011b\u0159ic\u00ed za\u0159\u00edzen\u00ed instalovan\u00e9 na MMD.2 je tvo\u0159en\u00e9 mechanick\u00fdm podvozkem, elektronick\u00fdmi \u010didly, analogovo-digit\u00e1ln\u00ed elektronikou a m\u011b\u0159ic\u00edm po\u010d\u00edta\u010dem. D\u00e1le je na MMD.2 um\u00edst\u011bn\u00fd dal\u0161\u00ed po\u010d\u00edta\u010d, kter\u00fd prov\u00e1d\u00ed zpracov\u00e1n\u00ed a prezentaci nam\u011b\u0159en\u00fdch dat. Elektronick\u00e1 \u010d\u00e1st zpracov\u00e1v\u00e1 analogov\u00e9 sign\u00e1ly \u010didel do podoby digit\u00e1ln\u00edch dat, kter\u00e1 p\u0159ed\u00e1v\u00e1 m\u011b\u0159ic\u00edmu o\u010d\u00edta\u010di. Ten je zpracov\u00e1v\u00e1 v re\u00e1ln\u00e9m \u010dase do podoby sign\u00e1l\u016f GPK respektuj\u00edc\u00edch normy \u010cSN 736360 a \u010cSN EN 13848 a p\u0159ed\u00e1v\u00e1 je d\u00e1l k hodnocen\u00ed stavu trat\u011b.<\/p>\n<p><strong>M\u011b\u0159en\u00e9 a vypo\u010d\u00edt\u00e1van\u00e9 geometrick\u00e9 parametry koleje:<\/strong><\/p>\n<table>\n<tbody>\n<tr>\n<td><strong>Sm\u011br koleje prim\u00e1rn\u00ed:<\/strong><br>\nrozsah: +-40mm; p\u0159esnost +-0,3mm;<\/td>\n<td><strong>P\u0159ev\u00fd\u0161en\u00ed koleje dynamick\u00e9:<\/strong><br>\n\u0161\u00ed\u0159ka p\u00e1sma: 3-25m; symbol: PKD;<br>\nrozsah: +-25mm; p\u0159esnost: +-0,3mm;<\/td>\n<\/tr>\n<tr>\n<td><strong>Sm\u011br koleje lev\u00fd, prav\u00fd:<\/strong><br>\n\u0161\u00ed\u0159ka p\u00e1sma: 3-25m; symbol: SL,SP;<br>\nrozsah: +-25mm; p\u0159esnost: +-0,3mm;<\/td>\n<td><strong>P\u0159ev\u00fd\u0161en\u00ed koleje kvazistatick\u00e9:<\/strong><br>\n\u0161\u00ed\u0159ka p\u00e1sma: od 70m; symbol:<br>\nPKQ; rozsah: +-200mm; p\u0159esnost: +-2%;<\/td>\n<\/tr>\n<tr>\n<td><strong>Pod\u00e9ln\u00e1 v\u00fd\u0161ka prim\u00e1rn\u00ed:<\/strong><br>\nrozsah: +40,- 60mm; p\u0159esnost: +-0,3mm<\/td>\n<td><strong>Celkov\u00fd rozchod koleje:<\/strong><br>\n\u0161\u00ed\u0159ka p\u00e1sma: od 1m; symbol: RK;<br>\nrozsah: -10,+40mm; p\u0159esnost: +-0,2mm;<\/td>\n<\/tr>\n<tr>\n<td><strong>Pod\u00e9ln\u00e1 v\u00fd\u0161ka koleje lev\u00e1, prav\u00e1:<\/strong><br>\n\u0161\u00ed\u0159ka p\u00e1sma: 3-25m; symbol: VL,VP;<br>\nrozsah: +25,-50mm;p\u0159esnost: +-0,3mm;<\/td>\n<td><strong>Rozchod koleje dynamick\u00fd:<\/strong><br>\n\u0161\u00ed\u0159ka p\u00e1sma: 3-25m; symbol: RKD;<br>\nrozsah: -10,+40mm; p\u0159esnost: +-0,2mm;<\/td>\n<\/tr>\n<tr>\n<td><strong>P\u0159ev\u00fd\u0161en\u00ed koleje celkov\u00e9:<\/strong><br>\n\u0161\u00ed\u0159ka p\u00e1sma: od 1m; symbol: PK;<br>\nrozsah: +-200mm; p\u0159esnost: +-2%;<\/td>\n<td><strong>K\u0159ivost koleje:<\/strong><br>\n\u0161\u00ed\u0159ka p\u00e1sma: od 70m; symbol: KKS;<br>\nrozsah: od 150m-1; p\u0159esnost: R do 250m +-2%,<br>\nR od 1km 10%;<\/td>\n<\/tr>\n<\/tbody>\n<\/table>\n<p><a href=\"https:\/\/www.tudc.cz\/wp-content\/uploads\/2017\/09\/mmd1.png\"><img loading=\"lazy\" decoding=\"async\" class=\"aligncenter size-large wp-image-2658\" src=\"https:\/\/www.tudc.cz\/wp-content\/uploads\/2017\/09\/mmd1-1024x461.png\" alt=\"\" width=\"870\" height=\"392\" srcset=\"https:\/\/www.tudc.cz\/wp-content\/uploads\/2017\/09\/mmd1-1024x461.png 1024w, https:\/\/www.tudc.cz\/wp-content\/uploads\/2017\/09\/mmd1-300x135.png 300w, https:\/\/www.tudc.cz\/wp-content\/uploads\/2017\/09\/mmd1-768x346.png 768w, https:\/\/www.tudc.cz\/wp-content\/uploads\/2017\/09\/mmd1-150x68.png 150w, https:\/\/www.tudc.cz\/wp-content\/uploads\/2017\/09\/mmd1.png 1807w\" sizes=\"auto, (max-width: 870px) 100vw, 870px\" \/><\/a><\/p>","protected":false},"excerpt":{"rendered":"<p>MMD.2 &#8211; mal\u00e1 m\u011b\u0159\u00edc\u00ed drez\u00edna M\u011b\u0159ic\u00ed za\u0159\u00edzen\u00ed instalovan\u00e9 na MMD.2 je tvo\u0159en\u00e9 mechanick\u00fdm podvozkem, elektronick\u00fdmi \u010didly, analogovo-digit\u00e1ln\u00ed elektronikou a m\u011b\u0159ic\u00edm po\u010d\u00edta\u010dem. D\u00e1le je na MMD.2 um\u00edst\u011bn\u00fd dal\u0161\u00ed po\u010d\u00edta\u010d, kter\u00fd prov\u00e1d\u00ed zpracov\u00e1n\u00ed a prezentaci nam\u011b\u0159en\u00fdch dat. Elektronick\u00e1 \u010d\u00e1st zpracov\u00e1v\u00e1 analogov\u00e9 sign\u00e1ly \u010didel do podoby digit\u00e1ln\u00edch dat, kter\u00e1 p\u0159ed\u00e1v\u00e1 m\u011b\u0159ic\u00edmu o\u010d\u00edta\u010di. Ten je zpracov\u00e1v\u00e1 v re\u00e1ln\u00e9m \u010dase [&hellip;]<\/p>\n","protected":false},"author":1,"featured_media":0,"parent":2072,"menu_order":0,"comment_status":"closed","ping_status":"closed","template":"","meta":{"ngg_post_thumbnail":0,"footnotes":""},"class_list":["post-2432","page","type-page","status-publish","hentry"],"_links":{"self":[{"href":"https:\/\/www.tudc.cz\/index.php\/wp-json\/wp\/v2\/pages\/2432","targetHints":{"allow":["GET"]}}],"collection":[{"href":"https:\/\/www.tudc.cz\/index.php\/wp-json\/wp\/v2\/pages"}],"about":[{"href":"https:\/\/www.tudc.cz\/index.php\/wp-json\/wp\/v2\/types\/page"}],"author":[{"embeddable":true,"href":"https:\/\/www.tudc.cz\/index.php\/wp-json\/wp\/v2\/users\/1"}],"replies":[{"embeddable":true,"href":"https:\/\/www.tudc.cz\/index.php\/wp-json\/wp\/v2\/comments?post=2432"}],"version-history":[{"count":4,"href":"https:\/\/www.tudc.cz\/index.php\/wp-json\/wp\/v2\/pages\/2432\/revisions"}],"predecessor-version":[{"id":4168,"href":"https:\/\/www.tudc.cz\/index.php\/wp-json\/wp\/v2\/pages\/2432\/revisions\/4168"}],"up":[{"embeddable":true,"href":"https:\/\/www.tudc.cz\/index.php\/wp-json\/wp\/v2\/pages\/2072"}],"wp:attachment":[{"href":"https:\/\/www.tudc.cz\/index.php\/wp-json\/wp\/v2\/media?parent=2432"}],"curies":[{"name":"wp","href":"https:\/\/api.w.org\/{rel}","templated":true}]}}