{"id":2417,"date":"2017-09-19T11:30:37","date_gmt":"2017-09-19T11:30:37","guid":{"rendered":"https:\/\/www.tudc.cz\/?page_id=2417"},"modified":"2023-05-26T14:24:27","modified_gmt":"2023-05-26T12:24:27","slug":"emc-2","status":"publish","type":"page","link":"https:\/\/www.tudc.cz\/index.php\/diagnosticke-prostredky\/emc-2\/","title":{"rendered":"Mobiln\u00ed laborato\u0159 pro zkou\u0161ky EMC"},"content":{"rendered":"\n<h1 class=\"wp-block-heading\">Mobiln\u00ed laborato\u0159 pro zkou\u0161ky EMC<\/h1>\n\n\n<p><a href=\"https:\/\/www.tudc.cz\/wp-content\/uploads\/2017\/09\/04__WP_20160913_10_02_31_Pro.jpg\"><img loading=\"lazy\" decoding=\"async\" class=\"alignright wp-image-2634 size-medium\" src=\"https:\/\/www.tudc.cz\/wp-content\/uploads\/2017\/09\/04__WP_20160913_10_02_31_Pro-300x225.jpg\" alt=\"\" width=\"300\" height=\"225\" srcset=\"https:\/\/www.tudc.cz\/wp-content\/uploads\/2017\/09\/04__WP_20160913_10_02_31_Pro-300x225.jpg 300w, https:\/\/www.tudc.cz\/wp-content\/uploads\/2017\/09\/04__WP_20160913_10_02_31_Pro-768x576.jpg 768w, https:\/\/www.tudc.cz\/wp-content\/uploads\/2017\/09\/04__WP_20160913_10_02_31_Pro-1024x768.jpg 1024w, https:\/\/www.tudc.cz\/wp-content\/uploads\/2017\/09\/04__WP_20160913_10_02_31_Pro-150x113.jpg 150w\" sizes=\"auto, (max-width: 300px) 100vw, 300px\" \/><\/a>Standardn\u00ed silni\u010dn\u00ed vozidlo bylo uzp\u016fsobeno pro prov\u00e1d\u011bn\u00ed zkou\u0161ekv ter\u00e9nu a komplexn\u00ed podporu pracovn\u00edk\u016f prov\u00e1d\u011bj\u00edc\u00edch zkou\u0161ky.Toto \u0159e\u0161en\u00ed zna\u010dnou m\u011brou zefektivnilo pr\u00e1ci v ter\u00e9nu a p\u0159ineslos sebou v\u00fdraznou operabilitu p\u0159i prov\u00e1d\u011bn\u00ed zkou\u0161ek a mo\u017enostpr\u016fb\u011b\u017en\u00e9ho zpracov\u00e1n\u00ed dat a v\u00fdsledk\u016f.<\/p>\n<ul>\n<li>zv\u00fd\u0161en\u00e1 pr\u016fchodnost ter\u00e9nem<\/li>\n<li>zaji\u0161t\u011bn\u00ed bezpe\u010dnosti osob p\u0159i zkou\u0161k\u00e1ch<\/li>\n<li>odd\u011blen\u00e9 a zabezpe\u010den\u00e9 ulo\u017een\u00ed techniky<\/li>\n<li>pevn\u00e1 vestavba techniky<\/li>\n<li>schopnost nez\u00e1visl\u00e9ho provozu<\/li>\n<li>prostory pro pracovn\u00ed pom\u016fcky a osobn\u00ed v\u011bci<\/li>\n<\/ul>\n<p><strong>Zkratov\u00e9 zkou\u0161ky a m\u011b\u0159en\u00ed dotykov\u00fdch nap\u011bt\u00ed<\/strong><\/p>\n<p><a href=\"https:\/\/www.tudc.cz\/wp-content\/uploads\/2017\/09\/23__WP_20161208_13_21_41_Pro.jpg\"><img loading=\"lazy\" decoding=\"async\" class=\"alignleft size-medium wp-image-2636\" src=\"https:\/\/www.tudc.cz\/wp-content\/uploads\/2017\/09\/23__WP_20161208_13_21_41_Pro-300x169.jpg\" alt=\"\" width=\"300\" height=\"169\" srcset=\"https:\/\/www.tudc.cz\/wp-content\/uploads\/2017\/09\/23__WP_20161208_13_21_41_Pro-300x169.jpg 300w, https:\/\/www.tudc.cz\/wp-content\/uploads\/2017\/09\/23__WP_20161208_13_21_41_Pro-768x432.jpg 768w, https:\/\/www.tudc.cz\/wp-content\/uploads\/2017\/09\/23__WP_20161208_13_21_41_Pro-1024x576.jpg 1024w, https:\/\/www.tudc.cz\/wp-content\/uploads\/2017\/09\/23__WP_20161208_13_21_41_Pro-150x84.jpg 150w\" sizes=\"auto, (max-width: 300px) 100vw, 300px\" \/><\/a>Po\u0159\u00edzen\u00ed nov\u00e9ho zkratova\u010de pro zkratov\u00e9 zkou\u0161ky a zkou\u0161kydotykov\u00fdch a krokov\u00fdch nap\u011bt\u00ed \u2013 s m\u017eikov\u00fdm sp\u00edn\u00e1n\u00edm v libovoln\u00e9 poloze a mo\u017enost\u00ed d\u00e1lkov\u00e9ho ovl\u00e1d\u00e1n\u00ed. Speci\u00e1ln\u011b propot\u0159eby CTD navr\u017eeno v\u00fdrobcem (IVEP) a dopln\u011bno vlastn\u00edmtechnick\u00fdm \u0159e\u0161en\u00edm pro mobilitu. Dopln\u011bn\u00ed techniky o univerz\u00e1ln\u00ed analyz\u00e1tory Dewetronve vestavn\u00e9m i ter\u00e9nn\u00edm proveden\u00ed. Analyz\u00e1tory poskytuj\u00ed \u0161irok\u00e9mo\u017enosti m\u011b\u0159en\u00ed a zpracov\u00e1n\u00ed dat, flexibiln\u00ed p\u0159izp\u016fsoben\u00edvlastn\u00edho p\u0159\u00edstroje a jeho softwaru specifick\u00fdm podm\u00ednk\u00e1mjednotliv\u00fdch m\u011b\u0159en\u00ed a zkou\u0161ek.<\/p>\n\n\n<p><\/p>\n\n\n\n<p><strong>Kontakt:<\/strong>  <strong>Ing. Ji\u0159\u00ed Hajzl<\/strong> tel.: +420 972&nbsp;228&nbsp;748 , e-mail:&nbsp;<a href=\"mailto:Hajzl@spravazeleznic.cz\">Hajzl@spravazeleznic.cz<\/a><\/p>\n","protected":false},"excerpt":{"rendered":"<p>Mobiln\u00ed laborato\u0159 pro zkou\u0161ky EMC Standardn\u00ed silni\u010dn\u00ed vozidlo bylo uzp\u016fsobeno pro prov\u00e1d\u011bn\u00ed zkou\u0161ekv ter\u00e9nu a komplexn\u00ed podporu pracovn\u00edk\u016f prov\u00e1d\u011bj\u00edc\u00edch zkou\u0161ky.Toto \u0159e\u0161en\u00ed zna\u010dnou m\u011brou zefektivnilo pr\u00e1ci v ter\u00e9nu a p\u0159ineslos sebou v\u00fdraznou operabilitu p\u0159i prov\u00e1d\u011bn\u00ed zkou\u0161ek a mo\u017enostpr\u016fb\u011b\u017en\u00e9ho zpracov\u00e1n\u00ed dat a v\u00fdsledk\u016f. zv\u00fd\u0161en\u00e1 pr\u016fchodnost ter\u00e9nem zaji\u0161t\u011bn\u00ed bezpe\u010dnosti osob p\u0159i zkou\u0161k\u00e1ch odd\u011blen\u00e9 a zabezpe\u010den\u00e9 ulo\u017een\u00ed techniky pevn\u00e1 [&hellip;]<\/p>\n","protected":false},"author":1,"featured_media":0,"parent":2072,"menu_order":0,"comment_status":"closed","ping_status":"closed","template":"","meta":{"ngg_post_thumbnail":0,"footnotes":""},"class_list":["post-2417","page","type-page","status-publish","hentry"],"_links":{"self":[{"href":"https:\/\/www.tudc.cz\/index.php\/wp-json\/wp\/v2\/pages\/2417","targetHints":{"allow":["GET"]}}],"collection":[{"href":"https:\/\/www.tudc.cz\/index.php\/wp-json\/wp\/v2\/pages"}],"about":[{"href":"https:\/\/www.tudc.cz\/index.php\/wp-json\/wp\/v2\/types\/page"}],"author":[{"embeddable":true,"href":"https:\/\/www.tudc.cz\/index.php\/wp-json\/wp\/v2\/users\/1"}],"replies":[{"embeddable":true,"href":"https:\/\/www.tudc.cz\/index.php\/wp-json\/wp\/v2\/comments?post=2417"}],"version-history":[{"count":12,"href":"https:\/\/www.tudc.cz\/index.php\/wp-json\/wp\/v2\/pages\/2417\/revisions"}],"predecessor-version":[{"id":4169,"href":"https:\/\/www.tudc.cz\/index.php\/wp-json\/wp\/v2\/pages\/2417\/revisions\/4169"}],"up":[{"embeddable":true,"href":"https:\/\/www.tudc.cz\/index.php\/wp-json\/wp\/v2\/pages\/2072"}],"wp:attachment":[{"href":"https:\/\/www.tudc.cz\/index.php\/wp-json\/wp\/v2\/media?parent=2417"}],"curies":[{"name":"wp","href":"https:\/\/api.w.org\/{rel}","templated":true}]}}