{"id":2379,"date":"2017-09-19T06:05:11","date_gmt":"2017-09-19T04:05:11","guid":{"rendered":"https:\/\/www.tudc.cz\/?page_id=2379"},"modified":"2025-04-11T06:53:37","modified_gmt":"2025-04-11T04:53:37","slug":"radiove-site","status":"publish","type":"page","link":"https:\/\/www.tudc.cz\/index.php\/sluzby\/radiove-site\/","title":{"rendered":"R\u00e1diov\u00e9 s\u00edt\u011b"},"content":{"rendered":"<p><strong>Opr\u00e1vn\u011bn\u00ed ke z\u0159\u00edzen\u00ed radiostanic (OZR)<\/strong><\/p>\n<p>Z\u0159izov\u00e1n\u00ed pevn\u00fdch stacion\u00e1rn\u00edch radiostanic (ZR) vyu\u017e\u00edvaj\u00edc\u00edch i jen \u010d\u00e1ste\u010dn\u011b kmito\u010dty Spr\u00e1vy \u017eeleznic ur\u010den\u00e9 pro \u017eelezni\u010dn\u00ed dopravu je mo\u017en\u00e9 pouze na z\u00e1klad\u011b p\u0159\u00edslu\u0161n\u00e9ho OZR.<br \/>\n<a href=\"https:\/\/www.tudc.cz\/wp-content\/uploads\/2023\/05\/Zadost-zrizeni2023.xlsx\">Formul\u00e1\u0159 \u017e\u00e1dosti OZR ke sta\u017een\u00ed &gt;&gt;<\/a><\/p>\n<p><strong>Opr\u00e1vn\u011bn\u00ed k vyu\u017e\u00edv\u00e1n\u00ed kmito\u010dt\u016f a s\u00edt\u00ed (OVKS)<\/strong><\/p>\n<p><span data-olk-copy-source=\"MessageBody\">Provoz radiostanic vyu\u017e\u00edvaj\u00edc\u00edch i jen \u010d\u00e1ste\u010dn\u011b analogov\u00e9 kmito\u010dty (p\u00e1smo 150 MHz a 450 MHz) ur\u010den\u00e9 pro \u017eelezni\u010dn\u00ed dopravu je mo\u017en\u00fd pouze na z\u00e1klad\u011b OVKS.<\/span><br \/>\n<a href=\"https:\/\/www.tudc.cz\/wp-content\/uploads\/2023\/05\/Zadost-kmitocet2023.xlsx\">Formul\u00e1\u0159 \u017e\u00e1dosti OVKS ke sta\u017een\u00ed &gt;&gt;<\/a><\/p>\n<p><strong>P\u0159edpis S\u017d T7<\/strong> \u2013 R\u00e1diov\u00fd provoz dostupn\u00fd na webov\u00fdch str\u00e1nk\u00e1ch Spr\u00e1va \u017eeleznic, st\u00e1tn\u00ed organizace \u2013 <a href=\"https:\/\/www.spravazeleznic.cz\/o-nas\/vnitrni-predpisy-spravy-zeleznic\/dokumenty-a-predpisy\">www.spravazeleznic.cz<\/a>.<\/p>\n<p><span data-olk-copy-source=\"MessageBody\"><strong>S\u00ed\u0165 GSM-R<\/strong> &#8211; Informace na webov\u00fdch str\u00e1nk\u00e1ch Spr\u00e1va \u017eeleznic, st\u00e1tn\u00ed organizace <a href=\"https:\/\/www.spravazeleznic.cz\/dodavatele-odberatele\/zajisteni-provozuschopnosti-drahy\/radiove-site\/sit-gsm-r\">www.spravazeleznic.cz<\/a><\/span><\/p>\n<p><strong>Souhlas s pou\u017eit\u00edm v\u00fdrobku na \u017eelezni\u010dn\u00ed dopravn\u00ed cest\u011b (radiostanice)<\/strong> dostupn\u00fd na webov\u00fdch str\u00e1nk\u00e1ch Spr\u00e1va \u017eeleznic, st\u00e1tn\u00ed organizace \u2013 <a href=\"https:\/\/www.spravazeleznic.cz\/dodavatele-odberatele\/zajisteni-provozuschopnosti-drahy\/radiove-site\/souhlas-s-pouzitim-na-zdc\">www.spravazeleznic.cz<\/a>.<\/p>\n<hr>\n<p><strong>Kontakt:&nbsp;<\/strong><strong>Ing. Ji\u0159\u00ed \u0160ustr<\/strong>, telefon: 972 228 735, mail: <a href=\"mailto:SustrJ@spravazeleznic.cz\">SustrJ@spravazeleznic.cz<\/a><\/p>\n","protected":false},"excerpt":{"rendered":"<p>Opr\u00e1vn\u011bn\u00ed ke z\u0159\u00edzen\u00ed radiostanic (OZR) Z\u0159izov\u00e1n\u00ed pevn\u00fdch stacion\u00e1rn\u00edch radiostanic (ZR) vyu\u017e\u00edvaj\u00edc\u00edch i jen \u010d\u00e1ste\u010dn\u011b kmito\u010dty Spr\u00e1vy \u017eeleznic ur\u010den\u00e9 pro \u017eelezni\u010dn\u00ed dopravu je mo\u017en\u00e9 pouze na z\u00e1klad\u011b p\u0159\u00edslu\u0161n\u00e9ho OZR. Formul\u00e1\u0159 \u017e\u00e1dosti OZR ke sta\u017een\u00ed &gt;&gt; Opr\u00e1vn\u011bn\u00ed k vyu\u017e\u00edv\u00e1n\u00ed kmito\u010dt\u016f a s\u00edt\u00ed (OVKS) Provoz radiostanic vyu\u017e\u00edvaj\u00edc\u00edch i jen \u010d\u00e1ste\u010dn\u011b analogov\u00e9 kmito\u010dty (p\u00e1smo 150 MHz a 450 MHz) [&hellip;]<\/p>\n","protected":false},"author":1,"featured_media":0,"parent":22,"menu_order":6,"comment_status":"closed","ping_status":"closed","template":"","meta":{"ngg_post_thumbnail":0,"footnotes":""},"class_list":["post-2379","page","type-page","status-publish","hentry"],"_links":{"self":[{"href":"https:\/\/www.tudc.cz\/index.php\/wp-json\/wp\/v2\/pages\/2379","targetHints":{"allow":["GET"]}}],"collection":[{"href":"https:\/\/www.tudc.cz\/index.php\/wp-json\/wp\/v2\/pages"}],"about":[{"href":"https:\/\/www.tudc.cz\/index.php\/wp-json\/wp\/v2\/types\/page"}],"author":[{"embeddable":true,"href":"https:\/\/www.tudc.cz\/index.php\/wp-json\/wp\/v2\/users\/1"}],"replies":[{"embeddable":true,"href":"https:\/\/www.tudc.cz\/index.php\/wp-json\/wp\/v2\/comments?post=2379"}],"version-history":[{"count":17,"href":"https:\/\/www.tudc.cz\/index.php\/wp-json\/wp\/v2\/pages\/2379\/revisions"}],"predecessor-version":[{"id":4529,"href":"https:\/\/www.tudc.cz\/index.php\/wp-json\/wp\/v2\/pages\/2379\/revisions\/4529"}],"up":[{"embeddable":true,"href":"https:\/\/www.tudc.cz\/index.php\/wp-json\/wp\/v2\/pages\/22"}],"wp:attachment":[{"href":"https:\/\/www.tudc.cz\/index.php\/wp-json\/wp\/v2\/media?parent=2379"}],"curies":[{"name":"wp","href":"https:\/\/api.w.org\/{rel}","templated":true}]}}