{"id":2369,"date":"2017-09-19T05:58:15","date_gmt":"2017-09-19T03:58:15","guid":{"rendered":"https:\/\/www.tudc.cz\/?page_id=2369"},"modified":"2022-01-18T09:46:40","modified_gmt":"2022-01-18T08:46:40","slug":"vseobecne-podminky-pro-cinnosti-na-kabelech","status":"publish","type":"page","link":"https:\/\/www.tudc.cz\/index.php\/sluzby\/vseobecne-podminky-pro-cinnosti-na-kabelech\/","title":{"rendered":"V\u0161eobecn\u00e9 podm\u00ednky pro \u010dinnosti na kabelech"},"content":{"rendered":"<h1 style=\"text-align: center;\">V\u0161eobecn\u00e9 podm\u00ednky pro \u010dinnosti na kabelech<\/h1>\n<p><strong>V\u0161eobecn\u00e9 podm\u00ednky pro \u010dinnosti na kabelech v majetku Spr\u00e1vy \u017eeleznic, st\u00e1tn\u00ed organizace (ve spr\u00e1v\u011b Centra telematiky a diagnostiky)<\/strong>: CTD, \u00dasek \u017eelezni\u010dn\u00ed telematiky mimo jin\u00fdch \u010dinnost\u00ed zaji\u0161\u0165uje i spr\u00e1vu \u017eelezni\u010dn\u00edho telekomunika\u010dn\u00edho majetku Spr\u00e1vy \u017eeleznic, st\u00e1tn\u00ed organizace. Za \u00fa\u010delem ochrany telekomunika\u010dn\u00edho veden\u00ed a za\u0159\u00edzen\u00ed p\u0159ed realizac\u00ed vn\u011bj\u0161\u00edch investic vyd\u00e1v\u00e1 tyto V\u0161eobecn\u00e9 podm\u00ednky pro \u010dinnosti na kabelech v majetku Spr\u00e1vy \u017eeleznic, st\u00e1tn\u00ed organizace (ve spr\u00e1v\u011b Centra telematiky a diagnostiky).<\/p>\n<p><strong><a href=\"https:\/\/www.tudc.cz\/wp-content\/uploads\/2022\/01\/Vseobecne_podminky_SZ_CTD_2022_01.pdf\" target=\"_blank\" rel=\"noopener noreferrer\">V\u0161eobecn\u00e9 podm\u00ednky &gt;&gt;<\/a><\/strong><br \/>\nAktualizov\u00e1no k 14. 1. 2022<\/p>\n<hr>\n<p><strong>Kontakt: Ing. Stanislav Cin\u00e1dr,<\/strong> tel.: 972 544 621, e-mail: <a href=\"mailto:Cinadr@spravazeleznic.cz\">Cinadr@spravazeleznic.cz<\/a><\/p>\n","protected":false},"excerpt":{"rendered":"<p>V\u0161eobecn\u00e9 podm\u00ednky pro \u010dinnosti na kabelech V\u0161eobecn\u00e9 podm\u00ednky pro \u010dinnosti na kabelech v majetku Spr\u00e1vy \u017eeleznic, st\u00e1tn\u00ed organizace (ve spr\u00e1v\u011b Centra telematiky a diagnostiky): CTD, \u00dasek \u017eelezni\u010dn\u00ed telematiky mimo jin\u00fdch \u010dinnost\u00ed zaji\u0161\u0165uje i spr\u00e1vu \u017eelezni\u010dn\u00edho telekomunika\u010dn\u00edho majetku Spr\u00e1vy \u017eeleznic, st\u00e1tn\u00ed organizace. Za \u00fa\u010delem ochrany telekomunika\u010dn\u00edho veden\u00ed a za\u0159\u00edzen\u00ed p\u0159ed realizac\u00ed vn\u011bj\u0161\u00edch investic vyd\u00e1v\u00e1 tyto V\u0161eobecn\u00e9 [&hellip;]<\/p>\n","protected":false},"author":1,"featured_media":0,"parent":22,"menu_order":8,"comment_status":"closed","ping_status":"closed","template":"","meta":{"ngg_post_thumbnail":0,"footnotes":""},"class_list":["post-2369","page","type-page","status-publish","hentry"],"_links":{"self":[{"href":"https:\/\/www.tudc.cz\/index.php\/wp-json\/wp\/v2\/pages\/2369","targetHints":{"allow":["GET"]}}],"collection":[{"href":"https:\/\/www.tudc.cz\/index.php\/wp-json\/wp\/v2\/pages"}],"about":[{"href":"https:\/\/www.tudc.cz\/index.php\/wp-json\/wp\/v2\/types\/page"}],"author":[{"embeddable":true,"href":"https:\/\/www.tudc.cz\/index.php\/wp-json\/wp\/v2\/users\/1"}],"replies":[{"embeddable":true,"href":"https:\/\/www.tudc.cz\/index.php\/wp-json\/wp\/v2\/comments?post=2369"}],"version-history":[{"count":11,"href":"https:\/\/www.tudc.cz\/index.php\/wp-json\/wp\/v2\/pages\/2369\/revisions"}],"predecessor-version":[{"id":3749,"href":"https:\/\/www.tudc.cz\/index.php\/wp-json\/wp\/v2\/pages\/2369\/revisions\/3749"}],"up":[{"embeddable":true,"href":"https:\/\/www.tudc.cz\/index.php\/wp-json\/wp\/v2\/pages\/22"}],"wp:attachment":[{"href":"https:\/\/www.tudc.cz\/index.php\/wp-json\/wp\/v2\/media?parent=2369"}],"curies":[{"name":"wp","href":"https:\/\/api.w.org\/{rel}","templated":true}]}}