{"id":2334,"date":"2017-09-18T11:11:33","date_gmt":"2017-09-18T11:11:33","guid":{"rendered":"https:\/\/www.tudc.cz\/?page_id=2334"},"modified":"2023-05-26T14:20:53","modified_gmt":"2023-05-26T12:20:53","slug":"merici-drezina-md1","status":"publish","type":"page","link":"https:\/\/www.tudc.cz\/index.php\/diagnosticke-prostredky\/merici-drezina-md1\/","title":{"rendered":"M\u011b\u0159ic\u00ed drez\u00edna MD1"},"content":{"rendered":"\n<h1 class=\"wp-block-heading\">M\u011b\u0159ic\u00ed drez\u00edna MD1<\/h1>\n\n\n<p><strong><a href=\"https:\/\/www.tudc.cz\/wp-content\/uploads\/2017\/09\/1MERICIMD2_Stranka_1_Obraz_0002.jpg\"><img loading=\"lazy\" decoding=\"async\" class=\"alignright size-full wp-image-2627\" src=\"https:\/\/www.tudc.cz\/wp-content\/uploads\/2017\/09\/1MERICIMD2_Stranka_1_Obraz_0002.jpg\" alt=\"\" width=\"527\" height=\"378\" srcset=\"https:\/\/www.tudc.cz\/wp-content\/uploads\/2017\/09\/1MERICIMD2_Stranka_1_Obraz_0002.jpg 527w, https:\/\/www.tudc.cz\/wp-content\/uploads\/2017\/09\/1MERICIMD2_Stranka_1_Obraz_0002-300x215.jpg 300w, https:\/\/www.tudc.cz\/wp-content\/uploads\/2017\/09\/1MERICIMD2_Stranka_1_Obraz_0002-150x108.jpg 150w\" sizes=\"auto, (max-width: 527px) 100vw, 527px\" \/><\/a>M\u011b\u0159ic\u00ed drez\u00edna pro \u017eelezni\u010dn\u00ed svr\u0161ek m\u011b\u0159\u00ed a vyhodnocuje:<\/strong><\/p>\n<ul>\n<li>rozchod koleje<\/li>\n<li>k\u0159ivost koleje<\/li>\n<li>sm\u011br koleje<\/li>\n<li>p\u0159ev\u00fd\u0161en\u00ed koleje<\/li>\n<li>zborcen\u00ed koleje<\/li>\n<li>pod\u00e9ln\u00e1 v\u00fd\u0161ka koleje<\/li>\n<\/ul>\n<h2>Z\u00e1kladn\u00ed technick\u00e9 \u00fadaje<\/h2>\n<p><strong>Rozchod<\/strong>&nbsp;1435 mm<br><strong>Nejvy\u0161\u0161\u00ed provozn\u00ed rychlost<\/strong>&nbsp;80 km.h-1<br><strong>Jmenovit\u00e1 hmotnost<\/strong>30 870 kg<br><strong>Maximalni \u0161\u00ed\u0159ka<\/strong>2900 mm<br><strong>Maximalni v\u00fd\u0161ka<\/strong>3880 mm<br><strong>D\u00e9lka p\u0159es n\u00e1razn\u00edky<\/strong>&nbsp;13 100 mm<br><strong>Nejmen\u0161\u00ed polom\u011br oblouku koleje p\u0159i pr\u016fjezdu tra\u0165ovou rychlost\u00ed<\/strong>&nbsp;150 m<br><strong>&#8211; p\u0159i pr\u016fjezdu omezenou rychlost\u00ed<\/strong>&nbsp;80 m<\/p>\n<p><a href=\"https:\/\/www.tudc.cz\/wp-content\/uploads\/2017\/09\/1MERICIMD2_Stranka_1_Obraz_0005.jpg\"><img loading=\"lazy\" decoding=\"async\" class=\"alignleft size-full wp-image-2629\" src=\"https:\/\/www.tudc.cz\/wp-content\/uploads\/2017\/09\/1MERICIMD2_Stranka_1_Obraz_0005.jpg\" alt=\"\" width=\"293\" height=\"230\" srcset=\"https:\/\/www.tudc.cz\/wp-content\/uploads\/2017\/09\/1MERICIMD2_Stranka_1_Obraz_0005.jpg 293w, https:\/\/www.tudc.cz\/wp-content\/uploads\/2017\/09\/1MERICIMD2_Stranka_1_Obraz_0005-150x118.jpg 150w\" sizes=\"auto, (max-width: 293px) 100vw, 293px\" \/><\/a><\/p>","protected":false},"excerpt":{"rendered":"<p>M\u011b\u0159ic\u00ed drez\u00edna MD1 M\u011b\u0159ic\u00ed drez\u00edna pro \u017eelezni\u010dn\u00ed svr\u0161ek m\u011b\u0159\u00ed a vyhodnocuje: rozchod koleje k\u0159ivost koleje sm\u011br koleje p\u0159ev\u00fd\u0161en\u00ed koleje zborcen\u00ed koleje pod\u00e9ln\u00e1 v\u00fd\u0161ka koleje Z\u00e1kladn\u00ed technick\u00e9 \u00fadaje Rozchod&nbsp;1435 mmNejvy\u0161\u0161\u00ed provozn\u00ed rychlost&nbsp;80 km.h-1Jmenovit\u00e1 hmotnost30 870 kgMaximalni \u0161\u00ed\u0159ka2900 mmMaximalni v\u00fd\u0161ka3880 mmD\u00e9lka p\u0159es n\u00e1razn\u00edky&nbsp;13 100 mmNejmen\u0161\u00ed polom\u011br oblouku koleje p\u0159i pr\u016fjezdu tra\u0165ovou rychlost\u00ed&nbsp;150 m&#8211; p\u0159i pr\u016fjezdu omezenou rychlost\u00ed&nbsp;80 [&hellip;]<\/p>\n","protected":false},"author":1,"featured_media":0,"parent":2072,"menu_order":0,"comment_status":"closed","ping_status":"closed","template":"","meta":{"ngg_post_thumbnail":0,"footnotes":""},"class_list":["post-2334","page","type-page","status-publish","hentry"],"_links":{"self":[{"href":"https:\/\/www.tudc.cz\/index.php\/wp-json\/wp\/v2\/pages\/2334","targetHints":{"allow":["GET"]}}],"collection":[{"href":"https:\/\/www.tudc.cz\/index.php\/wp-json\/wp\/v2\/pages"}],"about":[{"href":"https:\/\/www.tudc.cz\/index.php\/wp-json\/wp\/v2\/types\/page"}],"author":[{"embeddable":true,"href":"https:\/\/www.tudc.cz\/index.php\/wp-json\/wp\/v2\/users\/1"}],"replies":[{"embeddable":true,"href":"https:\/\/www.tudc.cz\/index.php\/wp-json\/wp\/v2\/comments?post=2334"}],"version-history":[{"count":6,"href":"https:\/\/www.tudc.cz\/index.php\/wp-json\/wp\/v2\/pages\/2334\/revisions"}],"predecessor-version":[{"id":4162,"href":"https:\/\/www.tudc.cz\/index.php\/wp-json\/wp\/v2\/pages\/2334\/revisions\/4162"}],"up":[{"embeddable":true,"href":"https:\/\/www.tudc.cz\/index.php\/wp-json\/wp\/v2\/pages\/2072"}],"wp:attachment":[{"href":"https:\/\/www.tudc.cz\/index.php\/wp-json\/wp\/v2\/media?parent=2334"}],"curies":[{"name":"wp","href":"https:\/\/api.w.org\/{rel}","templated":true}]}}