{"id":233,"date":"2016-01-12T09:51:26","date_gmt":"2016-01-12T09:51:26","guid":{"rendered":"https:\/\/www.tudc.cz\/?page_id=233"},"modified":"2025-07-09T11:47:37","modified_gmt":"2025-07-09T09:47:37","slug":"muzeum-decin","status":"publish","type":"page","link":"https:\/\/www.tudc.cz\/index.php\/muzeum\/muzeum-decin\/","title":{"rendered":"Muzeum D\u011b\u010d\u00edn"},"content":{"rendered":"\n<h2 class=\"wp-block-heading\">V\u00edt\u00e1me V\u00e1s na ofici\u00e1ln\u00edch str\u00e1nk\u00e1ch \u017delezni\u010dn\u00ed muzejn\u00ed expozice sd\u011blovac\u00ed a zabezpe\u010dovac\u00ed techniky D\u011b\u010d\u00edn.<\/h2>\n\n\n\n<h6 class=\"wp-block-heading\"><\/h6>\n\n\n<figure class=\"wp-block-table\">\n<table style=\"width: auto;\">\n<tbody>\n<tr style=\"background-color: #f0f0f0;\">\n<td><strong>Provozn\u00ed doba:<\/strong><\/td>\n<td><strong>Vstupn\u00e9<\/strong><\/td>\n<\/tr>\n<tr>\n<td><strong>Otev\u0159eno duben a\u017e \u0159\u00edjen.<\/strong><\/td>\n<td>dosp\u011bl\u00ed 40,- K\u010d<\/td>\n<\/tr>\n<tr>\n<td>N\u00e1v\u0161t\u011bva muzea je mo\u017en\u00e1 po p\u0159edchoz\u00ed telefonick\u00e9 dohod\u011b.<\/td>\n<td>d\u011bti 10,- K\u010d<\/td>\n<\/tr>\n<tr>\n<td><strong>V obdob\u00ed listopad a\u017e b\u0159ezen je muzeum uzav\u0159eno.<\/strong><\/td>\n<td>studenti a&nbsp;d\u016fchodci 25,- K\u010d<\/td>\n<\/tr>\n<\/tbody>\n<\/table>\n<p>Platba je mo\u017en\u00e1 <strong>pouze v&nbsp;hotovosti<\/strong> (nep\u0159ij\u00edm\u00e1me platebn\u00ed karty).<\/p>\n<p>N\u00e1v\u0161t\u011bvy je mo\u017en\u00e9 dohodnout na tel. +420 724 775 819, +420 972 433 615. Nebo email:&nbsp; <a href=\"mailto:ocenasek.dc@seznam.cz\">ocenasek.dc@seznam.cz<\/a>.<\/p>\n<\/figure>\n\n\n<h2 class=\"wp-block-heading\">Jak expozici najdete<\/h2>\n\n\n\n<p><iframe loading=\"lazy\" style=\"border: 0;\" src=\"https:\/\/www.google.com\/maps\/embed?pb=!1m18!1m12!1m3!1d2709.201492268958!2d14.200667066471174!3d50.77542047026619!2m3!1f0!2f0!3f0!3m2!1i1024!2i768!4f13.1!3m3!1m2!1s0x0%3A0x0!2zNTDCsDQ2JzMyLjgiTiAxNMKwMTInMDguMyJF!5e1!3m2!1scs!2sus!4v1455108902261\" width=\"100%\" height=\"300\" frameborder=\"0\" allowfullscreen=\"allowfullscreen\"><\/iframe><\/p>\n\n\n\n<p><strong>P\u011b\u0161ky:<\/strong> Od v\u00fdchodu z v\u00fdpravn\u00ed budovy \u017est. D\u011b\u010d\u00edn hl.n. vpravo pod\u00e9l zdi do podchodu pod trat\u00ed a hned vpravo po to\u010dit\u00e9m schodi\u0161ti k objektu stav\u011bdla.<\/p>\n\n\n\n<p><strong>Autem:<\/strong> Parkovi\u0161t\u011b u \u017eelezni\u010dn\u00edho mostu za kruhov\u00fdm objezdem na lev\u00e9m b\u0159ehu Labe<\/p>\n\n\n\n<h2 class=\"wp-block-heading\">Kontakt<\/h2>\n\n\n\n<p><strong><a href=\"https:\/\/www.tudc.cz\/index.php\/muzeum\/\"><img loading=\"lazy\" decoding=\"async\" width=\"150\" height=\"111\" class=\"alignright size-full wp-image-2568\" src=\"https:\/\/www.tudc.cz\/wp-content\/uploads\/2017\/05\/muzeumD.png\" alt=\"\"><\/a>Spr\u00e1va \u017eeleznic, st\u00e1tn\u00ed organizace<br>Centrum techniky a diagnostiky<br>Muzejn\u00ed expozice sd\u011blovac\u00ed a zabezpe\u010dovac\u00ed techniky\u00a0D\u011b\u010d\u00edn<\/strong><\/p>\n\n\n<p>\u017delezni\u010dn\u00ed stanice D\u011b\u010d\u00edn hl.n.<br>Stav\u011bdlo 15 sever<br>ul. \u010cs.ml\u00e1de\u017ee 89\/4<br>405 02 D\u011b\u010d\u00edn<br>tel.: +420 724 775 819, +420 972 433 615<br>e-mail: <a href=\"mailto:ocenasek.dc@seznam.cz\">ocenasek.dc@seznam.cz<\/a><\/p>\n\n\n<div style=\"height:60px\" aria-hidden=\"true\" class=\"wp-block-spacer\"><\/div>\n","protected":false},"excerpt":{"rendered":"<p>V\u00edt\u00e1me V\u00e1s na ofici\u00e1ln\u00edch str\u00e1nk\u00e1ch \u017delezni\u010dn\u00ed muzejn\u00ed expozice sd\u011blovac\u00ed a zabezpe\u010dovac\u00ed techniky D\u011b\u010d\u00edn. Provozn\u00ed doba: Vstupn\u00e9 Otev\u0159eno duben a\u017e \u0159\u00edjen. dosp\u011bl\u00ed 40,- K\u010d N\u00e1v\u0161t\u011bva muzea je mo\u017en\u00e1 po p\u0159edchoz\u00ed telefonick\u00e9 dohod\u011b. d\u011bti 10,- K\u010d V obdob\u00ed listopad a\u017e b\u0159ezen je muzeum uzav\u0159eno. studenti a&nbsp;d\u016fchodci 25,- K\u010d Platba je mo\u017en\u00e1 pouze v&nbsp;hotovosti (nep\u0159ij\u00edm\u00e1me platebn\u00ed karty). N\u00e1v\u0161t\u011bvy [&hellip;]<\/p>\n","protected":false},"author":1,"featured_media":0,"parent":18,"menu_order":0,"comment_status":"closed","ping_status":"closed","template":"","meta":{"ngg_post_thumbnail":0,"footnotes":""},"class_list":["post-233","page","type-page","status-publish","hentry"],"_links":{"self":[{"href":"https:\/\/www.tudc.cz\/index.php\/wp-json\/wp\/v2\/pages\/233","targetHints":{"allow":["GET"]}}],"collection":[{"href":"https:\/\/www.tudc.cz\/index.php\/wp-json\/wp\/v2\/pages"}],"about":[{"href":"https:\/\/www.tudc.cz\/index.php\/wp-json\/wp\/v2\/types\/page"}],"author":[{"embeddable":true,"href":"https:\/\/www.tudc.cz\/index.php\/wp-json\/wp\/v2\/users\/1"}],"replies":[{"embeddable":true,"href":"https:\/\/www.tudc.cz\/index.php\/wp-json\/wp\/v2\/comments?post=233"}],"version-history":[{"count":51,"href":"https:\/\/www.tudc.cz\/index.php\/wp-json\/wp\/v2\/pages\/233\/revisions"}],"predecessor-version":[{"id":4819,"href":"https:\/\/www.tudc.cz\/index.php\/wp-json\/wp\/v2\/pages\/233\/revisions\/4819"}],"up":[{"embeddable":true,"href":"https:\/\/www.tudc.cz\/index.php\/wp-json\/wp\/v2\/pages\/18"}],"wp:attachment":[{"href":"https:\/\/www.tudc.cz\/index.php\/wp-json\/wp\/v2\/media?parent=233"}],"curies":[{"name":"wp","href":"https:\/\/api.w.org\/{rel}","templated":true}]}}