{"id":2326,"date":"2017-09-18T10:25:05","date_gmt":"2017-09-18T10:25:05","guid":{"rendered":"https:\/\/www.tudc.cz\/?page_id=2326"},"modified":"2023-05-26T14:18:02","modified_gmt":"2023-05-26T12:18:02","slug":"diagnostika-radiovych-systemu","status":"publish","type":"page","link":"https:\/\/www.tudc.cz\/index.php\/diagnosticke-prostredky\/diagnostika-radiovych-systemu\/","title":{"rendered":"Diagnostika r\u00e1diov\u00fdch syst\u00e9m\u016f"},"content":{"rendered":"\n<h1 class=\"wp-block-heading\">Diagnostika r\u00e1diov\u00fdch syst\u00e9m\u016f<\/h1>\n\n\n<p><a href=\"https:\/\/www.tudc.cz\/wp-content\/uploads\/2017\/09\/10DIAGRADSYS2_Stranka_2_Obraz_0002.jpg\"><img loading=\"lazy\" decoding=\"async\" class=\"alignleft size-medium wp-image-2614\" src=\"https:\/\/www.tudc.cz\/wp-content\/uploads\/2017\/09\/10DIAGRADSYS2_Stranka_2_Obraz_0002-300x222.jpg\" alt=\"\" width=\"300\" height=\"222\" srcset=\"https:\/\/www.tudc.cz\/wp-content\/uploads\/2017\/09\/10DIAGRADSYS2_Stranka_2_Obraz_0002-300x222.jpg 300w, https:\/\/www.tudc.cz\/wp-content\/uploads\/2017\/09\/10DIAGRADSYS2_Stranka_2_Obraz_0002-150x111.jpg 150w, https:\/\/www.tudc.cz\/wp-content\/uploads\/2017\/09\/10DIAGRADSYS2_Stranka_2_Obraz_0002.jpg 375w\" sizes=\"auto, (max-width: 300px) 100vw, 300px\" \/><\/a><a href=\"https:\/\/www.tudc.cz\/wp-content\/uploads\/2017\/09\/10DIAGRADSYS2_Stranka_2_Obraz_0003.jpg\"><img loading=\"lazy\" decoding=\"async\" class=\"alignright size-medium wp-image-2615\" src=\"https:\/\/www.tudc.cz\/wp-content\/uploads\/2017\/09\/10DIAGRADSYS2_Stranka_2_Obraz_0003-300x201.jpg\" alt=\"\" width=\"300\" height=\"201\" srcset=\"https:\/\/www.tudc.cz\/wp-content\/uploads\/2017\/09\/10DIAGRADSYS2_Stranka_2_Obraz_0003-300x201.jpg 300w, https:\/\/www.tudc.cz\/wp-content\/uploads\/2017\/09\/10DIAGRADSYS2_Stranka_2_Obraz_0003-150x100.jpg 150w, https:\/\/www.tudc.cz\/wp-content\/uploads\/2017\/09\/10DIAGRADSYS2_Stranka_2_Obraz_0003.jpg 375w\" sizes=\"auto, (max-width: 300px) 100vw, 300px\" \/><\/a>CTD zaji\u0161\u0165uje&nbsp;komplexn\u00ed diagnostiku r\u00e1diov\u00fdch syst\u00e9m\u00f9 \u017eelezni\u010dn\u00ed dopravn\u00ed cesty v\u00edce ne\u017e 10 let. Pro tyto \u010dinnosti disponuje speci\u00e1ln\u00edm \u017eelezni\u010dn\u00edm m\u011b\u0159ic\u00edm vozem s p\u0159\u00edslu\u0161nou m\u011b\u0159ic\u00ed aparaturou pro m\u011b\u0159en\u00ed kvality a sign\u00e1lov\u00e9 \u00farovn\u00ec v\u0161ech r\u00e1diov\u00fdch syst\u00e9m\u00f9 vzhledem k poloze na trati.<br>Zaji\u0161\u0165uje p\u0159edprojek\u010dn\u00ed m\u011b\u0159en\u00ed, m\u011b\u0159en\u00ed b\u011bhem v\u00fdstavby a po jej\u00edm dokon\u010den\u00ed (pro \u00fa\u010dely kone\u010dn\u00e9ho ov\u011b\u0159en\u00ed a p\u0159evzet\u00ed d\u00edla) a pravidelnou periodickou diagnostiku v\u0161ech analogov\u00fdch (p\u00e1smo 150 MHz, 450 MHz) a digit\u00e1ln\u00edch (GSM-R, GSM) r\u00e1diov\u00fdch syst\u00e9m\u016f.<br>Prov\u00e1d\u00ed nez\u00e1visl\u00e9 vyhodnocen\u00ed a zpracov\u00e1n\u00ed v\u00fdsledk\u016f m\u011b\u0159en\u00ed.<\/p>\n<p>&nbsp;<\/p>\n\n\n<figure class=\"wp-block-image\"><img loading=\"lazy\" decoding=\"async\" width=\"1024\" height=\"576\" src=\"https:\/\/www.tudc.cz\/wp-content\/uploads\/2019\/09\/IMG_20180628_171542-1024x576.jpg\" alt=\"\" class=\"wp-image-3085\" srcset=\"https:\/\/www.tudc.cz\/wp-content\/uploads\/2019\/09\/IMG_20180628_171542-1024x576.jpg 1024w, https:\/\/www.tudc.cz\/wp-content\/uploads\/2019\/09\/IMG_20180628_171542-300x169.jpg 300w, https:\/\/www.tudc.cz\/wp-content\/uploads\/2019\/09\/IMG_20180628_171542-768x432.jpg 768w\" sizes=\"auto, (max-width: 1024px) 100vw, 1024px\" \/><\/figure>\n","protected":false},"excerpt":{"rendered":"<p>Diagnostika r\u00e1diov\u00fdch syst\u00e9m\u016f CTD zaji\u0161\u0165uje&nbsp;komplexn\u00ed diagnostiku r\u00e1diov\u00fdch syst\u00e9m\u00f9 \u017eelezni\u010dn\u00ed dopravn\u00ed cesty v\u00edce ne\u017e 10 let. Pro tyto \u010dinnosti disponuje speci\u00e1ln\u00edm \u017eelezni\u010dn\u00edm m\u011b\u0159ic\u00edm vozem s p\u0159\u00edslu\u0161nou m\u011b\u0159ic\u00ed aparaturou pro m\u011b\u0159en\u00ed kvality a sign\u00e1lov\u00e9 \u00farovn\u00ec v\u0161ech r\u00e1diov\u00fdch syst\u00e9m\u00f9 vzhledem k poloze na trati.Zaji\u0161\u0165uje p\u0159edprojek\u010dn\u00ed m\u011b\u0159en\u00ed, m\u011b\u0159en\u00ed b\u011bhem v\u00fdstavby a po jej\u00edm dokon\u010den\u00ed (pro \u00fa\u010dely kone\u010dn\u00e9ho ov\u011b\u0159en\u00ed a [&hellip;]<\/p>\n","protected":false},"author":1,"featured_media":0,"parent":2072,"menu_order":0,"comment_status":"closed","ping_status":"closed","template":"","meta":{"ngg_post_thumbnail":0,"footnotes":""},"class_list":["post-2326","page","type-page","status-publish","hentry"],"_links":{"self":[{"href":"https:\/\/www.tudc.cz\/index.php\/wp-json\/wp\/v2\/pages\/2326","targetHints":{"allow":["GET"]}}],"collection":[{"href":"https:\/\/www.tudc.cz\/index.php\/wp-json\/wp\/v2\/pages"}],"about":[{"href":"https:\/\/www.tudc.cz\/index.php\/wp-json\/wp\/v2\/types\/page"}],"author":[{"embeddable":true,"href":"https:\/\/www.tudc.cz\/index.php\/wp-json\/wp\/v2\/users\/1"}],"replies":[{"embeddable":true,"href":"https:\/\/www.tudc.cz\/index.php\/wp-json\/wp\/v2\/comments?post=2326"}],"version-history":[{"count":6,"href":"https:\/\/www.tudc.cz\/index.php\/wp-json\/wp\/v2\/pages\/2326\/revisions"}],"predecessor-version":[{"id":4155,"href":"https:\/\/www.tudc.cz\/index.php\/wp-json\/wp\/v2\/pages\/2326\/revisions\/4155"}],"up":[{"embeddable":true,"href":"https:\/\/www.tudc.cz\/index.php\/wp-json\/wp\/v2\/pages\/2072"}],"wp:attachment":[{"href":"https:\/\/www.tudc.cz\/index.php\/wp-json\/wp\/v2\/media?parent=2326"}],"curies":[{"name":"wp","href":"https:\/\/api.w.org\/{rel}","templated":true}]}}