{"id":2311,"date":"2017-09-18T07:40:45","date_gmt":"2017-09-18T07:40:45","guid":{"rendered":"https:\/\/www.tudc.cz\/?page_id=2311"},"modified":"2020-04-03T10:40:17","modified_gmt":"2020-04-03T08:40:17","slug":"usek-elektrotechniky-a-energetiky","status":"publish","type":"page","link":"https:\/\/www.tudc.cz\/index.php\/technicke-useky-tudc\/usek-elektrotechniky-a-energetiky\/","title":{"rendered":"Spr\u00e1va diagnostiky elektrotechniky"},"content":{"rendered":"<p><strong>Spr\u00e1va diagnostiky elektrotechniky<\/strong> zaji\u0161\u0165uje odborn\u00fd servis a slu\u017eby pro pot\u0159eby odv\u011btv\u00ed elektrotechniky a energetiky u Spr\u00e1vy \u017eeleznic, st\u00e1tn\u00ed organizace a to s celos\u00ed\u0165ovou p\u016fsobnost\u00ed. Hlavn\u00ed d\u016fraz je kladen p\u0159edev\u0161\u00edm na diagnostiku a m\u011b\u0159en\u00ed elektrick\u00fdch a energetick\u00fdch za\u0159\u00edzen\u00ed, v\u00fdkonnou metrologii a na p\u0159\u00edpravu a zav\u00e1d\u011bn\u00ed nov\u00fdch konstrukc\u00ed, prvk\u016f a technologi\u00ed do provozu Spr\u00e1vy \u017eeleznic, st\u00e1tn\u00ed organizace.<\/p>\n<p>V pr\u016fb\u011bhu roku 2007 byly v&nbsp;<strong>spr\u00e1v\u011b<\/strong>&nbsp;zah\u00e1jeny pr\u00e1ce na kontrol\u00e1ch plynov\u00fdch rozvod\u016f v budov\u00e1ch v okol\u00ed stejnosm\u011brn\u011b elektrizovan\u00fdch trat\u00ed, zvl\u00e1\u0161t\u011b v m\u00edstech, kde doch\u00e1z\u00ed k rozs\u00e1hl\u00fdm modernizac\u00edm trat\u00ed. V t\u011bchto lokalit\u00e1ch d\u00edky nevhodn\u011b volen\u00e9 ochran\u011b p\u0159ed \u00fa\u010dinky zp\u011btn\u00fdch trak\u010dn\u00edch proud\u016f ze strany vlastn\u00edk\u016f rozvod\u016f m\u016f\u017ee doch\u00e1zet k naru\u0161en\u00ed t\u011bchto rozvod\u016f d\u00edky elektrochemick\u00e9 korozi a to se v\u0161emi negativn\u00edmi d\u016fsledky (\u00faniky plynu, mo\u017enosti v\u00fdbuchu apod).<br \/>\nV souvislosti se zvy\u0161ov\u00e1n\u00edm rychlosti na trat\u00edch, zejm\u00e9na pak na koridorech vzr\u016fst\u00e1 pot\u0159eba prov\u00e1d\u011bn\u00ed diagnostick\u00fdch m\u011b\u0159en\u00ed p\u0159i vysok\u00fdch rychlostech, a to jak \u017eelezni\u010dn\u00edho svr\u0161ku, tak i trak\u010dn\u00edho veden\u00ed. V souvislosti s t\u011bmito diagnostick\u00fdmi m\u011b\u0159en\u00edmi vyvstal probl\u00e9m nutnosti omezov\u00e1n\u00ed pravideln\u00e9 dopravy p\u0159i t\u011bchto m\u011b\u0159en\u00edch. Aby byl dopad do grafikonu co nejmen\u0161\u00ed, za\u010dala Technick\u00e1 \u00fast\u0159edna dopravn\u00ed cesty prov\u00e1d\u011bt tato m\u011b\u0159en\u00ed jako spole\u010dn\u00e9 j\u00edzdy m\u011b\u0159ic\u00edho vozu trak\u010dn\u00edho veden\u00ed a m\u011b\u0159ic\u00edho vozu pro \u017eelezni\u010dn\u00ed svr\u0161ek. Touto organizac\u00ed j\u00edzd je dopad do provozu minimalizov\u00e1n na nejmen\u0161\u00ed mo\u017enou \u00farove\u0148, i kdy\u017e pro samotn\u00e9 CTD to znamen\u00e1 n\u00e1r\u016fst p\u0159eprav techniky a ostatn\u00edch pravideln\u00fdch m\u011b\u0159en\u00ed d\u00edky rozd\u00edln\u00fdm \u010detnostem m\u011b\u0159en\u00ed TV a \u017eelezni\u010dn\u00edho svr\u0161ku.<\/p>\n<table>\n<tbody>\n<tr>\n<td>\n<h5>Slu\u017eby:<\/h5>\n<p><a href=\"https:\/\/www.tudc.cz\/index.php\/sluzby\/zkusebni-laborator\/\">Akreditovan\u00e1 zku\u0161ebn\u00ed laborato\u0159&nbsp;<\/a><br \/>\n<a href=\"https:\/\/www.tudc.cz\/index.php\/sluzby\/specializovane-stredisko-metrologie\/\">Kalibrace m\u011b\u0159idel<\/a><\/td>\n<td>\n<h5>Diagnostick\u00e9 prost\u0159edky:<\/h5>\n<p><a href=\"https:\/\/www.tudc.cz\/index.php\/diagnosticke-prostredky\/merici-vuz-pevnych-trakcnich-zarizeni\/\">MV PTZ<\/a><br \/>\n<a href=\"https:\/\/www.tudc.cz\/index.php\/diagnosticke-prostredky\/emc-2\/\">Mobiln\u00ed laborato\u0159 pro zkou\u0161ky EMC<\/a><\/td>\n<\/tr>\n<\/tbody>\n<\/table>\n<h5>&nbsp;<\/h5>\n","protected":false},"excerpt":{"rendered":"<p>Spr\u00e1va diagnostiky elektrotechniky zaji\u0161\u0165uje odborn\u00fd servis a slu\u017eby pro pot\u0159eby odv\u011btv\u00ed elektrotechniky a energetiky u Spr\u00e1vy \u017eeleznic, st\u00e1tn\u00ed organizace a to s celos\u00ed\u0165ovou p\u016fsobnost\u00ed. Hlavn\u00ed d\u016fraz je kladen p\u0159edev\u0161\u00edm na diagnostiku a m\u011b\u0159en\u00ed elektrick\u00fdch a energetick\u00fdch za\u0159\u00edzen\u00ed, v\u00fdkonnou metrologii a na p\u0159\u00edpravu a zav\u00e1d\u011bn\u00ed nov\u00fdch konstrukc\u00ed, prvk\u016f a technologi\u00ed do provozu Spr\u00e1vy \u017eeleznic, st\u00e1tn\u00ed organizace. [&hellip;]<\/p>\n","protected":false},"author":1,"featured_media":0,"parent":2299,"menu_order":0,"comment_status":"closed","ping_status":"closed","template":"","meta":{"ngg_post_thumbnail":0,"footnotes":""},"class_list":["post-2311","page","type-page","status-publish","hentry"],"_links":{"self":[{"href":"https:\/\/www.tudc.cz\/index.php\/wp-json\/wp\/v2\/pages\/2311","targetHints":{"allow":["GET"]}}],"collection":[{"href":"https:\/\/www.tudc.cz\/index.php\/wp-json\/wp\/v2\/pages"}],"about":[{"href":"https:\/\/www.tudc.cz\/index.php\/wp-json\/wp\/v2\/types\/page"}],"author":[{"embeddable":true,"href":"https:\/\/www.tudc.cz\/index.php\/wp-json\/wp\/v2\/users\/1"}],"replies":[{"embeddable":true,"href":"https:\/\/www.tudc.cz\/index.php\/wp-json\/wp\/v2\/comments?post=2311"}],"version-history":[{"count":9,"href":"https:\/\/www.tudc.cz\/index.php\/wp-json\/wp\/v2\/pages\/2311\/revisions"}],"predecessor-version":[{"id":3215,"href":"https:\/\/www.tudc.cz\/index.php\/wp-json\/wp\/v2\/pages\/2311\/revisions\/3215"}],"up":[{"embeddable":true,"href":"https:\/\/www.tudc.cz\/index.php\/wp-json\/wp\/v2\/pages\/2299"}],"wp:attachment":[{"href":"https:\/\/www.tudc.cz\/index.php\/wp-json\/wp\/v2\/media?parent=2311"}],"curies":[{"name":"wp","href":"https:\/\/api.w.org\/{rel}","templated":true}]}}