{"id":2299,"date":"2017-09-05T12:00:53","date_gmt":"2017-09-05T12:00:53","guid":{"rendered":"https:\/\/www.tudc.cz\/?page_id=2299"},"modified":"2020-04-03T10:25:03","modified_gmt":"2020-04-03T08:25:03","slug":"technicke-useky-tudc","status":"publish","type":"page","link":"https:\/\/www.tudc.cz\/index.php\/technicke-useky-tudc\/","title":{"rendered":"Spr\u00e1vy CTD"},"content":{"rendered":"<ul>\n<li><a href=\"https:\/\/www.tudc.cz\/index.php\/technicke-useky-tudc\/usek-automatizacni-a-telekomunikacni-techniky\/\">Spr\u00e1va diagnostiky zabezpe\u010dovac\u00ed a radiov\u00e9 techniky<\/a><\/li>\n<li><a href=\"https:\/\/www.tudc.cz\/index.php\/technicke-useky-tudc\/usek-trati-a-budov\/\">Spr\u00e1va diagnostiky trat\u00ed<\/a><\/li>\n<li><a href=\"https:\/\/www.tudc.cz\/index.php\/technicke-useky-tudc\/usek-elektrotechniky-a-energetiky\/\">Spr\u00e1va diagnostiky elektrotechniky<\/a><\/li>\n<\/ul>\n","protected":false},"excerpt":{"rendered":"<p>Spr\u00e1va diagnostiky zabezpe\u010dovac\u00ed a radiov\u00e9 techniky Spr\u00e1va diagnostiky trat\u00ed Spr\u00e1va diagnostiky elektrotechniky<\/p>\n","protected":false},"author":2,"featured_media":0,"parent":0,"menu_order":0,"comment_status":"closed","ping_status":"closed","template":"","meta":{"ngg_post_thumbnail":0,"footnotes":""},"class_list":["post-2299","page","type-page","status-publish","hentry"],"_links":{"self":[{"href":"https:\/\/www.tudc.cz\/index.php\/wp-json\/wp\/v2\/pages\/2299","targetHints":{"allow":["GET"]}}],"collection":[{"href":"https:\/\/www.tudc.cz\/index.php\/wp-json\/wp\/v2\/pages"}],"about":[{"href":"https:\/\/www.tudc.cz\/index.php\/wp-json\/wp\/v2\/types\/page"}],"author":[{"embeddable":true,"href":"https:\/\/www.tudc.cz\/index.php\/wp-json\/wp\/v2\/users\/2"}],"replies":[{"embeddable":true,"href":"https:\/\/www.tudc.cz\/index.php\/wp-json\/wp\/v2\/comments?post=2299"}],"version-history":[{"count":8,"href":"https:\/\/www.tudc.cz\/index.php\/wp-json\/wp\/v2\/pages\/2299\/revisions"}],"predecessor-version":[{"id":3218,"href":"https:\/\/www.tudc.cz\/index.php\/wp-json\/wp\/v2\/pages\/2299\/revisions\/3218"}],"wp:attachment":[{"href":"https:\/\/www.tudc.cz\/index.php\/wp-json\/wp\/v2\/media?parent=2299"}],"curies":[{"name":"wp","href":"https:\/\/api.w.org\/{rel}","templated":true}]}}