{"id":2211,"date":"2017-05-05T06:45:03","date_gmt":"2017-05-05T06:45:03","guid":{"rendered":"https:\/\/www.tudc.cz\/?page_id=2211"},"modified":"2024-09-02T11:08:57","modified_gmt":"2024-09-02T09:08:57","slug":"kontakt","status":"publish","type":"page","link":"https:\/\/www.tudc.cz\/index.php\/o-nas\/kontakt\/","title":{"rendered":"Kontakt"},"content":{"rendered":"<table style=\"height: 1017px;\" border=\"0\" align=\"center\">\n<tbody>\n<tr style=\"height: 99px;\">\n<td style=\"width: 175px; height: 78px;\">\n<h2>S\u00eddlo CTD<\/h2>\n<\/td>\n<td style=\"width: 402px; height: 78px;\">&nbsp;<\/td>\n<\/tr>\n<tr style=\"height: 170px;\">\n<td style=\"width: 175px; height: 91px;\"><img loading=\"lazy\" decoding=\"async\" class=\"size-full wp-image-2565 alignnone\" src=\"https:\/\/www.tudc.cz\/wp-content\/uploads\/2017\/05\/Malletova.jpg\" alt=\"\" width=\"250\" height=\"204\" srcset=\"https:\/\/www.tudc.cz\/wp-content\/uploads\/2017\/05\/Malletova.jpg 250w, https:\/\/www.tudc.cz\/wp-content\/uploads\/2017\/05\/Malletova-150x122.jpg 150w\" sizes=\"auto, (max-width: 250px) 100vw, 250px\" \/><\/td>\n<td style=\"width: 402px; height: 91px;\"><strong>Spr\u00e1va \u017eeleznic, st\u00e1tn\u00ed organizace<br \/>\n<\/strong>Dl\u00e1\u017ed\u011bn\u00e1 1003\/7, 110 00 Praha 1 &#8211;&nbsp;Nov\u00e9 M\u011bsto<br \/>\nI\u010c: 70994234,&nbsp;&nbsp; DI\u010c: CZ70994234<\/p>\n<p><strong>Centrum techniky a diagnostiky<\/strong><br \/>\nMalletova 2363\/10, 190 00 Praha 9 &#8211; Libe\u0148<br \/>\ntel.: +420 972 228 701<br \/>\n<span style=\"font-family: inherit; font-size: inherit; font-weight: inherit;\">na map\u011b: <\/span><a style=\"font-family: inherit; font-size: inherit; font-weight: inherit;\" href=\"https:\/\/mapy.cz\/zakladni?x=14.4817572&amp;y=50.1006545&amp;z=18&amp;source=addr&amp;id=9363218&amp;q=malletova%2010%20praha\" target=\"_blank\" rel=\"noopener noreferrer\">http:\/\/www.mapy.cz\/<\/a><\/p>\n<p><strong>e-mail:<\/strong> <a style=\"font-size: inherit; font-family: inherit; font-weight: inherit;\" href=\"mailto:ePodatelnaCTD@szdc.cz\">ePodatelnaCTD@spravazeleznic.cz<\/a><span style=\"font-size: inherit; font-family: inherit; font-weight: inherit;\"> (b\u011b\u017en\u00e1 pod\u00e1n\u00ed)<\/span><\/p>\n<p><strong>e-mail:<\/strong> <a href=\"mailto:ePodatelnaCFU@spravazeleznic.cz\">ePodatelnaCFU@spravazeleznic.cz<\/a> (pouze \u00fa\u010detn\u00ed doklady: faktury + potvrzen\u00e9 objedn\u00e1vky)<\/td>\n<\/tr>\n<tr style=\"height: 109px;\">\n<td style=\"width: 577px; height: 109px;\" colspan=\"2\">\n<hr style=\"clear: both;\" size=\"2\" width=\"100%\">\n<h2>Muzeum D\u011b\u010d\u00edn<\/h2>\n<\/td>\n<\/tr>\n<tr style=\"height: 211px;\">\n<td style=\"width: 175px; height: 211px;\"><a href=\"http:\/\/www.tudc.cz\/index.php\/muzeum\/muzeum-decin\/\"><img loading=\"lazy\" decoding=\"async\" class=\"aligncenter wp-image-2568 size-full\" src=\"https:\/\/www.tudc.cz\/wp-content\/uploads\/2017\/05\/muzeumD.png\" alt=\"\" width=\"150\" height=\"111\"><\/a><\/td>\n<td style=\"width: 402px; height: 211px;\"><b><strong>Spr\u00e1va \u017eeleznic, st\u00e1tn\u00ed organizace<br \/>\nCentrum techniky a diagnostiky<br \/>\n<\/strong><strong>Muzejn\u00ed expozice sd\u011blovac\u00ed a zabezpe\u010dovac\u00ed techniky <\/strong><strong>D\u011b\u010d\u00edn<\/strong><br \/>\n<\/b>\u017delezni\u010dn\u00ed stanice D\u011b\u010d\u00edn hl.n.<br \/>\nStav\u011bdlo 15 sever<br \/>\nul. \u010csl. ml\u00e1de\u017ee 89\/4<b><br \/>\n<\/b>405 02 D\u011b\u010d\u00edn<b><br \/>\ntel.: +420 724 775 819, +420 972 433 615<br \/>\ne-mail:<\/b> <a href=\"mailto:ocenasek.dc@seznam.cz\">ocenasek.dc@seznam.cz<\/a><\/td>\n<\/tr>\n<tr style=\"height: 109px;\">\n<td style=\"width: 577px; height: 139px;\" colspan=\"2\">\n<hr style=\"clear: both;\" size=\"1\" width=\"100%\">\n<h2>Muzeum Hradec Kr\u00e1lov\u00e9<\/h2>\n<\/td>\n<\/tr>\n<tr style=\"height: 319px;\">\n<td style=\"width: 175px; height: 10px;\"><a href=\"http:\/\/www.tudc.cz\/index.php\/muzeum\/muzeum-hradec-kralove\/\"><img loading=\"lazy\" decoding=\"async\" class=\"aligncenter wp-image-2566 size-full\" src=\"https:\/\/www.tudc.cz\/wp-content\/uploads\/2017\/05\/muzeumHK.png\" alt=\"\" width=\"150\" height=\"111\"><\/a><\/td>\n<td style=\"width: 402px; height: 10px; text-align: left;\"><strong>Spr\u00e1va \u017eeleznic, st\u00e1tn\u00ed organizace<br \/>\nCentrum techniky a diagnostiky<br \/>\n<\/strong><strong>Muzejn\u00ed expozice sd\u011blovac\u00ed a zabezpe\u010dovac\u00ed techniky <\/strong><strong>Hradec Kr\u00e1lov\u00e9<\/strong><br \/>\n(Are\u00e1l firmy Signal Mont s. r. o.)<br \/>\nKydlinovsk\u00e1 1300<br \/>\n500 02 Hradec Kr\u00e1lov\u00e9<br \/>\n<strong>tel.: +420 972 341 035, +420 724&nbsp;953 615<\/strong><br \/>\n<strong>e-mail: <\/strong><a href=\"mailto:CTDmuzeumSZT@spravazeleznic.cz\">CTDmuzeumSZT@spravazeleznic.cz<\/a><\/td>\n<\/tr>\n<\/tbody>\n<\/table>\n<pre>&nbsp;<\/pre>\n","protected":false},"excerpt":{"rendered":"<p>S\u00eddlo CTD &nbsp; Spr\u00e1va \u017eeleznic, st\u00e1tn\u00ed organizace Dl\u00e1\u017ed\u011bn\u00e1 1003\/7, 110 00 Praha 1 &#8211;&nbsp;Nov\u00e9 M\u011bsto I\u010c: 70994234,&nbsp;&nbsp; DI\u010c: CZ70994234 Centrum techniky a diagnostiky Malletova 2363\/10, 190 00 Praha 9 &#8211; Libe\u0148 tel.: +420 972 228 701 na map\u011b: http:\/\/www.mapy.cz\/ e-mail: ePodatelnaCTD@spravazeleznic.cz (b\u011b\u017en\u00e1 pod\u00e1n\u00ed) e-mail: ePodatelnaCFU@spravazeleznic.cz (pouze \u00fa\u010detn\u00ed doklady: faktury + potvrzen\u00e9 objedn\u00e1vky) Muzeum D\u011b\u010d\u00edn Spr\u00e1va [&hellip;]<\/p>\n","protected":false},"author":1,"featured_media":0,"parent":10,"menu_order":0,"comment_status":"closed","ping_status":"closed","template":"","meta":{"ngg_post_thumbnail":0,"footnotes":""},"class_list":["post-2211","page","type-page","status-publish","hentry"],"_links":{"self":[{"href":"https:\/\/www.tudc.cz\/index.php\/wp-json\/wp\/v2\/pages\/2211","targetHints":{"allow":["GET"]}}],"collection":[{"href":"https:\/\/www.tudc.cz\/index.php\/wp-json\/wp\/v2\/pages"}],"about":[{"href":"https:\/\/www.tudc.cz\/index.php\/wp-json\/wp\/v2\/types\/page"}],"author":[{"embeddable":true,"href":"https:\/\/www.tudc.cz\/index.php\/wp-json\/wp\/v2\/users\/1"}],"replies":[{"embeddable":true,"href":"https:\/\/www.tudc.cz\/index.php\/wp-json\/wp\/v2\/comments?post=2211"}],"version-history":[{"count":39,"href":"https:\/\/www.tudc.cz\/index.php\/wp-json\/wp\/v2\/pages\/2211\/revisions"}],"predecessor-version":[{"id":4438,"href":"https:\/\/www.tudc.cz\/index.php\/wp-json\/wp\/v2\/pages\/2211\/revisions\/4438"}],"up":[{"embeddable":true,"href":"https:\/\/www.tudc.cz\/index.php\/wp-json\/wp\/v2\/pages\/10"}],"wp:attachment":[{"href":"https:\/\/www.tudc.cz\/index.php\/wp-json\/wp\/v2\/media?parent=2211"}],"curies":[{"name":"wp","href":"https:\/\/api.w.org\/{rel}","templated":true}]}}