{"id":22,"date":"2016-01-11T11:09:37","date_gmt":"2016-01-11T11:09:37","guid":{"rendered":"https:\/\/www.tudc.cz\/?page_id=22"},"modified":"2025-04-04T13:59:20","modified_gmt":"2025-04-04T11:59:20","slug":"sluzby","status":"publish","type":"page","link":"https:\/\/www.tudc.cz\/index.php\/sluzby\/","title":{"rendered":"Slu\u017eby"},"content":{"rendered":"<ul>\n<li><a href=\"https:\/\/www.tudc.cz\/index.php\/sluzby\/konference\/\">Konference<\/a><\/li>\n<li><a href=\"https:\/\/www.tudc.cz\/index.php\/sluzby\/overovani-zpusobilosti-zhotovitelu-technologii-praci\/\">Ov\u011b\u0159ov\u00e1n\u00ed zp\u016fsobilosti zhotovitel\u016f technologi\u00ed prac\u00ed<\/a><\/li>\n<li><a href=\"https:\/\/www.tudc.cz\/index.php\/sluzby\/overovani-kvality\/\">Ov\u011b\u0159ov\u00e1n\u00ed kvality<\/a><\/li>\n<li><a href=\"https:\/\/www.tudc.cz\/index.php\/sluzby\/overovani-zpusobilosti-dodavatelu\/\">Ov\u011b\u0159ov\u00e1n\u00ed zp\u016fsobilosti dodavatel\u016f<\/a><\/li>\n<li><a href=\"https:\/\/www.tudc.cz\/index.php\/dokumenty\/posuzovani-bezpecnosti\/\">Posuzov\u00e1n\u00ed bezpe\u010dnosti<\/a><\/li>\n<li><a href=\"https:\/\/www.tudc.cz\/index.php\/sluzby\/pomoc-pri-rizeni-rizik\/\">Pomoc p\u0159i \u0159\u00edzen\u00ed rizik<\/a><\/li>\n<li><a href=\"https:\/\/www.tudc.cz\/index.php\/sluzby\/pronajem-pocitacovych-uceben\/\">Pron\u00e1jem po\u010d\u00edta\u010dov\u00fdch u\u010deben<\/a><\/li>\n<li><a href=\"https:\/\/www.tudc.cz\/index.php\/sluzby\/radiove-stanice-a-vyuzivani-kmitoctu\/\">R\u00e1diov\u00e9 stanice a vyu\u017e\u00edv\u00e1n\u00ed kmito\u010dt\u016f<\/a><\/li>\n<li><a href=\"https:\/\/www.tudc.cz\/index.php\/sluzby\/specializovane-stredisko-metrologie\/\">Metrologie<\/a>\n<ul>\n<li><a href=\"https:\/\/www.tudc.cz\/index.php\/sluzby\/specializovane-stredisko-metrologie\/oddeleni-laboratori-elektrickych-velicin\/\">Laborato\u0159e elektrick\u00fdch veli\u010din<\/a><\/li>\n<li><a href=\"https:\/\/www.tudc.cz\/index.php\/sluzby\/specializovane-stredisko-metrologie\/oddeleni-laboratori-mechanickych-velicin\/\">Laborato\u0159 mechanick\u00fdch veli\u010din<\/a><\/li>\n<\/ul>\n<\/li>\n<li><a href=\"https:\/\/www.tudc.cz\/index.php\/sluzby\/vseobecne-podminky-pro-cinnosti-na-kabelech\/\">V\u0161eobecn\u00e9 podm\u00ednky pro \u010dinnosti na kabelech<\/a><\/li>\n<li><a href=\"https:\/\/www.tudc.cz\/index.php\/sluzby\/zkusebni-laborator\/\">Zku\u0161ebn\u00ed laborato\u0159<\/a><\/li>\n<li><a href=\"https:\/\/www.tudc.cz\/index.php\/sazebnik-sluzeb-ctd-podle-sz-sm008\/\" target=\"_blank\" rel=\"noopener\">Sazebn\u00edk slu\u017eeb CTD podle S\u017d SM008<\/a><\/li>\n<\/ul>\n","protected":false},"excerpt":{"rendered":"<p>Konference Ov\u011b\u0159ov\u00e1n\u00ed zp\u016fsobilosti zhotovitel\u016f technologi\u00ed prac\u00ed Ov\u011b\u0159ov\u00e1n\u00ed kvality Ov\u011b\u0159ov\u00e1n\u00ed zp\u016fsobilosti dodavatel\u016f Posuzov\u00e1n\u00ed bezpe\u010dnosti Pomoc p\u0159i \u0159\u00edzen\u00ed rizik Pron\u00e1jem po\u010d\u00edta\u010dov\u00fdch u\u010deben R\u00e1diov\u00e9 stanice a vyu\u017e\u00edv\u00e1n\u00ed kmito\u010dt\u016f Metrologie Laborato\u0159e elektrick\u00fdch veli\u010din Laborato\u0159 mechanick\u00fdch veli\u010din V\u0161eobecn\u00e9 podm\u00ednky pro \u010dinnosti na kabelech Zku\u0161ebn\u00ed laborato\u0159 Sazebn\u00edk slu\u017eeb CTD podle S\u017d SM008<\/p>\n","protected":false},"author":1,"featured_media":0,"parent":0,"menu_order":0,"comment_status":"closed","ping_status":"closed","template":"","meta":{"ngg_post_thumbnail":0,"footnotes":""},"class_list":["post-22","page","type-page","status-publish","hentry"],"_links":{"self":[{"href":"https:\/\/www.tudc.cz\/index.php\/wp-json\/wp\/v2\/pages\/22","targetHints":{"allow":["GET"]}}],"collection":[{"href":"https:\/\/www.tudc.cz\/index.php\/wp-json\/wp\/v2\/pages"}],"about":[{"href":"https:\/\/www.tudc.cz\/index.php\/wp-json\/wp\/v2\/types\/page"}],"author":[{"embeddable":true,"href":"https:\/\/www.tudc.cz\/index.php\/wp-json\/wp\/v2\/users\/1"}],"replies":[{"embeddable":true,"href":"https:\/\/www.tudc.cz\/index.php\/wp-json\/wp\/v2\/comments?post=22"}],"version-history":[{"count":12,"href":"https:\/\/www.tudc.cz\/index.php\/wp-json\/wp\/v2\/pages\/22\/revisions"}],"predecessor-version":[{"id":4519,"href":"https:\/\/www.tudc.cz\/index.php\/wp-json\/wp\/v2\/pages\/22\/revisions\/4519"}],"wp:attachment":[{"href":"https:\/\/www.tudc.cz\/index.php\/wp-json\/wp\/v2\/media?parent=22"}],"curies":[{"name":"wp","href":"https:\/\/api.w.org\/{rel}","templated":true}]}}