{"id":2160,"date":"2017-05-02T08:51:30","date_gmt":"2017-05-02T08:51:30","guid":{"rendered":"https:\/\/www.tudc.cz\/?page_id=2160"},"modified":"2023-05-26T14:19:51","modified_gmt":"2023-05-26T12:19:51","slug":"mms","status":"publish","type":"page","link":"https:\/\/www.tudc.cz\/index.php\/diagnosticke-prostredky\/mms\/","title":{"rendered":"Mal\u00fd m\u011b\u0159ic\u00ed syst\u00e9m MMS &#8211; prostorov\u00e1 pr\u016fchodnost"},"content":{"rendered":"\n<h1 class=\"wp-block-heading\">Mal\u00fd m\u011b\u0159ic\u00ed syst\u00e9m MMS &#8211; prostorov\u00e1 pr\u016fchodnost<\/h1>\n\n\n<p><img loading=\"lazy\" decoding=\"async\" class=\"alignleft wp-image-3245\" src=\"https:\/\/www.tudc.cz\/wp-content\/uploads\/2020\/04\/MMS_obr2-300x169.jpg\" alt=\"\" width=\"299\" height=\"168\" srcset=\"https:\/\/www.tudc.cz\/wp-content\/uploads\/2020\/04\/MMS_obr2-300x169.jpg 300w, https:\/\/www.tudc.cz\/wp-content\/uploads\/2020\/04\/MMS_obr2-768x432.jpg 768w, https:\/\/www.tudc.cz\/wp-content\/uploads\/2020\/04\/MMS_obr2-1024x576.jpg 1024w\" sizes=\"auto, (max-width: 299px) 100vw, 299px\" \/> Mal\u00fd m\u011b\u0159ic\u00ed syst\u00e9m je lehk\u00fd mobiln\u00ed voz\u00edk osazen\u00fd rota\u010dn\u00edm laserov\u00fdm scannerem. Je ur\u010den pro operativn\u00ed m\u011b\u0159en\u00ed parametr\u016f prostorov\u00e9 pr\u016fchodnosti trati, zejm\u00e9na pro m\u011b\u0159en\u00ed a diagnostiku kr\u00e1tk\u00fdch tra\u0165ov\u00fdch \u00fasek\u016f, jako jsou tunelov\u00e9 profily, n\u00e1stupi\u0161t\u011b, mostn\u00ed konstrukce, \u017eelezni\u010dn\u00ed stanice, nov\u011b rekonstruovan\u00e9 trat\u011b, atd.<\/p>\n<p><a href=\"https:\/\/www.tudc.cz\/wp-content\/uploads\/2017\/05\/mms2.jpg\"><img loading=\"lazy\" decoding=\"async\" class=\"alignright size-medium wp-image-2639\" src=\"https:\/\/www.tudc.cz\/wp-content\/uploads\/2017\/05\/mms2-300x200.jpg\" alt=\"\" width=\"300\" height=\"200\" srcset=\"https:\/\/www.tudc.cz\/wp-content\/uploads\/2017\/05\/mms2-300x200.jpg 300w, https:\/\/www.tudc.cz\/wp-content\/uploads\/2017\/05\/mms2-768x512.jpg 768w, https:\/\/www.tudc.cz\/wp-content\/uploads\/2017\/05\/mms2-1024x683.jpg 1024w, https:\/\/www.tudc.cz\/wp-content\/uploads\/2017\/05\/mms2-150x100.jpg 150w\" sizes=\"auto, (max-width: 300px) 100vw, 300px\" \/><\/a>MMS je syst\u00e9m, kter\u00fd je schopen detekovat v prostoru od osy koleje objekty a ur\u010dit jejich p\u0159esnou polohu. Vyu\u017e\u00edv\u00e1 bezkontaktn\u00edho bodov\u00e9ho laserov\u00e9ho skenov\u00e1n\u00ed prostoru ve vertik\u00e1ln\u00edm sm\u011bru. Skenov\u00e1n\u00ed v horizont\u00e1ln\u00edm sm\u011bru je zaji\u0161t\u011bno j\u00edzdou MMS po koleji, \u010d\u00edm\u017e je mo\u017en\u00e9 vytv\u00e1\u0159et p\u0159\u00ed\u010dn\u00e9 vertik\u00e1ln\u00ed \u0159ezy s hustotou a\u017e 5 mm p\u0159i rychlosti 1 m\/s. Na MMS jsou um\u00edst\u011bny senzory, kter\u00e9 sn\u00edmaj\u00ed parametry koleje. Obsluha prob\u00edh\u00e1 pomoc\u00ed speci\u00e1ln\u00edho softwarov\u00e9ho vybaven\u00ed.<\/p>\n<table>\n<tbody>\n<tr>\n<td><strong>Z\u00e1kladn\u00ed charakteristika MMS<\/strong><p><\/p>\n<ul>\n<li>Lehk\u00fd mobiln\u00ed voz\u00edk osazen\u00fd laserov\u00fdm scannerem.<\/li>\n<li>Speci\u00e1ln\u00ed senzory pro m\u011b\u0159en\u00ed p\u0159ev\u00fd\u0161en\u00ed a rozchod koleje.<\/li>\n<li>Zodoln\u011bn\u00fd typ tabletu pro sb\u011br sn\u00edman\u00fdch dat.<\/li>\n<li>Digit\u00e1ln\u00ed kamera pro fotodokumentaci m\u011b\u0159en\u00e9ho \u00faseku.<\/li>\n<li>Frekvence rota\u010dn\u00edho scanneru a\u017e 200Hz.<\/li>\n<li>Nevybavuje kolejov\u00e9 obvody.<\/li>\n<li>M\u011b\u0159en\u00ed prob\u00edh\u00e1 rychlost\u00ed ch\u016fze.<\/li>\n<\/ul>\n<\/td>\n<td style=\"vertical-align: top\"><strong>Hlavn\u00ed v\u00fdhody MMS<\/strong><p><\/p>\n<ul>\n<li>Kontinu\u00e1ln\u00ed m\u011b\u0159en\u00ed po\u017eadovan\u00fdch parametr\u016f.<\/li>\n<li>MMS lze transportovat na m\u00edsto m\u011b\u0159en\u00ed v b\u011b\u017en\u00e9 dod\u00e1vce.<\/li>\n<li>Nevybavuje kolejov\u00e9 obvody.<\/li>\n<li>Mo\u017enost shrnut\u00ed kritick\u00fdch m\u011b\u0159en\u00fdch \u00fasek\u016f do jednoho profilu.<\/li>\n<li>Snadn\u00e1 manipulace d\u00edky kompaktnosti syst\u00e9m\u016f.<\/li>\n<li>Lehk\u00e1 konstrukce a n\u00edzk\u00e1 hmotnost scanneru.<\/li>\n<\/ul>\n<\/td>\n<\/tr>\n<tr>\n<td>&nbsp;<a href=\"https:\/\/www.tudc.cz\/wp-content\/uploads\/2017\/05\/mms6.png\"><img loading=\"lazy\" decoding=\"async\" class=\"aligncenter size-medium wp-image-2640\" src=\"https:\/\/www.tudc.cz\/wp-content\/uploads\/2017\/05\/mms6-300x187.png\" alt=\"\" width=\"300\" height=\"187\" srcset=\"https:\/\/www.tudc.cz\/wp-content\/uploads\/2017\/05\/mms6-300x187.png 300w, https:\/\/www.tudc.cz\/wp-content\/uploads\/2017\/05\/mms6-768x479.png 768w, https:\/\/www.tudc.cz\/wp-content\/uploads\/2017\/05\/mms6-1024x638.png 1024w, https:\/\/www.tudc.cz\/wp-content\/uploads\/2017\/05\/mms6-150x94.png 150w, https:\/\/www.tudc.cz\/wp-content\/uploads\/2017\/05\/mms6.png 1654w\" sizes=\"auto, (max-width: 300px) 100vw, 300px\" \/><\/a><\/td>\n<td>&nbsp;<a href=\"https:\/\/www.tudc.cz\/wp-content\/uploads\/2017\/05\/mms5.png\"><img loading=\"lazy\" decoding=\"async\" class=\"aligncenter size-medium wp-image-2641\" src=\"https:\/\/www.tudc.cz\/wp-content\/uploads\/2017\/05\/mms5-300x217.png\" alt=\"\" width=\"300\" height=\"217\" srcset=\"https:\/\/www.tudc.cz\/wp-content\/uploads\/2017\/05\/mms5-300x217.png 300w, https:\/\/www.tudc.cz\/wp-content\/uploads\/2017\/05\/mms5-768x556.png 768w, https:\/\/www.tudc.cz\/wp-content\/uploads\/2017\/05\/mms5-1024x741.png 1024w, https:\/\/www.tudc.cz\/wp-content\/uploads\/2017\/05\/mms5-150x109.png 150w, https:\/\/www.tudc.cz\/wp-content\/uploads\/2017\/05\/mms5.png 1424w\" sizes=\"auto, (max-width: 300px) 100vw, 300px\" \/><\/a><\/td>\n<\/tr>\n<\/tbody>\n<\/table>\n<p><\/p>","protected":false},"excerpt":{"rendered":"<p>Mal\u00fd m\u011b\u0159ic\u00ed syst\u00e9m MMS &#8211; prostorov\u00e1 pr\u016fchodnost Mal\u00fd m\u011b\u0159ic\u00ed syst\u00e9m je lehk\u00fd mobiln\u00ed voz\u00edk osazen\u00fd rota\u010dn\u00edm laserov\u00fdm scannerem. Je ur\u010den pro operativn\u00ed m\u011b\u0159en\u00ed parametr\u016f prostorov\u00e9 pr\u016fchodnosti trati, zejm\u00e9na pro m\u011b\u0159en\u00ed a diagnostiku kr\u00e1tk\u00fdch tra\u0165ov\u00fdch \u00fasek\u016f, jako jsou tunelov\u00e9 profily, n\u00e1stupi\u0161t\u011b, mostn\u00ed konstrukce, \u017eelezni\u010dn\u00ed stanice, nov\u011b rekonstruovan\u00e9 trat\u011b, atd. MMS je syst\u00e9m, kter\u00fd je schopen detekovat [&hellip;]<\/p>\n","protected":false},"author":1,"featured_media":0,"parent":2072,"menu_order":0,"comment_status":"closed","ping_status":"closed","template":"","meta":{"ngg_post_thumbnail":0,"footnotes":""},"class_list":["post-2160","page","type-page","status-publish","hentry"],"_links":{"self":[{"href":"https:\/\/www.tudc.cz\/index.php\/wp-json\/wp\/v2\/pages\/2160","targetHints":{"allow":["GET"]}}],"collection":[{"href":"https:\/\/www.tudc.cz\/index.php\/wp-json\/wp\/v2\/pages"}],"about":[{"href":"https:\/\/www.tudc.cz\/index.php\/wp-json\/wp\/v2\/types\/page"}],"author":[{"embeddable":true,"href":"https:\/\/www.tudc.cz\/index.php\/wp-json\/wp\/v2\/users\/1"}],"replies":[{"embeddable":true,"href":"https:\/\/www.tudc.cz\/index.php\/wp-json\/wp\/v2\/comments?post=2160"}],"version-history":[{"count":6,"href":"https:\/\/www.tudc.cz\/index.php\/wp-json\/wp\/v2\/pages\/2160\/revisions"}],"predecessor-version":[{"id":4159,"href":"https:\/\/www.tudc.cz\/index.php\/wp-json\/wp\/v2\/pages\/2160\/revisions\/4159"}],"up":[{"embeddable":true,"href":"https:\/\/www.tudc.cz\/index.php\/wp-json\/wp\/v2\/pages\/2072"}],"wp:attachment":[{"href":"https:\/\/www.tudc.cz\/index.php\/wp-json\/wp\/v2\/media?parent=2160"}],"curies":[{"name":"wp","href":"https:\/\/api.w.org\/{rel}","templated":true}]}}