{"id":157,"date":"2016-01-12T09:18:57","date_gmt":"2016-01-12T09:18:57","guid":{"rendered":"https:\/\/www.tudc.cz\/?page_id=157"},"modified":"2017-09-25T13:20:40","modified_gmt":"2017-09-25T11:20:40","slug":"fotogalerie","status":"publish","type":"page","link":"https:\/\/www.tudc.cz\/index.php\/muzeum\/muzeum-decin\/fotogalerie\/","title":{"rendered":"Fotogalerie"},"content":{"rendered":"<!-- index.php -->\n<div\n\tclass=\"ngg-galleryoverview ngg-ajax-pagination-none\"\n\tid=\"ngg-gallery-31269e5daaa775a9dd866d100342add4-1\">\n\n    \t<div class=\"slideshowlink\">\n        <a href='https:\/\/www.tudc.cz\/index.php\/muzeum\/muzeum-decin\/fotogalerie\/nggallery\/slideshow'>&#091;Uk\u00e1zat prezentaci&#093;<\/a>\n\t\t\n\t<\/div>\n\t\t\t<!-- Thumbnails -->\n\t\t\t\t<div id=\"ngg-image-0\" class=\"ngg-gallery-thumbnail-box\" >\n\t\t\t\t        <div class=\"ngg-gallery-thumbnail\">\n            <a href=\"https:\/\/www.tudc.cz\/wp-content\/gallery\/muzeum-decin\/meszt_d_01.jpg\"\n               title=\"Budova muzea\"\n               data-src=\"https:\/\/www.tudc.cz\/wp-content\/gallery\/muzeum-decin\/meszt_d_01.jpg\"\n               data-thumbnail=\"https:\/\/www.tudc.cz\/wp-content\/gallery\/muzeum-decin\/thumbs\/thumbs_meszt_d_01.jpg\"\n               data-image-id=\"1\"\n               data-title=\"Budova muzea\"\n               data-description=\"Budova muzea\"\n               data-image-slug=\"meszt_d_01\"\n               class=\"ngg-fancybox\" rel=\"31269e5daaa775a9dd866d100342add4\">\n                <img\n                    title=\"Budova muzea\"\n                    alt=\"Budova muzea\"\n                    src=\"https:\/\/www.tudc.cz\/wp-content\/gallery\/muzeum-decin\/thumbs\/thumbs_meszt_d_01.jpg\"\n                    width=\"240\"\n                    height=\"160\"\n                    style=\"max-width:100%;\"\n                \/>\n            <\/a>\n        <\/div>\n\t\t\t\t\t\t\t<\/div> \n\t\t\t\n        \n\t\t\t\t<div id=\"ngg-image-1\" class=\"ngg-gallery-thumbnail-box\" >\n\t\t\t\t        <div class=\"ngg-gallery-thumbnail\">\n            <a href=\"https:\/\/www.tudc.cz\/wp-content\/gallery\/muzeum-decin\/meszt_d_02.jpg\"\n               title=\"Budova muzea\"\n               data-src=\"https:\/\/www.tudc.cz\/wp-content\/gallery\/muzeum-decin\/meszt_d_02.jpg\"\n               data-thumbnail=\"https:\/\/www.tudc.cz\/wp-content\/gallery\/muzeum-decin\/thumbs\/thumbs_meszt_d_02.jpg\"\n               data-image-id=\"2\"\n               data-title=\"Budova muzea\"\n               data-description=\"Budova muzea\"\n               data-image-slug=\"meszt_d_02-2\"\n               class=\"ngg-fancybox\" rel=\"31269e5daaa775a9dd866d100342add4\">\n                <img\n                    title=\"Budova muzea\"\n                    alt=\"Budova muzea\"\n                    src=\"https:\/\/www.tudc.cz\/wp-content\/gallery\/muzeum-decin\/thumbs\/thumbs_meszt_d_02.jpg\"\n                    width=\"240\"\n                    height=\"160\"\n                    style=\"max-width:100%;\"\n                \/>\n            <\/a>\n        <\/div>\n\t\t\t\t\t\t\t<\/div> \n\t\t\t\n        \n\t\t\t\t<div id=\"ngg-image-2\" class=\"ngg-gallery-thumbnail-box\" >\n\t\t\t\t        <div class=\"ngg-gallery-thumbnail\">\n            <a href=\"https:\/\/www.tudc.cz\/wp-content\/gallery\/muzeum-decin\/meszt_d_03.jpg\"\n               title=\"Rozvodov\u00e1 deska\"\n               data-src=\"https:\/\/www.tudc.cz\/wp-content\/gallery\/muzeum-decin\/meszt_d_03.jpg\"\n               data-thumbnail=\"https:\/\/www.tudc.cz\/wp-content\/gallery\/muzeum-decin\/thumbs\/thumbs_meszt_d_03.jpg\"\n               data-image-id=\"3\"\n               data-title=\"Rozvodov\u00e1 deska\"\n               data-description=\"Rozvodov\u00e1 deska\"\n               data-image-slug=\"meszt_d_03-2\"\n               class=\"ngg-fancybox\" rel=\"31269e5daaa775a9dd866d100342add4\">\n                <img\n                    title=\"Rozvodov\u00e1 deska\"\n                    alt=\"Rozvodov\u00e1 deska\"\n                    src=\"https:\/\/www.tudc.cz\/wp-content\/gallery\/muzeum-decin\/thumbs\/thumbs_meszt_d_03.jpg\"\n                    width=\"240\"\n                    height=\"160\"\n                    style=\"max-width:100%;\"\n                \/>\n            <\/a>\n        <\/div>\n\t\t\t\t\t\t\t<\/div> \n\t\t\t\n        \n\t\t\t\t<div id=\"ngg-image-3\" class=\"ngg-gallery-thumbnail-box\" >\n\t\t\t\t        <div class=\"ngg-gallery-thumbnail\">\n            <a href=\"https:\/\/www.tudc.cz\/wp-content\/gallery\/muzeum-decin\/meszt_d_04.jpg\"\n               title=\"Hodnostn\u00ed ozna\u010den\u00ed \u017eelezni\u010dn\u00edch zam\u011bstnanc\u016f\"\n               data-src=\"https:\/\/www.tudc.cz\/wp-content\/gallery\/muzeum-decin\/meszt_d_04.jpg\"\n               data-thumbnail=\"https:\/\/www.tudc.cz\/wp-content\/gallery\/muzeum-decin\/thumbs\/thumbs_meszt_d_04.jpg\"\n               data-image-id=\"4\"\n               data-title=\"Hodnostn\u00ed ozna\u010den\u00ed \u017eelezni\u010dn\u00edch zam\u011bstnanc\u016f\"\n               data-description=\"Hodnostn\u00ed ozna\u010den\u00ed \u017eelezni\u010dn\u00edch zam\u011bstnanc\u016f\"\n               data-image-slug=\"meszt_d_04-2\"\n               class=\"ngg-fancybox\" rel=\"31269e5daaa775a9dd866d100342add4\">\n                <img\n                    title=\"Hodnostn\u00ed ozna\u010den\u00ed \u017eelezni\u010dn\u00edch zam\u011bstnanc\u016f\"\n                    alt=\"Hodnostn\u00ed ozna\u010den\u00ed \u017eelezni\u010dn\u00edch zam\u011bstnanc\u016f\"\n                    src=\"https:\/\/www.tudc.cz\/wp-content\/gallery\/muzeum-decin\/thumbs\/thumbs_meszt_d_04.jpg\"\n                    width=\"240\"\n                    height=\"160\"\n                    style=\"max-width:100%;\"\n                \/>\n            <\/a>\n        <\/div>\n\t\t\t\t\t\t\t<\/div> \n\t\t\t\n        \n\t\t\t\t<div id=\"ngg-image-4\" class=\"ngg-gallery-thumbnail-box\" >\n\t\t\t\t        <div class=\"ngg-gallery-thumbnail\">\n            <a href=\"https:\/\/www.tudc.cz\/wp-content\/gallery\/muzeum-decin\/meszt_d_05.jpg\"\n               title=\"Mechanick\u00e9 z\u00e1vislosti\"\n               data-src=\"https:\/\/www.tudc.cz\/wp-content\/gallery\/muzeum-decin\/meszt_d_05.jpg\"\n               data-thumbnail=\"https:\/\/www.tudc.cz\/wp-content\/gallery\/muzeum-decin\/thumbs\/thumbs_meszt_d_05.jpg\"\n               data-image-id=\"5\"\n               data-title=\"Mechanick\u00e9 z\u00e1vislosti\"\n               data-description=\"Mechanick\u00e9 z\u00e1vislosti\"\n               data-image-slug=\"meszt_d_05-2\"\n               class=\"ngg-fancybox\" rel=\"31269e5daaa775a9dd866d100342add4\">\n                <img\n                    title=\"Mechanick\u00e9 z\u00e1vislosti\"\n                    alt=\"Mechanick\u00e9 z\u00e1vislosti\"\n                    src=\"https:\/\/www.tudc.cz\/wp-content\/gallery\/muzeum-decin\/thumbs\/thumbs_meszt_d_05.jpg\"\n                    width=\"240\"\n                    height=\"160\"\n                    style=\"max-width:100%;\"\n                \/>\n            <\/a>\n        <\/div>\n\t\t\t\t\t\t\t<\/div> \n\t\t\t\n        \n\t\t\t\t<div id=\"ngg-image-5\" class=\"ngg-gallery-thumbnail-box\" >\n\t\t\t\t        <div class=\"ngg-gallery-thumbnail\">\n            <a href=\"https:\/\/www.tudc.cz\/wp-content\/gallery\/muzeum-decin\/meszt_d_06.jpg\"\n               title=\"\u010c\u00e1st kontroln\u00edch obvod\u016f vlakov\u00fdch cest\"\n               data-src=\"https:\/\/www.tudc.cz\/wp-content\/gallery\/muzeum-decin\/meszt_d_06.jpg\"\n               data-thumbnail=\"https:\/\/www.tudc.cz\/wp-content\/gallery\/muzeum-decin\/thumbs\/thumbs_meszt_d_06.jpg\"\n               data-image-id=\"6\"\n               data-title=\"\u010c\u00e1st kontroln\u00edch obvod\u016f vlakov\u00fdch cest\"\n               data-description=\"\u010c\u00e1st kontroln\u00edch obvod\u016f vlakov\u00fdch cest\"\n               data-image-slug=\"meszt_d_06-2\"\n               class=\"ngg-fancybox\" rel=\"31269e5daaa775a9dd866d100342add4\">\n                <img\n                    title=\"\u010c\u00e1st kontroln\u00edch obvod\u016f vlakov\u00fdch cest\"\n                    alt=\"\u010c\u00e1st kontroln\u00edch obvod\u016f vlakov\u00fdch cest\"\n                    src=\"https:\/\/www.tudc.cz\/wp-content\/gallery\/muzeum-decin\/thumbs\/thumbs_meszt_d_06.jpg\"\n                    width=\"240\"\n                    height=\"160\"\n                    style=\"max-width:100%;\"\n                \/>\n            <\/a>\n        <\/div>\n\t\t\t\t\t\t\t<\/div> \n\t\t\t\n        \n\t\t\t\t<div id=\"ngg-image-6\" class=\"ngg-gallery-thumbnail-box\" >\n\t\t\t\t        <div class=\"ngg-gallery-thumbnail\">\n            <a href=\"https:\/\/www.tudc.cz\/wp-content\/gallery\/muzeum-decin\/meszt_d_10.jpg\"\n               title=\"Elektrick\u00fd n\u00e1v\u011bstn\u00ed pohon\"\n               data-src=\"https:\/\/www.tudc.cz\/wp-content\/gallery\/muzeum-decin\/meszt_d_10.jpg\"\n               data-thumbnail=\"https:\/\/www.tudc.cz\/wp-content\/gallery\/muzeum-decin\/thumbs\/thumbs_meszt_d_10.jpg\"\n               data-image-id=\"10\"\n               data-title=\"Elektrick\u00fd n\u00e1v\u011bstn\u00ed pohon\"\n               data-description=\"Elektrick\u00fd n\u00e1v\u011bstn\u00ed pohon\"\n               data-image-slug=\"meszt_d_10-1\"\n               class=\"ngg-fancybox\" rel=\"31269e5daaa775a9dd866d100342add4\">\n                <img\n                    title=\"Elektrick\u00fd n\u00e1v\u011bstn\u00ed pohon\"\n                    alt=\"Elektrick\u00fd n\u00e1v\u011bstn\u00ed pohon\"\n                    src=\"https:\/\/www.tudc.cz\/wp-content\/gallery\/muzeum-decin\/thumbs\/thumbs_meszt_d_10.jpg\"\n                    width=\"240\"\n                    height=\"160\"\n                    style=\"max-width:100%;\"\n                \/>\n            <\/a>\n        <\/div>\n\t\t\t\t\t\t\t<\/div> \n\t\t\t\n        \n\t\t\t\t<div id=\"ngg-image-7\" class=\"ngg-gallery-thumbnail-box\" >\n\t\t\t\t        <div class=\"ngg-gallery-thumbnail\">\n            <a href=\"https:\/\/www.tudc.cz\/wp-content\/gallery\/muzeum-decin\/meszt_d_07.jpg\"\n               title=\"\u010c\u00e1st kontroln\u00edch obvod\u016f vlakov\u00fdch cest\"\n               data-src=\"https:\/\/www.tudc.cz\/wp-content\/gallery\/muzeum-decin\/meszt_d_07.jpg\"\n               data-thumbnail=\"https:\/\/www.tudc.cz\/wp-content\/gallery\/muzeum-decin\/thumbs\/thumbs_meszt_d_07.jpg\"\n               data-image-id=\"7\"\n               data-title=\"\u010c\u00e1st kontroln\u00edch obvod\u016f vlakov\u00fdch cest\"\n               data-description=\"\u010c\u00e1st kontroln\u00edch obvod\u016f vlakov\u00fdch cest\"\n               data-image-slug=\"meszt_d_07-2\"\n               class=\"ngg-fancybox\" rel=\"31269e5daaa775a9dd866d100342add4\">\n                <img\n                    title=\"\u010c\u00e1st kontroln\u00edch obvod\u016f vlakov\u00fdch cest\"\n                    alt=\"\u010c\u00e1st kontroln\u00edch obvod\u016f vlakov\u00fdch cest\"\n                    src=\"https:\/\/www.tudc.cz\/wp-content\/gallery\/muzeum-decin\/thumbs\/thumbs_meszt_d_07.jpg\"\n                    width=\"240\"\n                    height=\"160\"\n                    style=\"max-width:100%;\"\n                \/>\n            <\/a>\n        <\/div>\n\t\t\t\t\t\t\t<\/div> \n\t\t\t\n        \n\t\t\t\t<div id=\"ngg-image-8\" class=\"ngg-gallery-thumbnail-box\" >\n\t\t\t\t        <div class=\"ngg-gallery-thumbnail\">\n            <a href=\"https:\/\/www.tudc.cz\/wp-content\/gallery\/muzeum-decin\/meszt_d_08.jpg\"\n               title=\"\u010c\u00e1st stav\u011bc\u00edch obvod\u016f motor\u016f p\u0159estavn\u00edk\u016f\"\n               data-src=\"https:\/\/www.tudc.cz\/wp-content\/gallery\/muzeum-decin\/meszt_d_08.jpg\"\n               data-thumbnail=\"https:\/\/www.tudc.cz\/wp-content\/gallery\/muzeum-decin\/thumbs\/thumbs_meszt_d_08.jpg\"\n               data-image-id=\"8\"\n               data-title=\"\u010c\u00e1st stav\u011bc\u00edch obvod\u016f motor\u016f p\u0159estavn\u00edk\u016f\"\n               data-description=\"\u010c\u00e1st stav\u011bc\u00edch obvod\u016f motor\u016f p\u0159estavn\u00edk\u016f\"\n               data-image-slug=\"meszt_d_08-1\"\n               class=\"ngg-fancybox\" rel=\"31269e5daaa775a9dd866d100342add4\">\n                <img\n                    title=\"\u010c\u00e1st stav\u011bc\u00edch obvod\u016f motor\u016f p\u0159estavn\u00edk\u016f\"\n                    alt=\"\u010c\u00e1st stav\u011bc\u00edch obvod\u016f motor\u016f p\u0159estavn\u00edk\u016f\"\n                    src=\"https:\/\/www.tudc.cz\/wp-content\/gallery\/muzeum-decin\/thumbs\/thumbs_meszt_d_08.jpg\"\n                    width=\"240\"\n                    height=\"160\"\n                    style=\"max-width:100%;\"\n                \/>\n            <\/a>\n        <\/div>\n\t\t\t\t\t\t\t<\/div> \n\t\t\t\n        \n\t\t\t\t<div id=\"ngg-image-9\" class=\"ngg-gallery-thumbnail-box\" >\n\t\t\t\t        <div class=\"ngg-gallery-thumbnail\">\n            <a href=\"https:\/\/www.tudc.cz\/wp-content\/gallery\/muzeum-decin\/meszt_d_09.jpg\"\n               title=\"Mechanick\u00e9 z\u00e1vislosti \u00dast\u0159edn\u00ed z\u00e1mek\"\n               data-src=\"https:\/\/www.tudc.cz\/wp-content\/gallery\/muzeum-decin\/meszt_d_09.jpg\"\n               data-thumbnail=\"https:\/\/www.tudc.cz\/wp-content\/gallery\/muzeum-decin\/thumbs\/thumbs_meszt_d_09.jpg\"\n               data-image-id=\"9\"\n               data-title=\"Mechanick\u00e9 z\u00e1vislosti \u00dast\u0159edn\u00ed z\u00e1mek\"\n               data-description=\"Mechanick\u00e9 z\u00e1vislosti \u00dast\u0159edn\u00ed z\u00e1mek\"\n               data-image-slug=\"meszt_d_09-1\"\n               class=\"ngg-fancybox\" rel=\"31269e5daaa775a9dd866d100342add4\">\n                <img\n                    title=\"Mechanick\u00e9 z\u00e1vislosti \u00dast\u0159edn\u00ed z\u00e1mek\"\n                    alt=\"Mechanick\u00e9 z\u00e1vislosti \u00dast\u0159edn\u00ed z\u00e1mek\"\n                    src=\"https:\/\/www.tudc.cz\/wp-content\/gallery\/muzeum-decin\/thumbs\/thumbs_meszt_d_09.jpg\"\n                    width=\"240\"\n                    height=\"160\"\n                    style=\"max-width:100%;\"\n                \/>\n            <\/a>\n        <\/div>\n\t\t\t\t\t\t\t<\/div> \n\t\t\t\n        \n\t\t\t\t<div id=\"ngg-image-10\" class=\"ngg-gallery-thumbnail-box\" >\n\t\t\t\t        <div class=\"ngg-gallery-thumbnail\">\n            <a href=\"https:\/\/www.tudc.cz\/wp-content\/gallery\/muzeum-decin\/meszt_d_11.jpg\"\n               title=\"Rtu\u0165ov\u00fd kmita\u010d a \u010dasov\u00fd sp\u00edna\u010d\"\n               data-src=\"https:\/\/www.tudc.cz\/wp-content\/gallery\/muzeum-decin\/meszt_d_11.jpg\"\n               data-thumbnail=\"https:\/\/www.tudc.cz\/wp-content\/gallery\/muzeum-decin\/thumbs\/thumbs_meszt_d_11.jpg\"\n               data-image-id=\"11\"\n               data-title=\"Rtu\u0165ov\u00fd kmita\u010d a \u010dasov\u00fd sp\u00edna\u010d\"\n               data-description=\"Rtu\u0165ov\u00fd kmita\u010d a \u010dasov\u00fd sp\u00edna\u010d\"\n               data-image-slug=\"meszt_d_11\"\n               class=\"ngg-fancybox\" rel=\"31269e5daaa775a9dd866d100342add4\">\n                <img\n                    title=\"Rtu\u0165ov\u00fd kmita\u010d a \u010dasov\u00fd sp\u00edna\u010d\"\n                    alt=\"Rtu\u0165ov\u00fd kmita\u010d a \u010dasov\u00fd sp\u00edna\u010d\"\n                    src=\"https:\/\/www.tudc.cz\/wp-content\/gallery\/muzeum-decin\/thumbs\/thumbs_meszt_d_11.jpg\"\n                    width=\"240\"\n                    height=\"160\"\n                    style=\"max-width:100%;\"\n                \/>\n            <\/a>\n        <\/div>\n\t\t\t\t\t\t\t<\/div> \n\t\t\t\n        \n\t\t\t\t<div id=\"ngg-image-11\" class=\"ngg-gallery-thumbnail-box\" >\n\t\t\t\t        <div class=\"ngg-gallery-thumbnail\">\n            <a href=\"https:\/\/www.tudc.cz\/wp-content\/gallery\/muzeum-decin\/meszt_d_12.jpg\"\n               title=\"Vazba elektromechanick\u00e9ho a elektrodynamick\u00e9ho za\u0159\u00edzen\u00ed\"\n               data-src=\"https:\/\/www.tudc.cz\/wp-content\/gallery\/muzeum-decin\/meszt_d_12.jpg\"\n               data-thumbnail=\"https:\/\/www.tudc.cz\/wp-content\/gallery\/muzeum-decin\/thumbs\/thumbs_meszt_d_12.jpg\"\n               data-image-id=\"12\"\n               data-title=\"Vazba elektromechanick\u00e9ho a elektrodynamick\u00e9ho za\u0159\u00edzen\u00ed\"\n               data-description=\"Vazba elektromechanick\u00e9ho a elektrodynamick\u00e9ho za\u0159\u00edzen\u00ed\"\n               data-image-slug=\"meszt_d_12\"\n               class=\"ngg-fancybox\" rel=\"31269e5daaa775a9dd866d100342add4\">\n                <img\n                    title=\"Vazba elektromechanick\u00e9ho a elektrodynamick\u00e9ho za\u0159\u00edzen\u00ed\"\n                    alt=\"Vazba elektromechanick\u00e9ho a elektrodynamick\u00e9ho za\u0159\u00edzen\u00ed\"\n                    src=\"https:\/\/www.tudc.cz\/wp-content\/gallery\/muzeum-decin\/thumbs\/thumbs_meszt_d_12.jpg\"\n                    width=\"240\"\n                    height=\"160\"\n                    style=\"max-width:100%;\"\n                \/>\n            <\/a>\n        <\/div>\n\t\t\t\t\t\t\t<\/div> \n\t\t\t\n        \n\t\t\t\t<div id=\"ngg-image-12\" class=\"ngg-gallery-thumbnail-box\" >\n\t\t\t\t        <div class=\"ngg-gallery-thumbnail\">\n            <a href=\"https:\/\/www.tudc.cz\/wp-content\/gallery\/muzeum-decin\/meszt_d_13.jpg\"\n               title=\"Funk\u010dn\u00ed muzejn\u00ed uk\u00e1zka elektromotorick\u00e9ho p\u0159estavn\u00edku\"\n               data-src=\"https:\/\/www.tudc.cz\/wp-content\/gallery\/muzeum-decin\/meszt_d_13.jpg\"\n               data-thumbnail=\"https:\/\/www.tudc.cz\/wp-content\/gallery\/muzeum-decin\/thumbs\/thumbs_meszt_d_13.jpg\"\n               data-image-id=\"13\"\n               data-title=\"Funk\u010dn\u00ed muzejn\u00ed uk\u00e1zka elektromotorick\u00e9ho p\u0159estavn\u00edku\"\n               data-description=\"Funk\u010dn\u00ed muzejn\u00ed uk\u00e1zka elektromotorick\u00e9ho p\u0159estavn\u00edku\"\n               data-image-slug=\"meszt_d_13\"\n               class=\"ngg-fancybox\" rel=\"31269e5daaa775a9dd866d100342add4\">\n                <img\n                    title=\"Funk\u010dn\u00ed muzejn\u00ed uk\u00e1zka elektromotorick\u00e9ho p\u0159estavn\u00edku\"\n                    alt=\"Funk\u010dn\u00ed muzejn\u00ed uk\u00e1zka elektromotorick\u00e9ho p\u0159estavn\u00edku\"\n                    src=\"https:\/\/www.tudc.cz\/wp-content\/gallery\/muzeum-decin\/thumbs\/thumbs_meszt_d_13.jpg\"\n                    width=\"240\"\n                    height=\"160\"\n                    style=\"max-width:100%;\"\n                \/>\n            <\/a>\n        <\/div>\n\t\t\t\t\t\t\t<\/div> \n\t\t\t\n        \n\t\t\t\t<div id=\"ngg-image-13\" class=\"ngg-gallery-thumbnail-box\" >\n\t\t\t\t        <div class=\"ngg-gallery-thumbnail\">\n            <a href=\"https:\/\/www.tudc.cz\/wp-content\/gallery\/muzeum-decin\/meszt_d_14.jpg\"\n               title=\"Jedno\u0159ad\u00e9 elektrodynamick\u00e9 zabezpe\u010dovac\u00ed za\u0159\u00edzen\u00ed uk\u00e1zkov\u011b funk\u010dn\u00ed ze V\u010deln\u00e9\"\n               data-src=\"https:\/\/www.tudc.cz\/wp-content\/gallery\/muzeum-decin\/meszt_d_14.jpg\"\n               data-thumbnail=\"https:\/\/www.tudc.cz\/wp-content\/gallery\/muzeum-decin\/thumbs\/thumbs_meszt_d_14.jpg\"\n               data-image-id=\"14\"\n               data-title=\"Jedno\u0159ad\u00e9 elektrodynamick\u00e9 zabezpe\u010dovac\u00ed za\u0159\u00edzen\u00ed uk\u00e1zkov\u011b funk\u010dn\u00ed ze V\u010deln\u00e9\"\n               data-description=\"Jedno\u0159ad\u00e9 elektrodynamick\u00e9 zabezpe\u010dovac\u00ed za\u0159\u00edzen\u00ed uk\u00e1zkov\u011b funk\u010dn\u00ed ze V\u010deln\u00e9\"\n               data-image-slug=\"meszt_d_14\"\n               class=\"ngg-fancybox\" rel=\"31269e5daaa775a9dd866d100342add4\">\n                <img\n                    title=\"Jedno\u0159ad\u00e9 elektrodynamick\u00e9 zabezpe\u010dovac\u00ed za\u0159\u00edzen\u00ed uk\u00e1zkov\u011b funk\u010dn\u00ed ze V\u010deln\u00e9\"\n                    alt=\"Jedno\u0159ad\u00e9 elektrodynamick\u00e9 zabezpe\u010dovac\u00ed za\u0159\u00edzen\u00ed uk\u00e1zkov\u011b funk\u010dn\u00ed ze V\u010deln\u00e9\"\n                    src=\"https:\/\/www.tudc.cz\/wp-content\/gallery\/muzeum-decin\/thumbs\/thumbs_meszt_d_14.jpg\"\n                    width=\"240\"\n                    height=\"160\"\n                    style=\"max-width:100%;\"\n                \/>\n            <\/a>\n        <\/div>\n\t\t\t\t\t\t\t<\/div> \n\t\t\t\n        \n\t\t\t\t<div id=\"ngg-image-14\" class=\"ngg-gallery-thumbnail-box\" >\n\t\t\t\t        <div class=\"ngg-gallery-thumbnail\">\n            <a href=\"https:\/\/www.tudc.cz\/wp-content\/gallery\/muzeum-decin\/meszt_d_15.jpg\"\n               title=\"\u010c\u00e1st elektrodynamick\u00e9ho stav\u011bdlov\u00e9ho p\u0159\u00edstroje z \u00dast\u00ed nad Labem sever\"\n               data-src=\"https:\/\/www.tudc.cz\/wp-content\/gallery\/muzeum-decin\/meszt_d_15.jpg\"\n               data-thumbnail=\"https:\/\/www.tudc.cz\/wp-content\/gallery\/muzeum-decin\/thumbs\/thumbs_meszt_d_15.jpg\"\n               data-image-id=\"15\"\n               data-title=\"\u010c\u00e1st elektrodynamick\u00e9ho stav\u011bdlov\u00e9ho p\u0159\u00edstroje z \u00dast\u00ed nad Labem sever\"\n               data-description=\"\u010c\u00e1st elektrodynamick\u00e9ho stav\u011bdlov\u00e9ho p\u0159\u00edstroje z \u00dast\u00ed nad Labem sever\"\n               data-image-slug=\"meszt_d_15\"\n               class=\"ngg-fancybox\" rel=\"31269e5daaa775a9dd866d100342add4\">\n                <img\n                    title=\"\u010c\u00e1st elektrodynamick\u00e9ho stav\u011bdlov\u00e9ho p\u0159\u00edstroje z \u00dast\u00ed nad Labem sever\"\n                    alt=\"\u010c\u00e1st elektrodynamick\u00e9ho stav\u011bdlov\u00e9ho p\u0159\u00edstroje z \u00dast\u00ed nad Labem sever\"\n                    src=\"https:\/\/www.tudc.cz\/wp-content\/gallery\/muzeum-decin\/thumbs\/thumbs_meszt_d_15.jpg\"\n                    width=\"240\"\n                    height=\"160\"\n                    style=\"max-width:100%;\"\n                \/>\n            <\/a>\n        <\/div>\n\t\t\t\t\t\t\t<\/div> \n\t\t\t\n        \n\t\t\t\t<div id=\"ngg-image-15\" class=\"ngg-gallery-thumbnail-box\" >\n\t\t\t\t        <div class=\"ngg-gallery-thumbnail\">\n            <a href=\"https:\/\/www.tudc.cz\/wp-content\/gallery\/muzeum-decin\/meszt_d_16.jpg\"\n               title=\"\u0158adi\u010de v\u00fdm\u011bn s elektrick\u00fdm dohledem\"\n               data-src=\"https:\/\/www.tudc.cz\/wp-content\/gallery\/muzeum-decin\/meszt_d_16.jpg\"\n               data-thumbnail=\"https:\/\/www.tudc.cz\/wp-content\/gallery\/muzeum-decin\/thumbs\/thumbs_meszt_d_16.jpg\"\n               data-image-id=\"16\"\n               data-title=\"\u0158adi\u010de v\u00fdm\u011bn s elektrick\u00fdm dohledem\"\n               data-description=\"\u0158adi\u010de v\u00fdm\u011bn s elektrick\u00fdm dohledem\"\n               data-image-slug=\"meszt_d_16\"\n               class=\"ngg-fancybox\" rel=\"31269e5daaa775a9dd866d100342add4\">\n                <img\n                    title=\"\u0158adi\u010de v\u00fdm\u011bn s elektrick\u00fdm dohledem\"\n                    alt=\"\u0158adi\u010de v\u00fdm\u011bn s elektrick\u00fdm dohledem\"\n                    src=\"https:\/\/www.tudc.cz\/wp-content\/gallery\/muzeum-decin\/thumbs\/thumbs_meszt_d_16.jpg\"\n                    width=\"240\"\n                    height=\"160\"\n                    style=\"max-width:100%;\"\n                \/>\n            <\/a>\n        <\/div>\n\t\t\t\t\t\t\t<\/div> \n\t\t\t\n        \n\t\t\t\t<div id=\"ngg-image-16\" class=\"ngg-gallery-thumbnail-box\" >\n\t\t\t\t        <div class=\"ngg-gallery-thumbnail\">\n            <a href=\"https:\/\/www.tudc.cz\/wp-content\/gallery\/muzeum-decin\/meszt_d_17.jpg\"\n               title=\"\u010c\u00e1st \u010dty\u0159\u0159ad\u00e9ho elektrodynamick\u00e9ho zabezpe\u010dovac\u00edho za\u0159\u00edzen\u00ed s funk\u010dn\u00ed muzejn\u00ed uk\u00e1zkou mechanick\u00e9ho n\u00e1v\u011bstidla DR\"\n               data-src=\"https:\/\/www.tudc.cz\/wp-content\/gallery\/muzeum-decin\/meszt_d_17.jpg\"\n               data-thumbnail=\"https:\/\/www.tudc.cz\/wp-content\/gallery\/muzeum-decin\/thumbs\/thumbs_meszt_d_17.jpg\"\n               data-image-id=\"17\"\n               data-title=\"\u010c\u00e1st \u010dty\u0159\u0159ad\u00e9ho elektrodynamick\u00e9ho zabezpe\u010dovac\u00edho za\u0159\u00edzen\u00ed s funk\u010dn\u00ed muzejn\u00ed uk\u00e1zkou mechanick\u00e9ho n\u00e1v\u011bstidla DR\"\n               data-description=\"\u010c\u00e1st \u010dty\u0159\u0159ad\u00e9ho elektrodynamick\u00e9ho zabezpe\u010dovac\u00edho za\u0159\u00edzen\u00ed s funk\u010dn\u00ed muzejn\u00ed uk\u00e1zkou mechanick\u00e9ho n\u00e1v\u011bstidla DR\"\n               data-image-slug=\"meszt_d_17-2\"\n               class=\"ngg-fancybox\" rel=\"31269e5daaa775a9dd866d100342add4\">\n                <img\n                    title=\"\u010c\u00e1st \u010dty\u0159\u0159ad\u00e9ho elektrodynamick\u00e9ho zabezpe\u010dovac\u00edho za\u0159\u00edzen\u00ed s funk\u010dn\u00ed muzejn\u00ed uk\u00e1zkou mechanick\u00e9ho n\u00e1v\u011bstidla DR\"\n                    alt=\"\u010c\u00e1st \u010dty\u0159\u0159ad\u00e9ho elektrodynamick\u00e9ho zabezpe\u010dovac\u00edho za\u0159\u00edzen\u00ed s funk\u010dn\u00ed muzejn\u00ed uk\u00e1zkou mechanick\u00e9ho n\u00e1v\u011bstidla DR\"\n                    src=\"https:\/\/www.tudc.cz\/wp-content\/gallery\/muzeum-decin\/thumbs\/thumbs_meszt_d_17.jpg\"\n                    width=\"240\"\n                    height=\"160\"\n                    style=\"max-width:100%;\"\n                \/>\n            <\/a>\n        <\/div>\n\t\t\t\t\t\t\t<\/div> \n\t\t\t\n        \n\t\t\n\t\t<!-- Pagination -->\n\t<div class='ngg-clear'><\/div>\t<\/div>\n\n","protected":false},"excerpt":{"rendered":"<p>&#8221; order_by=&#8221;sortorder&#8221; order_direction=&#8221;ASC&#8221; returns=&#8221;included&#8221; maximum_entity_count=&#8221;500&#8243;]<\/p>\n","protected":false},"author":1,"featured_media":0,"parent":233,"menu_order":0,"comment_status":"closed","ping_status":"closed","template":"templates\/template-twocolumns-left.php","meta":{"ngg_post_thumbnail":0,"footnotes":""},"class_list":["post-157","page","type-page","status-publish","hentry"],"_links":{"self":[{"href":"https:\/\/www.tudc.cz\/index.php\/wp-json\/wp\/v2\/pages\/157","targetHints":{"allow":["GET"]}}],"collection":[{"href":"https:\/\/www.tudc.cz\/index.php\/wp-json\/wp\/v2\/pages"}],"about":[{"href":"https:\/\/www.tudc.cz\/index.php\/wp-json\/wp\/v2\/types\/page"}],"author":[{"embeddable":true,"href":"https:\/\/www.tudc.cz\/index.php\/wp-json\/wp\/v2\/users\/1"}],"replies":[{"embeddable":true,"href":"https:\/\/www.tudc.cz\/index.php\/wp-json\/wp\/v2\/comments?post=157"}],"version-history":[{"count":2,"href":"https:\/\/www.tudc.cz\/index.php\/wp-json\/wp\/v2\/pages\/157\/revisions"}],"predecessor-version":[{"id":2721,"href":"https:\/\/www.tudc.cz\/index.php\/wp-json\/wp\/v2\/pages\/157\/revisions\/2721"}],"up":[{"embeddable":true,"href":"https:\/\/www.tudc.cz\/index.php\/wp-json\/wp\/v2\/pages\/233"}],"wp:attachment":[{"href":"https:\/\/www.tudc.cz\/index.php\/wp-json\/wp\/v2\/media?parent=157"}],"curies":[{"name":"wp","href":"https:\/\/api.w.org\/{rel}","templated":true}]}}