{"id":10,"date":"2016-01-11T11:05:42","date_gmt":"2016-01-11T11:05:42","guid":{"rendered":"https:\/\/www.tudc.cz\/?page_id=10"},"modified":"2019-08-26T10:03:48","modified_gmt":"2019-08-26T08:03:48","slug":"o-nas","status":"publish","type":"page","link":"https:\/\/www.tudc.cz\/","title":{"rendered":"O N\u00e1s"},"content":{"rendered":"    <div id=\"internet-plugin\">\n        \r\n<style>\r\n    * {\r\n        margin: 0;\r\n        padding: 0;\r\n        box-sizing: border-box;\r\n        font-family: Arial, sans-serif;\r\n    }\r\n\r\n    .grid-container {\r\n        display: grid;\r\n        grid-template-columns: repeat(3, 1fr);\r\n        gap: 20px;\r\n        padding: 20px;\r\n        max-width: 1200px;\r\n        margin: 0 auto;\r\n    }\r\n\r\n    .tile {\r\n        height: 300px;\r\n        background: #f5f5f5;\r\n        border-radius: 8px;\r\n        overflow: hidden;\r\n        position: relative;\r\n        box-shadow: 0 2px 5px rgba(0, 0, 0, 0.1);\r\n    }\r\n\r\n    .tile-image {\r\n        position: absolute;\r\n        top: 0;\r\n        left: 0;\r\n        width: 100%;\r\n        height: 100%;\r\n        object-fit: cover;\r\n    }\r\n\r\n    \/* Pozad\u00ed pro dla\u017edice s textem p\u0159es obr\u00e1zek *\/\r\n    .tile-with-overlay .tile-image-overlay {\r\n        position: absolute;\r\n        top: 0;\r\n        left: 0;\r\n        width: 100%;\r\n        height: 100%;\r\n        background: linear-gradient(to bottom, rgba(0, 0, 0, 0.3), rgba(0, 0, 0, 0.7));\r\n    }\r\n\r\n    .tile-with-overlay .tile-content {\r\n        position: relative;\r\n        z-index: 2;\r\n        color: white;\r\n    }\r\n\r\n    .tile-with-overlay .tile-title {\r\n        color: white;\r\n    }\r\n\r\n    .tile-with-overlay .tile-text {\r\n        color: rgba(255, 255, 255, 0.9);\r\n    }\r\n\r\n    .tile-content {\r\n        padding: 20px;\r\n        height: 100%;\r\n        position: relative;\r\n    }\r\n\r\n    .tile-title {\r\n        font-size: 24px;\r\n        margin-bottom: 15px;\r\n        color: #333;\r\n    }\r\n\r\n    .tile-text {\r\n        font-size: 15px;\r\n        line-height: 1.4;\r\n        color: #666;\r\n    }\r\n\r\n    .button-container {\r\n        position: absolute;\r\n        bottom: 20px;\r\n        left: 20px;\r\n        right: 20px;\r\n        display: flex;\r\n        gap: 10px;\r\n        z-index: 2;\r\n    }\r\n\r\n    .button {\r\n        padding: 10px 20px;\r\n        border-radius: 25px;\r\n        cursor: pointer;\r\n        font-size: 14px;\r\n        font-weight: bold;\r\n        text-decoration: none;\r\n        text-align: center;\r\n        transition: all 0.3s;\r\n        flex: 1;\r\n    }\r\n\r\n    .primary-button {\r\n        background-color: #007bff;\r\n        color: white;\r\n    }\r\n\r\n    .primary-button:hover {\r\n        background-color: #0056b3;\r\n    }\r\n\r\n    .secondary-button {\r\n        background-color: #6c757d;\r\n        color: white;\r\n    }\r\n\r\n    .secondary-button:hover {\r\n        background-color: #545b62;\r\n    }\r\n<\/style>\r\n\r\n\r\n\r\n<div class=\"grid-container\">\r\n    <div class=\"tile\">\r\n        <div class=\"tile-content\">\r\n            <p class=\"tile-text\"><b>Centrum techniky a diagnostiky<\/b> je organiza\u010dn\u00ed jednotkou Spr\u00e1vy \u017eeleznic,\r\n                st\u00e1tn\u00ed organizace, jde o n\u00e1stupnickou organiza\u010dn\u00ed jednotku Technick\u00e9 \u00fast\u0159edny dopravn\u00ed cesty. S\r\n                celos\u00ed\u0165ovou p\u016fsobnost\u00ed zaji\u0161\u0165uje technickou diagnostiku a m\u011b\u0159en\u00ed v cel\u00e9m spektru \u017eelezni\u010dn\u00ed dopravn\u00ed\r\n                cesty a dal\u0161\u00ed technick\u00fd servis pro \u017eelezni\u010dn\u00ed infrastrukturu, a to ve v\u0161ech etap\u00e1ch jej\u00edho rozvoje,\r\n                v\u00fdstavby a provozu. V\u00fdznamnou \u010dinnost\u00ed je i zaji\u0161\u0165ov\u00e1n\u00ed spr\u00e1vy \u017eelezni\u010dn\u00edho telekomunika\u010dn\u00edho majetku.\r\n            <\/p>\r\n        <\/div>\r\n    <\/div>\r\n\r\n    <div class=\"tile tile-with-overlay\">\r\n        <img decoding=\"async\" src=\"https:\/\/www.tudc.cz\/wp-content\/plugins\/pritomnost\/img\/h10.png\" alt=\"Prezenta\u010dn\u00ed video\" class=\"tile-image\">\r\n        <div class=\"button-container\">\r\n            <a href=\"https:\/\/www.tudc.cz\/?page_id=4448\" class=\"button primary-button\">Prezenta\u010dn\u00ed\r\n                video<\/a>\r\n        <\/div>\r\n    <\/div>\r\n\r\n    <div class=\"tile tile-with-overlay\">\r\n        <img decoding=\"async\" src=\"https:\/\/www.tudc.cz\/wp-content\/plugins\/pritomnost\/img\/h2.png\" alt=\"Diagnostick\u00e9 prost\u0159edky\"\r\n            class=\"tile-image\">\r\n        <div class=\"button-container\">\r\n            <a href=\"https:\/\/www.tudc.cz\/?page_id=2072\" class=\"button primary-button\">Diagnostick\u00e9\r\n                prost\u0159edky<\/a>\r\n        <\/div>\r\n    <\/div>\r\n\r\n    <div class=\"tile tile-with-overlay\">\r\n        <img decoding=\"async\" src=\"https:\/\/www.tudc.cz\/wp-content\/plugins\/pritomnost\/img\/h6.png\" alt=\"Muzeum\" class=\"tile-image\">\r\n        <div class=\"tile-image-overlay\"><\/div>\r\n        <div class=\"tile-content\">\r\n            <h2 class=\"tile-title\">Muzeum<\/h2>\r\n        <\/div>\r\n        <div class=\"button-container\">\r\n            <a href=\"https:\/\/www.tudc.cz\/?page_id=233\" class=\"button primary-button\">D\u011b\u010d\u00edn<\/a>\r\n            <a href=\"https:\/\/www.tudc.cz\/?page_id=32\" class=\"button primary-button\">Hradec Kr\u00e1love<\/a>\r\n        <\/div>\r\n    <\/div>\r\n\r\n    <div class=\"tile tile-with-overlay\">\r\n        <img decoding=\"async\" src=\"https:\/\/www.tudc.cz\/wp-content\/plugins\/pritomnost\/img\/h7.png\" alt=\"Intranet\" class=\"tile-image\">\r\n                    <div class=\"button-container\">\r\n                <a href=\"https:\/\/intranet.tudc.cz\" class=\"button primary-button\">Intranet<\/a>\r\n            <\/div>\r\n            <\/div>\r\n\r\n    <div class=\"tile tile-with-overlay\">\r\n        <img decoding=\"async\" src=\"https:\/\/www.tudc.cz\/wp-content\/plugins\/pritomnost\/img\/h5.png\" alt=\"Spr\u00e1va \u017eeleznic, st\u00e1tn\u00ed organizace\"\r\n            class=\"tile-image\">\r\n        <div class=\"button-container\">\r\n            <a href=\"https:\/\/www.spravazeleznic.cz\/\" class=\"button primary-button\">Spr\u00e1va \u017eeleznic, st\u00e1tn\u00ed organizace<\/a>\r\n        <\/div>\r\n    <\/div>\r\n<\/div>\r\n\r\n    <\/div>\n    \n\n\n\n<p><\/p>\n","protected":false},"excerpt":{"rendered":"","protected":false},"author":1,"featured_media":0,"parent":0,"menu_order":0,"comment_status":"closed","ping_status":"closed","template":"pageNoTitle.php","meta":{"ngg_post_thumbnail":0,"footnotes":""},"class_list":["post-10","page","type-page","status-publish","hentry"],"_links":{"self":[{"href":"https:\/\/www.tudc.cz\/index.php\/wp-json\/wp\/v2\/pages\/10","targetHints":{"allow":["GET"]}}],"collection":[{"href":"https:\/\/www.tudc.cz\/index.php\/wp-json\/wp\/v2\/pages"}],"about":[{"href":"https:\/\/www.tudc.cz\/index.php\/wp-json\/wp\/v2\/types\/page"}],"author":[{"embeddable":true,"href":"https:\/\/www.tudc.cz\/index.php\/wp-json\/wp\/v2\/users\/1"}],"replies":[{"embeddable":true,"href":"https:\/\/www.tudc.cz\/index.php\/wp-json\/wp\/v2\/comments?post=10"}],"version-history":[{"count":6,"href":"https:\/\/www.tudc.cz\/index.php\/wp-json\/wp\/v2\/pages\/10\/revisions"}],"predecessor-version":[{"id":3519,"href":"https:\/\/www.tudc.cz\/index.php\/wp-json\/wp\/v2\/pages\/10\/revisions\/3519"}],"wp:attachment":[{"href":"https:\/\/www.tudc.cz\/index.php\/wp-json\/wp\/v2\/media?parent=10"}],"curies":[{"name":"wp","href":"https:\/\/api.w.org\/{rel}","templated":true}]}}